{"id":134045,"date":"2025-12-08T00:50:52","date_gmt":"2025-12-07T22:28:05","guid":{"rendered":"https:\/\/factory.sale\/?post_type=product&#038;p=134045"},"modified":"2026-05-08T01:44:53","modified_gmt":"2026-05-07T22:44:53","slug":"puutalo-kaya-2-midi-44-mm-puuverhous-64-m%c2%b2","status":"publish","type":"product","link":"https:\/\/factory.sale\/fi\/tuote\/puutalo-kaya-2-midi-44-mm-puuverhous-64-m%c2%b2\/","title":{"rendered":"Puutalo KAYA 2 \u2013 Midi (44 mm + puuverhous), 64 m\u00b2"},"content":{"rendered":"<p>Midi House KAYA 2 on joustava ja vieh\u00e4tt\u00e4v\u00e4 rakennus, joka on suunniteltu toimimaan mukavana perhekotina, kes\u00e4asuntona tai majoitusliiketoiminnan lis\u00e4osana. Huolellisesti suunniteltu pohjaratkaisu tekee siit\u00e4 t\u00e4ydellisen yhteisi\u00e4 perheen hetki\u00e4 varten, tarjoten samalla yksityisi\u00e4 alueita rentoutumiseen. Sen kohokohtia ovat tyylik\u00e4s pystypuuverhous, suuret ikkunat, jotka tuovat luonnonvalon sis\u00e4\u00e4n, sek\u00e4 katettu sis\u00e4\u00e4nk\u00e4ynti, joka lis\u00e4\u00e4 kokonaisilmett\u00e4. P\u00e4\u00e4sis\u00e4\u00e4nk\u00e4ynnist\u00e4 p\u00e4\u00e4see tilavaan, avoimeen keitti\u00f6-oleskelutilaan tai yhteen kahdesta viihtyis\u00e4st\u00e4 makuuhuoneesta. Talossa on my\u00f6s kaksi kylpyhuonetta, runsaasti s\u00e4ilytystilaa sek\u00e4 mahdollisuus lis\u00e4t\u00e4 terassi, mik\u00e4 takaa nautinnon joka n\u00e4k\u00f6kulmasta.<\/p>\n<p>&nbsp;<\/p>\n<p><strong>Mallin kohokohdat:<\/strong><\/p>\n<ul>\n<li>Tyylik\u00e4s julkisivu: tasapainoinen suunnittelu nelj\u00e4ll\u00e4 ranskalaisella ovella luonnonvalolle ja kauniille n\u00e4kymille.<\/li>\n<li>Moderni verhous: pystysuuntainen puuverhous tuo modernia ulkon\u00e4k\u00f6\u00e4 ja parantaa kest\u00e4vyytt\u00e4.<\/li>\n<li>Tehokas pohjaratkaisu: 27 m\u00b2 avokeitti\u00f6 on optimoitu k\u00e4yt\u00e4nn\u00f6llisyyden ja mukavuuden mukaan.<\/li>\n<li>K\u00e4tev\u00e4 j\u00e4rjestely: kaksi makuuhuonetta sijaitsevat k\u00e4tev\u00e4sti kahden kylpyhuoneen vieress\u00e4.<\/li>\n<li>Helppo kulku: viisi sis\u00e4\u00e4nk\u00e4ynti\u00e4 \u2014 nelj\u00e4 julkisivulta ja yksi takaa \u2014 lis\u00e4\u00e4v\u00e4t joustavuutta.<\/li>\n<li>Siisti asuminen: erilliset varastot pit\u00e4v\u00e4t sis\u00e4tilat j\u00e4rjestyksess\u00e4.<\/li>\n<li>Valinnainen ulkotila: terassi tuo sujuvan yhteyden ulkotiloihin \u2014 t\u00e4ydellinen vieraille tai rentoutumiseen.<\/li>\n<\/ul>\n<p>&nbsp;<\/p>\n<p>Midi House KAYA 2 on moderni hirsitalo, joka tarjoaa t\u00e4ydellisen yhdistelm\u00e4n mukavuutta, l\u00e4mp\u00f6\u00e4 ja eleganssia niille, jotka arvostavat l\u00e4heist\u00e4 yhteytt\u00e4 luontoon. Suuret lasiovet, jotka ulottuvat l\u00e4hes lattiaan asti, avautuvat valinnaiselle terassille tarjoten rauhoittavat n\u00e4kym\u00e4t ja helpon p\u00e4\u00e4syn ulos. Sis\u00e4ll\u00e4 oleva avoin keitti\u00f6-oleskelutila on suunniteltu perheruokailuihin ja sosiaalisiin hetkiin. Kaksi makuuhuonetta tarjoavat rauhalliset, rentouttavat tilat ja s\u00e4ilytysratkaisut auttavat pit\u00e4m\u00e4\u00e4n kodin siistin\u00e4. Olipa kyseess\u00e4 oma koti tai vuokratalo, Midi House KAYA 2 yhdist\u00e4\u00e4 toiminnallisuuden ja tyylikkyyden sopien saumattomasti mihin tahansa ymp\u00e4rist\u00f6\u00f6n.<\/p>\n<p>&nbsp;<\/p>\n<p><strong>Tekniset tiedot:<\/strong><\/p>\n<div class=\"_tableContainer_1rjym_1\">\n<div class=\"group _tableWrapper_1rjym_13 flex w-fit flex-col-reverse\" tabindex=\"-1\">\n<table class=\"w-fit min-w-(--thread-content-width)\" style=\"height: 979px;\" width=\"825\" data-start=\"2282\" data-end=\"3352\">\n<thead data-start=\"2282\" data-end=\"2308\">\n<tr data-start=\"2282\" data-end=\"2308\">\n<th data-start=\"2282\" data-end=\"2294\" data-col-size=\"sm\">Kategoria<\/th>\n<th data-start=\"2294\" data-end=\"2308\" data-col-size=\"md\">M\u00e4\u00e4rittely<\/th>\n<\/tr>\n<\/thead>\n<tbody data-start=\"2334\" data-end=\"3352\">\n<tr data-start=\"2334\" data-end=\"2355\">\n<td data-start=\"2334\" data-end=\"2352\" data-col-size=\"sm\"><strong data-start=\"2336\" data-end=\"2351\">Yleistiedot<\/strong><\/td>\n<td data-col-size=\"md\" data-start=\"2352\" data-end=\"2355\"><\/td>\n<\/tr>\n<tr data-start=\"2356\" data-end=\"2377\">\n<td data-start=\"2356\" data-end=\"2372\" data-col-size=\"sm\">Makuuhuoneita<\/td>\n<td data-col-size=\"md\" data-start=\"2372\" data-end=\"2377\">2<\/td>\n<\/tr>\n<tr data-start=\"2378\" data-end=\"2399\">\n<td data-start=\"2378\" data-end=\"2394\" data-col-size=\"sm\">Kylpyhuoneita<\/td>\n<td data-col-size=\"md\" data-start=\"2394\" data-end=\"2399\">2<\/td>\n<\/tr>\n<tr data-start=\"2400\" data-end=\"2429\">\n<td data-start=\"2400\" data-end=\"2417\" data-col-size=\"sm\">Asuinpinta-ala<\/td>\n<td data-col-size=\"md\" data-start=\"2417\" data-end=\"2429\">50.40 m\u00b2<\/td>\n<\/tr>\n<tr data-start=\"2430\" data-end=\"2460\">\n<td data-start=\"2430\" data-end=\"2448\" data-col-size=\"sm\">Kerrospinta-ala<\/td>\n<td data-col-size=\"md\" data-start=\"2448\" data-end=\"2460\">64.50 m\u00b2<\/td>\n<\/tr>\n<tr data-start=\"2461\" data-end=\"2488\">\n<td data-start=\"2461\" data-end=\"2483\" data-col-size=\"sm\">Huoneiden lukum\u00e4\u00e4r\u00e4<\/td>\n<td data-col-size=\"md\" data-start=\"2483\" data-end=\"2488\">8<\/td>\n<\/tr>\n<tr data-start=\"2489\" data-end=\"2521\">\n<td data-start=\"2489\" data-end=\"2518\" data-col-size=\"sm\"><strong data-start=\"2491\" data-end=\"2517\">Materiaalit ja rakenne<\/strong><\/td>\n<td data-col-size=\"md\" data-start=\"2518\" data-end=\"2521\"><\/td>\n<\/tr>\n<tr data-start=\"2522\" data-end=\"2601\">\n<td data-start=\"2522\" data-end=\"2543\" data-col-size=\"sm\">Rakennusmateriaali<\/td>\n<td data-col-size=\"md\" data-start=\"2543\" data-end=\"2601\">Sertifioitu luonnollinen pohjoismainen m\u00e4nty tai kuusi<\/td>\n<\/tr>\n<tr data-start=\"2602\" data-end=\"2631\">\n<td data-start=\"2602\" data-end=\"2615\" data-col-size=\"sm\">Ulkosein\u00e4t<\/td>\n<td data-col-size=\"md\" data-start=\"2615\" data-end=\"2631\">44 mm hirret<\/td>\n<\/tr>\n<tr data-start=\"2632\" data-end=\"2682\">\n<td data-start=\"2632\" data-end=\"2655\" data-col-size=\"sm\">Vaihtoehtoinen runko<\/td>\n<td data-col-size=\"md\" data-start=\"2655\" data-end=\"2682\">70 mm \/ 100 mm \/ 150 mm<\/td>\n<\/tr>\n<tr data-start=\"2683\" data-end=\"2710\">\n<td data-start=\"2683\" data-end=\"2701\" data-col-size=\"sm\">Pystypuuverhous<\/td>\n<td data-col-size=\"md\" data-start=\"2701\" data-end=\"2710\">25 mm<\/td>\n<\/tr>\n<tr data-start=\"2711\" data-end=\"2735\">\n<td data-start=\"2711\" data-end=\"2726\" data-col-size=\"sm\">Vaakaverhous<\/td>\n<td data-col-size=\"md\" data-start=\"2726\" data-end=\"2735\">25 mm<\/td>\n<\/tr>\n<tr data-start=\"2736\" data-end=\"2762\">\n<td data-start=\"2736\" data-end=\"2750\" data-col-size=\"sm\">Ulkoverhous<\/td>\n<td data-col-size=\"md\" data-start=\"2750\" data-end=\"2762\">18\u201320 mm<\/td>\n<\/tr>\n<tr data-start=\"2763\" data-end=\"2810\">\n<td data-start=\"2763\" data-end=\"2783\" data-col-size=\"sm\">Lattia \u2013 perustus<\/td>\n<td data-col-size=\"md\" data-start=\"2783\" data-end=\"2810\">40\u201350 mm puinen rakenne<\/td>\n<\/tr>\n<tr data-start=\"2811\" data-end=\"2875\">\n<td data-start=\"2811\" data-end=\"2837\" data-col-size=\"sm\">Lattia \u2013 pintalaudoitus<\/td>\n<td data-col-size=\"md\" data-start=\"2837\" data-end=\"2875\">19\u201320 mm ponttilauta (valinnainen)<\/td>\n<\/tr>\n<tr data-start=\"2876\" data-end=\"2908\">\n<td data-start=\"2876\" data-end=\"2898\" data-col-size=\"sm\">Katto \u2013 kattotuolit<\/td>\n<td data-col-size=\"md\" data-start=\"2898\" data-end=\"2908\">145 mm<\/td>\n<\/tr>\n<tr data-start=\"2909\" data-end=\"2950\">\n<td data-start=\"2909\" data-end=\"2926\" data-col-size=\"sm\">Katto \u2013 laudat<\/td>\n<td data-col-size=\"md\" data-start=\"2926\" data-end=\"2950\">19\u201320 mm ponttilauta<\/td>\n<\/tr>\n<tr data-start=\"2951\" data-end=\"2970\">\n<td data-start=\"2951\" data-end=\"2964\" data-col-size=\"sm\">Kattokulma<\/td>\n<td data-col-size=\"md\" data-start=\"2964\" data-end=\"2970\">3\u00b0<\/td>\n<\/tr>\n<tr data-start=\"2971\" data-end=\"3006\">\n<td data-start=\"2971\" data-end=\"2978\" data-col-size=\"sm\">Katto<\/td>\n<td data-col-size=\"md\" data-start=\"2978\" data-end=\"3006\">Bitumikate (valinnainen)<\/td>\n<\/tr>\n<tr data-start=\"3007\" data-end=\"3022\">\n<td data-start=\"3007\" data-end=\"3019\" data-col-size=\"sm\"><strong data-start=\"3009\" data-end=\"3018\">Mitat<\/strong><\/td>\n<td data-col-size=\"md\" data-start=\"3019\" data-end=\"3022\"><\/td>\n<\/tr>\n<tr data-start=\"3023\" data-end=\"3055\">\n<td data-start=\"3023\" data-end=\"3035\" data-col-size=\"sm\">Ulkomitat<\/td>\n<td data-col-size=\"md\" data-start=\"3035\" data-end=\"3055\">1205 cm \u00d7 710 cm<\/td>\n<\/tr>\n<tr data-start=\"3056\" data-end=\"3083\">\n<td data-start=\"3056\" data-end=\"3074\" data-col-size=\"sm\">Katon pinta-ala<\/td>\n<td data-col-size=\"md\" data-start=\"3074\" data-end=\"3083\">82 m\u00b2<\/td>\n<\/tr>\n<tr data-start=\"3084\" data-end=\"3118\">\n<td data-start=\"3084\" data-end=\"3106\" data-col-size=\"sm\">Minimi sein\u00e4korkeus<\/td>\n<td data-col-size=\"md\" data-start=\"3106\" data-end=\"3118\">229.5 cm<\/td>\n<\/tr>\n<tr data-start=\"3119\" data-end=\"3149\">\n<td data-start=\"3119\" data-end=\"3137\" data-col-size=\"sm\">Enimm\u00e4iskorkeus<\/td>\n<td data-col-size=\"md\" data-start=\"3137\" data-end=\"3149\">283.5 cm<\/td>\n<\/tr>\n<tr data-start=\"3150\" data-end=\"3175\">\n<td data-start=\"3150\" data-end=\"3172\" data-col-size=\"sm\"><strong data-start=\"3152\" data-end=\"3171\">Ovet ja ikkunat<\/strong><\/td>\n<td data-col-size=\"md\" data-start=\"3172\" data-end=\"3175\"><\/td>\n<\/tr>\n<tr data-start=\"3176\" data-end=\"3209\">\n<td data-start=\"3176\" data-end=\"3188\" data-col-size=\"sm\">Ulko-ovet<\/td>\n<td data-col-size=\"md\" data-start=\"3188\" data-end=\"3209\">1 \u00d7 (85 \u00d7 192 cm)<\/td>\n<\/tr>\n<tr data-start=\"3210\" data-end=\"3242\">\n<td data-start=\"3210\" data-end=\"3221\" data-col-size=\"sm\">Sis\u00e4ovet<\/td>\n<td data-col-size=\"md\" data-start=\"3221\" data-end=\"3242\">6 \u00d7 (85 \u00d7 192 cm)<\/td>\n<\/tr>\n<tr data-start=\"3243\" data-end=\"3274\">\n<td data-start=\"3243\" data-end=\"3252\" data-col-size=\"sm\">Ikkuna<\/td>\n<td data-col-size=\"md\" data-start=\"3252\" data-end=\"3274\">1 \u00d7 (138 \u00d7 105 cm)<\/td>\n<\/tr>\n<tr data-start=\"3275\" data-end=\"3311\">\n<td data-start=\"3275\" data-end=\"3289\" data-col-size=\"sm\">Parvekeovet<\/td>\n<td data-col-size=\"md\" data-start=\"3289\" data-end=\"3311\">4 \u00d7 (161 \u00d7 192 cm)<\/td>\n<\/tr>\n<tr data-start=\"3312\" data-end=\"3352\">\n<td data-start=\"3312\" data-end=\"3331\" data-col-size=\"sm\">Panoraamaikkunat<\/td>\n<td data-col-size=\"md\" data-start=\"3331\" data-end=\"3352\">4 \u00d7 (85 \u00d7 192 cm)<\/td>\n<\/tr>\n<\/tbody>\n<\/table>\n<\/div>\n<\/div>\n<p>&nbsp;<\/p>\n<p><strong>Lis\u00e4ominaisuudet<\/strong><\/p>\n<ul>\n<li>Terassi: laajentaa oleskelutilaa ulos.<\/li>\n<li>Puun k\u00e4sittely: valinnaiset k\u00e4sittelyt paremman kest\u00e4vyyden ja tyylin saavuttamiseksi.<\/li>\n<\/ul>\n<p>&nbsp;<\/p>\n<p><em><strong>Eristyspakkauksia ja vahvistettuja kattoja on saatavilla. Ota yhteytt\u00e4, jos olet kiinnostunut.<\/strong><\/em><\/p>\n<p>&nbsp;<\/p>\n<p><a href=\"https:\/\/factory.sale\/wp-content\/uploads\/2025\/12\/DRW_ST_Kaya_II_12.00x7.00_44C_UK.pdf\" target=\"_blank\" rel=\"noopener\">Puutalo KAYA 2 piirustukset kunnan hyv\u00e4ksynt\u00e4\u00e4 varten<\/a><\/p>\n","protected":false},"excerpt":{"rendered":"<p>Midi House KAYA 2 on t\u00e4ydellinen yhdistelm\u00e4 k\u00e4yt\u00e4nn\u00f6llisyytt\u00e4 ja vieh\u00e4tyst\u00e4, tarjoten mukavan asumiskokemuksen l\u00e4heisess\u00e4 yhteydess\u00e4 luontoon. Etsitp\u00e4 sitten pysyv\u00e4\u00e4 kotia, lomamatkaa tai liikeratkaisua, t\u00e4m\u00e4 moderni hirsim\u00f6kki on suunniteltu parantamaan el\u00e4m\u00e4ntyyli\u00e4si.<\/p>\n","protected":false},"featured_media":134015,"comment_status":"open","ping_status":"closed","template":"","meta":{"_acf_changed":false},"factory":[],"free-shipment":[],"product_brand":[],"product_cat":[2889,997],"product_tag":[2290],"class_list":{"0":"post-134045","1":"product","2":"type-product","3":"status-publish","4":"has-post-thumbnail","6":"product_cat-leirintamokit","7":"product_cat-piha-puutarha-fi","8":"product_tag-wooden-house-fi","10":"first","11":"instock","12":"sale","13":"taxable","14":"shipping-taxable","15":"purchasable","16":"product-type-simple"},"acf":[],"_links":{"self":[{"href":"https:\/\/factory.sale\/fi\/wp-json\/wp\/v2\/product\/134045","targetHints":{"allow":["GET"]}}],"collection":[{"href":"https:\/\/factory.sale\/fi\/wp-json\/wp\/v2\/product"}],"about":[{"href":"https:\/\/factory.sale\/fi\/wp-json\/wp\/v2\/types\/product"}],"replies":[{"embeddable":true,"href":"https:\/\/factory.sale\/fi\/wp-json\/wp\/v2\/comments?post=134045"}],"wp:featuredmedia":[{"embeddable":true,"href":"https:\/\/factory.sale\/fi\/wp-json\/wp\/v2\/media\/134015"}],"wp:attachment":[{"href":"https:\/\/factory.sale\/fi\/wp-json\/wp\/v2\/media?parent=134045"}],"wp:term":[{"taxonomy":"factory","embeddable":true,"href":"https:\/\/factory.sale\/fi\/wp-json\/wp\/v2\/factory?post=134045"},{"taxonomy":"free-shipment","embeddable":true,"href":"https:\/\/factory.sale\/fi\/wp-json\/wp\/v2\/free-shipment?post=134045"},{"taxonomy":"product_brand","embeddable":true,"href":"https:\/\/factory.sale\/fi\/wp-json\/wp\/v2\/product_brand?post=134045"},{"taxonomy":"product_cat","embeddable":true,"href":"https:\/\/factory.sale\/fi\/wp-json\/wp\/v2\/product_cat?post=134045"},{"taxonomy":"product_tag","embeddable":true,"href":"https:\/\/factory.sale\/fi\/wp-json\/wp\/v2\/product_tag?post=134045"}],"curies":[{"name":"wp","href":"https:\/\/api.w.org\/{rel}","templated":true}]}}