{"id":133999,"date":"2025-12-07T23:20:09","date_gmt":"2025-12-07T20:41:30","guid":{"rendered":"https:\/\/factory.sale\/?post_type=product&#038;p=133999"},"modified":"2026-02-05T10:51:52","modified_gmt":"2026-02-05T07:51:52","slug":"a-runkoinen-talo-maxi-39-m%c2%b2","status":"publish","type":"product","link":"https:\/\/factory.sale\/fi\/tuote\/a-runkoinen-talo-maxi-39-m%c2%b2\/","title":{"rendered":"A-runkoinen talo Maxi 39 m\u00b2"},"content":{"rendered":"<p><strong>A-runkoinen talo Maxi 39 m\u00b2 \u2014 moderni tyyli kohtaa luonnollisen mukavuuden<\/strong><\/p>\n<p>Ensiluokkaisesta kuusesta tai m\u00e4nnyst\u00e4 rakennettu Maxi 39 korostaa kest\u00e4vyytt\u00e4, ymp\u00e4rist\u00f6yst\u00e4v\u00e4llisyytt\u00e4 ja modernia minimalismia. T\u00e4ysin lasitetun A-runkoisen julkisivunsa ansiosta luonnonvalo tulvii sis\u00e4tiloihin luoden henke\u00e4salpaavan yhteyden luontoon \u2014 sijoititpa sen vuorille, j\u00e4rven rannalle tai omaan puutarhaasi vierastaloksi.<\/p>\n<p>Nauti poikkeuksellisesta eristyspotentiaalista 18,5 cm:n sein\u00e4rungon ja 18 cm:n kattorungon ansiosta, jotka on valmistettu Rockwool-eristykselle. 111 m\u00b2:n kattopinta-ala bitumipaanuilla varmistaa pitk\u00e4aikaisen kest\u00e4vyyden s\u00e4\u00e4olosuhteita vastaan. \u00c4lykk\u00e4\u00e4t suunnitteluelementit, kuten moniosainen lasijulkisivu, kaksinkertaiset ikkunat ja sylinterilukko, lis\u00e4\u00e4v\u00e4t mukavuutta, turvallisuutta ja energiatehokkuutta.<\/p>\n<p>Perheille ja yritt\u00e4jille \u2014 t\u00e4m\u00e4 A-runkoinen talo on vakuuttava ratkaisu lomam\u00f6kiksi, kotitoimistoksi, ateljeeksi tai ymp\u00e4rivuotiseksi pienasunnoksi. Laajenna el\u00e4m\u00e4ntyyli\u00e4si, pienenn\u00e4 jalanj\u00e4lke\u00e4si ja el\u00e4 l\u00e4hemp\u00e4n\u00e4 sit\u00e4, mik\u00e4 on todella t\u00e4rke\u00e4\u00e4.<\/p>\n<p>&nbsp;<\/p>\n<p><strong>Tekniset tiedot:<\/strong><\/p>\n<div class=\"_tableContainer_1rjym_1\">\n<div class=\"group _tableWrapper_1rjym_13 flex w-fit flex-col-reverse\" tabindex=\"-1\">\n<table class=\"w-fit min-w-(--thread-content-width)\" style=\"height: 1102px;\" width=\"977\" data-start=\"1625\" data-end=\"3072\">\n<thead data-start=\"1625\" data-end=\"1651\">\n<tr data-start=\"1625\" data-end=\"1651\">\n<th data-start=\"1625\" data-end=\"1637\" data-col-size=\"sm\">Kategoria<\/th>\n<th data-start=\"1637\" data-end=\"1651\" data-col-size=\"md\">M\u00e4\u00e4rittely<\/th>\n<\/tr>\n<\/thead>\n<tbody data-start=\"1679\" data-end=\"3072\">\n<tr data-start=\"1679\" data-end=\"1701\">\n<td data-start=\"1679\" data-end=\"1687\" data-col-size=\"sm\">Malli<\/td>\n<td data-start=\"1687\" data-end=\"1701\" data-col-size=\"md\">A-runko 39<\/td>\n<\/tr>\n<tr data-start=\"1702\" data-end=\"1738\">\n<td data-start=\"1702\" data-end=\"1715\" data-col-size=\"sm\">Materiaali<\/td>\n<td data-start=\"1715\" data-end=\"1738\" data-col-size=\"md\">Kuusi- tai m\u00e4ntypuu<\/td>\n<\/tr>\n<tr data-start=\"1739\" data-end=\"1772\">\n<td data-start=\"1739\" data-end=\"1750\" data-col-size=\"sm\">Sis\u00e4tila<\/td>\n<td data-start=\"1750\" data-end=\"1772\" data-col-size=\"md\">38,8 m\u00b2 (alakerta)<\/td>\n<\/tr>\n<tr data-start=\"1773\" data-end=\"1803\">\n<td data-start=\"1773\" data-end=\"1792\" data-col-size=\"sm\">Parven pinta-ala<\/td>\n<td data-start=\"1792\" data-end=\"1803\" data-col-size=\"md\">12,1 m\u00b2<\/td>\n<\/tr>\n<tr data-start=\"1804\" data-end=\"1835\">\n<td data-start=\"1804\" data-end=\"1824\" data-col-size=\"sm\">Kokonaisk\u00e4ytt\u00f6ala<\/td>\n<td data-col-size=\"md\" data-start=\"1824\" data-end=\"1835\">50,9 m\u00b2<\/td>\n<\/tr>\n<tr data-start=\"1836\" data-end=\"1872\">\n<td data-start=\"1836\" data-end=\"1856\" data-col-size=\"sm\">Ulkomitat (L \u00d7 P)<\/td>\n<td data-col-size=\"md\" data-start=\"1856\" data-end=\"1872\">560 \u00d7 880 cm<\/td>\n<\/tr>\n<tr data-start=\"1873\" data-end=\"1928\">\n<td data-start=\"1873\" data-end=\"1902\" data-col-size=\"sm\">Rakennuksen kokonaisleveys<\/td>\n<td data-col-size=\"md\" data-start=\"1902\" data-end=\"1928\">792 cm (sis. r\u00e4yst\u00e4\u00e4t)<\/td>\n<\/tr>\n<tr data-start=\"1929\" data-end=\"1949\">\n<td data-start=\"1929\" data-end=\"1939\" data-col-size=\"sm\">Korkeus<\/td>\n<td data-col-size=\"md\" data-start=\"1939\" data-end=\"1949\">590 cm<\/td>\n<\/tr>\n<tr data-start=\"1950\" data-end=\"1968\">\n<td data-start=\"1950\" data-end=\"1960\" data-col-size=\"sm\">Terassi<\/td>\n<td data-start=\"1960\" data-end=\"1968\" data-col-size=\"md\">8 m\u00b2<\/td>\n<\/tr>\n<tr data-start=\"1969\" data-end=\"2008\">\n<td data-start=\"1969\" data-end=\"1980\" data-col-size=\"sm\">Etusein\u00e4<\/td>\n<td data-col-size=\"md\" data-start=\"1980\" data-end=\"2008\">T\u00e4ysin lasitettu A-runko<\/td>\n<\/tr>\n<tr data-start=\"2009\" data-end=\"2047\">\n<td data-start=\"2009\" data-end=\"2036\" data-col-size=\"sm\">Sein\u00e4n paksuus (runkona)<\/td>\n<td data-col-size=\"md\" data-start=\"2036\" data-end=\"2047\">18,5 cm<\/td>\n<\/tr>\n<tr data-start=\"2048\" data-end=\"2077\">\n<td data-start=\"2048\" data-end=\"2068\" data-col-size=\"sm\">Ulkoverhouslaudat<\/td>\n<td data-col-size=\"md\" data-start=\"2068\" data-end=\"2077\">19 mm<\/td>\n<\/tr>\n<tr data-start=\"2078\" data-end=\"2102\">\n<td data-start=\"2078\" data-end=\"2093\" data-col-size=\"sm\">Tuuletusrako<\/td>\n<td data-col-size=\"md\" data-start=\"2093\" data-end=\"2102\">25 mm<\/td>\n<\/tr>\n<tr data-start=\"2103\" data-end=\"2160\">\n<td data-start=\"2103\" data-end=\"2118\" data-col-size=\"sm\">Eristysrunko<\/td>\n<td data-col-size=\"md\" data-start=\"2118\" data-end=\"2160\">140 mm (Rockwool ei sis\u00e4lly pakettiin)<\/td>\n<\/tr>\n<tr data-start=\"2161\" data-end=\"2183\">\n<td data-start=\"2161\" data-end=\"2174\" data-col-size=\"sm\">Kattorunko<\/td>\n<td data-col-size=\"md\" data-start=\"2174\" data-end=\"2183\">18 cm<\/td>\n<\/tr>\n<tr data-start=\"2184\" data-end=\"2218\">\n<td data-start=\"2184\" data-end=\"2209\" data-col-size=\"sm\">Katon aluslevy (OSB)<\/td>\n<td data-col-size=\"md\" data-start=\"2209\" data-end=\"2218\">15 mm<\/td>\n<\/tr>\n<tr data-start=\"2219\" data-end=\"2242\">\n<td data-start=\"2219\" data-end=\"2232\" data-col-size=\"sm\">Kattopinta<\/td>\n<td data-col-size=\"md\" data-start=\"2232\" data-end=\"2242\">111 m\u00b2<\/td>\n<\/tr>\n<tr data-start=\"2243\" data-end=\"2280\">\n<td data-start=\"2243\" data-end=\"2270\" data-col-size=\"sm\">Kattokulma (p\u00e4\u00e4-A-runko)<\/td>\n<td data-col-size=\"md\" data-start=\"2270\" data-end=\"2280\">64.43\u00b0<\/td>\n<\/tr>\n<tr data-start=\"2281\" data-end=\"2314\">\n<td data-start=\"2281\" data-end=\"2308\" data-col-size=\"sm\">Kattokulma (sivumoduuli)<\/td>\n<td data-col-size=\"md\" data-start=\"2308\" data-end=\"2314\">3\u00b0<\/td>\n<\/tr>\n<tr data-start=\"2315\" data-end=\"2367\">\n<td data-start=\"2315\" data-end=\"2324\" data-col-size=\"sm\">Lattia<\/td>\n<td data-col-size=\"md\" data-start=\"2324\" data-end=\"2367\">10 cm lattiarungot + 19 mm lattialaudat<\/td>\n<\/tr>\n<tr data-start=\"2368\" data-end=\"2435\">\n<td data-start=\"2368\" data-end=\"2393\" data-col-size=\"sm\">Ovet \u2013 P\u00e4\u00e4sis\u00e4\u00e4nk\u00e4ynti<\/td>\n<td data-col-size=\"md\" data-start=\"2393\" data-end=\"2435\">1 kaksiosainen lasiovi (1.85 \u00d7 1.60 m)<\/td>\n<\/tr>\n<tr data-start=\"2436\" data-end=\"2495\">\n<td data-start=\"2436\" data-end=\"2454\" data-col-size=\"sm\">Ovet \u2013 Sis\u00e4ovet<\/td>\n<td data-col-size=\"md\" data-start=\"2454\" data-end=\"2495\">2 yksitt\u00e4ist\u00e4 puuovea (1.85 \u00d7 0.85 m)<\/td>\n<\/tr>\n<tr data-start=\"2496\" data-end=\"2541\">\n<td data-start=\"2496\" data-end=\"2518\" data-col-size=\"sm\">Ikkunat \u2013 Vakiokoko<\/td>\n<td data-col-size=\"md\" data-start=\"2518\" data-end=\"2541\">4 \u00d7 (1.98 \u00d7 0.85 m)<\/td>\n<\/tr>\n<tr data-start=\"2542\" data-end=\"2584\">\n<td data-start=\"2542\" data-end=\"2561\" data-col-size=\"sm\">Ikkunat \u2013 Pienet<\/td>\n<td data-col-size=\"md\" data-start=\"2561\" data-end=\"2584\">2 \u00d7 (1.98 \u00d7 0.50 m)<\/td>\n<\/tr>\n<tr data-start=\"2585\" data-end=\"2632\">\n<td data-start=\"2585\" data-end=\"2609\" data-col-size=\"sm\">Ikkunat \u2013 Pystysuorat<\/td>\n<td data-col-size=\"md\" data-start=\"2609\" data-end=\"2632\">1 \u00d7 (0.39 \u00d7 1.50 m)<\/td>\n<\/tr>\n<tr data-start=\"2633\" data-end=\"2689\">\n<td data-start=\"2633\" data-end=\"2661\" data-col-size=\"sm\">Ikkunat \u2013 Kaksinkertaiset<\/td>\n<td data-col-size=\"md\" data-start=\"2661\" data-end=\"2689\">1 kaksinkertainen ikkuna<\/td>\n<\/tr>\n<tr data-start=\"2690\" data-end=\"2750\">\n<td data-start=\"2690\" data-end=\"2717\" data-col-size=\"sm\">Ikkunat \u2013 Kolmiomalliset<\/td>\n<td data-col-size=\"md\" data-start=\"2717\" data-end=\"2750\">6 kolmiomaista A-runkoikkunaa<\/td>\n<\/tr>\n<tr data-start=\"2751\" data-end=\"2816\">\n<td data-start=\"2751\" data-end=\"2775\" data-col-size=\"sm\">Etujulkisivun lasitus<\/td>\n<td data-col-size=\"md\" data-start=\"2775\" data-end=\"2816\">Moniosaiset t\u00e4yskorkeat lasielementit<\/td>\n<\/tr>\n<tr data-start=\"2817\" data-end=\"2876\">\n<td data-start=\"2817\" data-end=\"2827\" data-col-size=\"sm\">Lasitus<\/td>\n<td data-col-size=\"md\" data-start=\"2827\" data-end=\"2876\">Kaksinkertainen lasi (4 mm lasi + 16 mm v\u00e4li)<\/td>\n<\/tr>\n<tr data-start=\"2877\" data-end=\"2929\">\n<td data-start=\"2877\" data-end=\"2895\" data-col-size=\"sm\">Kattomateriaali<\/td>\n<td data-col-size=\"md\" data-start=\"2895\" data-end=\"2929\">Bitumikate (tarjolla erikseen)<\/td>\n<\/tr>\n<tr data-start=\"2930\" data-end=\"2975\">\n<td data-start=\"2930\" data-end=\"2945\" data-col-size=\"sm\">Turvallisuus<\/td>\n<td data-col-size=\"md\" data-start=\"2945\" data-end=\"2975\">Sylinterilukko + 2 avainta<\/td>\n<\/tr>\n<tr data-start=\"2976\" data-end=\"3072\">\n<td data-start=\"2976\" data-end=\"2997\" data-col-size=\"sm\">Pakettiin sis\u00e4ltyy<\/td>\n<td data-col-size=\"md\" data-start=\"2997\" data-end=\"3072\">Rakenne, runko, lattialaudat, OSB, ikkunat ja ovet (paketista riippuen)<\/td>\n<\/tr>\n<\/tbody>\n<\/table>\n<\/div>\n<\/div>\n<p>&nbsp;<\/p>\n<p>&nbsp;<\/p>\n<p><strong>Lis\u00e4varusteet (hinnat ilman ALV):<\/strong><\/p>\n<p>Kyll\u00e4stys \u2013 V\u00e4rit\u00f6n (luonnollisen puun ulkon\u00e4k\u00f6) 1759.50 \u20ac<\/p>\n<p>Kyll\u00e4stys \u2013 Ruskea 1759.50 \u20ac<\/p>\n<p>Kyll\u00e4stys \u2013 Valkoinen 3513.25 \u20ac<\/p>\n<p>Verhouspaneelit \u2013 19 mm sis\u00e4verhous 2691 \u20ac<\/p>\n<p>&nbsp;<\/p>\n<p>&nbsp;<\/p>\n<p><strong><em>A-runkoiset rakennukset: Paketti ei sis\u00e4ll\u00e4 sis\u00e4verhousta eik\u00e4 Rockwool-eristyst\u00e4. T\u00e4m\u00e4n tyyppisiss\u00e4 rakennuksissa asiakkailla on usein oma visio sis\u00e4tilojen viimeistelyst\u00e4 \u2014 aina kipsilevyst\u00e4 py\u00f6r\u00f6hirtt\u00e4 j\u00e4ljitteleviin panelointeihin. Rockwoolia ei sis\u00e4lly pakettiin sen korkean kuutiokohtaisen hinnan vuoksi.<\/em><\/strong><\/p>\n<p>&nbsp;<\/p>\n<p>&nbsp;<\/p>\n<p>&nbsp;<\/p>\n<p>&nbsp;<\/p>\n<p><a href=\"https:\/\/factory.sale\/wp-content\/uploads\/2025\/12\/A-frame-house-sample-335x2_Instructions.pdf\" target=\"_blank\" rel=\"noopener\">Esimerkki: Kuinka rakentaa A-runkoinen talo<\/a><\/p>\n<p><a href=\"https:\/\/factory.sale\/wp-content\/uploads\/2025\/12\/A-frame-39_Patvirtinimui-0-1.pdf\" target=\"_blank\" rel=\"noopener\">A-runko Maxi piirustukset kunnan hyv\u00e4ksynt\u00e4\u00e4 varten<\/a><\/p>\n","protected":false},"excerpt":{"rendered":"<p>L\u00f6yd\u00e4 t\u00e4ydellinen yhdistelm\u00e4 skandinaavista arkkitehtuuria ja toiminnallista asumista A-runkoisen Maxi-talon avulla. T\u00e4m\u00e4 vaikuttava rakennus on suunniteltu tyyli\u00e4, tilaa ja yksinkertaisuutta arvostaville. Se tarjoaa yli 50 m\u00b2 k\u00e4ytt\u00f6pinta-alaa, mukaan lukien valoisan avoimen pohjakerroksen ja mukavan 12,1 m\u00b2:n parven, joka sopii erinomaisesti nukkumiseen, rentoutumiseen tai ty\u00f6skentelyyn.<\/p>\n","protected":false},"featured_media":133964,"comment_status":"open","ping_status":"closed","template":"","meta":{"_acf_changed":false},"factory":[],"free-shipment":[],"product_brand":[],"product_cat":[2889,997],"product_tag":[1488,1489],"class_list":{"0":"post-133999","1":"product","2":"type-product","3":"status-publish","4":"has-post-thumbnail","6":"product_cat-leirintamokit","7":"product_cat-piha-puutarha-fi","8":"product_tag-garden-fi","9":"product_tag-yard-fi","10":"pa_roofing-finnish-shingles-harmaa","11":"pa_roofing-finnish-shingles-ilman","12":"pa_roofing-finnish-shingles-musta","13":"pa_roofing-finnish-shingles-punainen","14":"pa_roofing-finnish-shingles-ruskea","15":"pa_roofing-finnish-shingles-vihrea","17":"first","18":"instock","19":"sale","20":"taxable","21":"shipping-taxable","22":"purchasable","23":"product-type-variable"},"acf":[],"_links":{"self":[{"href":"https:\/\/factory.sale\/fi\/wp-json\/wp\/v2\/product\/133999","targetHints":{"allow":["GET"]}}],"collection":[{"href":"https:\/\/factory.sale\/fi\/wp-json\/wp\/v2\/product"}],"about":[{"href":"https:\/\/factory.sale\/fi\/wp-json\/wp\/v2\/types\/product"}],"replies":[{"embeddable":true,"href":"https:\/\/factory.sale\/fi\/wp-json\/wp\/v2\/comments?post=133999"}],"wp:featuredmedia":[{"embeddable":true,"href":"https:\/\/factory.sale\/fi\/wp-json\/wp\/v2\/media\/133964"}],"wp:attachment":[{"href":"https:\/\/factory.sale\/fi\/wp-json\/wp\/v2\/media?parent=133999"}],"wp:term":[{"taxonomy":"factory","embeddable":true,"href":"https:\/\/factory.sale\/fi\/wp-json\/wp\/v2\/factory?post=133999"},{"taxonomy":"free-shipment","embeddable":true,"href":"https:\/\/factory.sale\/fi\/wp-json\/wp\/v2\/free-shipment?post=133999"},{"taxonomy":"product_brand","embeddable":true,"href":"https:\/\/factory.sale\/fi\/wp-json\/wp\/v2\/product_brand?post=133999"},{"taxonomy":"product_cat","embeddable":true,"href":"https:\/\/factory.sale\/fi\/wp-json\/wp\/v2\/product_cat?post=133999"},{"taxonomy":"product_tag","embeddable":true,"href":"https:\/\/factory.sale\/fi\/wp-json\/wp\/v2\/product_tag?post=133999"}],"curies":[{"name":"wp","href":"https:\/\/api.w.org\/{rel}","templated":true}]}}