{"id":133939,"date":"2025-12-07T21:36:11","date_gmt":"2025-12-07T19:10:59","guid":{"rendered":"https:\/\/factory.sale\/?post_type=product&#038;p=133939"},"modified":"2025-12-07T22:16:49","modified_gmt":"2025-12-07T19:16:49","slug":"a-runkoinen-talo-midi-32-m%c2%b2","status":"publish","type":"product","link":"https:\/\/factory.sale\/fi\/tuote\/a-runkoinen-talo-midi-32-m%c2%b2\/","title":{"rendered":"A-runkoinen talo Midi 32 m\u00b2"},"content":{"rendered":"<p>Koe moderni 32 m\u00b2 A-talomalli \u2013 monik\u00e4ytt\u00f6inen hirsim\u00f6kki, joka soveltuu taiteeseen, majoitukseen, toimistoksi tai vierasmajaksi. Se on rakennettu luonnollisesta kuusipuusta ja siin\u00e4 on vaikuttavia ominaisuuksia, kuten t\u00e4yslasiset elementit, eristetty katto ja tilava sis\u00e4tila.<\/p>\n<p>Lis\u00e4ksi voit tutustua yksityiskohtiin, kuten: 14 cm paksut sein\u00e4t, 20 cm paksu eristekatto ja 9 ikkunaa optimaalisen valon saamiseksi. Luo oma ihannetilasi t\u00e4m\u00e4n ainutlaatuisen A-talon avulla.<\/p>\n<p>&nbsp;<\/p>\n<p>&nbsp;<\/p>\n<p><strong>Tekniset tiedot:<\/strong><\/p>\n<div class=\"_tableContainer_1rjym_1\">\n<div class=\"group _tableWrapper_1rjym_13 flex w-fit flex-col-reverse\" tabindex=\"-1\">\n<table class=\"w-fit min-w-(--thread-content-width)\" style=\"height: 741px;\" width=\"891\" data-start=\"549\" data-end=\"1528\">\n<thead data-start=\"549\" data-end=\"572\">\n<tr data-start=\"549\" data-end=\"572\">\n<th data-start=\"549\" data-end=\"562\" data-col-size=\"sm\">M\u00e4\u00e4rittely<\/th>\n<th data-start=\"562\" data-end=\"572\" data-col-size=\"lg\">Tiedot<\/th>\n<\/tr>\n<\/thead>\n<tbody data-start=\"597\" data-end=\"1528\">\n<tr data-start=\"597\" data-end=\"633\">\n<td data-start=\"597\" data-end=\"610\" data-col-size=\"sm\">Materiaali<\/td>\n<td data-start=\"610\" data-end=\"633\" data-col-size=\"lg\">Kuusi- tai m\u00e4ntypuu<\/td>\n<\/tr>\n<tr data-start=\"634\" data-end=\"656\">\n<td data-start=\"634\" data-end=\"645\" data-col-size=\"sm\">Sis\u00e4tila<\/td>\n<td data-start=\"645\" data-end=\"656\" data-col-size=\"lg\">31,9 m\u00b2<\/td>\n<\/tr>\n<tr data-start=\"657\" data-end=\"680\">\n<td data-start=\"657\" data-end=\"675\" data-col-size=\"sm\">Huoneiden m\u00e4\u00e4r\u00e4<\/td>\n<td data-start=\"675\" data-end=\"680\" data-col-size=\"lg\">3<\/td>\n<\/tr>\n<tr data-start=\"681\" data-end=\"720\">\n<td data-start=\"681\" data-end=\"701\" data-col-size=\"sm\">Ulkomitat (L \u00d7 P)<\/td>\n<td data-start=\"701\" data-end=\"720\" data-col-size=\"lg\">580 cm \u00d7 700 cm<\/td>\n<\/tr>\n<tr data-start=\"721\" data-end=\"746\">\n<td data-start=\"721\" data-end=\"736\" data-col-size=\"sm\">Harjakorkeus<\/td>\n<td data-start=\"736\" data-end=\"746\" data-col-size=\"lg\">500 cm<\/td>\n<\/tr>\n<tr data-start=\"747\" data-end=\"773\">\n<td data-start=\"747\" data-end=\"764\" data-col-size=\"sm\">Kattopinta-ala<\/td>\n<td data-start=\"764\" data-end=\"773\" data-col-size=\"lg\">90 m\u00b2<\/td>\n<\/tr>\n<tr data-start=\"774\" data-end=\"798\">\n<td data-start=\"774\" data-end=\"788\" data-col-size=\"sm\">Terassialue<\/td>\n<td data-start=\"788\" data-end=\"798\" data-col-size=\"lg\">2,5 m\u00b2<\/td>\n<\/tr>\n<tr data-start=\"799\" data-end=\"846\">\n<td data-start=\"799\" data-end=\"808\" data-col-size=\"sm\">Sein\u00e4t<\/td>\n<td data-start=\"808\" data-end=\"846\" data-col-size=\"lg\">Etusein\u00e4 kokonaan lasielementeist\u00e4<\/td>\n<\/tr>\n<tr data-start=\"847\" data-end=\"879\">\n<td data-start=\"847\" data-end=\"868\" data-col-size=\"sm\">Takasein\u00e4n paksuus<\/td>\n<td data-start=\"868\" data-end=\"879\" data-col-size=\"lg\">18,5 cm<\/td>\n<\/tr>\n<tr data-start=\"880\" data-end=\"1031\">\n<td data-start=\"880\" data-end=\"903\" data-col-size=\"sm\">Takasein\u00e4n rakenteet<\/td>\n<td data-start=\"903\" data-end=\"1031\" data-col-size=\"lg\">19 mm ulkovuorauslaudat; hengitt\u00e4v\u00e4 kalvo (ei sis\u00e4lly pakettiin); 25 mm tuuletusrako; 140 mm Rockwool (ei sis\u00e4lly pakettiin)<\/td>\n<\/tr>\n<tr data-start=\"1032\" data-end=\"1057\">\n<td data-start=\"1032\" data-end=\"1048\" data-col-size=\"sm\">Katon paksuus<\/td>\n<td data-start=\"1048\" data-end=\"1057\" data-col-size=\"lg\">18 cm<\/td>\n<\/tr>\n<tr data-start=\"1058\" data-end=\"1181\">\n<td data-start=\"1058\" data-end=\"1073\" data-col-size=\"sm\">Kattorakenne<\/td>\n<td data-start=\"1073\" data-end=\"1181\" data-col-size=\"lg\">Bitumikate (ei sis\u00e4lly pakettiin); OSB 15 mm; 25 mm tuuletusrako; 140 mm Rockwool (ei sis\u00e4lly pakettiin)<\/td>\n<\/tr>\n<tr data-start=\"1182\" data-end=\"1258\">\n<td data-start=\"1182\" data-end=\"1201\" data-col-size=\"sm\">Lattiamateriaali<\/td>\n<td data-start=\"1201\" data-end=\"1258\" data-col-size=\"lg\">10 cm lattiarakenteet + 19 mm lattialaudat sis\u00e4ltyv\u00e4t<\/td>\n<\/tr>\n<tr data-start=\"1259\" data-end=\"1323\">\n<td data-start=\"1259\" data-end=\"1280\" data-col-size=\"sm\">Oven mitat (L \u00d7 K)<\/td>\n<td data-start=\"1280\" data-end=\"1323\" data-col-size=\"lg\">1 \u00d7 85 cm \u00d7 200 cm; 1 \u00d7 160 cm \u00d7 200 cm<\/td>\n<\/tr>\n<tr data-start=\"1324\" data-end=\"1409\">\n<td data-start=\"1324\" data-end=\"1351\" data-col-size=\"sm\">Ikkunoiden mitat (L \u00d7 K)<\/td>\n<td data-start=\"1351\" data-end=\"1409\" data-col-size=\"lg\">9 \u00d7 (50 \u00d7 200; 150 \u00d7 39; 85 \u00d7 200; 150 \u00d7 200; 70 \u00d7 39)<\/td>\n<\/tr>\n<tr data-start=\"1410\" data-end=\"1478\">\n<td data-start=\"1410\" data-end=\"1428\" data-col-size=\"sm\">Ikkunat ja ovet<\/td>\n<td data-start=\"1428\" data-end=\"1478\" data-col-size=\"lg\">Kaksinkertainen lasi (Lasi: 4 mm, v\u00e4li: 12 mm)<\/td>\n<\/tr>\n<tr data-start=\"1479\" data-end=\"1528\">\n<td data-start=\"1479\" data-end=\"1492\" data-col-size=\"sm\">Oven lukko<\/td>\n<td data-start=\"1492\" data-end=\"1528\" data-col-size=\"lg\">Sylinterilukko, mukana 2 avainta<\/td>\n<\/tr>\n<\/tbody>\n<\/table>\n<\/div>\n<\/div>\n<p>&nbsp;<\/p>\n<p><strong>Lis\u00e4varusteet (hinnat ilman ALV):<\/strong><\/p>\n<p>Kyll\u00e4stys \u2013 V\u00e4rit\u00f6n (luonnollisen puun ulkon\u00e4k\u00f6) 1363 \u20ac<\/p>\n<p>Kyll\u00e4stys \u2013 Ruskea 1363 \u20ac<\/p>\n<p>Kyll\u00e4stys \u2013 Valkoinen 2726 \u20ac<\/p>\n<p>Panelointi \u2013 19 mm sis\u00e4paneeli 1834 \u20ac<\/p>\n<p>&nbsp;<\/p>\n<p>&nbsp;<\/p>\n<p>&nbsp;<\/p>\n<p><em><strong>A-Frame -rakennukset: Paketti ei sis\u00e4ll\u00e4 sis\u00e4viimeistely\u00e4 eik\u00e4 Rockwool-eristyst\u00e4. T\u00e4m\u00e4n tyyppisiss\u00e4 rakennuksissa asiakkailla on usein omat suunnitelmansa sis\u00e4tilojen viimeistelyst\u00e4, kipsist\u00e4 py\u00f6r\u00f6hirtt\u00e4 j\u00e4ljitteleviin laudoituksiin. Rockwoolia ei sis\u00e4lly pakettiin sen korkean kuutiokohtaisen hinnan vuoksi.<\/strong><\/em><\/p>\n","protected":false},"excerpt":{"rendered":"<p>Koe moderni 32 m\u00b2 A-talomalli \u2013 monik\u00e4ytt\u00f6inen hirsim\u00f6kki, joka soveltuu taiteeseen, majoitukseen, toimistoksi tai vierasmajaksi. Se on rakennettu luonnollisesta kuusipuusta ja siin\u00e4 on vaikuttavia ominaisuuksia, kuten t\u00e4yslasiset elementit, eristetty katto ja tilava sis\u00e4tila.<\/p>\n","protected":false},"featured_media":133893,"comment_status":"open","ping_status":"closed","template":"","meta":{"_acf_changed":false},"factory":[],"free-shipment":[],"product_brand":[],"product_cat":[2889,997],"product_tag":[],"class_list":{"0":"post-133939","1":"product","2":"type-product","3":"status-publish","4":"has-post-thumbnail","6":"product_cat-leirintamokit","7":"product_cat-piha-puutarha-fi","8":"pa_roofing-finnish-shingles-harmaa","9":"pa_roofing-finnish-shingles-ilman","10":"pa_roofing-finnish-shingles-musta","11":"pa_roofing-finnish-shingles-punainen","12":"pa_roofing-finnish-shingles-ruskea","13":"pa_roofing-finnish-shingles-vihrea","15":"first","16":"instock","17":"sale","18":"taxable","19":"shipping-taxable","20":"purchasable","21":"product-type-variable"},"acf":[],"_links":{"self":[{"href":"https:\/\/factory.sale\/fi\/wp-json\/wp\/v2\/product\/133939","targetHints":{"allow":["GET"]}}],"collection":[{"href":"https:\/\/factory.sale\/fi\/wp-json\/wp\/v2\/product"}],"about":[{"href":"https:\/\/factory.sale\/fi\/wp-json\/wp\/v2\/types\/product"}],"replies":[{"embeddable":true,"href":"https:\/\/factory.sale\/fi\/wp-json\/wp\/v2\/comments?post=133939"}],"wp:featuredmedia":[{"embeddable":true,"href":"https:\/\/factory.sale\/fi\/wp-json\/wp\/v2\/media\/133893"}],"wp:attachment":[{"href":"https:\/\/factory.sale\/fi\/wp-json\/wp\/v2\/media?parent=133939"}],"wp:term":[{"taxonomy":"factory","embeddable":true,"href":"https:\/\/factory.sale\/fi\/wp-json\/wp\/v2\/factory?post=133939"},{"taxonomy":"free-shipment","embeddable":true,"href":"https:\/\/factory.sale\/fi\/wp-json\/wp\/v2\/free-shipment?post=133939"},{"taxonomy":"product_brand","embeddable":true,"href":"https:\/\/factory.sale\/fi\/wp-json\/wp\/v2\/product_brand?post=133939"},{"taxonomy":"product_cat","embeddable":true,"href":"https:\/\/factory.sale\/fi\/wp-json\/wp\/v2\/product_cat?post=133939"},{"taxonomy":"product_tag","embeddable":true,"href":"https:\/\/factory.sale\/fi\/wp-json\/wp\/v2\/product_tag?post=133939"}],"curies":[{"name":"wp","href":"https:\/\/api.w.org\/{rel}","templated":true}]}}