{"id":133728,"date":"2025-12-05T01:38:31","date_gmt":"2025-12-04T22:42:41","guid":{"rendered":"https:\/\/factory.sale\/?post_type=product&#038;p=133728"},"modified":"2026-02-05T10:45:52","modified_gmt":"2026-02-05T07:45:52","slug":"a-mallinen-talo-moos-52-m%c2%b2","status":"publish","type":"product","link":"https:\/\/factory.sale\/fi\/tuote\/a-mallinen-talo-moos-52-m%c2%b2\/","title":{"rendered":"A-mallinen talo MOOS 52 m\u00b2"},"content":{"rendered":"<p><strong>Moderni ja kest\u00e4v\u00e4 puinen koti<\/strong><\/p>\n<p>A-mallinen MOOS-talo on huolellisesti suunniteltu puutalo, joka yhdist\u00e4\u00e4 kest\u00e4vyyden, estetiikan ja toiminnallisuuden. Jyrkk\u00e4 kattomuoto ei ainoastaan korosta arkkitehtonista ulkon\u00e4k\u00f6\u00e4, vaan my\u00f6s ohjaa tehokkaasti sateen ja lumen pois, est\u00e4en kosteuden kertymisen. Valinnaisen lis\u00e4eristyksen ansiosta talo tarjoaa erinomaista energiatehokkuutta ja miellytt\u00e4v\u00e4n sis\u00e4ilman ymp\u00e4ri vuoden. Hyvin suunniteltu pohjaratkaisu ja laadukkaat materiaalit tekev\u00e4t t\u00e4st\u00e4 ihanteellisen vaihtoehdon niille, jotka etsiv\u00e4t kodikasta mutta modernia asumisratkaisua.<\/p>\n<p><strong>Monipuolista asumista kaikkiin el\u00e4m\u00e4ntilanteisiin<\/strong><\/p>\n<p>A-mallinen MOOS ei ole vain n\u00e4ytt\u00e4v\u00e4 rakennus \u2013 se on monik\u00e4ytt\u00f6inen asuintila. Se sopii t\u00e4ydellisesti lomam\u00f6kiksi, vierastaloksi tai vakituiseksi kodiksi, tarjoten mukavuutta ja k\u00e4yt\u00e4nn\u00f6llisyytt\u00e4. Puupinnan luonnollinen viimeistely luo l\u00e4mpim\u00e4n ja kodikkaan tunnelman, mik\u00e4 houkuttelee erityisesti heit\u00e4, jotka arvostavat ekologista ja kest\u00e4v\u00e4\u00e4 asumista.<br \/>\nT\u00e4m\u00e4 A-mallinen muoto yhdist\u00e4\u00e4 modernin arkkitehtuurin ja puun luonnollisen vieh\u00e4tyksen, luoden ymp\u00e4rist\u00f6n, joka on yht\u00e4 aikaa nykyaikainen ja kutsuva.<\/p>\n<p>&nbsp;<\/p>\n<p><strong>Tekniset tiedot:<\/strong><\/p>\n<div class=\"_tableContainer_1rjym_1\">\n<div class=\"group _tableWrapper_1rjym_13 flex w-fit flex-col-reverse\" tabindex=\"-1\">\n<table class=\"w-fit min-w-(--thread-content-width)\" style=\"height: 344px;\" width=\"635\" data-start=\"1311\" data-end=\"1599\">\n<thead data-start=\"1311\" data-end=\"1341\">\n<tr data-start=\"1311\" data-end=\"1341\">\n<th data-start=\"1311\" data-end=\"1327\" data-col-size=\"sm\"><strong data-start=\"1313\" data-end=\"1326\">Kategoria<\/strong><\/th>\n<th data-start=\"1327\" data-end=\"1341\" data-col-size=\"sm\"><strong data-start=\"1329\" data-end=\"1339\">Tiedot<\/strong><\/th>\n<\/tr>\n<\/thead>\n<tbody data-start=\"1373\" data-end=\"1599\">\n<tr data-start=\"1373\" data-end=\"1399\">\n<td data-start=\"1373\" data-end=\"1390\" data-col-size=\"sm\">Sein\u00e4n paksuus<\/td>\n<td data-start=\"1390\" data-end=\"1399\" data-col-size=\"sm\">44 mm<\/td>\n<\/tr>\n<tr data-start=\"1400\" data-end=\"1419\">\n<td data-start=\"1400\" data-end=\"1409\" data-col-size=\"sm\">Leveys<\/td>\n<td data-start=\"1409\" data-end=\"1419\" data-col-size=\"sm\">5.95 m<\/td>\n<\/tr>\n<tr data-start=\"1420\" data-end=\"1438\">\n<td data-start=\"1420\" data-end=\"1429\" data-col-size=\"sm\">Pituus<\/td>\n<td data-start=\"1429\" data-end=\"1438\" data-col-size=\"sm\">7.1 m<\/td>\n<\/tr>\n<tr data-start=\"1439\" data-end=\"1469\">\n<td data-start=\"1439\" data-end=\"1450\" data-col-size=\"sm\">Sis\u00e4tila<\/td>\n<td data-start=\"1450\" data-end=\"1469\" data-col-size=\"sm\">33 m\u00b2 + 18.9 m\u00b2<\/td>\n<\/tr>\n<tr data-start=\"1470\" data-end=\"1497\">\n<td data-start=\"1470\" data-end=\"1488\" data-col-size=\"sm\">Katon pinta-ala<\/td>\n<td data-start=\"1488\" data-end=\"1497\" data-col-size=\"sm\">97 m\u00b2<\/td>\n<\/tr>\n<tr data-start=\"1498\" data-end=\"1527\">\n<td data-start=\"1498\" data-end=\"1520\" data-col-size=\"sm\">Sis\u00e4\u00e4nk\u00e4ynnin katos<\/td>\n<td data-start=\"1520\" data-end=\"1527\" data-col-size=\"sm\">1 m<\/td>\n<\/tr>\n<tr data-start=\"1528\" data-end=\"1555\">\n<td data-start=\"1528\" data-end=\"1546\" data-col-size=\"sm\">Kokonaiskorkeus<\/td>\n<td data-start=\"1546\" data-end=\"1555\" data-col-size=\"sm\">5.5 m<\/td>\n<\/tr>\n<tr data-start=\"1556\" data-end=\"1579\">\n<td data-start=\"1556\" data-end=\"1574\" data-col-size=\"sm\">Huoneiden m\u00e4\u00e4r\u00e4<\/td>\n<td data-start=\"1574\" data-end=\"1579\" data-col-size=\"sm\">4<\/td>\n<\/tr>\n<tr data-start=\"1580\" data-end=\"1599\">\n<td data-start=\"1580\" data-end=\"1590\" data-col-size=\"sm\">Terassi<\/td>\n<td data-start=\"1590\" data-end=\"1599\" data-col-size=\"sm\">Kyll\u00e4<\/td>\n<\/tr>\n<\/tbody>\n<\/table>\n<p>&nbsp;<\/p>\n<\/div>\n<\/div>\n<div class=\"_tableContainer_1rjym_1\">\n<div class=\"group _tableWrapper_1rjym_13 flex w-fit flex-col-reverse\" tabindex=\"-1\">\n<table class=\"w-fit min-w-(--thread-content-width)\" style=\"height: 252px;\" width=\"642\" data-start=\"1606\" data-end=\"1950\">\n<thead data-start=\"1606\" data-end=\"1642\">\n<tr data-start=\"1606\" data-end=\"1642\">\n<th data-start=\"1606\" data-end=\"1624\" data-col-size=\"sm\"><strong data-start=\"1608\" data-end=\"1623\">Komponentti<\/strong><\/th>\n<th data-start=\"1624\" data-end=\"1642\" data-col-size=\"md\"><strong data-start=\"1626\" data-end=\"1640\">M\u00e4\u00e4ritelm\u00e4<\/strong><\/th>\n<\/tr>\n<\/thead>\n<tbody data-start=\"1681\" data-end=\"1950\">\n<tr data-start=\"1681\" data-end=\"1717\">\n<td data-start=\"1681\" data-end=\"1695\" data-col-size=\"sm\">Kattotyyppi<\/td>\n<td data-start=\"1695\" data-end=\"1717\" data-col-size=\"md\">A-mallinen rakenne<\/td>\n<\/tr>\n<tr data-start=\"1718\" data-end=\"1766\">\n<td data-start=\"1718\" data-end=\"1741\" data-col-size=\"sm\">Katon alusmateriaali<\/td>\n<td data-start=\"1741\" data-end=\"1766\" data-col-size=\"md\">19 mm pontatut laudat<\/td>\n<\/tr>\n<tr data-start=\"1767\" data-end=\"1791\">\n<td data-start=\"1767\" data-end=\"1782\" data-col-size=\"sm\">Lattialaudat<\/td>\n<td data-start=\"1782\" data-end=\"1791\" data-col-size=\"md\">19 mm<\/td>\n<\/tr>\n<tr data-start=\"1792\" data-end=\"1858\">\n<td data-start=\"1792\" data-end=\"1802\" data-col-size=\"sm\">Lasitus<\/td>\n<td data-start=\"1802\" data-end=\"1858\" data-col-size=\"md\">4-16-4 kaksinkertaiset eristelasit (ikkunat ja ovet)<\/td>\n<\/tr>\n<tr data-start=\"1859\" data-end=\"1901\">\n<td data-start=\"1859\" data-end=\"1874\" data-col-size=\"sm\">Ikkunaluukut<\/td>\n<td data-start=\"1874\" data-end=\"1901\" data-col-size=\"md\">Ei sis\u00e4lly toimitukseen<\/td>\n<\/tr>\n<tr data-start=\"1902\" data-end=\"1950\">\n<td data-start=\"1902\" data-end=\"1913\" data-col-size=\"sm\">Ovilukko<\/td>\n<td data-start=\"1913\" data-end=\"1950\" data-col-size=\"md\">Sylinterilukko kahdella avaimella<\/td>\n<\/tr>\n<\/tbody>\n<\/table>\n<\/div>\n<\/div>\n<p>&nbsp;<\/p>\n<div class=\"_tableContainer_1rjym_1\">\n<div class=\"group _tableWrapper_1rjym_13 flex w-fit flex-col-reverse\" tabindex=\"-1\">\n<table class=\"w-fit min-w-(--thread-content-width)\" style=\"height: 245px;\" width=\"643\" data-start=\"1971\" data-end=\"2200\">\n<thead data-start=\"1971\" data-end=\"2014\">\n<tr data-start=\"1971\" data-end=\"2014\">\n<th data-start=\"1971\" data-end=\"1989\" data-col-size=\"sm\"><strong data-start=\"1973\" data-end=\"1988\">Oven tyyppi<\/strong><\/th>\n<th data-start=\"1989\" data-end=\"2001\" data-col-size=\"sm\"><strong data-start=\"1991\" data-end=\"2000\">Mitat<\/strong><\/th>\n<th data-start=\"2001\" data-end=\"2014\" data-col-size=\"sm\"><strong data-start=\"2003\" data-end=\"2012\">M\u00e4\u00e4r\u00e4<\/strong><\/th>\n<\/tr>\n<\/thead>\n<tbody data-start=\"2061\" data-end=\"2200\">\n<tr data-start=\"2061\" data-end=\"2092\">\n<td data-start=\"2061\" data-end=\"2071\" data-col-size=\"sm\">Lasiovi<\/td>\n<td data-start=\"2071\" data-end=\"2087\" data-col-size=\"sm\">1.98 \u00d7 0.85 m<\/td>\n<td data-start=\"2087\" data-end=\"2092\" data-col-size=\"sm\">1<\/td>\n<\/tr>\n<tr data-start=\"2093\" data-end=\"2124\">\n<td data-start=\"2093\" data-end=\"2103\" data-col-size=\"sm\">Puuovet<\/td>\n<td data-start=\"2103\" data-end=\"2119\" data-col-size=\"sm\">1.98 \u00d7 0.85 m<\/td>\n<td data-start=\"2119\" data-end=\"2124\" data-col-size=\"sm\">2<\/td>\n<\/tr>\n<tr data-start=\"2125\" data-end=\"2166\">\n<td data-start=\"2125\" data-end=\"2148\" data-col-size=\"sm\">Kaksinkertaiset ovet<\/td>\n<td data-start=\"2148\" data-end=\"2161\" data-col-size=\"sm\">1.98 \u00d7 3 m<\/td>\n<td data-start=\"2161\" data-end=\"2166\" data-col-size=\"sm\">1<\/td>\n<\/tr>\n<tr data-start=\"2167\" data-end=\"2200\">\n<td data-start=\"2167\" data-end=\"2187\" data-col-size=\"sm\">Ovia yhteens\u00e4<\/td>\n<td data-start=\"2187\" data-end=\"2191\" data-col-size=\"sm\">&#8211;<\/td>\n<td data-start=\"2191\" data-end=\"2200\" data-col-size=\"sm\">4<\/td>\n<\/tr>\n<\/tbody>\n<\/table>\n<\/div>\n<\/div>\n<div class=\"_tableContainer_1rjym_1\">\n<div class=\"group _tableWrapper_1rjym_13 flex w-fit flex-col-reverse\" tabindex=\"-1\">\n<p>&nbsp;<\/p>\n<table class=\"w-fit min-w-(--thread-content-width)\" style=\"height: 246px;\" width=\"644\" data-start=\"2224\" data-end=\"2467\">\n<thead data-start=\"2224\" data-end=\"2268\">\n<tr data-start=\"2224\" data-end=\"2268\">\n<th data-start=\"2224\" data-end=\"2243\" data-col-size=\"sm\"><strong data-start=\"2226\" data-end=\"2242\">Ikkunatyyppi<\/strong><\/th>\n<th data-start=\"2243\" data-end=\"2255\" data-col-size=\"sm\"><strong data-start=\"2245\" data-end=\"2254\">Mitat<\/strong><\/th>\n<th data-start=\"2255\" data-end=\"2268\" data-col-size=\"sm\"><strong data-start=\"2257\" data-end=\"2266\">M\u00e4\u00e4r\u00e4<\/strong><\/th>\n<\/tr>\n<\/thead>\n<tbody data-start=\"2316\" data-end=\"2467\">\n<tr data-start=\"2316\" data-end=\"2350\">\n<td data-start=\"2316\" data-end=\"2330\" data-col-size=\"sm\">Yksiosainen ikkuna<\/td>\n<td data-start=\"2330\" data-end=\"2345\" data-col-size=\"sm\">0.52 \u00d7 0.5 m<\/td>\n<td data-start=\"2345\" data-end=\"2350\" data-col-size=\"sm\">1<\/td>\n<\/tr>\n<tr data-start=\"2351\" data-end=\"2385\">\n<td data-start=\"2351\" data-end=\"2365\" data-col-size=\"sm\">Yksiosainen ikkuna<\/td>\n<td data-start=\"2365\" data-end=\"2380\" data-col-size=\"sm\">0.92 \u00d7 0.7 m<\/td>\n<td data-start=\"2380\" data-end=\"2385\" data-col-size=\"sm\">1<\/td>\n<\/tr>\n<tr data-start=\"2386\" data-end=\"2428\">\n<td data-start=\"2386\" data-end=\"2408\" data-col-size=\"sm\">Kaksiosainen ikkuna<\/td>\n<td data-start=\"2408\" data-end=\"2423\" data-col-size=\"sm\">0.92 \u00d7 1.3 m<\/td>\n<td data-start=\"2423\" data-end=\"2428\" data-col-size=\"sm\">1<\/td>\n<\/tr>\n<tr data-start=\"2429\" data-end=\"2467\">\n<td data-start=\"2429\" data-end=\"2454\" data-col-size=\"sm\">Ikkunoita yhteens\u00e4<\/td>\n<td data-start=\"2454\" data-end=\"2458\" data-col-size=\"sm\">\u2014<\/td>\n<td data-start=\"2458\" data-end=\"2467\" data-col-size=\"sm\">3<\/td>\n<\/tr>\n<\/tbody>\n<\/table>\n<\/div>\n<\/div>\n<p>&nbsp;<\/p>\n<p><strong>Lis\u00e4varusteet (ilman ALV):<\/strong><\/p>\n<p>Korkealaatuiset ulko-ovet ja ikkunat vakiomallien sijaan \u2013 4,712.70 \u20ac<\/p>\n<p>Katon aluskerros \u2013 247.25 \u20ac<\/p>\n<p><a href=\"https:\/\/factory.sale\/wp-content\/uploads\/2025\/12\/Roof-insulation-100-mm-EN.pdf\" target=\"_blank\" rel=\"noopener\">Katon eristysohjeet<\/a><\/p>\n<p>&nbsp;<\/p>\n<div id=\"productTabContent\" class=\"tab-content\">\n<div id=\"description\" class=\"tab-pane fade show active\" role=\"tabpanel\" aria-labelledby=\"description-tab\">\n<div class=\"_tableContainer_1rjym_1\">\n<p>&nbsp;<\/p>\n<\/div>\n<p><iframe loading=\"lazy\" title=\"YouTube video\" src=\"\/\/www.youtube.com\/embed\/k9kK04ZBp0o?autoplay=1&amp;mute=1&amp;controls=1&amp;start=110&amp;loop=1&amp;playlist=k9kK04ZBp0o\" width=\"800\" height=\"450\" frameborder=\"0\" allowfullscreen=\"allowfullscreen\" data-mce-fragment=\"1\"><\/iframe><\/p>\n<p>&nbsp;<\/p>\n<p><iframe loading=\"lazy\" title=\"YouTube video\" src=\"\/\/www.youtube.com\/embed\/9S4j3SFXrjM?autoplay=1&amp;mute=1&amp;controls=1&amp;loop=1&amp;playlist=9S4j3SFXrjM\" width=\"800\" height=\"315\" frameborder=\"0\" allowfullscreen=\"allowfullscreen\" data-mce-fragment=\"1\"><\/iframe><\/p>\n<\/div>\n<\/div>\n<div class=\"pt-3\"><\/div>\n<p>&nbsp;<\/p>\n","protected":false},"excerpt":{"rendered":"<p>A-mallinen MOOS ei ole vain n\u00e4ytt\u00e4v\u00e4 rakennus \u2013 se on monik\u00e4ytt\u00f6inen asuintila. Se sopii t\u00e4ydellisesti lomam\u00f6kiksi, vierastaloksi tai vakituiseksi kodiksi, tarjoten mukavuutta ja k\u00e4yt\u00e4nn\u00f6llisyytt\u00e4. Puupinnan luonnollinen viimeistely luo l\u00e4mpim\u00e4n ja kodikkaan tunnelman, mik\u00e4 houkuttelee erityisesti heit\u00e4, jotka arvostavat ekologista ja kest\u00e4v\u00e4\u00e4 asumista.<br \/>\nT\u00e4m\u00e4 A-mallinen muoto yhdist\u00e4\u00e4 modernin arkkitehtuurin ja puun luonnollisen vieh\u00e4tyksen, luoden ymp\u00e4rist\u00f6n, joka on yht\u00e4 aikaa nykyaikainen ja kutsuva.<\/p>\n","protected":false},"featured_media":133697,"comment_status":"open","ping_status":"closed","template":"","meta":{"_acf_changed":false},"factory":[],"free-shipment":[],"product_brand":[],"product_cat":[2889,997],"product_tag":[4725,4726,2290,4728],"class_list":{"0":"post-133728","1":"product","2":"type-product","3":"status-publish","4":"has-post-thumbnail","6":"product_cat-leirintamokit","7":"product_cat-piha-puutarha-fi","8":"product_tag-garden-cabin-fi","9":"product_tag-garden-shed-fi","10":"product_tag-wooden-house-fi","11":"product_tag-wooden-shed-fi","12":"pa_roofing-material-ilman","13":"pa_roofing-material-musta","14":"pa_roofing-material-punainen","15":"pa_roofing-material-vihrea","17":"first","18":"instock","19":"sale","20":"taxable","21":"shipping-taxable","22":"purchasable","23":"product-type-variable"},"acf":[],"_links":{"self":[{"href":"https:\/\/factory.sale\/fi\/wp-json\/wp\/v2\/product\/133728","targetHints":{"allow":["GET"]}}],"collection":[{"href":"https:\/\/factory.sale\/fi\/wp-json\/wp\/v2\/product"}],"about":[{"href":"https:\/\/factory.sale\/fi\/wp-json\/wp\/v2\/types\/product"}],"replies":[{"embeddable":true,"href":"https:\/\/factory.sale\/fi\/wp-json\/wp\/v2\/comments?post=133728"}],"wp:featuredmedia":[{"embeddable":true,"href":"https:\/\/factory.sale\/fi\/wp-json\/wp\/v2\/media\/133697"}],"wp:attachment":[{"href":"https:\/\/factory.sale\/fi\/wp-json\/wp\/v2\/media?parent=133728"}],"wp:term":[{"taxonomy":"factory","embeddable":true,"href":"https:\/\/factory.sale\/fi\/wp-json\/wp\/v2\/factory?post=133728"},{"taxonomy":"free-shipment","embeddable":true,"href":"https:\/\/factory.sale\/fi\/wp-json\/wp\/v2\/free-shipment?post=133728"},{"taxonomy":"product_brand","embeddable":true,"href":"https:\/\/factory.sale\/fi\/wp-json\/wp\/v2\/product_brand?post=133728"},{"taxonomy":"product_cat","embeddable":true,"href":"https:\/\/factory.sale\/fi\/wp-json\/wp\/v2\/product_cat?post=133728"},{"taxonomy":"product_tag","embeddable":true,"href":"https:\/\/factory.sale\/fi\/wp-json\/wp\/v2\/product_tag?post=133728"}],"curies":[{"name":"wp","href":"https:\/\/api.w.org\/{rel}","templated":true}]}}