{"id":133528,"date":"2025-12-02T14:30:41","date_gmt":"2025-12-02T11:33:02","guid":{"rendered":"https:\/\/factory.sale\/?post_type=product&#038;p=133528"},"modified":"2026-02-06T10:09:35","modified_gmt":"2026-02-06T07:09:35","slug":"tonnelle-4-m-x-4-m-44-mm","status":"publish","type":"product","link":"https:\/\/factory.sale\/fi\/tuote\/tonnelle-4-m-x-4-m-44-mm\/","title":{"rendered":"Tonnelle (4 m \u00d7 4 m), 44 mm"},"content":{"rendered":"<div class=\"_tableContainer_1rjym_1\">\n<p>T\u00e4m\u00e4 vieh\u00e4tt\u00e4v\u00e4 puinen katos sulautuu t\u00e4ydellisesti puutarhaasi. Laadukas luonnonpuusta valmistettu rakenne vet\u00e4\u00e4 vieraita puoleensa kuin magneetti \u2013 paikka, jossa voi istua, rentoutua ja nauttia hyv\u00e4st\u00e4 seurasta. T\u00e4ydellinen paikka jakaa kauniita hetki\u00e4 l\u00e4heisten kanssa kev\u00e4\u00e4ll\u00e4 tai l\u00e4mpimin\u00e4 kes\u00e4iltoina.<\/p>\n<p>Luo puutarhaasi kutsuva ja tyylik\u00e4s oleskelualue Tonnelle 4 m \u00d7 4 m, 44 mm -puukatoksella. Sertifioidusta pohjoismaisesta m\u00e4nnyst\u00e4 tai kuusesta valmistettu katos yhdist\u00e4\u00e4 kest\u00e4vyyden, eleganssin ja luonnollisen vieh\u00e4tyksen. Sen avara 4 \u00d7 4 m pohja ja tukeva 44 mm sein\u00e4vahvuus tekev\u00e4t siit\u00e4 t\u00e4ydellisen paikan perhejuhliin, yhdess\u00e4oloon yst\u00e4vien kanssa tai vain rauhalliseen rentoutumiseen luonnon keskell\u00e4.<\/p>\n<p>375 \u00d7 375 cm sis\u00e4tila tarjoaa runsaasti tilaa puutarhakalusteille, sisustukselle tai kodikkaan oleskelualueen luomiseen. Mukava 221 cm sivusein\u00e4n korkeus ja 270 cm harjakorkeus tuovat tilaan valoisuutta ja ilmavuutta. Korkealaatuiset 19\u201320 mm ponttilaudoista tehdyt katto- ja lattialaudat varmistavat pitk\u00e4n k\u00e4ytt\u00f6i\u00e4n ja vakaan rakenteen \u2013 katos sopii erinomaisesti ymp\u00e4rivuotiseen k\u00e4ytt\u00f6\u00f6n.<\/p>\n<p>Puutarhaan saumattomasti sopiva katos muuttaa jopa tavallisen takapihan kutsuvaksi ja viihtyis\u00e4ksi keitaaksi. Olipa kyse l\u00e4mpim\u00e4st\u00e4 kes\u00e4illasta, intiimist\u00e4 yhdess\u00e4olosta tai rentoutumisesta pitk\u00e4n p\u00e4iv\u00e4n j\u00e4lkeen \u2013 Tonnelle-katos nostaa pihasi tunnelman uudelle tasolle sek\u00e4 kauneutensa ett\u00e4 k\u00e4yt\u00e4nn\u00f6llisyytens\u00e4 ansiosta.<\/p>\n<\/div>\n<p>&nbsp;<\/p>\n<p><strong>Tekniset tiedot:<\/strong><\/p>\n<div class=\"_tableContainer_1rjym_1\">\n<div class=\"_tableContainer_1rjym_1\">\n<div class=\"group _tableWrapper_1rjym_13 flex w-fit flex-col-reverse\" tabindex=\"-1\">\n<table class=\"w-fit min-w-(--thread-content-width)\" style=\"height: 371px;\" width=\"698\" data-start=\"1606\" data-end=\"2096\">\n<thead data-start=\"1606\" data-end=\"1635\">\n<tr data-start=\"1606\" data-end=\"1635\">\n<th data-start=\"1606\" data-end=\"1623\" data-col-size=\"sm\"><\/th>\n<th data-start=\"1623\" data-end=\"1635\" data-col-size=\"md\"><\/th>\n<\/tr>\n<\/thead>\n<tbody data-start=\"1666\" data-end=\"2096\">\n<tr data-start=\"1666\" data-end=\"1724\">\n<td data-start=\"1666\" data-end=\"1679\" data-col-size=\"sm\">Materiaali<\/td>\n<td data-col-size=\"md\" data-start=\"1679\" data-end=\"1724\">Sertifioitu pohjoismainen m\u00e4nty tai kuusi<\/td>\n<\/tr>\n<tr data-start=\"1725\" data-end=\"1774\">\n<td data-start=\"1725\" data-end=\"1755\" data-col-size=\"sm\">Ulkomitat (leveys \u00d7 pituus)<\/td>\n<td data-col-size=\"md\" data-start=\"1755\" data-end=\"1774\">400 cm \u00d7 400 cm<\/td>\n<\/tr>\n<tr data-start=\"1775\" data-end=\"1824\">\n<td data-start=\"1775\" data-end=\"1805\" data-col-size=\"sm\">Sis\u00e4mitat (leveys \u00d7 pituus)<\/td>\n<td data-col-size=\"md\" data-start=\"1805\" data-end=\"1824\">375 cm \u00d7 375 cm<\/td>\n<\/tr>\n<tr data-start=\"1825\" data-end=\"1848\">\n<td data-start=\"1825\" data-end=\"1843\" data-col-size=\"sm\">Huoneiden m\u00e4\u00e4r\u00e4<\/td>\n<td data-col-size=\"md\" data-start=\"1843\" data-end=\"1848\">1<\/td>\n<\/tr>\n<tr data-start=\"1849\" data-end=\"1873\">\n<td data-start=\"1849\" data-end=\"1864\" data-col-size=\"sm\">Sein\u00e4vahvuus<\/td>\n<td data-col-size=\"md\" data-start=\"1864\" data-end=\"1873\">44 mm<\/td>\n<\/tr>\n<tr data-start=\"1874\" data-end=\"1905\">\n<td data-start=\"1874\" data-end=\"1895\" data-col-size=\"sm\">Sivusein\u00e4n korkeus<\/td>\n<td data-col-size=\"md\" data-start=\"1895\" data-end=\"1905\">221 cm<\/td>\n<\/tr>\n<tr data-start=\"1906\" data-end=\"1931\">\n<td data-start=\"1906\" data-end=\"1921\" data-col-size=\"sm\">Harjakorkeus<\/td>\n<td data-col-size=\"md\" data-start=\"1921\" data-end=\"1931\">270 cm<\/td>\n<\/tr>\n<tr data-start=\"1932\" data-end=\"1975\">\n<td data-start=\"1932\" data-end=\"1950\" data-col-size=\"sm\">Kattomateriaali<\/td>\n<td data-col-size=\"md\" data-start=\"1950\" data-end=\"1975\">19\u201320 mm ponttilaudat<\/td>\n<\/tr>\n<tr data-start=\"1976\" data-end=\"2020\">\n<td data-start=\"1976\" data-end=\"1995\" data-col-size=\"sm\">Lattiamateriaali<\/td>\n<td data-col-size=\"md\" data-start=\"1995\" data-end=\"2020\">19\u201320 mm ponttilaudat<\/td>\n<\/tr>\n<tr data-start=\"2021\" data-end=\"2050\">\n<td data-start=\"2021\" data-end=\"2041\" data-col-size=\"sm\">R\u00e4yst\u00e4\u00e4n ulkonema<\/td>\n<td data-col-size=\"md\" data-start=\"2041\" data-end=\"2050\">20 cm<\/td>\n<\/tr>\n<tr data-start=\"2051\" data-end=\"2096\">\n<td data-start=\"2051\" data-end=\"2081\" data-col-size=\"sm\">Kattopinta-ala \/ Kattokulma<\/td>\n<td data-col-size=\"md\" data-start=\"2081\" data-end=\"2096\">20 m\u00b2 \/ 17\u00b0<\/td>\n<\/tr>\n<\/tbody>\n<\/table>\n<\/div>\n<\/div>\n<\/div>\n<p>&nbsp;<\/p>\n<p>&nbsp;<\/p>\n<p><strong>Bitumikatto:<\/strong><\/p>\n<p>Musta, vihre\u00e4, punainen<\/p>\n<div class=\"_tableContainer_1rjym_1\">\n<p><img loading=\"lazy\" decoding=\"async\" class=\"alignnone wp-image-133049\" src=\"https:\/\/factory.sale\/wp-content\/uploads\/2025\/11\/Bitumin-shingles-factory-sale-300x88.png\" sizes=\"auto, (max-width: 443px) 100vw, 443px\" srcset=\"https:\/\/factory.sale\/wp-content\/uploads\/2025\/11\/Bitumin-shingles-factory-sale-300x88.png 300w, https:\/\/factory.sale\/wp-content\/uploads\/2025\/11\/Bitumin-shingles-factory-sale-150x44.png 150w, https:\/\/factory.sale\/wp-content\/uploads\/2025\/11\/Bitumin-shingles-factory-sale-600x175.png 600w, https:\/\/factory.sale\/wp-content\/uploads\/2025\/11\/Bitumin-shingles-factory-sale.png 664w\" alt=\"\" width=\"443\" height=\"130\" \/><\/p>\n<p>&nbsp;<\/p>\n<\/div>\n<p><iframe loading=\"lazy\" title=\"YouTube video\" src=\"\/\/www.youtube.com\/embed\/k9kK04ZBp0o?autoplay=1&amp;mute=1&amp;controls=1&amp;start=110&amp;loop=1&amp;playlist=k9kK04ZBp0o\" width=\"800\" height=\"450\" frameborder=\"0\" allowfullscreen=\"allowfullscreen\" data-mce-fragment=\"1\"><\/iframe><\/p>\n<p>&nbsp;<\/p>\n<p><iframe loading=\"lazy\" title=\"YouTube video\" src=\"\/\/www.youtube.com\/embed\/9S4j3SFXrjM?autoplay=1&amp;mute=1&amp;controls=1&amp;loop=1&amp;playlist=9S4j3SFXrjM\" width=\"800\" height=\"315\" frameborder=\"0\" allowfullscreen=\"allowfullscreen\" data-mce-fragment=\"1\"><\/iframe><\/p>\n","protected":false},"excerpt":{"rendered":"<p>Elegantti 4 \u00d7 4 m puinen katos, joka on valmistettu sertifioidusta m\u00e4nnyst\u00e4 tai kuusesta. Siin\u00e4 on 44 mm:n sein\u00e4t, tilava 375 \u00d7 375 cm:n sis\u00e4tila, kest\u00e4v\u00e4 pontattu katto ja lattia sek\u00e4 20 m\u00b2:n kattopinta-ala. T\u00e4ydellinen rentoutumiseen, yhdess\u00e4oloon ja puutarhan ilmeen kohentamiseen.<\/p>\n","protected":false},"featured_media":133453,"comment_status":"open","ping_status":"closed","template":"","meta":{"_acf_changed":false},"factory":[],"free-shipment":[],"product_brand":[],"product_cat":[2446,997],"product_tag":[1488,617],"class_list":{"0":"post-133528","1":"product","2":"type-product","3":"status-publish","4":"has-post-thumbnail","6":"product_cat-katokset","7":"product_cat-piha-puutarha-fi","8":"product_tag-garden-fi","9":"product_tag-wood-fi","10":"pa_roofing-material-ilman","11":"pa_roofing-material-musta","12":"pa_roofing-material-punainen","13":"pa_roofing-material-vihrea","15":"first","16":"instock","17":"sale","18":"taxable","19":"shipping-taxable","20":"purchasable","21":"product-type-variable"},"acf":[],"_links":{"self":[{"href":"https:\/\/factory.sale\/fi\/wp-json\/wp\/v2\/product\/133528","targetHints":{"allow":["GET"]}}],"collection":[{"href":"https:\/\/factory.sale\/fi\/wp-json\/wp\/v2\/product"}],"about":[{"href":"https:\/\/factory.sale\/fi\/wp-json\/wp\/v2\/types\/product"}],"replies":[{"embeddable":true,"href":"https:\/\/factory.sale\/fi\/wp-json\/wp\/v2\/comments?post=133528"}],"wp:featuredmedia":[{"embeddable":true,"href":"https:\/\/factory.sale\/fi\/wp-json\/wp\/v2\/media\/133453"}],"wp:attachment":[{"href":"https:\/\/factory.sale\/fi\/wp-json\/wp\/v2\/media?parent=133528"}],"wp:term":[{"taxonomy":"factory","embeddable":true,"href":"https:\/\/factory.sale\/fi\/wp-json\/wp\/v2\/factory?post=133528"},{"taxonomy":"free-shipment","embeddable":true,"href":"https:\/\/factory.sale\/fi\/wp-json\/wp\/v2\/free-shipment?post=133528"},{"taxonomy":"product_brand","embeddable":true,"href":"https:\/\/factory.sale\/fi\/wp-json\/wp\/v2\/product_brand?post=133528"},{"taxonomy":"product_cat","embeddable":true,"href":"https:\/\/factory.sale\/fi\/wp-json\/wp\/v2\/product_cat?post=133528"},{"taxonomy":"product_tag","embeddable":true,"href":"https:\/\/factory.sale\/fi\/wp-json\/wp\/v2\/product_tag?post=133528"}],"curies":[{"name":"wp","href":"https:\/\/api.w.org\/{rel}","templated":true}]}}