{"id":133504,"date":"2025-12-02T12:28:12","date_gmt":"2025-12-02T11:12:44","guid":{"rendered":"https:\/\/factory.sale\/?post_type=product&#038;p=133504"},"modified":"2026-02-06T10:13:43","modified_gmt":"2026-02-06T07:13:43","slug":"pergola-uma-4-m-x-4-m","status":"publish","type":"product","link":"https:\/\/factory.sale\/fi\/tuote\/pergola-uma-4-m-x-4-m\/","title":{"rendered":"Pergola Uma (4 m x 4 m)"},"content":{"rendered":"<div id=\"productTabContent\" class=\"tab-content\">\n<div id=\"description\" class=\"tab-pane fade show active\" role=\"tabpanel\" aria-labelledby=\"description-tab\">\n<div class=\"_tableContainer_1rjym_1\">\n<p>T\u00e4m\u00e4 puinen katos koristaa puutarhaasi tai pihaasi, tuoden siihen eleganttia ja luonnollista ilmett\u00e4 sek\u00e4 lis\u00e4ten vieh\u00e4tt\u00e4vyytt\u00e4 my\u00f6s vaatimattomimpiin ulkotiloihin. Se on t\u00e4ydellinen paikka viett\u00e4\u00e4 mukavia hetki\u00e4 l\u00e4heisten kanssa ja nauttia aurinkoisista p\u00e4ivist\u00e4. Katos tarjoaa viihtyis\u00e4n suojan, jossa voit rentoutua ja nauttia oman ty\u00f6n hedelmist\u00e4 omassa pihakeitaassasi. Erinomainen lis\u00e4 mihin tahansa puutarhaan.<\/p>\n<p>Tee ulkotilastasi entist\u00e4kin houkuttelevampi t\u00e4ll\u00e4 kauniisti valmistetulla puukatoksella\u2014ajaton ja tyylik\u00e4s keskipiste, joka tuo puutarhaasi luonnollista l\u00e4mp\u00f6\u00e4 ja persoonaa. Sen vahva kuusipuurakenne ja elegantti muotoilu tekev\u00e4t siit\u00e4 t\u00e4ydellisen paikan kokoontumisiin, auringosta nauttimiseen tai rentoutumiseen pitk\u00e4n p\u00e4iv\u00e4n j\u00e4lkeen.<br \/>\nTilava 16 m\u00b2 sis\u00e4tila ja vaikuttava 360 cm harjakorkeus luovat avoimen ja ilmavan tunnelman, joka sulautuu harmonisesti puutarhan maisemaan. Olipa kyseess\u00e4 kes\u00e4juhlat, rauhallinen aamukahvi tai hetki omassa rauhassa, t\u00e4m\u00e4 puinen katos tarjoaa sek\u00e4 k\u00e4yt\u00e4nn\u00f6llisyytt\u00e4 ett\u00e4 visuaalista kauneutta.<\/p>\n<p>Vahvat 115 \u00d7 115 mm pilarit ja 19 mm ponttilaudoista valmistettu katto takaavat kest\u00e4vyyden kaikkina vuodenaikoina. 4 \u00d7 4 m pohjaratkaisu tarjoaa runsaasti tilaa ulkokalusteille, koristeille tai kasveille, muuttaen pihan kutsuvaksi ja viihtyis\u00e4ksi oleskelupaikaksi. K\u00e4yt\u00e4nn\u00f6llisyyden ja tyylin tasapainoinen yhdistelm\u00e4, joka kohottaa mink\u00e4 tahansa pihapiirin ilmett\u00e4.<\/p>\n<p>&nbsp;<\/p>\n<p><strong>Tekniset tiedot:<\/strong><\/p>\n<div class=\"_tableContainer_1rjym_1\">\n<div class=\"group _tableWrapper_1rjym_13 flex w-fit flex-col-reverse\" tabindex=\"-1\">\n<table class=\"w-fit min-w-(--thread-content-width)\" style=\"height: 328px;\" width=\"503\" data-start=\"1644\" data-end=\"1981\">\n<thead data-start=\"1644\" data-end=\"1673\">\n<tr data-start=\"1644\" data-end=\"1673\">\n<th data-start=\"1644\" data-end=\"1661\" data-col-size=\"sm\"><\/th>\n<th data-start=\"1661\" data-end=\"1673\" data-col-size=\"sm\"><\/th>\n<\/tr>\n<\/thead>\n<tbody data-start=\"1704\" data-end=\"1981\">\n<tr data-start=\"1704\" data-end=\"1729\">\n<td data-start=\"1704\" data-end=\"1717\" data-col-size=\"sm\">Materiaali<\/td>\n<td data-col-size=\"sm\" data-start=\"1717\" data-end=\"1729\">Kuusipuu<\/td>\n<\/tr>\n<tr data-start=\"1730\" data-end=\"1750\">\n<td data-start=\"1730\" data-end=\"1741\" data-col-size=\"sm\">Sis\u00e4tila<\/td>\n<td data-col-size=\"sm\" data-start=\"1741\" data-end=\"1750\">16 m\u00b2<\/td>\n<\/tr>\n<tr data-start=\"1751\" data-end=\"1776\">\n<td data-start=\"1751\" data-end=\"1766\" data-col-size=\"sm\">Harjakorkeus<\/td>\n<td data-col-size=\"sm\" data-start=\"1766\" data-end=\"1776\">360 cm<\/td>\n<\/tr>\n<tr data-start=\"1777\" data-end=\"1826\">\n<td data-start=\"1777\" data-end=\"1807\" data-col-size=\"sm\">Ulkomitat (leveys \u00d7 pituus)<\/td>\n<td data-col-size=\"sm\" data-start=\"1807\" data-end=\"1826\">400 cm \u00d7 400 cm<\/td>\n<\/tr>\n<tr data-start=\"1827\" data-end=\"1876\">\n<td data-start=\"1827\" data-end=\"1857\" data-col-size=\"sm\">Sis\u00e4mitat (leveys \u00d7 pituus)<\/td>\n<td data-col-size=\"sm\" data-start=\"1857\" data-end=\"1876\">400 cm \u00d7 400 cm<\/td>\n<\/tr>\n<tr data-start=\"1877\" data-end=\"1917\">\n<td data-start=\"1877\" data-end=\"1895\" data-col-size=\"sm\">Kattomateriaali<\/td>\n<td data-start=\"1895\" data-end=\"1917\" data-col-size=\"sm\">19 mm ponttilaudat<\/td>\n<\/tr>\n<tr data-start=\"1918\" data-end=\"1944\">\n<td data-start=\"1918\" data-end=\"1935\" data-col-size=\"sm\">Kattopinta-ala<\/td>\n<td data-start=\"1935\" data-end=\"1944\" data-col-size=\"sm\">22 m\u00b2<\/td>\n<\/tr>\n<tr data-start=\"1945\" data-end=\"1981\">\n<td data-start=\"1945\" data-end=\"1962\" data-col-size=\"sm\">Pilarien mitat<\/td>\n<td data-start=\"1962\" data-end=\"1981\" data-col-size=\"sm\">115 mm \u00d7 115 mm<\/td>\n<\/tr>\n<\/tbody>\n<\/table>\n<\/div>\n<\/div>\n<\/div>\n<\/div>\n<\/div>\n<p>&nbsp;<\/p>\n<p><strong>Bitumikatto:<\/strong><\/p>\n<p>Musta, vihre\u00e4, punainen<\/p>\n<div id=\"productTabContent\" class=\"tab-content\">\n<div id=\"description\" class=\"tab-pane fade show active\" role=\"tabpanel\" aria-labelledby=\"description-tab\">\n<div class=\"_tableContainer_1rjym_1\">\n<p><img loading=\"lazy\" decoding=\"async\" class=\"alignnone wp-image-133049\" src=\"https:\/\/factory.sale\/wp-content\/uploads\/2025\/11\/Bitumin-shingles-factory-sale-300x88.png\" sizes=\"auto, (max-width: 443px) 100vw, 443px\" srcset=\"https:\/\/factory.sale\/wp-content\/uploads\/2025\/11\/Bitumin-shingles-factory-sale-300x88.png 300w, https:\/\/factory.sale\/wp-content\/uploads\/2025\/11\/Bitumin-shingles-factory-sale-150x44.png 150w, https:\/\/factory.sale\/wp-content\/uploads\/2025\/11\/Bitumin-shingles-factory-sale-600x175.png 600w, https:\/\/factory.sale\/wp-content\/uploads\/2025\/11\/Bitumin-shingles-factory-sale.png 664w\" alt=\"\" width=\"443\" height=\"130\" \/><\/p>\n<p>&nbsp;<\/p>\n<\/div>\n<p>&nbsp;<\/p>\n<\/div>\n<\/div>\n<div class=\"pt-3\">\n<div id=\"productTabContent\" class=\"tab-content\">\n<div id=\"description\" class=\"tab-pane fade show active\" role=\"tabpanel\" aria-labelledby=\"description-tab\">\n<div class=\"_tableContainer_1rjym_1\">\n<p>&nbsp;<\/p>\n<p>&nbsp;<\/p>\n<\/div>\n<p><iframe loading=\"lazy\" title=\"YouTube video\" src=\"\/\/www.youtube.com\/embed\/k9kK04ZBp0o?autoplay=1&amp;mute=1&amp;controls=1&amp;start=110&amp;loop=1&amp;playlist=k9kK04ZBp0o\" width=\"800\" height=\"450\" frameborder=\"0\" allowfullscreen=\"allowfullscreen\" data-mce-fragment=\"1\"><\/iframe><\/p>\n<p>&nbsp;<\/p>\n<p><iframe loading=\"lazy\" title=\"YouTube video\" src=\"\/\/www.youtube.com\/embed\/9S4j3SFXrjM?autoplay=1&amp;mute=1&amp;controls=1&amp;loop=1&amp;playlist=9S4j3SFXrjM\" width=\"800\" height=\"315\" frameborder=\"0\" allowfullscreen=\"allowfullscreen\" data-mce-fragment=\"1\"><\/iframe><\/p>\n<\/div>\n<\/div>\n<\/div>\n<p>&nbsp;<\/p>\n","protected":false},"excerpt":{"rendered":"<p>Elegantti 4\u00d74 m puinen kuusikatos. Tilava 16 m\u00b2 sis\u00e4tila, 360 cm harjakorkeus, kest\u00e4v\u00e4t 19 mm kattolaudat ja vahvat 115\u00d7115 mm pilarit. T\u00e4ydellinen varjopaikka rentoutumiseen, yhdess\u00e4oloon ja puutarhan ilmeen kohentamiseen.<\/p>\n","protected":false},"featured_media":139032,"comment_status":"open","ping_status":"closed","template":"","meta":{"_acf_changed":false},"factory":[],"free-shipment":[],"product_brand":[],"product_cat":[2446,997],"product_tag":[4723,4724,4725,4726,4727,4728],"class_list":{"0":"post-133504","1":"product","2":"type-product","3":"status-publish","4":"has-post-thumbnail","6":"product_cat-katokset","7":"product_cat-piha-puutarha-fi","8":"product_tag-arbour-fi","9":"product_tag-arbour-pergola-fi","10":"product_tag-garden-cabin-fi","11":"product_tag-garden-shed-fi","12":"product_tag-pergola-fi","13":"product_tag-wooden-shed-fi","14":"pa_roofing-material-ilman","15":"pa_roofing-material-musta","16":"pa_roofing-material-punainen","17":"pa_roofing-material-vihrea","19":"first","20":"instock","21":"sale","22":"taxable","23":"shipping-taxable","24":"purchasable","25":"product-type-variable"},"acf":[],"_links":{"self":[{"href":"https:\/\/factory.sale\/fi\/wp-json\/wp\/v2\/product\/133504","targetHints":{"allow":["GET"]}}],"collection":[{"href":"https:\/\/factory.sale\/fi\/wp-json\/wp\/v2\/product"}],"about":[{"href":"https:\/\/factory.sale\/fi\/wp-json\/wp\/v2\/types\/product"}],"replies":[{"embeddable":true,"href":"https:\/\/factory.sale\/fi\/wp-json\/wp\/v2\/comments?post=133504"}],"wp:featuredmedia":[{"embeddable":true,"href":"https:\/\/factory.sale\/fi\/wp-json\/wp\/v2\/media\/139032"}],"wp:attachment":[{"href":"https:\/\/factory.sale\/fi\/wp-json\/wp\/v2\/media?parent=133504"}],"wp:term":[{"taxonomy":"factory","embeddable":true,"href":"https:\/\/factory.sale\/fi\/wp-json\/wp\/v2\/factory?post=133504"},{"taxonomy":"free-shipment","embeddable":true,"href":"https:\/\/factory.sale\/fi\/wp-json\/wp\/v2\/free-shipment?post=133504"},{"taxonomy":"product_brand","embeddable":true,"href":"https:\/\/factory.sale\/fi\/wp-json\/wp\/v2\/product_brand?post=133504"},{"taxonomy":"product_cat","embeddable":true,"href":"https:\/\/factory.sale\/fi\/wp-json\/wp\/v2\/product_cat?post=133504"},{"taxonomy":"product_tag","embeddable":true,"href":"https:\/\/factory.sale\/fi\/wp-json\/wp\/v2\/product_tag?post=133504"}],"curies":[{"name":"wp","href":"https:\/\/api.w.org\/{rel}","templated":true}]}}