{"id":133474,"date":"2025-12-02T12:04:19","date_gmt":"2025-12-02T09:12:51","guid":{"rendered":"https:\/\/factory.sale\/?post_type=product&#038;p=133474"},"modified":"2026-02-06T10:16:53","modified_gmt":"2026-02-06T07:16:53","slug":"tonnelle-3-m-x-3-m-44-mm","status":"publish","type":"product","link":"https:\/\/factory.sale\/fi\/tuote\/tonnelle-3-m-x-3-m-44-mm\/","title":{"rendered":"Tonnelle 3 m \u00d7 3 m, 44 mm"},"content":{"rendered":"<div id=\"productTabContent\" class=\"tab-content\">\n<div id=\"description\" class=\"tab-pane fade show active\" role=\"tabpanel\" aria-labelledby=\"description-tab\">\n<div class=\"_tableContainer_1rjym_1\">\n<p>T\u00e4m\u00e4 vieh\u00e4tt\u00e4v\u00e4 puinen katos sopii t\u00e4ydellisesti puutarhaasi ja tarjoaa suojaa sek\u00e4 auringolta ett\u00e4 sateelta. Se on ihanteellinen paikka viett\u00e4\u00e4 mukavia hetki\u00e4 l\u00e4heisten kanssa ja nauttia aurinkoisista p\u00e4ivist\u00e4. Puinen katos tuo pihaasi l\u00e4mp\u00f6\u00e4 ja luonnollista tunnelmaa.<\/p>\n<p>Luo ulkotilastasi kutsuva ja toimiva keidas Tonnelle 3 m \u00d7 3 m, 44 mm -puukatoksella. Sertifioidusta pohjoismaisesta m\u00e4nnyst\u00e4 tai kuusesta valmistettu elegantti rakenne lis\u00e4\u00e4 puutarhaasi luonnollista kauneutta ja ajatonta tyyli\u00e4. Olipa kyseess\u00e4 kes\u00e4juhlat, rauhalliset iltap\u00e4iv\u00e4t tai suojan tarve auringolta ja sateelta, t\u00e4m\u00e4 katos tarjoaa t\u00e4ydellisen paikan unohtumattomille hetkille.<\/p>\n<p>Tilava sis\u00e4tila ja kest\u00e4v\u00e4 44 mm sein\u00e4vahvuus takaavat erinomaisen vakauden ja ymp\u00e4rivuotisen mukavuuden. Leve\u00e4 sis\u00e4\u00e4nk\u00e4ynti ja ikkuna tuovat runsaasti luonnonvaloa. Vahvat ponttilaudoista valmistetut katto- ja lattiarakenteet varmistavat pitk\u00e4ik\u00e4isen kest\u00e4vyyden, mik\u00e4 tekee t\u00e4st\u00e4 katoksesta tyylikk\u00e4\u00e4n ja luotettavan lis\u00e4n piha-alueellesi.<br \/>\nVoit valita laadukkaista bitumikattopaanuista mustan, vihre\u00e4n tai punaisen \u2013 t\u00e4ydellinen viimeistely kodin tai puutarhan ilmeeseen. Lis\u00e4\u00e4 pihaasi eleganssia, l\u00e4mp\u00f6\u00e4 ja k\u00e4yt\u00e4nn\u00f6llisyytt\u00e4 \u2013 t\u00e4m\u00e4 puukatos on suunniteltu k\u00e4ytt\u00f6\u00f6n kaikkina vuodenaikoina.<\/p>\n<p>&nbsp;<\/p>\n<p><strong>Tekniset tiedot:<\/strong><\/p>\n<div class=\"_tableContainer_1rjym_1\">\n<div class=\"group _tableWrapper_1rjym_13 flex w-fit flex-col-reverse\" tabindex=\"-1\">\n<table class=\"w-fit min-w-(--thread-content-width)\" style=\"height: 465px;\" width=\"660\" data-start=\"1521\" data-end=\"2083\">\n<thead data-start=\"1521\" data-end=\"1550\">\n<tr data-start=\"1521\" data-end=\"1550\">\n<th data-start=\"1521\" data-end=\"1538\" data-col-size=\"sm\"><\/th>\n<th data-start=\"1538\" data-end=\"1550\" data-col-size=\"md\"><\/th>\n<\/tr>\n<\/thead>\n<tbody data-start=\"1581\" data-end=\"2083\">\n<tr data-start=\"1581\" data-end=\"1639\">\n<td data-start=\"1581\" data-end=\"1594\" data-col-size=\"sm\">Materiaali<\/td>\n<td data-col-size=\"md\" data-start=\"1594\" data-end=\"1639\">Sertifioitu pohjoismainen m\u00e4nty tai kuusi<\/td>\n<\/tr>\n<tr data-start=\"1640\" data-end=\"1689\">\n<td data-start=\"1640\" data-end=\"1670\" data-col-size=\"sm\">Ulkomitat (leveys \u00d7 pituus)<\/td>\n<td data-col-size=\"md\" data-start=\"1670\" data-end=\"1689\">300 cm \u00d7 300 cm<\/td>\n<\/tr>\n<tr data-start=\"1690\" data-end=\"1739\">\n<td data-start=\"1690\" data-end=\"1720\" data-col-size=\"sm\">Sis\u00e4mitat (leveys \u00d7 pituus)<\/td>\n<td data-col-size=\"md\" data-start=\"1720\" data-end=\"1739\">275 cm \u00d7 275 cm<\/td>\n<\/tr>\n<tr data-start=\"1740\" data-end=\"1764\">\n<td data-start=\"1740\" data-end=\"1755\" data-col-size=\"sm\">Sein\u00e4vahvuus<\/td>\n<td data-col-size=\"md\" data-start=\"1755\" data-end=\"1764\">44 mm<\/td>\n<\/tr>\n<tr data-start=\"1765\" data-end=\"1796\">\n<td data-start=\"1765\" data-end=\"1786\" data-col-size=\"sm\">Sivusein\u00e4n korkeus<\/td>\n<td data-col-size=\"md\" data-start=\"1786\" data-end=\"1796\">221 cm<\/td>\n<\/tr>\n<tr data-start=\"1797\" data-end=\"1822\">\n<td data-start=\"1797\" data-end=\"1812\" data-col-size=\"sm\">Harjakorkeus<\/td>\n<td data-col-size=\"md\" data-start=\"1812\" data-end=\"1822\">270 cm<\/td>\n<\/tr>\n<tr data-start=\"1823\" data-end=\"1863\">\n<td data-start=\"1823\" data-end=\"1841\" data-col-size=\"sm\">Kattomateriaali<\/td>\n<td data-col-size=\"md\" data-start=\"1841\" data-end=\"1863\">19 mm ponttilaudat<\/td>\n<\/tr>\n<tr data-start=\"1864\" data-end=\"1905\">\n<td data-start=\"1864\" data-end=\"1883\" data-col-size=\"sm\">Lattiamateriaali<\/td>\n<td data-col-size=\"md\" data-start=\"1883\" data-end=\"1905\">19 mm ponttilaudat<\/td>\n<\/tr>\n<tr data-start=\"1906\" data-end=\"1935\">\n<td data-start=\"1906\" data-end=\"1926\" data-col-size=\"sm\">R\u00e4yst\u00e4\u00e4n ulkonema<\/td>\n<td data-col-size=\"md\" data-start=\"1926\" data-end=\"1935\">20 cm<\/td>\n<\/tr>\n<tr data-start=\"1936\" data-end=\"1959\">\n<td data-start=\"1936\" data-end=\"1954\" data-col-size=\"sm\">Huoneiden m\u00e4\u00e4r\u00e4<\/td>\n<td data-col-size=\"md\" data-start=\"1954\" data-end=\"1959\">1<\/td>\n<\/tr>\n<tr data-start=\"1960\" data-end=\"2004\">\n<td data-start=\"1960\" data-end=\"1985\" data-col-size=\"sm\">Ovi (leveys \u00d7 korkeus)<\/td>\n<td data-col-size=\"md\" data-start=\"1985\" data-end=\"2004\">130 cm \u00d7 192 cm<\/td>\n<\/tr>\n<tr data-start=\"2005\" data-end=\"2037\">\n<td data-start=\"2005\" data-end=\"2015\" data-col-size=\"sm\">Lasitus<\/td>\n<td data-col-size=\"md\" data-start=\"2015\" data-end=\"2037\">Yksilasinen (4 mm)<\/td>\n<\/tr>\n<tr data-start=\"2038\" data-end=\"2083\">\n<td data-start=\"2038\" data-end=\"2068\" data-col-size=\"sm\">Kattopinta-ala \/ Kattokulma<\/td>\n<td data-col-size=\"md\" data-start=\"2068\" data-end=\"2083\">17 m\u00b2 \/ 22\u00b0<\/td>\n<\/tr>\n<\/tbody>\n<\/table>\n<\/div>\n<\/div>\n<\/div>\n<\/div>\n<\/div>\n<p>&nbsp;<\/p>\n<p>&nbsp;<\/p>\n<p><strong>Bitumikatto:<\/strong><\/p>\n<p>Musta, vihre\u00e4, punainen<\/p>\n<div id=\"productTabContent\" class=\"tab-content\">\n<div id=\"description\" class=\"tab-pane fade show active\" role=\"tabpanel\" aria-labelledby=\"description-tab\">\n<div class=\"_tableContainer_1rjym_1\">\n<p>&nbsp;<\/p>\n<p><img loading=\"lazy\" decoding=\"async\" class=\"alignnone wp-image-133049\" src=\"https:\/\/factory.sale\/wp-content\/uploads\/2025\/11\/Bitumin-shingles-factory-sale-300x88.png\" sizes=\"auto, (max-width: 443px) 100vw, 443px\" srcset=\"https:\/\/factory.sale\/wp-content\/uploads\/2025\/11\/Bitumin-shingles-factory-sale-300x88.png 300w, https:\/\/factory.sale\/wp-content\/uploads\/2025\/11\/Bitumin-shingles-factory-sale-150x44.png 150w, https:\/\/factory.sale\/wp-content\/uploads\/2025\/11\/Bitumin-shingles-factory-sale-600x175.png 600w, https:\/\/factory.sale\/wp-content\/uploads\/2025\/11\/Bitumin-shingles-factory-sale.png 664w\" alt=\"\" width=\"443\" height=\"130\" \/><\/p>\n<p>&nbsp;<\/p>\n<\/div>\n<div id=\"productTabContent\" class=\"tab-content\">\n<div id=\"description\" class=\"tab-pane fade show active\" role=\"tabpanel\" aria-labelledby=\"description-tab\">\n<p><iframe loading=\"lazy\" title=\"YouTube video\" src=\"\/\/www.youtube.com\/embed\/k9kK04ZBp0o?autoplay=1&amp;mute=1&amp;controls=1&amp;start=110&amp;loop=1&amp;playlist=k9kK04ZBp0o\" width=\"800\" height=\"450\" frameborder=\"0\" allowfullscreen=\"allowfullscreen\" data-mce-fragment=\"1\"><\/iframe><\/p>\n<p>&nbsp;<\/p>\n<p><iframe loading=\"lazy\" title=\"YouTube video\" src=\"\/\/www.youtube.com\/embed\/9S4j3SFXrjM?autoplay=1&amp;mute=1&amp;controls=1&amp;loop=1&amp;playlist=9S4j3SFXrjM\" width=\"800\" height=\"315\" frameborder=\"0\" allowfullscreen=\"allowfullscreen\" data-mce-fragment=\"1\"><\/iframe><\/p>\n<\/div>\n<\/div>\n<\/div>\n<\/div>\n<div class=\"pt-3\"><\/div>\n","protected":false},"excerpt":{"rendered":"<p>Elegantti 3 \u00d7 3 m puinen katos, jonka sein\u00e4t ovat 44 mm paksut. Valmistettu sertifioidusta m\u00e4nnyst\u00e4 tai kuusesta, ja siin\u00e4 on kest\u00e4v\u00e4 pontattu katto ja lattia, tilava sis\u00e4tila ja lis\u00e4varusteena bitumipaanuja. T\u00e4ydellinen puutarhaan varjopaikaksi, seurusteluun ja ymp\u00e4rivuotiseen k\u00e4ytt\u00f6\u00f6n.<\/p>\n","protected":false},"featured_media":133453,"comment_status":"open","ping_status":"closed","template":"","meta":{"_acf_changed":false},"factory":[],"free-shipment":[],"product_brand":[],"product_cat":[2446,997],"product_tag":[1488,1489],"class_list":{"0":"post-133474","1":"product","2":"type-product","3":"status-publish","4":"has-post-thumbnail","6":"product_cat-katokset","7":"product_cat-piha-puutarha-fi","8":"product_tag-garden-fi","9":"product_tag-yard-fi","10":"pa_roofing-material-ilman","11":"pa_roofing-material-musta","12":"pa_roofing-material-punainen","13":"pa_roofing-material-vihrea","15":"first","16":"instock","17":"sale","18":"taxable","19":"shipping-taxable","20":"purchasable","21":"product-type-variable"},"acf":[],"_links":{"self":[{"href":"https:\/\/factory.sale\/fi\/wp-json\/wp\/v2\/product\/133474","targetHints":{"allow":["GET"]}}],"collection":[{"href":"https:\/\/factory.sale\/fi\/wp-json\/wp\/v2\/product"}],"about":[{"href":"https:\/\/factory.sale\/fi\/wp-json\/wp\/v2\/types\/product"}],"replies":[{"embeddable":true,"href":"https:\/\/factory.sale\/fi\/wp-json\/wp\/v2\/comments?post=133474"}],"wp:featuredmedia":[{"embeddable":true,"href":"https:\/\/factory.sale\/fi\/wp-json\/wp\/v2\/media\/133453"}],"wp:attachment":[{"href":"https:\/\/factory.sale\/fi\/wp-json\/wp\/v2\/media?parent=133474"}],"wp:term":[{"taxonomy":"factory","embeddable":true,"href":"https:\/\/factory.sale\/fi\/wp-json\/wp\/v2\/factory?post=133474"},{"taxonomy":"free-shipment","embeddable":true,"href":"https:\/\/factory.sale\/fi\/wp-json\/wp\/v2\/free-shipment?post=133474"},{"taxonomy":"product_brand","embeddable":true,"href":"https:\/\/factory.sale\/fi\/wp-json\/wp\/v2\/product_brand?post=133474"},{"taxonomy":"product_cat","embeddable":true,"href":"https:\/\/factory.sale\/fi\/wp-json\/wp\/v2\/product_cat?post=133474"},{"taxonomy":"product_tag","embeddable":true,"href":"https:\/\/factory.sale\/fi\/wp-json\/wp\/v2\/product_tag?post=133474"}],"curies":[{"name":"wp","href":"https:\/\/api.w.org\/{rel}","templated":true}]}}