{"id":133440,"date":"2025-11-28T18:24:00","date_gmt":"2025-12-02T08:35:47","guid":{"rendered":"https:\/\/factory.sale\/?post_type=product&#038;p=133440"},"modified":"2026-03-09T23:15:29","modified_gmt":"2026-03-09T20:15:29","slug":"kioski-9-m%c2%b2-3x3-28-mm","status":"publish","type":"product","link":"https:\/\/factory.sale\/fi\/tuote\/kioski-9-m%c2%b2-3x3-28-mm\/","title":{"rendered":"Kioski 9 m\u00b2 (3\u00d73), 28 mm"},"content":{"rendered":"<p>Puukioski joka sopii erinomaisesti pienyrityksille, messuille, markkinoille tai kausimyyntiin. Kioskissa on erityiset yl\u00f6s avautuvat luukut, jotka avautuvat helposti ja lukittuvat tukevasti paikoilleen.<br \/>\nT\u00e4m\u00e4 korkealaatuinen 3\u00d73 m puinen kioski tuo n\u00e4kyvyytt\u00e4 ja ammattimaisuutta yrityksellesi. Sertifioidusta pohjoismaisesta m\u00e4nnyst\u00e4 tai kuusesta valmistettu kioski on kest\u00e4v\u00e4, tyylik\u00e4s ja k\u00e4yt\u00e4nn\u00f6llinen ratkaisu erilaisiin myynti- ja esittelytarkoituksiin.<\/p>\n<p>Erityiset avattavat luukut tarjoavat erinomaiset mahdollisuudet tuotteiden esillepanoon ja helpottavat vuorovaikutusta asiakkaiden kanssa. Avattuna luukut lukittuvat turvallisesti, jolloin kioskista tulee houkutteleva ja toimiva myyntipiste. Kest\u00e4v\u00e4 20 mm ponttilaudoista tehty katto ja lattia takaavat pitk\u00e4n k\u00e4ytt\u00f6i\u00e4n \u2013 t\u00e4ydellinen valinta messuille, ulkomarkkinoille, n\u00e4yttelyihin, festivaaleille tai kausikauppoihin.<\/p>\n<p>Kolme suurta eteenp\u00e4in avautuvaa ikkunaa tekev\u00e4t sis\u00e4tilasta valoisan ja kutsuvan, tarjoten hyv\u00e4n n\u00e4kyvyyden sek\u00e4 myyj\u00e4lle ett\u00e4 asiakkaille. Vankat 28 mm sein\u00e4t ja hieman korotettu rakenne takaavat mukavuuden ja pitk\u00e4ik\u00e4isyyden, tehden kioskista erinomaisen sijoituksen yritt\u00e4jille.<br \/>\nLis\u00e4varusteena on saatavilla bitumikattopaanuja mustana, vihre\u00e4n\u00e4 tai punaisena \u2013 valitse yrityksesi ilmeeseen tai br\u00e4ndiin sopiva vaihtoehto. Kompakti, k\u00e4yt\u00e4nn\u00f6llinen ja helppo koota \u2013 puukioski 9 m\u00b2 on t\u00e4ydellinen ratkaisu yrityksille, jotka haluavat erottua luonnollisella tyylill\u00e4 ja tukevalla rakenteella.<\/p>\n<p>&nbsp;<\/p>\n<div class=\"_tableContainer_1rjym_1\">\n<p>&nbsp;<\/p>\n<p><strong>Tekniset tiedot:<\/strong><\/p>\n<div class=\"_tableContainer_1rjym_1\">\n<div class=\"group _tableWrapper_1rjym_13 flex w-fit flex-col-reverse\" tabindex=\"-1\">\n<table class=\"w-fit min-w-(--thread-content-width)\" style=\"height: 462px;\" width=\"743\" data-start=\"1697\" data-end=\"2866\">\n<thead data-start=\"1697\" data-end=\"1773\">\n<tr data-start=\"1697\" data-end=\"1773\">\n<th data-start=\"1697\" data-end=\"1730\" data-col-size=\"sm\"><\/th>\n<th data-start=\"1730\" data-end=\"1773\" data-col-size=\"md\"><\/th>\n<\/tr>\n<\/thead>\n<tbody data-start=\"1852\" data-end=\"2866\">\n<tr data-start=\"1852\" data-end=\"1929\">\n<td data-start=\"1852\" data-end=\"1884\" data-col-size=\"sm\">Materiaali<\/td>\n<td data-start=\"1884\" data-end=\"1929\" data-col-size=\"md\">Sertifioitu pohjoismainen m\u00e4nty tai kuusi<\/td>\n<\/tr>\n<tr data-start=\"1930\" data-end=\"2007\">\n<td data-start=\"1930\" data-end=\"1962\" data-col-size=\"sm\">Ulkomitat (L \u00d7 P)<\/td>\n<td data-start=\"1962\" data-end=\"2007\" data-col-size=\"md\">300 cm \u00d7 300 cm<\/td>\n<\/tr>\n<tr data-start=\"2008\" data-end=\"2085\">\n<td data-start=\"2008\" data-end=\"2040\" data-col-size=\"sm\">Sein\u00e4vahvuus<\/td>\n<td data-start=\"2040\" data-end=\"2085\" data-col-size=\"md\">28 mm<\/td>\n<\/tr>\n<tr data-start=\"2086\" data-end=\"2163\">\n<td data-start=\"2086\" data-end=\"2118\" data-col-size=\"sm\">Sivusein\u00e4n korkeus<\/td>\n<td data-start=\"2118\" data-end=\"2163\" data-col-size=\"md\">203 cm<\/td>\n<\/tr>\n<tr data-start=\"2164\" data-end=\"2241\">\n<td data-start=\"2164\" data-end=\"2196\" data-col-size=\"sm\">Harjakorkeus<\/td>\n<td data-start=\"2196\" data-end=\"2241\" data-col-size=\"md\">243 cm<\/td>\n<\/tr>\n<tr data-start=\"2242\" data-end=\"2319\">\n<td data-start=\"2242\" data-end=\"2274\" data-col-size=\"sm\">Kattomateriaali<\/td>\n<td data-col-size=\"md\" data-start=\"2274\" data-end=\"2319\">20 mm ponttilaudat<\/td>\n<\/tr>\n<tr data-start=\"2320\" data-end=\"2397\">\n<td data-start=\"2320\" data-end=\"2352\" data-col-size=\"sm\">Lattiamateriaali<\/td>\n<td data-col-size=\"md\" data-start=\"2352\" data-end=\"2397\">20 mm ponttilaudat<\/td>\n<\/tr>\n<tr data-start=\"2398\" data-end=\"2475\">\n<td data-start=\"2398\" data-end=\"2430\" data-col-size=\"sm\">Kattopinta-ala<\/td>\n<td data-start=\"2430\" data-end=\"2475\" data-col-size=\"md\">11 m\u00b2<\/td>\n<\/tr>\n<tr data-start=\"2476\" data-end=\"2553\">\n<td data-start=\"2476\" data-end=\"2508\" data-col-size=\"sm\">R\u00e4yst\u00e4\u00e4n ulkonema<\/td>\n<td data-start=\"2508\" data-end=\"2553\" data-col-size=\"md\">20 cm<\/td>\n<\/tr>\n<tr data-start=\"2554\" data-end=\"2632\">\n<td data-start=\"2554\" data-end=\"2586\" data-col-size=\"sm\">Huoneiden m\u00e4\u00e4r\u00e4<\/td>\n<td data-start=\"2586\" data-end=\"2632\" data-col-size=\"md\">1<\/td>\n<\/tr>\n<tr data-start=\"2633\" data-end=\"2710\">\n<td data-start=\"2633\" data-end=\"2665\" data-col-size=\"sm\">Ovi (L \u00d7 K)<\/td>\n<td data-start=\"2665\" data-end=\"2710\" data-col-size=\"md\">85 cm \u00d7 192 cm<\/td>\n<\/tr>\n<tr data-start=\"2711\" data-end=\"2788\">\n<td data-start=\"2711\" data-end=\"2743\" data-col-size=\"sm\">Ikkuna (L \u00d7 K)<\/td>\n<td data-start=\"2743\" data-end=\"2788\" data-col-size=\"md\">200 cm \u00d7 99 cm (3 kpl)<\/td>\n<\/tr>\n<tr data-start=\"2789\" data-end=\"2866\">\n<td data-start=\"2789\" data-end=\"2821\" data-col-size=\"sm\">Kattomateriaali<\/td>\n<td data-start=\"2821\" data-end=\"2866\" data-col-size=\"md\">Valinnainen<\/td>\n<\/tr>\n<\/tbody>\n<\/table>\n<\/div>\n<\/div>\n<\/div>\n<p>&nbsp;<\/p>\n<p><strong>Kuljetustiedot:<\/strong><\/p>\n<p>4 m x 1.1 m x 0.6 m<\/p>\n<p>800 kg<\/p>\n<p>&nbsp;<\/p>\n<p>&nbsp;<\/p>\n<p><strong>Kattomateriaali (bitumikatto):<\/strong><\/p>\n<p>Musta, vihre\u00e4, punainen<\/p>\n<p>&nbsp;<\/p>\n<div class=\"_tableContainer_1rjym_1\">\n<p><img loading=\"lazy\" decoding=\"async\" class=\"alignnone wp-image-133049\" src=\"https:\/\/factory.sale\/wp-content\/uploads\/2025\/11\/Bitumin-shingles-factory-sale-300x88.png\" alt=\"\" width=\"443\" height=\"130\" srcset=\"https:\/\/factory.sale\/wp-content\/uploads\/2025\/11\/Bitumin-shingles-factory-sale-300x88.png 300w, https:\/\/factory.sale\/wp-content\/uploads\/2025\/11\/Bitumin-shingles-factory-sale-150x44.png 150w, https:\/\/factory.sale\/wp-content\/uploads\/2025\/11\/Bitumin-shingles-factory-sale-600x175.png 600w, https:\/\/factory.sale\/wp-content\/uploads\/2025\/11\/Bitumin-shingles-factory-sale.png 664w\" sizes=\"auto, (max-width: 443px) 100vw, 443px\" \/><\/p>\n<\/div>\n<p>&nbsp;<\/p>\n<p><iframe loading=\"lazy\" title=\"YouTube video\" src=\"\/\/www.youtube.com\/embed\/k9kK04ZBp0o?autoplay=1&amp;mute=1&amp;controls=1&amp;start=110&amp;loop=1&amp;playlist=k9kK04ZBp0o\" width=\"800\" height=\"450\" frameborder=\"0\" allowfullscreen=\"allowfullscreen\" data-mce-fragment=\"1\"><\/iframe><\/p>\n<p>&nbsp;<\/p>\n<p><iframe loading=\"lazy\" title=\"YouTube video\" src=\"\/\/www.youtube.com\/embed\/9S4j3SFXrjM?autoplay=1&amp;mute=1&amp;controls=1&amp;loop=1&amp;playlist=9S4j3SFXrjM\" width=\"800\" height=\"315\" frameborder=\"0\" allowfullscreen=\"allowfullscreen\" data-mce-fragment=\"1\"><\/iframe><\/p>\n","protected":false},"excerpt":{"rendered":"<p>Korkealaatuinen 3\u00d73 m puukioski pienyrityksille ja n\u00e4yttelyihin. Avattavat luukut, kest\u00e4v\u00e4t 28 mm sein\u00e4t ja valinnainen kattomateriaali. T\u00e4ydellinen markkinoille ja tapahtumiin.<\/p>\n","protected":false},"featured_media":133027,"comment_status":"open","ping_status":"closed","template":"","meta":{"_acf_changed":false},"factory":[],"free-shipment":[],"product_brand":[],"product_cat":[4705,997],"product_tag":[4726],"class_list":{"0":"post-133440","1":"product","2":"type-product","3":"status-publish","4":"has-post-thumbnail","6":"product_cat-kioski","7":"product_cat-piha-puutarha-fi","8":"product_tag-garden-shed-fi","9":"pa_roofing-material-ilman","10":"pa_roofing-material-musta","11":"pa_roofing-material-punainen","12":"pa_roofing-material-vihrea","14":"first","15":"instock","16":"sale","17":"taxable","18":"shipping-taxable","19":"purchasable","20":"product-type-variable"},"acf":[],"_links":{"self":[{"href":"https:\/\/factory.sale\/fi\/wp-json\/wp\/v2\/product\/133440","targetHints":{"allow":["GET"]}}],"collection":[{"href":"https:\/\/factory.sale\/fi\/wp-json\/wp\/v2\/product"}],"about":[{"href":"https:\/\/factory.sale\/fi\/wp-json\/wp\/v2\/types\/product"}],"replies":[{"embeddable":true,"href":"https:\/\/factory.sale\/fi\/wp-json\/wp\/v2\/comments?post=133440"}],"wp:featuredmedia":[{"embeddable":true,"href":"https:\/\/factory.sale\/fi\/wp-json\/wp\/v2\/media\/133027"}],"wp:attachment":[{"href":"https:\/\/factory.sale\/fi\/wp-json\/wp\/v2\/media?parent=133440"}],"wp:term":[{"taxonomy":"factory","embeddable":true,"href":"https:\/\/factory.sale\/fi\/wp-json\/wp\/v2\/factory?post=133440"},{"taxonomy":"free-shipment","embeddable":true,"href":"https:\/\/factory.sale\/fi\/wp-json\/wp\/v2\/free-shipment?post=133440"},{"taxonomy":"product_brand","embeddable":true,"href":"https:\/\/factory.sale\/fi\/wp-json\/wp\/v2\/product_brand?post=133440"},{"taxonomy":"product_cat","embeddable":true,"href":"https:\/\/factory.sale\/fi\/wp-json\/wp\/v2\/product_cat?post=133440"},{"taxonomy":"product_tag","embeddable":true,"href":"https:\/\/factory.sale\/fi\/wp-json\/wp\/v2\/product_tag?post=133440"}],"curies":[{"name":"wp","href":"https:\/\/api.w.org\/{rel}","templated":true}]}}