{"id":133424,"date":"2025-12-02T11:08:20","date_gmt":"2025-12-02T08:19:59","guid":{"rendered":"https:\/\/factory.sale\/?post_type=product&#038;p=133424"},"modified":"2026-02-06T10:19:54","modified_gmt":"2026-02-06T07:19:54","slug":"pergola-oli-3-m-x-3-m","status":"publish","type":"product","link":"https:\/\/factory.sale\/fi\/tuote\/pergola-oli-3-m-x-3-m\/","title":{"rendered":"Pergola Oli (3 m \u00d7 3 m)"},"content":{"rendered":"<div class=\"_tableContainer_1rjym_1\">\n<p>Puinen Pergola Oli -katos on elegantti ja luonnollinen lis\u00e4 puutarhaan tai pihalle, ja se tuo vieh\u00e4tt\u00e4vyytt\u00e4 my\u00f6s vaatimattomimpiin ulkotiloihin. Se on t\u00e4ydellinen paikka ajanviettoon l\u00e4heisten kanssa ja aurinkoisista p\u00e4ivist\u00e4 nauttimiseen. Paviljonki tarjoaa ihanteellisen paikan rentoutumiseen ja oman puutarhakeitaan rauhasta nauttimiseen. Tyylik\u00e4s ja k\u00e4yt\u00e4nn\u00f6llinen koriste puutarhaasi.<\/p>\n<p>T\u00e4m\u00e4 kauniisti valmistettu puinen paviljonki yhdist\u00e4\u00e4 ajattoman ulkon\u00e4\u00f6n ja k\u00e4ytett\u00e4vyyden. Laadukas kuusipuu takaa kest\u00e4vyyden ja luonnollisen eleganssin, ja avoin, ilmava rakenne luo kutsuvan tunnelman mihin tahansa ulkotilaan. Se sopii t\u00e4ydellisesti aamukahville, kes\u00e4isiin kokoontumisiin tai rauhallisiin hetkiin yksin.<\/p>\n<p>Tilava 9 m\u00b2 sis\u00e4ala, vaikuttava 349 cm harjakorkeus ja tukevat 115 \u00d7 115 mm pilarit antavat rakenteelle sek\u00e4 n\u00e4ytt\u00e4vyytt\u00e4 ett\u00e4 vahvuutta. 19 mm paksut kattolaudat takaavat pitk\u00e4ik\u00e4isen suojan s\u00e4\u00e4olosuhteita vastaan. Puutarhaan, pihalle tai m\u00f6kille sijoitettuna t\u00e4st\u00e4 paviljongista tulee ulkotilasi syd\u00e4n\u2014t\u00e4ydellinen rentoutumiseen, juhliin ja maiseman kohentamiseen.<\/p>\n<p>&nbsp;<\/p>\n<p>&nbsp;<\/p>\n<p><strong>Tekniset tiedot:<\/strong><\/p>\n<div class=\"_tableContainer_1rjym_1\">\n<div class=\"group _tableWrapper_1rjym_13 flex w-fit flex-col-reverse\" tabindex=\"-1\">\n<table class=\"w-fit min-w-(--thread-content-width)\" style=\"height: 371px;\" width=\"548\" data-start=\"1256\" data-end=\"1926\">\n<thead data-start=\"1256\" data-end=\"1323\">\n<tr data-start=\"1256\" data-end=\"1323\">\n<th data-start=\"1256\" data-end=\"1290\" data-col-size=\"sm\"><\/th>\n<th data-start=\"1290\" data-end=\"1323\" data-col-size=\"sm\"><\/th>\n<\/tr>\n<\/thead>\n<tbody data-start=\"1391\" data-end=\"1926\">\n<tr data-start=\"1391\" data-end=\"1457\">\n<td data-start=\"1391\" data-end=\"1424\" data-col-size=\"sm\">Materiaali<\/td>\n<td data-start=\"1424\" data-end=\"1457\" data-col-size=\"sm\">Kuusipuu<\/td>\n<\/tr>\n<tr data-start=\"1458\" data-end=\"1524\">\n<td data-start=\"1458\" data-end=\"1491\" data-col-size=\"sm\">Sis\u00e4tila<\/td>\n<td data-start=\"1491\" data-end=\"1524\" data-col-size=\"sm\">9 m\u00b2<\/td>\n<\/tr>\n<tr data-start=\"1525\" data-end=\"1591\">\n<td data-start=\"1525\" data-end=\"1558\" data-col-size=\"sm\">Harjakorkeus<\/td>\n<td data-start=\"1558\" data-end=\"1591\" data-col-size=\"sm\">349 cm<\/td>\n<\/tr>\n<tr data-start=\"1592\" data-end=\"1658\">\n<td data-start=\"1592\" data-end=\"1625\" data-col-size=\"sm\">Ulkomitat (leveys \u00d7 pituus)<\/td>\n<td data-start=\"1625\" data-end=\"1658\" data-col-size=\"sm\">300 cm \u00d7 300 cm<\/td>\n<\/tr>\n<tr data-start=\"1659\" data-end=\"1725\">\n<td data-start=\"1659\" data-end=\"1692\" data-col-size=\"sm\">Sis\u00e4mitat (leveys \u00d7 pituus)<\/td>\n<td data-start=\"1692\" data-end=\"1725\" data-col-size=\"sm\">300 cm \u00d7 300 cm<\/td>\n<\/tr>\n<tr data-start=\"1726\" data-end=\"1792\">\n<td data-start=\"1726\" data-end=\"1759\" data-col-size=\"sm\">Kattomateriaali<\/td>\n<td data-start=\"1759\" data-end=\"1792\" data-col-size=\"sm\">19 mm paksut laudat<\/td>\n<\/tr>\n<tr data-start=\"1793\" data-end=\"1859\">\n<td data-start=\"1793\" data-end=\"1826\" data-col-size=\"sm\">Katon pinta-ala<\/td>\n<td data-start=\"1826\" data-end=\"1859\" data-col-size=\"sm\">14 m\u00b2<\/td>\n<\/tr>\n<tr data-start=\"1860\" data-end=\"1926\">\n<td data-start=\"1860\" data-end=\"1893\" data-col-size=\"sm\">Pilarien mitat<\/td>\n<td data-start=\"1893\" data-end=\"1926\" data-col-size=\"sm\">115 mm \u00d7 115 mm<\/td>\n<\/tr>\n<\/tbody>\n<\/table>\n<\/div>\n<\/div>\n<p>&nbsp;<\/p>\n<\/div>\n<p>&nbsp;<\/p>\n<div class=\"_tableContainer_1rjym_1\">\n<p><strong>Kattomateriaali (bitumikatto):<\/strong><\/p>\n<p>Musta, vihre\u00e4, punainen<\/p>\n<p><img loading=\"lazy\" decoding=\"async\" class=\"alignnone wp-image-133049\" src=\"https:\/\/factory.sale\/wp-content\/uploads\/2025\/11\/Bitumin-shingles-factory-sale-300x88.png\" alt=\"\" width=\"443\" height=\"130\" srcset=\"https:\/\/factory.sale\/wp-content\/uploads\/2025\/11\/Bitumin-shingles-factory-sale-300x88.png 300w, https:\/\/factory.sale\/wp-content\/uploads\/2025\/11\/Bitumin-shingles-factory-sale-150x44.png 150w, https:\/\/factory.sale\/wp-content\/uploads\/2025\/11\/Bitumin-shingles-factory-sale-600x175.png 600w, https:\/\/factory.sale\/wp-content\/uploads\/2025\/11\/Bitumin-shingles-factory-sale.png 664w\" sizes=\"auto, (max-width: 443px) 100vw, 443px\" \/><\/p>\n<\/div>\n<p>&nbsp;<\/p>\n<div id=\"productTabContent\" class=\"tab-content\">\n<div id=\"description\" class=\"tab-pane fade show active\" role=\"tabpanel\" aria-labelledby=\"description-tab\">\n<p><iframe loading=\"lazy\" title=\"YouTube video\" src=\"\/\/www.youtube.com\/embed\/k9kK04ZBp0o?autoplay=1&amp;mute=1&amp;controls=1&amp;start=110&amp;loop=1&amp;playlist=k9kK04ZBp0o\" width=\"800\" height=\"450\" frameborder=\"0\" allowfullscreen=\"allowfullscreen\" data-mce-fragment=\"1\"><\/iframe><\/p>\n<p>&nbsp;<\/p>\n<p><iframe loading=\"lazy\" title=\"YouTube video\" src=\"\/\/www.youtube.com\/embed\/9S4j3SFXrjM?autoplay=1&amp;mute=1&amp;controls=1&amp;loop=1&amp;playlist=9S4j3SFXrjM\" width=\"800\" height=\"315\" frameborder=\"0\" allowfullscreen=\"allowfullscreen\" data-mce-fragment=\"1\"><\/iframe><\/p>\n<\/div>\n<\/div>\n<div class=\"pt-3\"><\/div>\n","protected":false},"excerpt":{"rendered":"<p>Elegantti kuusipuinen paviljonki, jossa 9 m\u00b2 tilaa\u2014t\u00e4ydellinen rentoutumiseen, ruokailuun ja puutarhan ilmeen kohentamiseen. Kest\u00e4v\u00e4, tyylik\u00e4s ja suunniteltu ymp\u00e4rivuotiseen k\u00e4ytt\u00f6\u00f6n.<\/p>\n","protected":false},"featured_media":138461,"comment_status":"open","ping_status":"closed","template":"","meta":{"_acf_changed":false},"factory":[],"free-shipment":[],"product_brand":[],"product_cat":[2446,997],"product_tag":[4723,4724,4725,4726,4727,4728],"class_list":{"0":"post-133424","1":"product","2":"type-product","3":"status-publish","4":"has-post-thumbnail","6":"product_cat-katokset","7":"product_cat-piha-puutarha-fi","8":"product_tag-arbour-fi","9":"product_tag-arbour-pergola-fi","10":"product_tag-garden-cabin-fi","11":"product_tag-garden-shed-fi","12":"product_tag-pergola-fi","13":"product_tag-wooden-shed-fi","14":"pa_roofing-material-ilman","15":"pa_roofing-material-musta","16":"pa_roofing-material-punainen","17":"pa_roofing-material-vihrea","19":"first","20":"instock","21":"sale","22":"taxable","23":"shipping-taxable","24":"purchasable","25":"product-type-variable"},"acf":[],"_links":{"self":[{"href":"https:\/\/factory.sale\/fi\/wp-json\/wp\/v2\/product\/133424","targetHints":{"allow":["GET"]}}],"collection":[{"href":"https:\/\/factory.sale\/fi\/wp-json\/wp\/v2\/product"}],"about":[{"href":"https:\/\/factory.sale\/fi\/wp-json\/wp\/v2\/types\/product"}],"replies":[{"embeddable":true,"href":"https:\/\/factory.sale\/fi\/wp-json\/wp\/v2\/comments?post=133424"}],"wp:featuredmedia":[{"embeddable":true,"href":"https:\/\/factory.sale\/fi\/wp-json\/wp\/v2\/media\/138461"}],"wp:attachment":[{"href":"https:\/\/factory.sale\/fi\/wp-json\/wp\/v2\/media?parent=133424"}],"wp:term":[{"taxonomy":"factory","embeddable":true,"href":"https:\/\/factory.sale\/fi\/wp-json\/wp\/v2\/factory?post=133424"},{"taxonomy":"free-shipment","embeddable":true,"href":"https:\/\/factory.sale\/fi\/wp-json\/wp\/v2\/free-shipment?post=133424"},{"taxonomy":"product_brand","embeddable":true,"href":"https:\/\/factory.sale\/fi\/wp-json\/wp\/v2\/product_brand?post=133424"},{"taxonomy":"product_cat","embeddable":true,"href":"https:\/\/factory.sale\/fi\/wp-json\/wp\/v2\/product_cat?post=133424"},{"taxonomy":"product_tag","embeddable":true,"href":"https:\/\/factory.sale\/fi\/wp-json\/wp\/v2\/product_tag?post=133424"}],"curies":[{"name":"wp","href":"https:\/\/api.w.org\/{rel}","templated":true}]}}