{"id":133387,"date":"2025-12-02T10:24:57","date_gmt":"2025-12-02T07:25:31","guid":{"rendered":"https:\/\/factory.sale\/?post_type=product&#038;p=133387"},"modified":"2026-02-06T10:21:26","modified_gmt":"2026-02-06T07:21:26","slug":"pergola-missy-3-m-x-3-m","status":"publish","type":"product","link":"https:\/\/factory.sale\/fi\/tuote\/pergola-missy-3-m-x-3-m\/","title":{"rendered":"Pergola Missy (3 m x 3 m)"},"content":{"rendered":"<p>Puinen paviljonki kaunistaa puutarhaa tai pihaa ja antaa sille elegantin mutta luonnollisen ilmeen, tuoden vieh\u00e4tt\u00e4vyytt\u00e4 jopa kaikkein vaatimattomimpaan takapihaan. Se on t\u00e4ydellinen paikka viett\u00e4\u00e4 aikaa l\u00e4heisten kanssa ja nauttia aurinkoisista p\u00e4ivist\u00e4. Paviljonki on ihanteellinen paikka rentoutua ja nauttia oman ty\u00f6n hedelmist\u00e4 omassa kodikkaassa pihakeitaassasi. Erinomainen koriste-elementti puutarhaasi.<\/p>\n<p>&nbsp;<\/p>\n<p><strong>Tekniset tiedot:<\/strong><\/p>\n<div class=\"_tableContainer_1rjym_1\">\n<div class=\"group _tableWrapper_1rjym_13 flex w-fit flex-col-reverse\" tabindex=\"-1\">\n<table class=\"w-fit min-w-(--thread-content-width)\" style=\"height: 358px;\" width=\"560\" data-start=\"65\" data-end=\"424\">\n<thead data-start=\"65\" data-end=\"91\">\n<tr data-start=\"65\" data-end=\"91\">\n<th data-start=\"65\" data-end=\"78\" data-col-size=\"sm\"><\/th>\n<th data-start=\"78\" data-end=\"91\" data-col-size=\"sm\"><\/th>\n<\/tr>\n<\/thead>\n<tbody data-start=\"118\" data-end=\"424\">\n<tr data-start=\"118\" data-end=\"147\">\n<td data-start=\"118\" data-end=\"135\" data-col-size=\"sm\"><strong data-start=\"120\" data-end=\"134\">Materiaali<\/strong><\/td>\n<td data-col-size=\"sm\" data-start=\"135\" data-end=\"147\">Kuusipuu<\/td>\n<\/tr>\n<tr data-start=\"148\" data-end=\"170\">\n<td data-start=\"148\" data-end=\"162\" data-col-size=\"sm\"><strong data-start=\"150\" data-end=\"161\">Sis\u00e4ala<\/strong><\/td>\n<td data-start=\"162\" data-end=\"170\" data-col-size=\"sm\">9 m\u00b2<\/td>\n<\/tr>\n<tr data-start=\"171\" data-end=\"200\">\n<td data-start=\"171\" data-end=\"190\" data-col-size=\"sm\"><strong data-start=\"173\" data-end=\"189\">Harjakorkeus<\/strong><\/td>\n<td data-col-size=\"sm\" data-start=\"190\" data-end=\"200\">296 cm<\/td>\n<\/tr>\n<tr data-start=\"201\" data-end=\"253\">\n<td data-start=\"201\" data-end=\"234\" data-col-size=\"sm\"><strong data-start=\"203\" data-end=\"233\">Ulkokoko (leveys \u00d7 pituus)<\/strong><\/td>\n<td data-col-size=\"sm\" data-start=\"234\" data-end=\"253\">300 cm \u00d7 300 cm<\/td>\n<\/tr>\n<tr data-start=\"254\" data-end=\"306\">\n<td data-start=\"254\" data-end=\"287\" data-col-size=\"sm\"><strong data-start=\"256\" data-end=\"286\">Sis\u00e4koko (leveys \u00d7 pituus)<\/strong><\/td>\n<td data-col-size=\"sm\" data-start=\"287\" data-end=\"306\">300 cm \u00d7 300 cm<\/td>\n<\/tr>\n<tr data-start=\"307\" data-end=\"351\">\n<td data-start=\"307\" data-end=\"328\" data-col-size=\"sm\"><strong data-start=\"309\" data-end=\"327\">Kattomateriaali<\/strong><\/td>\n<td data-col-size=\"sm\" data-start=\"328\" data-end=\"351\">19 mm paksut laudat<\/td>\n<\/tr>\n<tr data-start=\"352\" data-end=\"383\">\n<td data-start=\"352\" data-end=\"374\" data-col-size=\"sm\"><strong data-start=\"354\" data-end=\"373\">Katon pinta-ala<\/strong><\/td>\n<td data-col-size=\"sm\" data-start=\"374\" data-end=\"383\">11 m\u00b2<\/td>\n<\/tr>\n<tr data-start=\"384\" data-end=\"424\">\n<td data-start=\"384\" data-end=\"405\" data-col-size=\"sm\"><strong data-start=\"386\" data-end=\"404\">Pilarien mitat<\/strong><\/td>\n<td data-col-size=\"sm\" data-start=\"405\" data-end=\"424\">115 cm \u00d7 115 cm<\/td>\n<\/tr>\n<\/tbody>\n<\/table>\n<\/div>\n<\/div>\n<p>&nbsp;<\/p>\n<div id=\"productTabContent\" class=\"tab-content\">\n<div id=\"description\" class=\"tab-pane fade show active\" role=\"tabpanel\" aria-labelledby=\"description-tab\">\n<p><iframe loading=\"lazy\" title=\"YouTube video\" src=\"\/\/www.youtube.com\/embed\/k9kK04ZBp0o?autoplay=1&amp;mute=1&amp;controls=1&amp;start=110&amp;loop=1&amp;playlist=k9kK04ZBp0o\" width=\"800\" height=\"450\" frameborder=\"0\" allowfullscreen=\"allowfullscreen\" data-mce-fragment=\"1\"><\/iframe><\/p>\n<p>&nbsp;<\/p>\n<p><iframe loading=\"lazy\" title=\"YouTube video\" src=\"\/\/www.youtube.com\/embed\/9S4j3SFXrjM?autoplay=1&amp;mute=1&amp;controls=1&amp;loop=1&amp;playlist=9S4j3SFXrjM\" width=\"800\" height=\"315\" frameborder=\"0\" allowfullscreen=\"allowfullscreen\" data-mce-fragment=\"1\"><\/iframe><\/p>\n<\/div>\n<\/div>\n<div class=\"pt-3\"><\/div>\n","protected":false},"excerpt":{"rendered":"<p>Puinen paviljonki kaunistaa puutarhaa tai pihaa ja antaa sille elegantin mutta luonnollisen ilmeen, tuoden vieh\u00e4tt\u00e4vyytt\u00e4 jopa kaikkein vaatimattomimpaan takapihaan. Se on t\u00e4ydellinen paikka viett\u00e4\u00e4 aikiaa l\u00e4heisten kanssa ja nauttia aurinkoisista p\u00e4ivist\u00e4. Paviljonki on ihanteellinen paikka rentoutua ja nauttia oman ty\u00f6n hedelmist\u00e4 omassa kodikkaassa pihakeitaassasi. Erinomainen koriste-elementti puutarhaasi.<\/p>\n","protected":false},"featured_media":133390,"comment_status":"open","ping_status":"closed","template":"","meta":{"_acf_changed":false},"factory":[],"free-shipment":[],"product_brand":[],"product_cat":[2446,997],"product_tag":[4723,4724,4725,4726,4727,4728],"class_list":{"0":"post-133387","1":"product","2":"type-product","3":"status-publish","4":"has-post-thumbnail","6":"product_cat-katokset","7":"product_cat-piha-puutarha-fi","8":"product_tag-arbour-fi","9":"product_tag-arbour-pergola-fi","10":"product_tag-garden-cabin-fi","11":"product_tag-garden-shed-fi","12":"product_tag-pergola-fi","13":"product_tag-wooden-shed-fi","15":"first","16":"instock","17":"sale","18":"taxable","19":"shipping-taxable","20":"purchasable","21":"product-type-simple"},"acf":[],"_links":{"self":[{"href":"https:\/\/factory.sale\/fi\/wp-json\/wp\/v2\/product\/133387","targetHints":{"allow":["GET"]}}],"collection":[{"href":"https:\/\/factory.sale\/fi\/wp-json\/wp\/v2\/product"}],"about":[{"href":"https:\/\/factory.sale\/fi\/wp-json\/wp\/v2\/types\/product"}],"replies":[{"embeddable":true,"href":"https:\/\/factory.sale\/fi\/wp-json\/wp\/v2\/comments?post=133387"}],"wp:featuredmedia":[{"embeddable":true,"href":"https:\/\/factory.sale\/fi\/wp-json\/wp\/v2\/media\/133390"}],"wp:attachment":[{"href":"https:\/\/factory.sale\/fi\/wp-json\/wp\/v2\/media?parent=133387"}],"wp:term":[{"taxonomy":"factory","embeddable":true,"href":"https:\/\/factory.sale\/fi\/wp-json\/wp\/v2\/factory?post=133387"},{"taxonomy":"free-shipment","embeddable":true,"href":"https:\/\/factory.sale\/fi\/wp-json\/wp\/v2\/free-shipment?post=133387"},{"taxonomy":"product_brand","embeddable":true,"href":"https:\/\/factory.sale\/fi\/wp-json\/wp\/v2\/product_brand?post=133387"},{"taxonomy":"product_cat","embeddable":true,"href":"https:\/\/factory.sale\/fi\/wp-json\/wp\/v2\/product_cat?post=133387"},{"taxonomy":"product_tag","embeddable":true,"href":"https:\/\/factory.sale\/fi\/wp-json\/wp\/v2\/product_tag?post=133387"}],"curies":[{"name":"wp","href":"https:\/\/api.w.org\/{rel}","templated":true}]}}