{"id":133373,"date":"2025-12-02T02:40:05","date_gmt":"2025-12-01T23:44:40","guid":{"rendered":"https:\/\/factory.sale\/?post_type=product&#038;p=133373"},"modified":"2026-02-06T10:33:18","modified_gmt":"2026-02-06T07:33:18","slug":"kioski-16-m%c2%b2-4x4-44-mm","status":"publish","type":"product","link":"https:\/\/factory.sale\/fi\/tuote\/kioski-16-m%c2%b2-4x4-44-mm\/","title":{"rendered":"Kioski 16 m\u00b2 (4\u00d74), 44 mm"},"content":{"rendered":"<div id=\"productTabContent\" class=\"tab-content\">\n<div id=\"description\" class=\"tab-pane fade show active\" role=\"tabpanel\" aria-labelledby=\"description-tab\">\n<div class=\"_tableContainer_1rjym_1\">\n<p>Puinen kioski 16 m\u00b2 (4\u00d74), 44 mm \u2013 tilava, monipuolinen ja tyylik\u00e4s ratkaisu yrityksille, jotka tarvitsevat luotettavan ja huomiota her\u00e4tt\u00e4v\u00e4n palvelukioskin. Sertifioidusta pohjoismaisesta m\u00e4nnyst\u00e4 tai kuusesta valmistettu kioski tarjoaa kest\u00e4vyytt\u00e4, luonnollista estetiikkaa ja erinomaista toiminnallisuutta.<\/p>\n<p>Erityisten yl\u00f6s avautuvien luukkujen ansiosta kioski sopii t\u00e4ydellisesti asiakaspalveluun, tuotteiden esittelyyn tai k\u00e4ytett\u00e4v\u00e4ksi lipunmyyntipisteen\u00e4, kahvipisteen\u00e4, kausikauppana tai messuosastona. Luukut avautuvat sujuvasti ja lukittuvat turvallisesti paikoilleen, luoden kutsuvan ja ammattimaisen esittelyalueen.<\/p>\n<p>Tilava 16 m\u00b2 sis\u00e4tila, laadukkaat 44 mm sein\u00e4t ja kolme suurta ikkunaa takaavat runsaasti luonnonvaloa ja miellytt\u00e4v\u00e4n ty\u00f6ymp\u00e4rist\u00f6n. Vankat 20 mm pontatut katto- ja lattialaudat tuovat pitk\u00e4aikaista vakautta, ja valinnainen kattomateriaali mahdollistaa rakennuksen ulkon\u00e4\u00f6n mukauttamisen ymp\u00e4rist\u00f6\u00f6n ja omaan tyyliin sopivaksi.<br \/>\nOlipa kyseess\u00e4 myyntitilaisuus, tapahtumat tai promootiot, t\u00e4m\u00e4 puinen kioski yhdist\u00e4\u00e4 skandinaavisen k\u00e4sity\u00f6taidon ja k\u00e4yt\u00e4nn\u00f6llisen suunnittelun \u2013 tehden siit\u00e4 yhden markkinoiden houkuttelevimmista ja luotettavimmista kioskeista.<\/p>\n<p>&nbsp;<\/p>\n<p><strong>Tekniset tiedot:<\/strong><\/p>\n<div class=\"_tableContainer_1rjym_1\">\n<div class=\"group _tableWrapper_1rjym_13 flex w-fit flex-col-reverse\" tabindex=\"-1\">\n<table class=\"w-fit min-w-(--thread-content-width)\" style=\"height: 424px;\" width=\"624\" data-start=\"44\" data-end=\"670\">\n<thead data-start=\"44\" data-end=\"79\">\n<tr data-start=\"44\" data-end=\"79\">\n<th data-start=\"44\" data-end=\"66\" data-col-size=\"sm\"><\/th>\n<th data-start=\"66\" data-end=\"79\" data-col-size=\"sm\"><\/th>\n<\/tr>\n<\/thead>\n<tbody data-start=\"117\" data-end=\"670\">\n<tr data-start=\"117\" data-end=\"175\">\n<td data-start=\"117\" data-end=\"134\" data-col-size=\"sm\"><strong data-start=\"119\" data-end=\"133\">Materiaali<\/strong><\/td>\n<td data-col-size=\"sm\" data-start=\"134\" data-end=\"175\">Sertifioitu pohjoinen m\u00e4nty tai kuusi<\/td>\n<\/tr>\n<tr data-start=\"176\" data-end=\"228\">\n<td data-start=\"176\" data-end=\"209\" data-col-size=\"sm\"><strong data-start=\"178\" data-end=\"208\">Ulkokoko (leveys \u00d7 pituus)<\/strong><\/td>\n<td data-col-size=\"sm\" data-start=\"209\" data-end=\"228\">400 cm \u00d7 400 cm<\/td>\n<\/tr>\n<tr data-start=\"229\" data-end=\"259\">\n<td data-start=\"229\" data-end=\"250\" data-col-size=\"sm\"><strong data-start=\"231\" data-end=\"249\">Sein\u00e4n paksuus<\/strong><\/td>\n<td data-col-size=\"sm\" data-start=\"250\" data-end=\"259\">44 mm<\/td>\n<\/tr>\n<tr data-start=\"260\" data-end=\"297\">\n<td data-start=\"260\" data-end=\"285\" data-col-size=\"sm\"><strong data-start=\"262\" data-end=\"284\">Sivusein\u00e4n korkeus<\/strong><\/td>\n<td data-col-size=\"sm\" data-start=\"285\" data-end=\"297\">209,5 cm<\/td>\n<\/tr>\n<tr data-start=\"298\" data-end=\"329\">\n<td data-start=\"298\" data-end=\"317\" data-col-size=\"sm\"><strong data-start=\"300\" data-end=\"316\">Harjakorkeus<\/strong><\/td>\n<td data-col-size=\"sm\" data-start=\"317\" data-end=\"329\">249,5 cm<\/td>\n<\/tr>\n<tr data-start=\"330\" data-end=\"377\">\n<td data-start=\"330\" data-end=\"352\" data-col-size=\"sm\"><strong data-start=\"332\" data-end=\"351\">Kattomateriaali<\/strong><\/td>\n<td data-col-size=\"sm\" data-start=\"352\" data-end=\"377\">20 mm pontatut laudat<\/td>\n<\/tr>\n<tr data-start=\"378\" data-end=\"426\">\n<td data-start=\"378\" data-end=\"401\" data-col-size=\"sm\"><strong data-start=\"380\" data-end=\"400\">Lattiamateriaali<\/strong><\/td>\n<td data-col-size=\"sm\" data-start=\"401\" data-end=\"426\">20 mm pontatut laudat<\/td>\n<\/tr>\n<tr data-start=\"427\" data-end=\"458\">\n<td data-start=\"427\" data-end=\"449\" data-col-size=\"sm\"><strong data-start=\"429\" data-end=\"448\">Katon pinta-ala<\/strong><\/td>\n<td data-col-size=\"sm\" data-start=\"449\" data-end=\"458\">19 m\u00b2<\/td>\n<\/tr>\n<tr data-start=\"459\" data-end=\"488\">\n<td data-start=\"459\" data-end=\"479\" data-col-size=\"sm\"><strong data-start=\"461\" data-end=\"478\">Katon r\u00e4yst\u00e4s<\/strong><\/td>\n<td data-col-size=\"sm\" data-start=\"479\" data-end=\"488\">20 cm<\/td>\n<\/tr>\n<tr data-start=\"489\" data-end=\"520\">\n<td data-start=\"489\" data-end=\"515\" data-col-size=\"sm\"><strong data-start=\"491\" data-end=\"514\">Huoneiden lukum\u00e4\u00e4r\u00e4<\/strong><\/td>\n<td data-col-size=\"sm\" data-start=\"515\" data-end=\"520\">1<\/td>\n<\/tr>\n<tr data-start=\"521\" data-end=\"568\">\n<td data-start=\"521\" data-end=\"550\" data-col-size=\"sm\"><strong data-start=\"523\" data-end=\"549\">Ovi (leveys \u00d7 korkeus)<\/strong><\/td>\n<td data-col-size=\"sm\" data-start=\"550\" data-end=\"568\">85 cm \u00d7 192 cm<\/td>\n<\/tr>\n<tr data-start=\"569\" data-end=\"633\">\n<td data-start=\"569\" data-end=\"607\" data-col-size=\"sm\"><strong data-start=\"571\" data-end=\"606\">Ikkunan koko (leveys \u00d7 korkeus)<\/strong><\/td>\n<td data-col-size=\"sm\" data-start=\"607\" data-end=\"633\">200 cm \u00d7 99 cm (3 kpl)<\/td>\n<\/tr>\n<tr data-start=\"634\" data-end=\"670\">\n<td data-start=\"634\" data-end=\"655\" data-col-size=\"sm\"><strong data-start=\"636\" data-end=\"654\">Katto<\/strong><\/td>\n<td data-col-size=\"sm\" data-start=\"655\" data-end=\"670\">valinnainen<\/td>\n<\/tr>\n<\/tbody>\n<\/table>\n<\/div>\n<\/div>\n<p>&nbsp;<\/p>\n<p>&nbsp;<\/p>\n<p><strong>Kattomateriaali (bitumikatto):<\/strong><\/p>\n<p>Musta, vihre\u00e4, punainen<\/p>\n<p><img loading=\"lazy\" decoding=\"async\" class=\"alignnone wp-image-133049\" src=\"https:\/\/factory.sale\/wp-content\/uploads\/2025\/11\/Bitumin-shingles-factory-sale-300x88.png\" sizes=\"auto, (max-width: 443px) 100vw, 443px\" srcset=\"https:\/\/factory.sale\/wp-content\/uploads\/2025\/11\/Bitumin-shingles-factory-sale-300x88.png 300w, https:\/\/factory.sale\/wp-content\/uploads\/2025\/11\/Bitumin-shingles-factory-sale-150x44.png 150w, https:\/\/factory.sale\/wp-content\/uploads\/2025\/11\/Bitumin-shingles-factory-sale-600x175.png 600w, https:\/\/factory.sale\/wp-content\/uploads\/2025\/11\/Bitumin-shingles-factory-sale.png 664w\" alt=\"\" width=\"443\" height=\"130\" \/><\/p>\n<\/div>\n<\/div>\n<\/div>\n<p>&nbsp;<\/p>\n<div id=\"productTabContent\" class=\"tab-content\">\n<div id=\"description\" class=\"tab-pane fade show active\" role=\"tabpanel\" aria-labelledby=\"description-tab\">\n<p><iframe loading=\"lazy\" title=\"YouTube video\" src=\"\/\/www.youtube.com\/embed\/k9kK04ZBp0o?autoplay=1&amp;mute=1&amp;controls=1&amp;start=110&amp;loop=1&amp;playlist=k9kK04ZBp0o\" width=\"800\" height=\"450\" frameborder=\"0\" allowfullscreen=\"allowfullscreen\" data-mce-fragment=\"1\"><\/iframe><\/p>\n<p>&nbsp;<\/p>\n<p><iframe loading=\"lazy\" title=\"YouTube video\" src=\"\/\/www.youtube.com\/embed\/9S4j3SFXrjM?autoplay=1&amp;mute=1&amp;controls=1&amp;loop=1&amp;playlist=9S4j3SFXrjM\" width=\"800\" height=\"315\" frameborder=\"0\" allowfullscreen=\"allowfullscreen\" data-mce-fragment=\"1\"><\/iframe><\/p>\n<\/div>\n<\/div>\n<div class=\"pt-3\"><\/div>\n","protected":false},"excerpt":{"rendered":"<p>Tilava 16 m\u00b2 puukioski (4\u00d74), 44 mm sein\u00e4t. Ihanteellinen pienyrityksille, tapahtumiin ja messuille. Varustettu avattavilla luukuilla, kest\u00e4vill\u00e4 materiaaleilla ja valinnaisella kattop\u00e4\u00e4llysteell\u00e4.<\/p>\n","protected":false},"featured_media":133350,"comment_status":"open","ping_status":"closed","template":"","meta":{"_acf_changed":false},"factory":[],"free-shipment":[],"product_brand":[],"product_cat":[4705,997],"product_tag":[1488,4726,1489],"class_list":{"0":"post-133373","1":"product","2":"type-product","3":"status-publish","4":"has-post-thumbnail","6":"product_cat-kioski","7":"product_cat-piha-puutarha-fi","8":"product_tag-garden-fi","9":"product_tag-garden-shed-fi","10":"product_tag-yard-fi","11":"pa_roofing-material-ilman","12":"pa_roofing-material-musta","13":"pa_roofing-material-punainen","14":"pa_roofing-material-vihrea","16":"first","17":"instock","18":"sale","19":"taxable","20":"shipping-taxable","21":"purchasable","22":"product-type-variable"},"acf":[],"_links":{"self":[{"href":"https:\/\/factory.sale\/fi\/wp-json\/wp\/v2\/product\/133373","targetHints":{"allow":["GET"]}}],"collection":[{"href":"https:\/\/factory.sale\/fi\/wp-json\/wp\/v2\/product"}],"about":[{"href":"https:\/\/factory.sale\/fi\/wp-json\/wp\/v2\/types\/product"}],"replies":[{"embeddable":true,"href":"https:\/\/factory.sale\/fi\/wp-json\/wp\/v2\/comments?post=133373"}],"wp:featuredmedia":[{"embeddable":true,"href":"https:\/\/factory.sale\/fi\/wp-json\/wp\/v2\/media\/133350"}],"wp:attachment":[{"href":"https:\/\/factory.sale\/fi\/wp-json\/wp\/v2\/media?parent=133373"}],"wp:term":[{"taxonomy":"factory","embeddable":true,"href":"https:\/\/factory.sale\/fi\/wp-json\/wp\/v2\/factory?post=133373"},{"taxonomy":"free-shipment","embeddable":true,"href":"https:\/\/factory.sale\/fi\/wp-json\/wp\/v2\/free-shipment?post=133373"},{"taxonomy":"product_brand","embeddable":true,"href":"https:\/\/factory.sale\/fi\/wp-json\/wp\/v2\/product_brand?post=133373"},{"taxonomy":"product_cat","embeddable":true,"href":"https:\/\/factory.sale\/fi\/wp-json\/wp\/v2\/product_cat?post=133373"},{"taxonomy":"product_tag","embeddable":true,"href":"https:\/\/factory.sale\/fi\/wp-json\/wp\/v2\/product_tag?post=133373"}],"curies":[{"name":"wp","href":"https:\/\/api.w.org\/{rel}","templated":true}]}}