{"id":133337,"date":"2025-12-02T01:14:05","date_gmt":"2025-12-01T22:17:36","guid":{"rendered":"https:\/\/factory.sale\/?post_type=product&#038;p=133337"},"modified":"2026-02-06T10:28:33","modified_gmt":"2026-02-06T07:28:33","slug":"kioski-6-m%c2%b2-3x2-44-mm","status":"publish","type":"product","link":"https:\/\/factory.sale\/fi\/tuote\/kioski-6-m%c2%b2-3x2-44-mm\/","title":{"rendered":"Kioski 6 m\u00b2 (3\u00d72), 44 mm"},"content":{"rendered":"<div id=\"productTabContent\" class=\"tab-content\">\n<div id=\"description\" class=\"tab-pane fade show active\" role=\"tabpanel\" aria-labelledby=\"description-tab\">\n<div class=\"_tableContainer_1rjym_1\">\n<p>T\u00e4m\u00e4 monik\u00e4ytt\u00f6inen puukioski 6 m\u00b2 (3\u00d72), 44 mm on valmistettu sertifioidusta pohjoismaisesta m\u00e4nnyst\u00e4 tai kuusesta, yhdist\u00e4en kest\u00e4vyyden ja tyylikk\u00e4\u00e4n ulkon\u00e4\u00f6n. Huolellisen suunnittelun ansiosta se sopii erinomaisesti pienyrityksille, messuille tai pop-up-myyntipisteiksi. Kioskissa on k\u00e4yt\u00e4nn\u00f6lliset ja helposti avattavat luukut, jotka takaavat sujuvan k\u00e4yt\u00f6n ja turvallisuuden.<\/p>\n<p>&nbsp;<\/p>\n<p><strong>Miksi valita t\u00e4m\u00e4 puukioski?<\/strong><\/p>\n<ul>\n<li>Kest\u00e4v\u00e4 materiaali: Valmistettu korkealaatuisesta pohjoismaisesta m\u00e4nty- tai kuusipuusta.<\/li>\n<li>Toiminnallinen muotoilu: Avattavat ja tukevasti lukittuvat luukut varmistavat helpon k\u00e4yt\u00f6n.<\/li>\n<li>Laadukas viimeistely: Sormijatkotekniikka lis\u00e4\u00e4 kest\u00e4vyytt\u00e4 ja v\u00e4hent\u00e4\u00e4 muodonmuutoksia.<\/li>\n<\/ul>\n<p>&nbsp;<\/p>\n<p><strong>Tekniset tiedot:<\/strong><\/p>\n<div class=\"_tableContainer_1rjym_1\">\n<div class=\"group _tableWrapper_1rjym_13 flex w-fit flex-col-reverse\" tabindex=\"-1\">\n<table class=\"w-fit min-w-(--thread-content-width)\" style=\"height: 465px;\" width=\"743\" data-start=\"525\" data-end=\"1058\">\n<thead data-start=\"525\" data-end=\"546\">\n<tr data-start=\"525\" data-end=\"546\">\n<th data-start=\"525\" data-end=\"538\" data-col-size=\"sm\"><\/th>\n<th data-start=\"538\" data-end=\"546\" data-col-size=\"md\"><\/th>\n<\/tr>\n<\/thead>\n<tbody data-start=\"570\" data-end=\"1058\">\n<tr data-start=\"570\" data-end=\"628\">\n<td data-start=\"570\" data-end=\"583\" data-col-size=\"sm\">Materiaali<\/td>\n<td data-start=\"583\" data-end=\"628\" data-col-size=\"md\">Sertifioitu pohjoismainen m\u00e4nty tai kuusi<\/td>\n<\/tr>\n<tr data-start=\"629\" data-end=\"668\">\n<td data-start=\"629\" data-end=\"649\" data-col-size=\"sm\">Ulkomitat (L \u00d7 P)<\/td>\n<td data-start=\"649\" data-end=\"668\" data-col-size=\"md\">300 cm \u00d7 200 cm<\/td>\n<\/tr>\n<tr data-start=\"669\" data-end=\"695\">\n<td data-start=\"669\" data-end=\"686\" data-col-size=\"sm\">Sein\u00e4n paksuus<\/td>\n<td data-start=\"686\" data-end=\"695\" data-col-size=\"md\">44 mm<\/td>\n<\/tr>\n<tr data-start=\"696\" data-end=\"729\">\n<td data-start=\"696\" data-end=\"717\" data-col-size=\"sm\">Sivusein\u00e4n korkeus<\/td>\n<td data-start=\"717\" data-end=\"729\" data-col-size=\"md\">209.5 cm<\/td>\n<\/tr>\n<tr data-start=\"730\" data-end=\"757\">\n<td data-start=\"730\" data-end=\"745\" data-col-size=\"sm\">Harjakorkeus<\/td>\n<td data-start=\"745\" data-end=\"757\" data-col-size=\"md\">249.5 cm<\/td>\n<\/tr>\n<tr data-start=\"758\" data-end=\"810\">\n<td data-start=\"758\" data-end=\"776\" data-col-size=\"sm\">Kattomateriaali<\/td>\n<td data-start=\"776\" data-end=\"810\" data-col-size=\"md\">19 mm ponttilauta (kattolevyt)<\/td>\n<\/tr>\n<tr data-start=\"811\" data-end=\"851\">\n<td data-start=\"811\" data-end=\"830\" data-col-size=\"sm\">Lattiamateriaali<\/td>\n<td data-start=\"830\" data-end=\"851\" data-col-size=\"md\">19 mm ponttilauta<\/td>\n<\/tr>\n<tr data-start=\"852\" data-end=\"876\">\n<td data-start=\"852\" data-end=\"867\" data-col-size=\"sm\">Katon ylitys<\/td>\n<td data-start=\"867\" data-end=\"876\" data-col-size=\"md\">20 cm<\/td>\n<\/tr>\n<tr data-start=\"877\" data-end=\"900\">\n<td data-start=\"877\" data-end=\"895\" data-col-size=\"sm\">Huoneiden m\u00e4\u00e4r\u00e4<\/td>\n<td data-start=\"895\" data-end=\"900\" data-col-size=\"md\">1<\/td>\n<\/tr>\n<tr data-start=\"901\" data-end=\"939\">\n<td data-start=\"901\" data-end=\"921\" data-col-size=\"sm\">Oven koko (L \u00d7 K)<\/td>\n<td data-start=\"921\" data-end=\"939\" data-col-size=\"md\">85 cm \u00d7 192 cm<\/td>\n<\/tr>\n<tr data-start=\"940\" data-end=\"990\">\n<td data-start=\"940\" data-end=\"963\" data-col-size=\"sm\">Ikkunan koko (L \u00d7 K)<\/td>\n<td data-start=\"963\" data-end=\"990\" data-col-size=\"md\">200 cm \u00d7 102 cm (1 kpl)<\/td>\n<\/tr>\n<tr data-start=\"991\" data-end=\"1058\">\n<td data-start=\"991\" data-end=\"1003\" data-col-size=\"sm\">Kattomateriaali<\/td>\n<td data-start=\"1003\" data-end=\"1058\" data-col-size=\"md\">Valinnainen bitumikatto (musta, punainen tai vihre\u00e4)<\/td>\n<\/tr>\n<\/tbody>\n<\/table>\n<\/div>\n<\/div>\n<p>&nbsp;<\/p>\n<p><strong>Bitumikatto:<\/strong><\/p>\n<p>Musta, vihre\u00e4, punainen<\/p>\n<p><img loading=\"lazy\" decoding=\"async\" class=\"alignnone wp-image-133049\" src=\"https:\/\/factory.sale\/wp-content\/uploads\/2025\/11\/Bitumin-shingles-factory-sale-300x88.png\" sizes=\"auto, (max-width: 443px) 100vw, 443px\" srcset=\"https:\/\/factory.sale\/wp-content\/uploads\/2025\/11\/Bitumin-shingles-factory-sale-300x88.png 300w, https:\/\/factory.sale\/wp-content\/uploads\/2025\/11\/Bitumin-shingles-factory-sale-150x44.png 150w, https:\/\/factory.sale\/wp-content\/uploads\/2025\/11\/Bitumin-shingles-factory-sale-600x175.png 600w, https:\/\/factory.sale\/wp-content\/uploads\/2025\/11\/Bitumin-shingles-factory-sale.png 664w\" alt=\"\" width=\"443\" height=\"130\" \/><\/p>\n<p>&nbsp;<\/p>\n<\/div>\n<p><iframe loading=\"lazy\" title=\"YouTube video\" src=\"\/\/www.youtube.com\/embed\/k9kK04ZBp0o?autoplay=1&amp;mute=1&amp;controls=1&amp;start=110&amp;loop=1&amp;playlist=k9kK04ZBp0o\" width=\"800\" height=\"450\" frameborder=\"0\" allowfullscreen=\"allowfullscreen\" data-mce-fragment=\"1\"><\/iframe><\/p>\n<p>&nbsp;<\/p>\n<p><iframe loading=\"lazy\" title=\"YouTube video\" src=\"\/\/www.youtube.com\/embed\/9S4j3SFXrjM?autoplay=1&amp;mute=1&amp;controls=1&amp;loop=1&amp;playlist=9S4j3SFXrjM\" width=\"800\" height=\"315\" frameborder=\"0\" allowfullscreen=\"allowfullscreen\" data-mce-fragment=\"1\"><\/iframe><\/p>\n<\/div>\n<\/div>\n<div class=\"pt-3\"><\/div>\n","protected":false},"excerpt":{"rendered":"<p>Puukioski 6 m\u00b2 (4\u00d74), 44 mm tarjoaa t\u00e4ydellisen yhdistelm\u00e4n toiminnallisuutta, laatua ja tyyli\u00e4, mik\u00e4 tekee siit\u00e4 erinomaisen vaihtoehdon monenlaisiin k\u00e4ytt\u00f6tarkoituksiin.<\/p>\n","protected":false},"featured_media":133309,"comment_status":"open","ping_status":"closed","template":"","meta":{"_acf_changed":false},"factory":[],"free-shipment":[],"product_brand":[],"product_cat":[4705,997],"product_tag":[1488],"class_list":{"0":"post-133337","1":"product","2":"type-product","3":"status-publish","4":"has-post-thumbnail","6":"product_cat-kioski","7":"product_cat-piha-puutarha-fi","8":"product_tag-garden-fi","9":"pa_roofing-material-ilman","10":"pa_roofing-material-musta","11":"pa_roofing-material-punainen","12":"pa_roofing-material-vihrea","14":"first","15":"instock","16":"sale","17":"taxable","18":"shipping-taxable","19":"purchasable","20":"product-type-variable"},"acf":[],"_links":{"self":[{"href":"https:\/\/factory.sale\/fi\/wp-json\/wp\/v2\/product\/133337","targetHints":{"allow":["GET"]}}],"collection":[{"href":"https:\/\/factory.sale\/fi\/wp-json\/wp\/v2\/product"}],"about":[{"href":"https:\/\/factory.sale\/fi\/wp-json\/wp\/v2\/types\/product"}],"replies":[{"embeddable":true,"href":"https:\/\/factory.sale\/fi\/wp-json\/wp\/v2\/comments?post=133337"}],"wp:featuredmedia":[{"embeddable":true,"href":"https:\/\/factory.sale\/fi\/wp-json\/wp\/v2\/media\/133309"}],"wp:attachment":[{"href":"https:\/\/factory.sale\/fi\/wp-json\/wp\/v2\/media?parent=133337"}],"wp:term":[{"taxonomy":"factory","embeddable":true,"href":"https:\/\/factory.sale\/fi\/wp-json\/wp\/v2\/factory?post=133337"},{"taxonomy":"free-shipment","embeddable":true,"href":"https:\/\/factory.sale\/fi\/wp-json\/wp\/v2\/free-shipment?post=133337"},{"taxonomy":"product_brand","embeddable":true,"href":"https:\/\/factory.sale\/fi\/wp-json\/wp\/v2\/product_brand?post=133337"},{"taxonomy":"product_cat","embeddable":true,"href":"https:\/\/factory.sale\/fi\/wp-json\/wp\/v2\/product_cat?post=133337"},{"taxonomy":"product_tag","embeddable":true,"href":"https:\/\/factory.sale\/fi\/wp-json\/wp\/v2\/product_tag?post=133337"}],"curies":[{"name":"wp","href":"https:\/\/api.w.org\/{rel}","templated":true}]}}