{"id":133015,"date":"2025-11-28T12:46:08","date_gmt":"2025-11-28T09:47:00","guid":{"rendered":"https:\/\/factory.sale\/?post_type=product&#038;p=133015"},"modified":"2026-01-23T12:20:54","modified_gmt":"2026-01-23T09:20:54","slug":"luonnolliset-gabro-diabaasi-kiuaskivet-7-15-cm-20-kg","status":"publish","type":"product","link":"https:\/\/factory.sale\/fi\/tuote\/luonnolliset-gabro-diabaasi-kiuaskivet-7-15-cm-20-kg\/","title":{"rendered":"Luonnolliset gabro-diabaasi kiuaskivet 7\u201315 cm (20 kg)"},"content":{"rendered":"<p>Luonnollisesta gabro-diabaasista valmistetut 7\u201315 cm kiuaskivet sopivat erinomaisesti keski- ja suurikokoisiin kiukaisiin. Suuremmat kivet luovat avoimen alarakenteen, mik\u00e4 mahdollistaa paremman ilmankierron, tehokkaamman l\u00e4mmityksen ja tasaisen, lempe\u00e4n h\u00f6yryn.<\/p>\n<p>Niit\u00e4 suositellaan erityisesti verkkokiukaisiin, joissa pienten kivien k\u00e4ytt\u00f6 voi aiheuttaa tiivist\u00e4 painumista ja vaikeuttaa huoltoa.<\/p>\n<p><strong>Miten valita oikea kivikoko?<\/strong><\/p>\n<p>Pienet kiukaat: k\u00e4yt\u00e4 vain pienempi\u00e4 kivi\u00e4 (5\u20139 cm).<\/p>\n<p>Keskikokoiset ja suuret kiukaat: paras tulos syntyy kahden koon yhdist\u00e4misest\u00e4:<\/p>\n<ul>\n<li>suuret kivet (7\u201315 cm) alakerrokseen,<\/li>\n<li>pienemm\u00e4t kivet (5\u20139 cm) yl\u00e4kerrokseen.<\/li>\n<\/ul>\n<p><strong>Miksi yhdist\u00e4\u00e4 eri kivikokoja?<\/strong><\/p>\n<p>Pelkkien pienten kivien k\u00e4ytt\u00f6 verkkokuorisissa kiukaissa voi ajan my\u00f6t\u00e4 tiivist\u00e4\u00e4 kivipintaa.<br \/>\nIsommat kivet parantavat ilmankiertoa ja helpottavat tulevaa huoltoa.<\/p>\n<p>Paino: 20 kg<br \/>\nKoko: 7\u201315 cm<br \/>\nEAN: 4627077200025<\/p>\n<p>&nbsp;<\/p>\n<p>Kiuaskivet on tarkoitettu ensisijaisesti ostettaviksi yhdess\u00e4 kiukaan tai sauna\u00adkiukaan kanssa ja ne myyd\u00e4\u00e4n tukkutuotteena. Erillistilauksissa on voimassa v\u00e4himm\u00e4istilausm\u00e4\u00e4r\u00e4 (lava).<\/p>\n","protected":false},"excerpt":{"rendered":"<p>Suuret gabro-diabaasi kiuaskivet keski- ja suurikokoisiin kiukaisiin. Paras valinta alakerrokseen paremman ilmankierron ja helpomman huollon takaamiseksi.<\/p>\n","protected":false},"featured_media":133009,"comment_status":"open","ping_status":"closed","template":"","meta":{"_acf_changed":false},"factory":[],"free-shipment":[],"product_brand":[],"product_cat":[1629,1334],"product_tag":[],"class_list":{"0":"post-133015","1":"product","2":"type-product","3":"status-publish","4":"has-post-thumbnail","6":"product_cat-kiuaskivet","7":"product_cat-saunatarvikkeet","9":"first","10":"instock","11":"sale","12":"taxable","13":"shipping-taxable","14":"purchasable","15":"product-type-simple"},"acf":[],"_links":{"self":[{"href":"https:\/\/factory.sale\/fi\/wp-json\/wp\/v2\/product\/133015","targetHints":{"allow":["GET"]}}],"collection":[{"href":"https:\/\/factory.sale\/fi\/wp-json\/wp\/v2\/product"}],"about":[{"href":"https:\/\/factory.sale\/fi\/wp-json\/wp\/v2\/types\/product"}],"replies":[{"embeddable":true,"href":"https:\/\/factory.sale\/fi\/wp-json\/wp\/v2\/comments?post=133015"}],"wp:featuredmedia":[{"embeddable":true,"href":"https:\/\/factory.sale\/fi\/wp-json\/wp\/v2\/media\/133009"}],"wp:attachment":[{"href":"https:\/\/factory.sale\/fi\/wp-json\/wp\/v2\/media?parent=133015"}],"wp:term":[{"taxonomy":"factory","embeddable":true,"href":"https:\/\/factory.sale\/fi\/wp-json\/wp\/v2\/factory?post=133015"},{"taxonomy":"free-shipment","embeddable":true,"href":"https:\/\/factory.sale\/fi\/wp-json\/wp\/v2\/free-shipment?post=133015"},{"taxonomy":"product_brand","embeddable":true,"href":"https:\/\/factory.sale\/fi\/wp-json\/wp\/v2\/product_brand?post=133015"},{"taxonomy":"product_cat","embeddable":true,"href":"https:\/\/factory.sale\/fi\/wp-json\/wp\/v2\/product_cat?post=133015"},{"taxonomy":"product_tag","embeddable":true,"href":"https:\/\/factory.sale\/fi\/wp-json\/wp\/v2\/product_tag?post=133015"}],"curies":[{"name":"wp","href":"https:\/\/api.w.org\/{rel}","templated":true}]}}