{"id":133014,"date":"2025-11-28T12:46:05","date_gmt":"2025-11-28T09:46:56","guid":{"rendered":"https:\/\/factory.sale\/?post_type=product&#038;p=133014"},"modified":"2026-01-23T12:20:58","modified_gmt":"2026-01-23T09:20:58","slug":"luonnolliset-gabro-diabaasi-kiuaskivet-5-9-cm-20-kg","status":"publish","type":"product","link":"https:\/\/factory.sale\/fi\/tuote\/luonnolliset-gabro-diabaasi-kiuaskivet-5-9-cm-20-kg\/","title":{"rendered":"Luonnolliset gabro-diabaasi kiuaskivet 5\u20139 cm (20 kg)"},"content":{"rendered":"<p>N\u00e4m\u00e4 luonnonmukaiset gabro-diabaasi kiuaskivet sopivat ihanteellisesti kompakteihin ja pieniin kiukaisiin. Niiden 5\u20139 cm koko mahdollistaa tiiviin pinoamisen ja samalla hyv\u00e4n ilmavirran yll\u00e4pit\u00e4misen, mik\u00e4 auttaa kiuasta l\u00e4mpenem\u00e4\u00e4n tehokkaasti ja tuottamaan pehme\u00e4\u00e4, miellytt\u00e4v\u00e4\u00e4 h\u00f6yry\u00e4.<\/p>\n<p>Kivi\u00e4 voi k\u00e4ytt\u00e4\u00e4 my\u00f6s suurempien kiukaiden yl\u00e4kerroksissa, joissa pienemm\u00e4t kivet auttavat luomaan tihe\u00e4mm\u00e4n pintakerroksen tarkempaa h\u00f6yryn hallintaa varten.<\/p>\n<p><strong>Miten valita oikea kivikoko?<\/strong><\/p>\n<p>Pienet ja minikiukaat: k\u00e4yt\u00e4 vain pienempi\u00e4 kivi\u00e4 (5\u20139 cm) optimaalisen ilmankierron ja nopeamman l\u00e4mpenemisen varmistamiseksi.<\/p>\n<p>Keskikokoiset ja suuret kiukaat: paras lopputulos saavutetaan yhdist\u00e4m\u00e4ll\u00e4 kaksi kivikokoa:<\/p>\n<ul>\n<li>suuremmat kivet (7\u201315 cm) alakerrokseen,<\/li>\n<li>pienemm\u00e4t kivet (5\u20139 cm) yl\u00e4kerrokseen.<\/li>\n<\/ul>\n<p><strong>Miksi yhdist\u00e4\u00e4 eri kivikokoja?<\/strong><\/p>\n<p>Verkkokiukaissa vain pienten kivien k\u00e4ytt\u00f6 voi aiheuttaa kivien tiivistymisen, mik\u00e4 vaikeuttaa huoltoa.<br \/>\nSuurempien kivien lis\u00e4\u00e4minen parantaa ilmankiertoa ja helpottaa puhdistusta pitk\u00e4ll\u00e4 aikav\u00e4lill\u00e4.<\/p>\n<p>Paino: 20 kg<br \/>\nKoko: 5\u20139 cm<br \/>\nEAN: 4627077204573<\/p>\n<p>&nbsp;<\/p>\n<p>Kiuaskivet on tarkoitettu ensisijaisesti ostettaviksi yhdess\u00e4 kiukaan tai sauna\u00adkiukaan kanssa ja ne myyd\u00e4\u00e4n tukkutuotteena. Erillistilauksissa on voimassa v\u00e4himm\u00e4istilausm\u00e4\u00e4r\u00e4 (lava).<\/p>\n","protected":false},"excerpt":{"rendered":"<p>Luonnolliset gabro-diabaasi kiuaskivet pieniin kiukaisiin, Ihanteellinen kompakteihin malleihin ja suurempien kiukaiden yl\u00e4kerroksiin pehme\u00e4n ja tasaisen l\u00f6ylyn varmistamiseksi.<\/p>\n","protected":false},"featured_media":133009,"comment_status":"open","ping_status":"closed","template":"","meta":{"_acf_changed":false},"factory":[],"free-shipment":[],"product_brand":[],"product_cat":[1629,1334],"product_tag":[],"class_list":{"0":"post-133014","1":"product","2":"type-product","3":"status-publish","4":"has-post-thumbnail","6":"product_cat-kiuaskivet","7":"product_cat-saunatarvikkeet","9":"first","10":"instock","11":"sale","12":"taxable","13":"shipping-taxable","14":"purchasable","15":"product-type-simple"},"acf":[],"_links":{"self":[{"href":"https:\/\/factory.sale\/fi\/wp-json\/wp\/v2\/product\/133014","targetHints":{"allow":["GET"]}}],"collection":[{"href":"https:\/\/factory.sale\/fi\/wp-json\/wp\/v2\/product"}],"about":[{"href":"https:\/\/factory.sale\/fi\/wp-json\/wp\/v2\/types\/product"}],"replies":[{"embeddable":true,"href":"https:\/\/factory.sale\/fi\/wp-json\/wp\/v2\/comments?post=133014"}],"wp:featuredmedia":[{"embeddable":true,"href":"https:\/\/factory.sale\/fi\/wp-json\/wp\/v2\/media\/133009"}],"wp:attachment":[{"href":"https:\/\/factory.sale\/fi\/wp-json\/wp\/v2\/media?parent=133014"}],"wp:term":[{"taxonomy":"factory","embeddable":true,"href":"https:\/\/factory.sale\/fi\/wp-json\/wp\/v2\/factory?post=133014"},{"taxonomy":"free-shipment","embeddable":true,"href":"https:\/\/factory.sale\/fi\/wp-json\/wp\/v2\/free-shipment?post=133014"},{"taxonomy":"product_brand","embeddable":true,"href":"https:\/\/factory.sale\/fi\/wp-json\/wp\/v2\/product_brand?post=133014"},{"taxonomy":"product_cat","embeddable":true,"href":"https:\/\/factory.sale\/fi\/wp-json\/wp\/v2\/product_cat?post=133014"},{"taxonomy":"product_tag","embeddable":true,"href":"https:\/\/factory.sale\/fi\/wp-json\/wp\/v2\/product_tag?post=133014"}],"curies":[{"name":"wp","href":"https:\/\/api.w.org\/{rel}","templated":true}]}}