{"id":132993,"date":"2025-11-28T01:33:09","date_gmt":"2025-11-27T22:39:17","guid":{"rendered":"https:\/\/factory.sale\/?post_type=product&#038;p=132993"},"modified":"2026-02-06T10:37:38","modified_gmt":"2026-02-06T07:37:38","slug":"elementtitalo-mo-house-919-m%c2%b2","status":"publish","type":"product","link":"https:\/\/factory.sale\/fi\/tuote\/elementtitalo-mo-house-919-m%c2%b2\/","title":{"rendered":"Elementtitalo MO-House 9,19 m\u00b2"},"content":{"rendered":"<p>Moderni ja t\u00e4ysin varusteltu elementtitalo. Asiakkailla on mahdollisuus toteuttaa omat ideansa sis\u00e4tilojen kalusteista ja laitteista.<\/p>\n<p>Tutustu MO House -malliin \u2013 kompaktiin ja muuttovalmiiseen 9,19 m\u00b2 moduulitaloon, joka soveltuu erinomaisesti 2\u20134 henkil\u00f6lle. Talossa on vankka eristys sek\u00e4 tyylikk\u00e4\u00e4t, maalatut puuikkunat ja -ovet. Siin\u00e4 ovat modernit mukavuudet, kuten liukuovi ja linoleumilattia, mik\u00e4 tekee siit\u00e4 tyylikk\u00e4\u00e4n ja k\u00e4yt\u00e4nn\u00f6llisen asumisratkaisun. Sis\u00e4tilojen viimeistely ja asennus voidaan r\u00e4\u00e4t\u00e4l\u00f6id\u00e4 omien toiveiden ja tarpeiden mukaan.<\/p>\n<p>&nbsp;<\/p>\n<p><strong>Vakiovarustus:<\/strong><\/p>\n<ul>\n<li>100 mm eristetty rakenne<\/li>\n<li>Sis\u00e4- ja ulkoverhous<\/li>\n<li>Bitumikatto<\/li>\n<li>Sadevesikourut<\/li>\n<li>Maalattu laadukas puuikkuna ja -ovi<\/li>\n<li>Sis\u00e4sein\u00e4 liukuovella<\/li>\n<li>Linoleumilattia<\/li>\n<\/ul>\n<p>&nbsp;<\/p>\n<p><strong>Tekniset tiedot:<\/strong><\/p>\n<div class=\"_tableContainer_1rjym_1\">\n<div class=\"group _tableWrapper_1rjym_13 flex w-fit flex-col-reverse\" tabindex=\"-1\">\n<table class=\"w-fit min-w-(--thread-content-width)\" data-start=\"708\" data-end=\"1240\">\n<thead data-start=\"708\" data-end=\"729\">\n<tr data-start=\"708\" data-end=\"729\">\n<th data-start=\"708\" data-end=\"721\" data-col-size=\"sm\"><\/th>\n<th data-start=\"721\" data-end=\"729\" data-col-size=\"md\"><\/th>\n<\/tr>\n<\/thead>\n<tbody data-start=\"752\" data-end=\"1240\">\n<tr data-start=\"752\" data-end=\"783\">\n<td data-start=\"752\" data-end=\"767\" data-col-size=\"sm\">Henkil\u00f6m\u00e4\u00e4r\u00e4<\/td>\n<td data-col-size=\"md\" data-start=\"767\" data-end=\"783\">2\u20134 henkil\u00f6\u00e4<\/td>\n<\/tr>\n<tr data-start=\"784\" data-end=\"811\">\n<td data-start=\"784\" data-end=\"796\" data-col-size=\"sm\">Ulkomitat<\/td>\n<td data-col-size=\"md\" data-start=\"796\" data-end=\"811\">2.3 \u00d7 4.9 m<\/td>\n<\/tr>\n<tr data-start=\"812\" data-end=\"834\">\n<td data-start=\"812\" data-end=\"823\" data-col-size=\"sm\">Sis\u00e4tila<\/td>\n<td data-col-size=\"md\" data-start=\"823\" data-end=\"834\">9.19 m\u00b2<\/td>\n<\/tr>\n<tr data-start=\"835\" data-end=\"853\">\n<td data-start=\"835\" data-end=\"841\" data-col-size=\"sm\">Puu<\/td>\n<td data-start=\"841\" data-end=\"853\" data-col-size=\"md\">M\u00e4ntypuu<\/td>\n<\/tr>\n<tr data-start=\"854\" data-end=\"892\">\n<td data-start=\"854\" data-end=\"872\" data-col-size=\"sm\">Seinien eristys<\/td>\n<td data-col-size=\"md\" data-start=\"872\" data-end=\"892\">100 mm kivivilla<\/td>\n<\/tr>\n<tr data-start=\"893\" data-end=\"958\">\n<td data-start=\"893\" data-end=\"909\" data-col-size=\"sm\">Verhouslaudat<\/td>\n<td data-col-size=\"md\" data-start=\"909\" data-end=\"958\">Sis\u00e4puoli: 14 \u00d7 96 mm; Ulkopuoli: 18 \u00d7 145 mm<\/td>\n<\/tr>\n<tr data-start=\"959\" data-end=\"1002\">\n<td data-start=\"959\" data-end=\"992\" data-col-size=\"sm\">Valmiin sein\u00e4elementin paksuus<\/td>\n<td data-col-size=\"md\" data-start=\"992\" data-end=\"1002\">145 mm<\/td>\n<\/tr>\n<tr data-start=\"1003\" data-end=\"1032\">\n<td data-start=\"1003\" data-end=\"1023\" data-col-size=\"sm\">Lattia (m\u00e4ntypuu)<\/td>\n<td data-col-size=\"md\" data-start=\"1023\" data-end=\"1032\">28 mm<\/td>\n<\/tr>\n<tr data-start=\"1033\" data-end=\"1071\">\n<td data-start=\"1033\" data-end=\"1061\" data-col-size=\"sm\">Eristetyn lattian paksuus<\/td>\n<td data-col-size=\"md\" data-start=\"1061\" data-end=\"1071\">158 mm<\/td>\n<\/tr>\n<tr data-start=\"1072\" data-end=\"1104\">\n<td data-start=\"1072\" data-end=\"1087\" data-col-size=\"sm\">Ikkunan koko<\/td>\n<td data-col-size=\"md\" data-start=\"1087\" data-end=\"1104\">735 \u00d7 1955 mm<\/td>\n<\/tr>\n<tr data-start=\"1105\" data-end=\"1134\">\n<td data-start=\"1105\" data-end=\"1117\" data-col-size=\"sm\">WC-ikkuna<\/td>\n<td data-col-size=\"md\" data-start=\"1117\" data-end=\"1134\">410 \u00d7 1150 mm<\/td>\n<\/tr>\n<tr data-start=\"1135\" data-end=\"1159\">\n<td data-start=\"1135\" data-end=\"1141\" data-col-size=\"sm\">Ovi<\/td>\n<td data-start=\"1141\" data-end=\"1159\" data-col-size=\"md\">1480 \u00d7 2000 mm<\/td>\n<\/tr>\n<tr data-start=\"1160\" data-end=\"1206\">\n<td data-start=\"1160\" data-end=\"1172\" data-col-size=\"sm\">Kivivilla<\/td>\n<td data-col-size=\"md\" data-start=\"1172\" data-end=\"1206\">100 mm (lattia, sein\u00e4t, katto)<\/td>\n<\/tr>\n<tr data-start=\"1207\" data-end=\"1240\">\n<td data-start=\"1207\" data-end=\"1225\" data-col-size=\"sm\">Kattomateriaali<\/td>\n<td data-col-size=\"md\" data-start=\"1225\" data-end=\"1240\">Bitumikatto<\/td>\n<\/tr>\n<\/tbody>\n<\/table>\n<\/div>\n<\/div>\n<p>&nbsp;<\/p>\n<p><em><strong>Toimitetaan t\u00e4ysin koottuna ja k\u00e4ytt\u00f6valmiina!<\/strong><\/em><\/p>\n<p>&nbsp;<\/p>\n<p><strong>Lis\u00e4varusteet (hinnat ilman ALV):<\/strong><\/p>\n<p>Maalaus<\/p>\n<p>Ulkomaalaus: 460 \u20ac<br \/>\nSis\u00e4maalaus: 460 \u20ac<br \/>\nKylpyhuone (pyyhekuivain, WC, suihku, pesuallas, l\u00e4mminvesivaraaja + asennus) 2,328.75 \u20ac<br \/>\nKeitti\u00f6 (yl\u00e4kaappi, alakaappi altaalla, j\u00e4\u00e4kaappi, pesukone, koottuna) 1,886 \u20ac<\/p>\n<p>&nbsp;<\/p>\n<p>S\u00e4hk\u00f6asennukset<\/p>\n<p>Yksitt\u00e4ispistorasia: 69 \u20ac<br \/>\nKaksoispistorasia: 74,75 \u20ac<br \/>\nYksitt\u00e4iskytkin: 69 \u20ac<br \/>\nKaksoiskytkin: 86,25 \u20ac<br \/>\nKaapeli yhdelle lampulle: 28,75 \u20ac<br \/>\nLED-valaisin: 51,75 \u20ac<br \/>\nSulaketaulu: 138 \u20ac<br \/>\nKonvektoril\u00e4mmitin: 126,50 \u20ac<\/p>\n<p>&nbsp;<\/p>\n<p>Huonekalut<\/p>\n<p>Yhden hengen s\u00e4nky: 126.50 \u20ac<br \/>\nParis\u00e4nky: 126.50 \u20ac<br \/>\nKerross\u00e4nky: 253 \u20ac<br \/>\nP\u00f6yt\u00e4 puisilla jaloilla: 247.25 \u20ac<br \/>\nTaittop\u00f6yt\u00e4: 103.50 \u20ac<br \/>\nPieni taittotuoli: 166.75 \u20ac<\/p>\n<p>&nbsp;<\/p>\n<p><a href=\"https:\/\/factory.sale\/wp-content\/uploads\/2025\/11\/MO-House-4.9-x-2.3.pdf\" target=\"_blank\" rel=\"noopener\">Piirustukset<\/a><\/p>\n<p>&nbsp;<\/p>\n<p>&nbsp;<\/p>\n<p><video style=\"width: 100%; height: auto; border: none; outline: none;\" autoplay=\"autoplay\" loop=\"loop\" muted=\"\" width=\"300\" height=\"150\" data-mce-fragment=\"1\"><source src=\"https:\/\/factory.sale\/wp-content\/uploads\/2025\/11\/MO_HOUSE-.mp4\" type=\"video\/mp4\" \/><\/video><\/p>\n","protected":false},"excerpt":{"rendered":"<p>Tutustu MO House -malliin \u2013 kompaktiin ja muuttovalmiiseen 9,19 m\u00b2 moduulitaloon, joka soveltuu erinomaisesti 2\u20134 henkil\u00f6lle. Talossa on vankka eristys sek\u00e4 tyylikk\u00e4\u00e4t, maalatut puuikkunat ja -ovet. Siin\u00e4 ovat modernit mukavuudet, kuten liukuovi ja linoleumilattia, mik\u00e4 tekee siit\u00e4 tyylikk\u00e4\u00e4n ja k\u00e4yt\u00e4nn\u00f6llisen asumisratkaisun. Sis\u00e4tilojen viimeistely ja asennus voidaan r\u00e4\u00e4t\u00e4l\u00f6id\u00e4 omien toiveiden ja tarpeiden mukaan.<\/p>\n","protected":false},"featured_media":132963,"comment_status":"open","ping_status":"closed","template":"","meta":{"_acf_changed":false},"factory":[],"free-shipment":[],"product_brand":[],"product_cat":[1112],"product_tag":[2288],"class_list":{"0":"post-132993","1":"product","2":"type-product","3":"status-publish","4":"has-post-thumbnail","6":"product_cat-elementtitalot","7":"product_tag-element-house-fi","9":"first","10":"instock","11":"sale","12":"taxable","13":"shipping-taxable","14":"purchasable","15":"product-type-simple"},"acf":[],"_links":{"self":[{"href":"https:\/\/factory.sale\/fi\/wp-json\/wp\/v2\/product\/132993","targetHints":{"allow":["GET"]}}],"collection":[{"href":"https:\/\/factory.sale\/fi\/wp-json\/wp\/v2\/product"}],"about":[{"href":"https:\/\/factory.sale\/fi\/wp-json\/wp\/v2\/types\/product"}],"replies":[{"embeddable":true,"href":"https:\/\/factory.sale\/fi\/wp-json\/wp\/v2\/comments?post=132993"}],"wp:featuredmedia":[{"embeddable":true,"href":"https:\/\/factory.sale\/fi\/wp-json\/wp\/v2\/media\/132963"}],"wp:attachment":[{"href":"https:\/\/factory.sale\/fi\/wp-json\/wp\/v2\/media?parent=132993"}],"wp:term":[{"taxonomy":"factory","embeddable":true,"href":"https:\/\/factory.sale\/fi\/wp-json\/wp\/v2\/factory?post=132993"},{"taxonomy":"free-shipment","embeddable":true,"href":"https:\/\/factory.sale\/fi\/wp-json\/wp\/v2\/free-shipment?post=132993"},{"taxonomy":"product_brand","embeddable":true,"href":"https:\/\/factory.sale\/fi\/wp-json\/wp\/v2\/product_brand?post=132993"},{"taxonomy":"product_cat","embeddable":true,"href":"https:\/\/factory.sale\/fi\/wp-json\/wp\/v2\/product_cat?post=132993"},{"taxonomy":"product_tag","embeddable":true,"href":"https:\/\/factory.sale\/fi\/wp-json\/wp\/v2\/product_tag?post=132993"}],"curies":[{"name":"wp","href":"https:\/\/api.w.org\/{rel}","templated":true}]}}