{"id":132892,"date":"2025-11-26T16:08:40","date_gmt":"2025-11-26T13:16:00","guid":{"rendered":"https:\/\/factory.sale\/?post_type=product&#038;p=132892"},"modified":"2026-03-04T15:39:26","modified_gmt":"2026-03-04T12:39:26","slug":"kaksoisautotalli-varastolla-silvia-duo-f-plus-34-mm-puuverhous-8x6-m-48-m%c2%b2","status":"publish","type":"product","link":"https:\/\/factory.sale\/fi\/tuote\/kaksoisautotalli-varastolla-silvia-duo-f-plus-34-mm-puuverhous-8x6-m-48-m%c2%b2\/","title":{"rendered":"Kaksoisautotalli varastolla Scandic DUO PLUS (34 mm + wooden cladding), 8\u00d76 m, 48 m\u00b2"},"content":{"rendered":"<p>Scandic DUO PLUS on erinomainen valinta sinulle, joka tarvitset luotettavan ja yksityisen autotallin kahdelle ajoneuvolle sek\u00e4 runsaasti s\u00e4ilytystilaa. T\u00e4m\u00e4 malli yhdist\u00e4\u00e4 k\u00e4yt\u00e4nn\u00f6llisyyden ja tyylin, sill\u00e4 siin\u00e4 on kaksi erillist\u00e4 huonetta omilla sis\u00e4\u00e4nk\u00e4ynneill\u00e4\u00e4n: 32 m\u00b2:n pys\u00e4k\u00f6intitila ja sen vieress\u00e4 sijaitseva 11 m\u00b2 varasto. Hillitty ja elegantti muotoilu sopii kauniisti kaikentyyppisiin piha-alueisiin. Tee arjestasi helpompaa Scandic DUO PLUS -autotallilla!<\/p>\n<p>&nbsp;<\/p>\n<p><strong>Mallin edut:<\/strong><\/p>\n<ul>\n<li>K\u00e4yt\u00e4nn\u00f6llinen ratkaisu: tilaa kahdelle ajoneuvolle sek\u00e4 erillinen varastotila puutarhatarvikkeille, ty\u00f6kaluille, renkaille ja muille tarvikkeille.<\/li>\n<li>Viimeistelty ulkon\u00e4k\u00f6: moderni pystysuuntainen puuverhous lis\u00e4\u00e4 rakennukseen tyylikkyytt\u00e4 ja vakautta.<\/li>\n<li>Helppo kulku: molempiin huoneisiin p\u00e4\u00e4see omista sis\u00e4\u00e4nk\u00e4ynneist\u00e4\u00e4n ja sis\u00e4sein\u00e4ss\u00e4 on yhdist\u00e4v\u00e4 ovi.<\/li>\n<\/ul>\n<p>Puurakenteinen kaksipaikkainen autotalli Scandic DUO PLUS yhdist\u00e4\u00e4 tyylin ja k\u00e4yt\u00e4nn\u00f6llisyyden sek\u00e4 tarjoaa lis\u00e4ksi tilavan varaston. S\u00e4ilyt\u00e4 ty\u00f6kalut ja tarvikkeet siististi omassa huoneessaan ja pys\u00e4k\u00f6i ajoneuvot turvallisesti 32 m\u00b2 autotalliin. T\u00e4m\u00e4 kompakti ja ymp\u00e4rist\u00f6yst\u00e4v\u00e4llinen malli on suunniteltu kest\u00e4m\u00e4\u00e4n, tehden siit\u00e4 j\u00e4rkev\u00e4n ja pitk\u00e4aikaisen investoinnin.<\/p>\n<p>&nbsp;<\/p>\n<p><strong>Tekniset tiedot:<\/strong><\/p>\n<div class=\"_tableContainer_1rjym_1\">\n<div class=\"group _tableWrapper_1rjym_13 flex w-fit flex-col-reverse\" tabindex=\"-1\">\n<table class=\"w-fit min-w-(--thread-content-width)\" style=\"height: 605px;\" width=\"868\" data-start=\"1434\" data-end=\"2233\">\n<thead data-start=\"1434\" data-end=\"1455\">\n<tr data-start=\"1434\" data-end=\"1455\">\n<th data-start=\"1434\" data-end=\"1447\" data-col-size=\"sm\">M\u00e4\u00e4rittely<\/th>\n<th data-start=\"1447\" data-end=\"1455\" data-col-size=\"lg\"><\/th>\n<\/tr>\n<\/thead>\n<tbody data-start=\"1479\" data-end=\"2233\">\n<tr data-start=\"1479\" data-end=\"1558\">\n<td data-start=\"1479\" data-end=\"1500\" data-col-size=\"sm\">Rakennusmateriaali<\/td>\n<td data-start=\"1500\" data-end=\"1558\" data-col-size=\"lg\">Sertifioitu luonnollinen pohjoismainen m\u00e4nty tai kuusi<\/td>\n<\/tr>\n<tr data-start=\"1559\" data-end=\"1581\">\n<td data-start=\"1559\" data-end=\"1572\" data-col-size=\"sm\">Lattia-ala<\/td>\n<td data-start=\"1572\" data-end=\"1581\" data-col-size=\"lg\">48 m\u00b2<\/td>\n<\/tr>\n<tr data-start=\"1582\" data-end=\"1648\">\n<td data-start=\"1582\" data-end=\"1609\" data-col-size=\"sm\">Ikkunoiden mitat (L \u00d7 K)<\/td>\n<td data-start=\"1609\" data-end=\"1648\" data-col-size=\"lg\">4 kpl, 50 \u00d7 186 cm (ei avattavissa)<\/td>\n<\/tr>\n<tr data-start=\"1649\" data-end=\"1676\">\n<td data-start=\"1649\" data-end=\"1664\" data-col-size=\"sm\">Kattokorkeus<\/td>\n<td data-start=\"1664\" data-end=\"1676\" data-col-size=\"lg\">236.5 cm<\/td>\n<\/tr>\n<tr data-start=\"1677\" data-end=\"1744\">\n<td data-start=\"1677\" data-end=\"1692\" data-col-size=\"sm\">Kattorakenne<\/td>\n<td data-start=\"1692\" data-end=\"1744\" data-col-size=\"lg\">140\u2013150 mm kattoristikot + 18\u201320 mm ponttilaudat<\/td>\n<\/tr>\n<tr data-start=\"1745\" data-end=\"1768\">\n<td data-start=\"1745\" data-end=\"1754\" data-col-size=\"sm\">Lattia<\/td>\n<td data-start=\"1754\" data-end=\"1768\" data-col-size=\"lg\">Ei sis\u00e4lly<\/td>\n<\/tr>\n<tr data-start=\"1769\" data-end=\"1901\">\n<td data-start=\"1769\" data-end=\"1778\" data-col-size=\"sm\">Sein\u00e4t<\/td>\n<td data-start=\"1778\" data-end=\"1901\" data-col-size=\"lg\">34 mm hirret; vaihtoehtoisesti 70 mm \/ 100 mm puurunko; 25 mm pystyrimoitus + 25 mm vaakarimoitus; 18\u201320 mm ulkoverhous<\/td>\n<\/tr>\n<tr data-start=\"1902\" data-end=\"1950\">\n<td data-start=\"1902\" data-end=\"1923\" data-col-size=\"sm\">Puun k\u00e4sittely<\/td>\n<td data-start=\"1923\" data-end=\"1950\" data-col-size=\"lg\">Saatavana lis\u00e4valintana<\/td>\n<\/tr>\n<tr data-start=\"1951\" data-end=\"1974\">\n<td data-start=\"1951\" data-end=\"1969\" data-col-size=\"sm\">Huoneiden m\u00e4\u00e4r\u00e4<\/td>\n<td data-start=\"1969\" data-end=\"1974\" data-col-size=\"lg\">2<\/td>\n<\/tr>\n<tr data-start=\"1975\" data-end=\"2022\">\n<td data-start=\"1975\" data-end=\"1992\" data-col-size=\"sm\">Autotallin ovi<\/td>\n<td data-start=\"1992\" data-end=\"2022\" data-col-size=\"lg\">240 \u00d7 205 cm (valinnainen)<\/td>\n<\/tr>\n<tr data-start=\"2023\" data-end=\"2075\">\n<td data-start=\"2023\" data-end=\"2041\" data-col-size=\"sm\">Kattomateriaali<\/td>\n<td data-start=\"2041\" data-end=\"2075\" data-col-size=\"lg\">Bitumikatto saatavana erikseen<\/td>\n<\/tr>\n<tr data-start=\"2076\" data-end=\"2104\">\n<td data-start=\"2076\" data-end=\"2088\" data-col-size=\"sm\">Ulkomitat<\/td>\n<td data-start=\"2088\" data-end=\"2104\" data-col-size=\"lg\">809 \u00d7 609 cm<\/td>\n<\/tr>\n<tr data-start=\"2105\" data-end=\"2132\">\n<td data-start=\"2105\" data-end=\"2123\" data-col-size=\"sm\">Katon pinta-ala<\/td>\n<td data-start=\"2123\" data-end=\"2132\" data-col-size=\"lg\">48 m\u00b2<\/td>\n<\/tr>\n<tr data-start=\"2133\" data-end=\"2152\">\n<td data-start=\"2133\" data-end=\"2146\" data-col-size=\"sm\">Kattokulma<\/td>\n<td data-start=\"2146\" data-end=\"2152\" data-col-size=\"lg\">1\u00b0<\/td>\n<\/tr>\n<tr data-start=\"2153\" data-end=\"2189\">\n<td data-start=\"2153\" data-end=\"2177\" data-col-size=\"sm\">V\u00e4himm\u00e4issein\u00e4korkeus<\/td>\n<td data-start=\"2177\" data-end=\"2189\" data-col-size=\"lg\">249.5 cm<\/td>\n<\/tr>\n<tr data-start=\"2190\" data-end=\"2233\">\n<td data-start=\"2190\" data-end=\"2211\" data-col-size=\"sm\">Oven mitat (L \u00d7 K)<\/td>\n<td data-start=\"2211\" data-end=\"2233\" data-col-size=\"lg\">2 kpl, 85 \u00d7 192 cm<\/td>\n<\/tr>\n<\/tbody>\n<\/table>\n<\/div>\n<\/div>\n<p>&nbsp;<\/p>\n<p><strong>Autotallin nosto-ovet (valkoinen, hopea, harmaa, ruskea) 1897,5 \u20ac + ALV<\/strong><\/p>\n<p>&nbsp;<\/p>\n<p><a href=\"https:\/\/factory.sale\/wp-content\/uploads\/2025\/11\/DRW_ST_Silvia_Duo_Plus_8.00x6.00_34C_UK.pdf\" target=\"_blank\" rel=\"noopener\"><strong>Piirustukset PDF<\/strong><\/a><\/p>\n","protected":false},"excerpt":{"rendered":"<p>Puurakenteinen kaksipaikkainen autotalli Scandic DUO PLUS\u00a0yhdist\u00e4\u00e4 tyylin ja k\u00e4yt\u00e4nn\u00f6llisyyden sek\u00e4 tarjoaa lis\u00e4ksi tilavan varaston. S\u00e4ilyt\u00e4 ty\u00f6kalut ja tarvikkeet siististi omassa huoneessa ja pys\u00e4k\u00f6i ajoneuvot turvallisesti 32 m\u00b2 autotalliin. T\u00e4m\u00e4 kompakti ja ymp\u00e4rist\u00f6yst\u00e4v\u00e4llinen malli on suunniteltu kest\u00e4m\u00e4\u00e4n, tehden siit\u00e4 j\u00e4rkev\u00e4n ja pitk\u00e4aikaisen investoinnin.<\/p>\n","protected":false},"featured_media":141149,"comment_status":"open","ping_status":"closed","template":"","meta":{"_acf_changed":false},"factory":[],"free-shipment":[],"product_brand":[],"product_cat":[1339,997],"product_tag":[],"class_list":{"0":"post-132892","1":"product","2":"type-product","3":"status-publish","4":"has-post-thumbnail","6":"product_cat-autokatokset","7":"product_cat-piha-puutarha-fi","9":"first","10":"instock","11":"sale","12":"taxable","13":"shipping-taxable","14":"purchasable","15":"product-type-variable"},"acf":[],"_links":{"self":[{"href":"https:\/\/factory.sale\/fi\/wp-json\/wp\/v2\/product\/132892","targetHints":{"allow":["GET"]}}],"collection":[{"href":"https:\/\/factory.sale\/fi\/wp-json\/wp\/v2\/product"}],"about":[{"href":"https:\/\/factory.sale\/fi\/wp-json\/wp\/v2\/types\/product"}],"replies":[{"embeddable":true,"href":"https:\/\/factory.sale\/fi\/wp-json\/wp\/v2\/comments?post=132892"}],"wp:featuredmedia":[{"embeddable":true,"href":"https:\/\/factory.sale\/fi\/wp-json\/wp\/v2\/media\/141149"}],"wp:attachment":[{"href":"https:\/\/factory.sale\/fi\/wp-json\/wp\/v2\/media?parent=132892"}],"wp:term":[{"taxonomy":"factory","embeddable":true,"href":"https:\/\/factory.sale\/fi\/wp-json\/wp\/v2\/factory?post=132892"},{"taxonomy":"free-shipment","embeddable":true,"href":"https:\/\/factory.sale\/fi\/wp-json\/wp\/v2\/free-shipment?post=132892"},{"taxonomy":"product_brand","embeddable":true,"href":"https:\/\/factory.sale\/fi\/wp-json\/wp\/v2\/product_brand?post=132892"},{"taxonomy":"product_cat","embeddable":true,"href":"https:\/\/factory.sale\/fi\/wp-json\/wp\/v2\/product_cat?post=132892"},{"taxonomy":"product_tag","embeddable":true,"href":"https:\/\/factory.sale\/fi\/wp-json\/wp\/v2\/product_tag?post=132892"}],"curies":[{"name":"wp","href":"https:\/\/api.w.org\/{rel}","templated":true}]}}