{"id":132857,"date":"2025-11-26T15:45:45","date_gmt":"2025-11-26T12:50:32","guid":{"rendered":"https:\/\/factory.sale\/?post_type=product&#038;p=132857"},"modified":"2026-03-04T14:01:34","modified_gmt":"2026-03-04T11:01:34","slug":"kolmipaikkainen-puinen-autokatos-silvia-trio-9x6-m-54-m%c2%b2","status":"publish","type":"product","link":"https:\/\/factory.sale\/fi\/tuote\/kolmipaikkainen-puinen-autokatos-silvia-trio-9x6-m-54-m%c2%b2\/","title":{"rendered":"Kolmipaikkainen puinen autotalli Scandic Triple 9\u00d76 m, 54 m\u00b2"},"content":{"rendered":"<p>Kolmipaikkainen puinen autotalli Scandic Triple tarjoaa kolme tilavaa autopaikkaa tyylikk\u00e4\u00e4ss\u00e4 ja modernissa kokonaisuudessa, jota kelpaa esitell\u00e4. Sen kompaktia ulkon\u00e4k\u00f6\u00e4 korostaa harjakatto sek\u00e4 selke\u00e4t ja siistit linjat. Sis\u00e4tilaa on 49 m\u00b2, mik\u00e4 tarjoaa runsaasti tilaa ajoneuvojen turvalliseen pys\u00e4k\u00f6intiin ja suojaamiseen s\u00e4\u00e4olosuhteilta. Nauti Scandic Triple -mallin mukavuudesta erinomaisella hinnalla!<\/p>\n<p>&nbsp;<\/p>\n<p><strong>Mallin edut:<\/strong><\/p>\n<ul>\n<li>Moderni puuverhous: antaa rakennukselle elegantin ja hienostuneen ilmeen.<\/li>\n<li>Vakaa ja kest\u00e4v\u00e4 autotallin ovi: valinnainen k\u00e4sik\u00e4ytt\u00f6inen nosto-ovi takaa turvallisuuden ja k\u00e4ytt\u00f6mukavuuden.<\/li>\n<li>Kun moderni puinen ulkon\u00e4k\u00f6 yhdistyy vahvaan ja kest\u00e4v\u00e4\u00e4n rakenteeseen, lopputuloksena on sek\u00e4 tyylik\u00e4s ett\u00e4 k\u00e4yt\u00e4nn\u00f6llinen autotalli. Scandic Triple tarjoaa turvallisen ja toimivan ratkaisun auton s\u00e4ilytykseen. Eri koko- ja lis\u00e4varustevaihtoehtojen ansiosta autotalli voidaan r\u00e4\u00e4t\u00e4l\u00f6id\u00e4 t\u00e4ydellisesti omien tarpeidesi mukaan.<\/li>\n<\/ul>\n<p>&nbsp;<\/p>\n<p><strong>Tekniset tiedot:<\/strong><\/p>\n<div class=\"_tableContainer_1rjym_1\">\n<div class=\"group _tableWrapper_1rjym_13 flex w-fit flex-col-reverse\" tabindex=\"-1\">\n<table class=\"w-fit min-w-(--thread-content-width)\" data-start=\"1093\" data-end=\"1677\">\n<thead data-start=\"1093\" data-end=\"1114\">\n<tr data-start=\"1093\" data-end=\"1114\">\n<th data-start=\"1093\" data-end=\"1106\" data-col-size=\"sm\">M\u00e4\u00e4rittely<\/th>\n<th data-start=\"1106\" data-end=\"1114\" data-col-size=\"md\"><\/th>\n<\/tr>\n<\/thead>\n<tbody data-start=\"1138\" data-end=\"1677\">\n<tr data-start=\"1138\" data-end=\"1217\">\n<td data-start=\"1138\" data-end=\"1159\" data-col-size=\"sm\">Rakennusmateriaali<\/td>\n<td data-col-size=\"md\" data-start=\"1159\" data-end=\"1217\">Sertifioitu luonnollinen pohjoismainen m\u00e4nty tai kuusi<\/td>\n<\/tr>\n<tr data-start=\"1218\" data-end=\"1243\">\n<td data-start=\"1218\" data-end=\"1231\" data-col-size=\"sm\">Lattia-ala<\/td>\n<td data-col-size=\"md\" data-start=\"1231\" data-end=\"1243\">49,35 m\u00b2<\/td>\n<\/tr>\n<tr data-start=\"1244\" data-end=\"1294\">\n<td data-start=\"1244\" data-end=\"1271\" data-col-size=\"sm\">Ikkunoiden mitat (L \u00d7 K)<\/td>\n<td data-col-size=\"md\" data-start=\"1271\" data-end=\"1294\">3 kpl, 138 \u00d7 105 cm<\/td>\n<\/tr>\n<tr data-start=\"1295\" data-end=\"1322\">\n<td data-start=\"1295\" data-end=\"1312\" data-col-size=\"sm\">R\u00e4yst\u00e4skorkeus<\/td>\n<td data-col-size=\"md\" data-start=\"1312\" data-end=\"1322\">223 cm<\/td>\n<\/tr>\n<tr data-start=\"1323\" data-end=\"1348\">\n<td data-start=\"1323\" data-end=\"1338\" data-col-size=\"sm\">Harjakorkeus<\/td>\n<td data-col-size=\"md\" data-start=\"1338\" data-end=\"1348\">290 cm<\/td>\n<\/tr>\n<tr data-start=\"1349\" data-end=\"1381\">\n<td data-start=\"1349\" data-end=\"1357\" data-col-size=\"sm\">Katto<\/td>\n<td data-col-size=\"md\" data-start=\"1357\" data-end=\"1381\">18\u201320 mm kattolaudat<\/td>\n<\/tr>\n<tr data-start=\"1382\" data-end=\"1402\">\n<td data-start=\"1382\" data-end=\"1395\" data-col-size=\"sm\">Kattokulma<\/td>\n<td data-col-size=\"md\" data-start=\"1395\" data-end=\"1402\">13\u00b0<\/td>\n<\/tr>\n<tr data-start=\"1403\" data-end=\"1426\">\n<td data-start=\"1403\" data-end=\"1412\" data-col-size=\"sm\">Lattia<\/td>\n<td data-col-size=\"md\" data-start=\"1412\" data-end=\"1426\">Ei sis\u00e4lly<\/td>\n<\/tr>\n<tr data-start=\"1427\" data-end=\"1523\">\n<td data-start=\"1427\" data-end=\"1436\" data-col-size=\"sm\">Sein\u00e4t<\/td>\n<td data-col-size=\"md\" data-start=\"1436\" data-end=\"1523\">34 mm hirsi; 100 mm puurunko; 25 mm pystyrima; 25 mm vaakarima; 18\u201320 mm puuverhous<\/td>\n<\/tr>\n<tr data-start=\"1524\" data-end=\"1547\">\n<td data-start=\"1524\" data-end=\"1542\" data-col-size=\"sm\">Huoneiden m\u00e4\u00e4r\u00e4<\/td>\n<td data-col-size=\"md\" data-start=\"1542\" data-end=\"1547\">1<\/td>\n<\/tr>\n<tr data-start=\"1548\" data-end=\"1595\">\n<td data-start=\"1548\" data-end=\"1565\" data-col-size=\"sm\">Autotallin ovi<\/td>\n<td data-col-size=\"md\" data-start=\"1565\" data-end=\"1595\">240 \u00d7 205 cm (valinnainen)<\/td>\n<\/tr>\n<tr data-start=\"1596\" data-end=\"1648\">\n<td data-start=\"1596\" data-end=\"1614\" data-col-size=\"sm\">Kattomateriaali<\/td>\n<td data-col-size=\"md\" data-start=\"1614\" data-end=\"1648\">Bituumikate saatavana erikseen<\/td>\n<\/tr>\n<tr data-start=\"1649\" data-end=\"1677\">\n<td data-start=\"1649\" data-end=\"1661\" data-col-size=\"sm\">Ulkomitat<\/td>\n<td data-col-size=\"md\" data-start=\"1661\" data-end=\"1677\">909 \u00d7 609 cm<\/td>\n<\/tr>\n<\/tbody>\n<\/table>\n<\/div>\n<\/div>\n<p>&nbsp;<\/p>\n<p><strong>Lis\u00e4ksi saatavilla nosto-ovet (3036 \u20ac + ALV)<\/strong><\/p>\n","protected":false},"excerpt":{"rendered":"<p>Scandic Triple tarjoaa kolme tilavaa autopaikkaa tyylikk\u00e4\u00e4ll\u00e4 ja modernilla kokonaisuudella, jota kelpaa esitell\u00e4. Sen kompaktia ulkon\u00e4k\u00f6\u00e4 korostaa harjakatto sek\u00e4 selke\u00e4t ja siistit linjat. Sis\u00e4ll\u00e4 on 49 m\u00b2 tilaa, mik\u00e4 tarjoaa runsaasti tilaa ajoneuvojen turvalliseen pys\u00e4k\u00f6intiin ja suojaamiseen s\u00e4\u00e4olosuhteilta. Nauti Scandic Triple -mallin mukavuudesta erinomaisella hinnalla!<\/p>\n","protected":false},"featured_media":141116,"comment_status":"open","ping_status":"closed","template":"","meta":{"_acf_changed":false},"factory":[],"free-shipment":[],"product_brand":[],"product_cat":[1339,997],"product_tag":[1488,1489],"class_list":{"0":"post-132857","1":"product","2":"type-product","3":"status-publish","4":"has-post-thumbnail","6":"product_cat-autokatokset","7":"product_cat-piha-puutarha-fi","8":"product_tag-garden-fi","9":"product_tag-yard-fi","11":"first","12":"instock","13":"sale","14":"taxable","15":"shipping-taxable","16":"purchasable","17":"product-type-simple"},"acf":[],"_links":{"self":[{"href":"https:\/\/factory.sale\/fi\/wp-json\/wp\/v2\/product\/132857","targetHints":{"allow":["GET"]}}],"collection":[{"href":"https:\/\/factory.sale\/fi\/wp-json\/wp\/v2\/product"}],"about":[{"href":"https:\/\/factory.sale\/fi\/wp-json\/wp\/v2\/types\/product"}],"replies":[{"embeddable":true,"href":"https:\/\/factory.sale\/fi\/wp-json\/wp\/v2\/comments?post=132857"}],"wp:featuredmedia":[{"embeddable":true,"href":"https:\/\/factory.sale\/fi\/wp-json\/wp\/v2\/media\/141116"}],"wp:attachment":[{"href":"https:\/\/factory.sale\/fi\/wp-json\/wp\/v2\/media?parent=132857"}],"wp:term":[{"taxonomy":"factory","embeddable":true,"href":"https:\/\/factory.sale\/fi\/wp-json\/wp\/v2\/factory?post=132857"},{"taxonomy":"free-shipment","embeddable":true,"href":"https:\/\/factory.sale\/fi\/wp-json\/wp\/v2\/free-shipment?post=132857"},{"taxonomy":"product_brand","embeddable":true,"href":"https:\/\/factory.sale\/fi\/wp-json\/wp\/v2\/product_brand?post=132857"},{"taxonomy":"product_cat","embeddable":true,"href":"https:\/\/factory.sale\/fi\/wp-json\/wp\/v2\/product_cat?post=132857"},{"taxonomy":"product_tag","embeddable":true,"href":"https:\/\/factory.sale\/fi\/wp-json\/wp\/v2\/product_tag?post=132857"}],"curies":[{"name":"wp","href":"https:\/\/api.w.org\/{rel}","templated":true}]}}