{"id":132837,"date":"2025-11-26T15:23:04","date_gmt":"2025-11-26T12:25:03","guid":{"rendered":"https:\/\/factory.sale\/?post_type=product&#038;p=132837"},"modified":"2026-02-06T10:07:18","modified_gmt":"2026-02-06T07:07:18","slug":"yksiosainen-tasakattoinen-autokatos-silvia-f-34-mm-puuverhous-6x6-m-36-m%c2%b2","status":"publish","type":"product","link":"https:\/\/factory.sale\/fi\/tuote\/yksiosainen-tasakattoinen-autokatos-silvia-f-34-mm-puuverhous-6x6-m-36-m%c2%b2\/","title":{"rendered":"Yksiosainen tasakattoinen autotalli SILVIA F (34 mm + puuverhous), 6\u00d76 m, 36 m\u00b2"},"content":{"rendered":"<p>Silvia-autotalli on yksi mallistomme uusimmista malleista. Sen ominaisuuksiin kuuluvat minimalistinen muotoilu, moderni puuverhous ja tasakatto. Jos etsit eleganttia ja tyylik\u00e4st\u00e4 ratkaisua ajoneuvosi s\u00e4ilytykseen, t\u00e4m\u00e4 vieh\u00e4tt\u00e4v\u00e4 autotallimalli on erinomainen valinta. SILVIA-autotalli yhdist\u00e4\u00e4 selke\u00e4n ulkon\u00e4\u00f6n ja k\u00e4yt\u00e4nn\u00f6llisen rakenteen, tarjoten runsaasti toimivuutta ja tyylikkyytt\u00e4.<\/p>\n<p>&nbsp;<\/p>\n<p><strong>Mallin edut:<\/strong><\/p>\n<ul>\n<li>Moderni puuverhous: antaa rakennukselle viimeistellyn ja eksklusiivisen ilmeen.<\/li>\n<li>Vakaa ja kest\u00e4v\u00e4 autotallin ovi: valinnainen k\u00e4sik\u00e4ytt\u00f6inen nosto-ovi tarjoaa turvallisuutta ja k\u00e4ytt\u00f6mukavuutta.<\/li>\n<li>Kun moderni puuilme yhdistyy vahvaan ja pitk\u00e4ik\u00e4iseen rakenteeseen, lopputulos on eritt\u00e4in houkutteleva. SILVIA-autotalli tekee vaikutuksen yksinkertaisella mutta toimivalla muotoilullaan, tarjoten turvallisen ja k\u00e4yt\u00e4nn\u00f6llisen s\u00e4ilytystilan autollesi. Malli on saatavilla eri kokoisena ja useilla lis\u00e4varusteilla, jotta se voidaan r\u00e4\u00e4t\u00e4l\u00f6id\u00e4 t\u00e4ydellisesti sinun tarpeisiisi.<\/li>\n<\/ul>\n<p>&nbsp;<\/p>\n<p><strong>Tekniset tiedot:<\/strong><\/p>\n<div class=\"_tableContainer_1rjym_1\">\n<div class=\"group _tableWrapper_1rjym_13 flex w-fit flex-col-reverse\" tabindex=\"-1\">\n<table class=\"w-fit min-w-(--thread-content-width)\" style=\"height: 466px;\" width=\"862\" data-start=\"1181\" data-end=\"1736\">\n<thead data-start=\"1181\" data-end=\"1202\">\n<tr data-start=\"1181\" data-end=\"1202\">\n<th data-start=\"1181\" data-end=\"1194\" data-col-size=\"sm\">M\u00e4\u00e4rittely<\/th>\n<th data-start=\"1194\" data-end=\"1202\" data-col-size=\"lg\"><\/th>\n<\/tr>\n<\/thead>\n<tbody data-start=\"1226\" data-end=\"1736\">\n<tr data-start=\"1226\" data-end=\"1305\">\n<td data-start=\"1226\" data-end=\"1247\" data-col-size=\"sm\">Rakennusmateriaali<\/td>\n<td data-start=\"1247\" data-end=\"1305\" data-col-size=\"lg\">Sertifioitu luonnollinen pohjoismainen m\u00e4nty tai kuusi<\/td>\n<\/tr>\n<tr data-start=\"1306\" data-end=\"1328\">\n<td data-start=\"1306\" data-end=\"1319\" data-col-size=\"sm\">Lattia-ala<\/td>\n<td data-start=\"1319\" data-end=\"1328\" data-col-size=\"lg\">36 m\u00b2<\/td>\n<\/tr>\n<tr data-start=\"1329\" data-end=\"1370\">\n<td data-start=\"1329\" data-end=\"1348\" data-col-size=\"sm\">Ikkunoiden mitat<\/td>\n<td data-start=\"1348\" data-end=\"1370\" data-col-size=\"lg\">2 kpl, 50 \u00d7 186 cm<\/td>\n<\/tr>\n<tr data-start=\"1371\" data-end=\"1391\">\n<td data-start=\"1371\" data-end=\"1381\" data-col-size=\"sm\">Korkeus<\/td>\n<td data-start=\"1381\" data-end=\"1391\" data-col-size=\"lg\">250 cm<\/td>\n<\/tr>\n<tr data-start=\"1392\" data-end=\"1424\">\n<td data-start=\"1392\" data-end=\"1400\" data-col-size=\"sm\">Katto<\/td>\n<td data-start=\"1400\" data-end=\"1424\" data-col-size=\"lg\">18\u201320 mm kattolaudat<\/td>\n<\/tr>\n<tr data-start=\"1425\" data-end=\"1448\">\n<td data-start=\"1425\" data-end=\"1434\" data-col-size=\"sm\">Lattia<\/td>\n<td data-start=\"1434\" data-end=\"1448\" data-col-size=\"lg\">Ei sis\u00e4lly<\/td>\n<\/tr>\n<tr data-start=\"1449\" data-end=\"1563\">\n<td data-start=\"1449\" data-end=\"1458\" data-col-size=\"sm\">Sein\u00e4t<\/td>\n<td data-start=\"1458\" data-end=\"1563\" data-col-size=\"lg\">34 mm hirret; valinnainen 70 mm \/ 100 mm puurunko; 25 mm pysty- ja vaakaverhous; 18\u201320 mm ulkoverhous<\/td>\n<\/tr>\n<tr data-start=\"1564\" data-end=\"1598\">\n<td data-start=\"1564\" data-end=\"1585\" data-col-size=\"sm\">Puun k\u00e4sittely<\/td>\n<td data-start=\"1585\" data-end=\"1598\" data-col-size=\"lg\">Saatavana<\/td>\n<\/tr>\n<tr data-start=\"1599\" data-end=\"1622\">\n<td data-start=\"1599\" data-end=\"1617\" data-col-size=\"sm\">Huoneiden m\u00e4\u00e4r\u00e4<\/td>\n<td data-start=\"1617\" data-end=\"1622\" data-col-size=\"lg\">1<\/td>\n<\/tr>\n<tr data-start=\"1623\" data-end=\"1670\">\n<td data-start=\"1623\" data-end=\"1640\" data-col-size=\"sm\">Autotallin ovi<\/td>\n<td data-start=\"1640\" data-end=\"1670\" data-col-size=\"lg\">240 \u00d7 205 cm (valinnainen)<\/td>\n<\/tr>\n<tr data-start=\"1671\" data-end=\"1707\">\n<td data-start=\"1671\" data-end=\"1685\" data-col-size=\"sm\">Bitumikatto<\/td>\n<td data-start=\"1685\" data-end=\"1707\" data-col-size=\"lg\">Saatavana erikseen<\/td>\n<\/tr>\n<tr data-start=\"1708\" data-end=\"1736\">\n<td data-start=\"1708\" data-end=\"1720\" data-col-size=\"sm\">Ulkomitat<\/td>\n<td data-start=\"1720\" data-end=\"1736\" data-col-size=\"lg\">595 \u00d7 595 cm<\/td>\n<\/tr>\n<\/tbody>\n<\/table>\n<\/div>\n<\/div>\n<p>&nbsp;<\/p>\n<p><strong>Eristyspaketit ja vahvistetut kattoratkaisut ovat my\u00f6s saatavilla. Ota meihin yhteytt\u00e4 ja kysy lis\u00e4tietoja!<\/strong><\/p>\n","protected":false},"excerpt":{"rendered":"<p>Silvia-autotalli on yksi mallistomme uusimmista malleista. Sen ominaisuuksiin kuuluvat minimalistinen muotoilu, moderni puuverhous ja tasakatto. Jos etsit eleganttia ja tyylik\u00e4st\u00e4 ratkaisua ajoneuvosi s\u00e4ilytykseen, t\u00e4m\u00e4 vieh\u00e4tt\u00e4v\u00e4 autotallimalli on erinomainen valinta. SILVIA-autotalli yhdist\u00e4\u00e4 selke\u00e4n ulkon\u00e4\u00f6n ja k\u00e4yt\u00e4nn\u00f6llisen rakenteen, tarjoten runsaasti toimivuutta ja tyylikkyytt\u00e4.<\/p>\n","protected":false},"featured_media":132827,"comment_status":"open","ping_status":"closed","template":"","meta":{"_acf_changed":false},"factory":[],"free-shipment":[],"product_brand":[],"product_cat":[1339,997],"product_tag":[1488,1489],"class_list":{"0":"post-132837","1":"product","2":"type-product","3":"status-publish","4":"has-post-thumbnail","6":"product_cat-autokatokset","7":"product_cat-piha-puutarha-fi","8":"product_tag-garden-fi","9":"product_tag-yard-fi","11":"first","12":"instock","13":"sale","14":"taxable","15":"shipping-taxable","16":"purchasable","17":"product-type-variable"},"acf":[],"_links":{"self":[{"href":"https:\/\/factory.sale\/fi\/wp-json\/wp\/v2\/product\/132837","targetHints":{"allow":["GET"]}}],"collection":[{"href":"https:\/\/factory.sale\/fi\/wp-json\/wp\/v2\/product"}],"about":[{"href":"https:\/\/factory.sale\/fi\/wp-json\/wp\/v2\/types\/product"}],"replies":[{"embeddable":true,"href":"https:\/\/factory.sale\/fi\/wp-json\/wp\/v2\/comments?post=132837"}],"wp:featuredmedia":[{"embeddable":true,"href":"https:\/\/factory.sale\/fi\/wp-json\/wp\/v2\/media\/132827"}],"wp:attachment":[{"href":"https:\/\/factory.sale\/fi\/wp-json\/wp\/v2\/media?parent=132837"}],"wp:term":[{"taxonomy":"factory","embeddable":true,"href":"https:\/\/factory.sale\/fi\/wp-json\/wp\/v2\/factory?post=132837"},{"taxonomy":"free-shipment","embeddable":true,"href":"https:\/\/factory.sale\/fi\/wp-json\/wp\/v2\/free-shipment?post=132837"},{"taxonomy":"product_brand","embeddable":true,"href":"https:\/\/factory.sale\/fi\/wp-json\/wp\/v2\/product_brand?post=132837"},{"taxonomy":"product_cat","embeddable":true,"href":"https:\/\/factory.sale\/fi\/wp-json\/wp\/v2\/product_cat?post=132837"},{"taxonomy":"product_tag","embeddable":true,"href":"https:\/\/factory.sale\/fi\/wp-json\/wp\/v2\/product_tag?post=132837"}],"curies":[{"name":"wp","href":"https:\/\/api.w.org\/{rel}","templated":true}]}}