{"id":132817,"date":"2025-11-26T14:27:30","date_gmt":"2025-11-26T11:52:12","guid":{"rendered":"https:\/\/factory.sale\/?post_type=product&#038;p=132817"},"modified":"2026-02-06T09:59:20","modified_gmt":"2026-02-06T06:59:20","slug":"autokatos-tasakatolla-silvia-duo-f-34-mm-puuverhous-6x6-m-36-m%c2%b2","status":"publish","type":"product","link":"https:\/\/factory.sale\/fi\/tuote\/autokatos-tasakatolla-silvia-duo-f-34-mm-puuverhous-6x6-m-36-m%c2%b2\/","title":{"rendered":"Autokatos tasakatolla SILVIA DUO F (34 mm + puuverhous), 6\u00d76 m, 36 m\u00b2"},"content":{"rendered":"<p>SILVIA-autokatos on yksi mallistomme uusimmista lis\u00e4yksist\u00e4. Sille on ominaista tyylik\u00e4s ja minimalistinen muotoilu, moderni puuverhous sek\u00e4 tasakatto. Jos etsit eleganttia ja modernia ratkaisua ajoneuvon s\u00e4ilytykseen, t\u00e4m\u00e4 malli on erinomainen vaihtoehto \u2014 sill\u00e4 on paljon tarjottavaa!<\/p>\n<p>&nbsp;<\/p>\n<p><strong>Mallin edut:<\/strong><\/p>\n<ul>\n<li>Moderni puuverhous: antaa rakennukselle ylellisen ja viimeistellyn ulkon\u00e4\u00f6n.<\/li>\n<li>Vakaa ja tukeva autotallin ovi: valinnainen k\u00e4sik\u00e4ytt\u00f6inen nosto-ovi tarjoaa maksimaalisen turvallisuuden ja k\u00e4ytt\u00f6mukavuuden.<\/li>\n<li>SILVIA-autotalli yhdist\u00e4\u00e4 modernin puudesignin ja kest\u00e4v\u00e4n rakenteen, tehden siit\u00e4 sek\u00e4 tyylikk\u00e4\u00e4n ett\u00e4 k\u00e4yt\u00e4nn\u00f6llisen. Se tarjoaa turvallisen ja tehokkaan ratkaisun auton s\u00e4ilytt\u00e4miseen. Kokoa ja lis\u00e4varusteita mukauttamalla muotoilu voidaan r\u00e4\u00e4t\u00e4l\u00f6id\u00e4 t\u00e4ydellisesti henkil\u00f6kohtaisiin tarpeisiisi.<\/li>\n<\/ul>\n<p>&nbsp;<\/p>\n<p><strong>Tekniset tiedot:<\/strong><\/p>\n<div class=\"_tableContainer_1rjym_1\">\n<div class=\"group _tableWrapper_1rjym_13 flex w-fit flex-col-reverse\" tabindex=\"-1\">\n<table class=\"w-fit min-w-(--thread-content-width)\" data-start=\"1011\" data-end=\"1627\">\n<thead data-start=\"1011\" data-end=\"1032\">\n<tr data-start=\"1011\" data-end=\"1032\">\n<th data-start=\"1011\" data-end=\"1024\" data-col-size=\"sm\">M\u00e4\u00e4rittely<\/th>\n<th data-start=\"1024\" data-end=\"1032\" data-col-size=\"lg\"><\/th>\n<\/tr>\n<\/thead>\n<tbody data-start=\"1056\" data-end=\"1627\">\n<tr data-start=\"1056\" data-end=\"1135\">\n<td data-start=\"1056\" data-end=\"1077\" data-col-size=\"sm\">Rakennusmateriaali<\/td>\n<td data-col-size=\"lg\" data-start=\"1077\" data-end=\"1135\">Sertifioitu luonnollinen pohjoismainen m\u00e4nty tai kuusi<\/td>\n<\/tr>\n<tr data-start=\"1136\" data-end=\"1158\">\n<td data-start=\"1136\" data-end=\"1149\" data-col-size=\"sm\">Lattia-ala<\/td>\n<td data-col-size=\"lg\" data-start=\"1149\" data-end=\"1158\">36 m\u00b2<\/td>\n<\/tr>\n<tr data-start=\"1159\" data-end=\"1208\">\n<td data-start=\"1159\" data-end=\"1186\" data-col-size=\"sm\">Ikkunoiden mitat (L \u00d7 K)<\/td>\n<td data-col-size=\"lg\" data-start=\"1186\" data-end=\"1208\">2 kpl, 50 \u00d7 186 cm<\/td>\n<\/tr>\n<tr data-start=\"1209\" data-end=\"1233\">\n<td data-start=\"1209\" data-end=\"1223\" data-col-size=\"sm\">Sis\u00e4korkeus<\/td>\n<td data-col-size=\"lg\" data-start=\"1223\" data-end=\"1233\">250 cm<\/td>\n<\/tr>\n<tr data-start=\"1234\" data-end=\"1266\">\n<td data-start=\"1234\" data-end=\"1242\" data-col-size=\"sm\">Katto<\/td>\n<td data-col-size=\"lg\" data-start=\"1242\" data-end=\"1266\">18\u201320 mm kattolaudat<\/td>\n<\/tr>\n<tr data-start=\"1267\" data-end=\"1290\">\n<td data-start=\"1267\" data-end=\"1276\" data-col-size=\"sm\">Lattia<\/td>\n<td data-col-size=\"lg\" data-start=\"1276\" data-end=\"1290\">Ei sis\u00e4lly<\/td>\n<\/tr>\n<tr data-start=\"1291\" data-end=\"1418\">\n<td data-start=\"1291\" data-end=\"1300\" data-col-size=\"sm\">Sein\u00e4t<\/td>\n<td data-col-size=\"lg\" data-start=\"1300\" data-end=\"1418\">34 mm hirret; valinnainen 70 mm \/ 100 mm puurunko; 25 mm pystysuora ja vaakasuora puuverhous; 18\u201320 mm ulkoverhous<\/td>\n<\/tr>\n<tr data-start=\"1419\" data-end=\"1471\">\n<td data-start=\"1419\" data-end=\"1444\" data-col-size=\"sm\">Puun k\u00e4sittely<\/td>\n<td data-col-size=\"lg\" data-start=\"1444\" data-end=\"1471\">Saatavana lis\u00e4valintana<\/td>\n<\/tr>\n<tr data-start=\"1472\" data-end=\"1495\">\n<td data-start=\"1472\" data-end=\"1490\" data-col-size=\"sm\">Huoneiden m\u00e4\u00e4r\u00e4<\/td>\n<td data-col-size=\"lg\" data-start=\"1490\" data-end=\"1495\">1<\/td>\n<\/tr>\n<tr data-start=\"1496\" data-end=\"1543\">\n<td data-start=\"1496\" data-end=\"1513\" data-col-size=\"sm\">Autotallin ovi<\/td>\n<td data-col-size=\"lg\" data-start=\"1513\" data-end=\"1543\">240 \u00d7 205 cm (valinnainen)<\/td>\n<\/tr>\n<tr data-start=\"1544\" data-end=\"1598\">\n<td data-start=\"1544\" data-end=\"1562\" data-col-size=\"sm\">Kattomateriaali<\/td>\n<td data-col-size=\"lg\" data-start=\"1562\" data-end=\"1598\">Bitumikate ostettavissa erikseen<\/td>\n<\/tr>\n<tr data-start=\"1599\" data-end=\"1627\">\n<td data-start=\"1599\" data-end=\"1611\" data-col-size=\"sm\">Ulkomitat<\/td>\n<td data-col-size=\"lg\" data-start=\"1611\" data-end=\"1627\">595 \u00d7 595 cm<\/td>\n<\/tr>\n<\/tbody>\n<\/table>\n<\/div>\n<\/div>\n<p>&nbsp;<\/p>\n<p>&nbsp;<\/p>\n<p><strong>Saatavilla eristyssarjoja ja vahvistettuja kattoja. Ota meihin yhteytt\u00e4 ja kysy lis\u00e4tietoja!<\/strong><\/p>\n","protected":false},"excerpt":{"rendered":"<p>SILVIA-autokatos on yksi mallistomme uusimmista lis\u00e4yksist\u00e4. Sille on ominaista tyylik\u00e4s ja minimalistinen muotoilu, moderni puuverhous sek\u00e4 tasakatto. Jos etsit eleganttia ja modernia ratkaisua ajoneuvon s\u00e4ilytykseen, t\u00e4m\u00e4 malli on erinomainen vaihtoehto \u2014 sill\u00e4 on paljon tarjottavaa!<\/p>\n","protected":false},"featured_media":132787,"comment_status":"open","ping_status":"closed","template":"","meta":{"_acf_changed":false},"factory":[],"free-shipment":[],"product_brand":[],"product_cat":[1339,997],"product_tag":[],"class_list":{"0":"post-132817","1":"product","2":"type-product","3":"status-publish","4":"has-post-thumbnail","6":"product_cat-autokatokset","7":"product_cat-piha-puutarha-fi","9":"first","10":"instock","11":"sale","12":"taxable","13":"shipping-taxable","14":"purchasable","15":"product-type-variable"},"acf":[],"_links":{"self":[{"href":"https:\/\/factory.sale\/fi\/wp-json\/wp\/v2\/product\/132817","targetHints":{"allow":["GET"]}}],"collection":[{"href":"https:\/\/factory.sale\/fi\/wp-json\/wp\/v2\/product"}],"about":[{"href":"https:\/\/factory.sale\/fi\/wp-json\/wp\/v2\/types\/product"}],"replies":[{"embeddable":true,"href":"https:\/\/factory.sale\/fi\/wp-json\/wp\/v2\/comments?post=132817"}],"wp:featuredmedia":[{"embeddable":true,"href":"https:\/\/factory.sale\/fi\/wp-json\/wp\/v2\/media\/132787"}],"wp:attachment":[{"href":"https:\/\/factory.sale\/fi\/wp-json\/wp\/v2\/media?parent=132817"}],"wp:term":[{"taxonomy":"factory","embeddable":true,"href":"https:\/\/factory.sale\/fi\/wp-json\/wp\/v2\/factory?post=132817"},{"taxonomy":"free-shipment","embeddable":true,"href":"https:\/\/factory.sale\/fi\/wp-json\/wp\/v2\/free-shipment?post=132817"},{"taxonomy":"product_brand","embeddable":true,"href":"https:\/\/factory.sale\/fi\/wp-json\/wp\/v2\/product_brand?post=132817"},{"taxonomy":"product_cat","embeddable":true,"href":"https:\/\/factory.sale\/fi\/wp-json\/wp\/v2\/product_cat?post=132817"},{"taxonomy":"product_tag","embeddable":true,"href":"https:\/\/factory.sale\/fi\/wp-json\/wp\/v2\/product_tag?post=132817"}],"curies":[{"name":"wp","href":"https:\/\/api.w.org\/{rel}","templated":true}]}}