{"id":132731,"date":"2025-11-25T16:31:18","date_gmt":"2025-11-25T13:32:13","guid":{"rendered":"https:\/\/factory.sale\/?post_type=product&#038;p=132731"},"modified":"2026-03-16T17:07:16","modified_gmt":"2026-03-16T14:07:16","slug":"autokatos-matkailuautolle-44-mm-4x8-m-32-m%c2%b2","status":"publish","type":"product","link":"https:\/\/factory.sale\/fi\/tuote\/autokatos-matkailuautolle-44-mm-4x8-m-32-m%c2%b2\/","title":{"rendered":"Autohalli matkailuautolle (44 mm), 4\u00d78 m &#8211; 29,29 m2"},"content":{"rendered":"<p><strong>Miksi valita korkea puinen autotalli<\/strong><\/p>\n<p>Jos rakastat matkustamista asuntovaunun, matkailuauton tai pientraktorin kanssa, tied\u00e4t kuinka t\u00e4rke\u00e4\u00e4 on pit\u00e4\u00e4 ajoneuvo suojassa ja valmiina seuraavaa matkaa varten. T\u00e4m\u00e4 korkea puinen autotalli, joka on valmistettu sertifioidusta pohjoismaisesta m\u00e4nnyst\u00e4, on suunniteltu erityisesti korkeammille ajoneuvoille ja tarjoaa samalla erinomaisen kest\u00e4vyyden, turvallisuuden ja s\u00e4\u00e4suojan.<\/p>\n<p>44 mm sein\u00e4vahvuus, vahva puurunkoinen rakenne ja 3,17 m korkea sis\u00e4\u00e4najo takaavat, ett\u00e4 matkailuautosi tai asuntovaunusi on suojassa sateelta, lumelta, UV-s\u00e4teilt\u00e4, p\u00f6lylt\u00e4 ja varkauksilta. Tilava 29,29 m2 talli tarjoaa runsaasti tilaa sek\u00e4 veneille, ajoneuvolle ett\u00e4 ty\u00f6kaluille, varusteille ja matkatarvikkeille.<br \/>\nMuokattavan rakenteen ansiosta voit valita lis\u00e4varusteita kuten nosto-ovet, PVC-ikkunat ja -ulko-ovet, bitumikatto tai sadevesij\u00e4rjestelm\u00e4. N\u00e4in saat t\u00e4yden hallinnan toiminnallisuudesta ja mukavuudesta.<br \/>\nOlipa kyseess\u00e4 matkailuauton talvis\u00e4ilytys tai valmius spontaaniin seikkailuun, t\u00e4m\u00e4 korkea puinen autotalli yhdist\u00e4\u00e4 k\u00e4yt\u00e4nn\u00f6llisyyden, lujuuden ja ajattoman ulkon\u00e4\u00f6n \u2014 tehden siit\u00e4 arvokkaan pitk\u00e4aikaisen sijoituksen mihin tahansa pihapiiriin.<\/p>\n<p>&nbsp;<\/p>\n<p><strong>Tekniset tiedot:<\/strong><\/p>\n<div class=\"_tableContainer_1rjym_1\">\n<div class=\"group _tableWrapper_1rjym_13 flex w-fit flex-col-reverse\" tabindex=\"-1\">\n<table class=\"w-fit min-w-(--thread-content-width)\" style=\"height: 514px;\" width=\"678\" data-start=\"1314\" data-end=\"1950\">\n<thead data-start=\"1314\" data-end=\"1335\">\n<tr data-start=\"1314\" data-end=\"1335\">\n<th data-start=\"1314\" data-end=\"1327\" data-col-size=\"sm\">M\u00e4\u00e4rittely<\/th>\n<th data-start=\"1327\" data-end=\"1335\" data-col-size=\"md\">Arvo<\/th>\n<\/tr>\n<\/thead>\n<tbody data-start=\"1358\" data-end=\"1950\">\n<tr data-start=\"1358\" data-end=\"1427\">\n<td data-start=\"1358\" data-end=\"1379\" data-col-size=\"sm\">Rakennusmateriaali<\/td>\n<td data-col-size=\"md\" data-start=\"1379\" data-end=\"1427\">Sertifioitu luonnollinen pohjoismainen m\u00e4nty<\/td>\n<\/tr>\n<tr data-start=\"1428\" data-end=\"1460\">\n<td data-start=\"1428\" data-end=\"1436\" data-col-size=\"sm\">Katto<\/td>\n<td data-col-size=\"md\" data-start=\"1436\" data-end=\"1460\">18\u201320 mm kattolaudat<\/td>\n<\/tr>\n<tr data-start=\"1461\" data-end=\"1504\">\n<td data-start=\"1461\" data-end=\"1479\" data-col-size=\"sm\">Kattovaihtoehto<\/td>\n<td data-col-size=\"md\" data-start=\"1479\" data-end=\"1504\">\u00a0Huopakatto saatavana<\/td>\n<\/tr>\n<tr data-start=\"1505\" data-end=\"1531\">\n<td data-start=\"1505\" data-end=\"1522\" data-col-size=\"sm\">Kattopinta-ala<\/td>\n<td data-col-size=\"md\" data-start=\"1522\" data-end=\"1531\">29,29 m2 (mitattuna hirren keskikohdasta)<\/td>\n<\/tr>\n<tr data-start=\"1532\" data-end=\"1554\">\n<td data-start=\"1532\" data-end=\"1545\" data-col-size=\"sm\">Kattokulma<\/td>\n<td data-col-size=\"md\" data-start=\"1545\" data-end=\"1554\">12,2\u00b0<\/td>\n<\/tr>\n<tr data-start=\"1555\" data-end=\"1583\">\n<td data-start=\"1555\" data-end=\"1567\" data-col-size=\"sm\">Ulkomitat<\/td>\n<td data-start=\"1567\" data-end=\"1583\" data-col-size=\"md\">400 \u00d7 800 cm<\/td>\n<\/tr>\n<tr data-start=\"1584\" data-end=\"1612\">\n<td data-start=\"1584\" data-end=\"1596\" data-col-size=\"sm\">Sis\u00e4mitat<\/td>\n<td data-start=\"1596\" data-end=\"1612\" data-col-size=\"md\">371 \u00d7 771 cm<\/td>\n<\/tr>\n<tr data-start=\"1613\" data-end=\"1637\">\n<td data-start=\"1613\" data-end=\"1628\" data-col-size=\"sm\">Sein\u00e4vahvuus<\/td>\n<td data-start=\"1628\" data-end=\"1637\" data-col-size=\"md\">44 mm<\/td>\n<\/tr>\n<tr data-start=\"1638\" data-end=\"1672\">\n<td data-start=\"1638\" data-end=\"1662\" data-col-size=\"sm\">V\u00e4himm\u00e4issein\u00e4korkeus<\/td>\n<td data-start=\"1662\" data-end=\"1672\" data-col-size=\"md\">344 cm<\/td>\n<\/tr>\n<tr data-start=\"1673\" data-end=\"1698\">\n<td data-start=\"1673\" data-end=\"1688\" data-col-size=\"sm\">Harjakorkeus<\/td>\n<td data-start=\"1688\" data-end=\"1698\" data-col-size=\"md\">385 cm<\/td>\n<\/tr>\n<tr data-start=\"1699\" data-end=\"1735\">\n<td data-start=\"1699\" data-end=\"1720\" data-col-size=\"sm\">Oven mitat (L \u00d7 K)<\/td>\n<td data-start=\"1720\" data-end=\"1735\" data-col-size=\"md\">85 \u00d7 192 cm<\/td>\n<\/tr>\n<tr data-start=\"1736\" data-end=\"1801\">\n<td data-start=\"1736\" data-end=\"1753\" data-col-size=\"sm\">Autotallin ovi<\/td>\n<td data-start=\"1753\" data-end=\"1801\" data-col-size=\"md\">Ei sis\u00e4lly \u2014 valinnainen nosto-ovi saatavana<\/td>\n<\/tr>\n<tr data-start=\"1802\" data-end=\"1852\">\n<td data-start=\"1802\" data-end=\"1821\" data-col-size=\"sm\">Sis\u00e4\u00e4najon aukko<\/td>\n<td data-start=\"1821\" data-end=\"1852\" data-col-size=\"md\">2,7 m leve\u00e4 \u00d7 3,17 m korkea<\/td>\n<\/tr>\n<tr data-start=\"1853\" data-end=\"1902\">\n<td data-start=\"1853\" data-end=\"1880\" data-col-size=\"sm\">Ikkunoiden mitat (L \u00d7 K)<\/td>\n<td data-start=\"1880\" data-end=\"1902\" data-col-size=\"md\">2 \u00d7 (138 \u00d7 105 cm)<\/td>\n<\/tr>\n<tr data-start=\"1903\" data-end=\"1926\">\n<td data-start=\"1903\" data-end=\"1921\" data-col-size=\"sm\">Huoneiden m\u00e4\u00e4r\u00e4<\/td>\n<td data-start=\"1921\" data-end=\"1926\" data-col-size=\"md\">1<\/td>\n<\/tr>\n<tr data-start=\"1927\" data-end=\"1950\">\n<td data-start=\"1927\" data-end=\"1936\" data-col-size=\"sm\">Lattia<\/td>\n<td data-start=\"1936\" data-end=\"1950\" data-col-size=\"md\">Ei sis\u00e4lly<\/td>\n<\/tr>\n<\/tbody>\n<\/table>\n<\/div>\n<\/div>\n<p>&nbsp;<\/p>\n<p><strong>Lis\u00e4varusteet (hinnat ilman ALV):<\/strong><\/p>\n<p>Bitumikatto + aluskate: 523,25 \u20ac<\/p>\n<p>Sadevesikourut: 460 \u20ac<\/p>\n<p>Valkoiset PVC-ikkunat ja ulko-ovet (puisten sijaan): 2 840,5 \u20ac<\/p>\n<p>Nosto-ovi: 1 357 \u20ac<\/p>\n<p>&nbsp;<\/p>\n<p>&nbsp;<\/p>\n<p><iframe loading=\"lazy\" title=\"YouTube video\" src=\"\/\/www.youtube.com\/embed\/9S4j3SFXrjM?autoplay=1&amp;mute=1&amp;controls=1&amp;loop=1&amp;playlist=9S4j3SFXrjM\" width=\"800\" height=\"315\" frameborder=\"0\" allowfullscreen=\"allowfullscreen\" data-mce-fragment=\"1\"><\/iframe><\/p>\n","protected":false},"excerpt":{"rendered":"<p>Korkea puinen autotalli 4\u00d78 m \u2014 tilava 29,29 m2 ratkaisu asuntovaunuille, matkailuautoille ja traktoreille. Kest\u00e4v\u00e4 44 mm pohjoismainen m\u00e4nty, korkea sis\u00e4\u00e4najo ja monipuoliset ovi\u00advaihtoehdot.<\/p>\n<p>T\u00e4h\u00e4n rakennukseen ei tarvitse rakennuslupaa!<\/p>\n","protected":false},"featured_media":132734,"comment_status":"open","ping_status":"closed","template":"","meta":{"_acf_changed":false},"factory":[],"free-shipment":[],"product_brand":[],"product_cat":[1339,997],"product_tag":[],"class_list":{"0":"post-132731","1":"product","2":"type-product","3":"status-publish","4":"has-post-thumbnail","6":"product_cat-autokatokset","7":"product_cat-piha-puutarha-fi","9":"first","10":"instock","11":"sale","12":"taxable","13":"shipping-taxable","14":"purchasable","15":"product-type-simple"},"acf":[],"_links":{"self":[{"href":"https:\/\/factory.sale\/fi\/wp-json\/wp\/v2\/product\/132731","targetHints":{"allow":["GET"]}}],"collection":[{"href":"https:\/\/factory.sale\/fi\/wp-json\/wp\/v2\/product"}],"about":[{"href":"https:\/\/factory.sale\/fi\/wp-json\/wp\/v2\/types\/product"}],"replies":[{"embeddable":true,"href":"https:\/\/factory.sale\/fi\/wp-json\/wp\/v2\/comments?post=132731"}],"wp:featuredmedia":[{"embeddable":true,"href":"https:\/\/factory.sale\/fi\/wp-json\/wp\/v2\/media\/132734"}],"wp:attachment":[{"href":"https:\/\/factory.sale\/fi\/wp-json\/wp\/v2\/media?parent=132731"}],"wp:term":[{"taxonomy":"factory","embeddable":true,"href":"https:\/\/factory.sale\/fi\/wp-json\/wp\/v2\/factory?post=132731"},{"taxonomy":"free-shipment","embeddable":true,"href":"https:\/\/factory.sale\/fi\/wp-json\/wp\/v2\/free-shipment?post=132731"},{"taxonomy":"product_brand","embeddable":true,"href":"https:\/\/factory.sale\/fi\/wp-json\/wp\/v2\/product_brand?post=132731"},{"taxonomy":"product_cat","embeddable":true,"href":"https:\/\/factory.sale\/fi\/wp-json\/wp\/v2\/product_cat?post=132731"},{"taxonomy":"product_tag","embeddable":true,"href":"https:\/\/factory.sale\/fi\/wp-json\/wp\/v2\/product_tag?post=132731"}],"curies":[{"name":"wp","href":"https:\/\/api.w.org\/{rel}","templated":true}]}}