{"id":132724,"date":"2025-11-25T15:02:46","date_gmt":"2025-11-25T12:32:01","guid":{"rendered":"https:\/\/factory.sale\/?post_type=product&#038;p=132724"},"modified":"2026-02-06T09:41:03","modified_gmt":"2026-02-06T06:41:03","slug":"moderni-autokatos-7-m-x-55-m","status":"publish","type":"product","link":"https:\/\/factory.sale\/fi\/tuote\/moderni-autokatos-7-m-x-55-m\/","title":{"rendered":"Moderni autotalli 7 m \u00d7 5,5 m"},"content":{"rendered":"<p><strong>Tilava ja kest\u00e4v\u00e4 puinen rakenne<\/strong><\/p>\n<p>Moderni puuautotalli on erinomainen lis\u00e4 mihin tahansa kiinteist\u00f6\u00f6n, tarjoten turvallisen s\u00e4ilytystilan ajoneuvoille, ty\u00f6kaluille ja varusteille. Se sopii t\u00e4ydellisesti ty\u00f6pajaksi, maatilan varastoksi tai katetuksi pys\u00e4k\u00f6intialueeksi. T\u00e4m\u00e4 puinen autotalli yhdist\u00e4\u00e4 kest\u00e4vyyden, k\u00e4yt\u00e4nn\u00f6llisyyden ja elegantin designin.<br \/>\nKyseess\u00e4 on premium-luokan tuote, jossa on 198 cm korkeat ovet ja korkealaatuiset puuikkunat.<\/p>\n<p>&nbsp;<\/p>\n<p><strong>Miksi valita t\u00e4m\u00e4 moderni autotalli?<\/strong><\/p>\n<p>T\u00e4m\u00e4 moderni kaksiosainen puuautotalli on jaettu kahteen erilliseen tilaan v\u00e4lisein\u00e4ll\u00e4, mik\u00e4 luo toimivat ja selke\u00e4sti rajatut k\u00e4ytt\u00f6alueet. Sivusis\u00e4\u00e4nk\u00e4ynnit ja molemmille puolille sijoitetut ikkunat tuovat runsaasti luonnonvaloa ja parantavat n\u00e4kyvyytt\u00e4 tallin sis\u00e4ll\u00e4. Moderni tuplautotalli on t\u00e4ydellinen kahdelle autolle. Ajoneuvot voi s\u00e4ilytt\u00e4\u00e4 turvallisesti ja tilaa voi k\u00e4ytt\u00e4\u00e4 my\u00f6s ty\u00f6huoneena tai harrastepajana.<br \/>\n38 m\u00b2 pinta-ala tarjoaa runsaasti tilaa auton pys\u00e4k\u00f6intiin sek\u00e4 py\u00f6rien ja puutarhaty\u00f6kalujen s\u00e4ilytt\u00e4miseen.<br \/>\nKuusipuurakenne tekee tallista lujan, pitk\u00e4ik\u00e4isen ja s\u00e4\u00e4nkest\u00e4v\u00e4n, tarjoten erinomaisen suojan ajoneuvoille.<\/p>\n<p>&nbsp;<\/p>\n<p><strong>Tekniset tiedot:<\/strong><\/p>\n<div class=\"_tableContainer_1rjym_1\">\n<div class=\"group _tableWrapper_1rjym_13 flex w-fit flex-col-reverse\" tabindex=\"-1\">\n<table class=\"w-fit min-w-(--thread-content-width)\" style=\"height: 218px;\" width=\"586\" data-start=\"1344\" data-end=\"1591\">\n<thead data-start=\"1344\" data-end=\"1373\">\n<tr data-start=\"1344\" data-end=\"1373\">\n<th data-start=\"1344\" data-end=\"1361\" data-col-size=\"sm\"><strong data-start=\"1346\" data-end=\"1360\">M\u00e4\u00e4rittely<\/strong><\/th>\n<th data-start=\"1361\" data-end=\"1373\" data-col-size=\"sm\"><strong data-start=\"1363\" data-end=\"1371\">Arvo<\/strong><\/th>\n<\/tr>\n<\/thead>\n<tbody data-start=\"1404\" data-end=\"1591\">\n<tr data-start=\"1404\" data-end=\"1443\">\n<td data-start=\"1404\" data-end=\"1428\" data-col-size=\"sm\"><strong data-start=\"1406\" data-end=\"1427\">Ulkomitat (L \u00d7 P)<\/strong><\/td>\n<td data-col-size=\"sm\" data-start=\"1428\" data-end=\"1443\">5,5 m \u00d7 7 m<\/td>\n<\/tr>\n<tr data-start=\"1444\" data-end=\"1470\">\n<td data-start=\"1444\" data-end=\"1459\" data-col-size=\"sm\"><strong data-start=\"1446\" data-end=\"1458\">Sis\u00e4tila<\/strong><\/td>\n<td data-col-size=\"sm\" data-start=\"1459\" data-end=\"1470\">34,8 m\u00b2<\/td>\n<\/tr>\n<tr data-start=\"1471\" data-end=\"1500\">\n<td data-start=\"1471\" data-end=\"1490\" data-col-size=\"sm\"><strong data-start=\"1473\" data-end=\"1489\">Harjakorkeus<\/strong><\/td>\n<td data-col-size=\"sm\" data-start=\"1490\" data-end=\"1500\">284 cm<\/td>\n<\/tr>\n<tr data-start=\"1501\" data-end=\"1530\">\n<td data-start=\"1501\" data-end=\"1520\" data-col-size=\"sm\"><strong data-start=\"1503\" data-end=\"1519\">Sein\u00e4korkeus<\/strong><\/td>\n<td data-col-size=\"sm\" data-start=\"1520\" data-end=\"1530\">236 cm<\/td>\n<\/tr>\n<tr data-start=\"1531\" data-end=\"1560\">\n<td data-start=\"1531\" data-end=\"1548\" data-col-size=\"sm\"><strong data-start=\"1533\" data-end=\"1547\">Materiaali<\/strong><\/td>\n<td data-col-size=\"sm\" data-start=\"1548\" data-end=\"1560\">Kuusipuu<\/td>\n<\/tr>\n<tr data-start=\"1561\" data-end=\"1591\">\n<td data-start=\"1561\" data-end=\"1582\" data-col-size=\"sm\"><strong data-start=\"1563\" data-end=\"1581\">Sein\u00e4n paksuus<\/strong><\/td>\n<td data-col-size=\"sm\" data-start=\"1582\" data-end=\"1591\">44 mm<\/td>\n<\/tr>\n<\/tbody>\n<\/table>\n<\/div>\n<\/div>\n<p>&nbsp;<\/p>\n<p><strong>Katon tiedot:<\/strong><\/p>\n<div class=\"_tableContainer_1rjym_1\">\n<div class=\"group _tableWrapper_1rjym_13 flex w-fit flex-col-reverse\" tabindex=\"-1\">\n<table class=\"w-fit min-w-(--thread-content-width)\" style=\"height: 223px;\" width=\"587\" data-start=\"1619\" data-end=\"1865\">\n<thead data-start=\"1619\" data-end=\"1644\">\n<tr data-start=\"1619\" data-end=\"1644\">\n<th data-start=\"1619\" data-end=\"1632\" data-col-size=\"sm\"><strong data-start=\"1621\" data-end=\"1631\">Kuvaus<\/strong><\/th>\n<th data-start=\"1632\" data-end=\"1644\" data-col-size=\"sm\"><strong data-start=\"1634\" data-end=\"1642\">Arvo<\/strong><\/th>\n<\/tr>\n<\/thead>\n<tbody data-start=\"1671\" data-end=\"1865\">\n<tr data-start=\"1671\" data-end=\"1712\">\n<td data-start=\"1671\" data-end=\"1689\" data-col-size=\"sm\"><strong data-start=\"1673\" data-end=\"1688\">Kattotyyppi<\/strong><\/td>\n<td data-col-size=\"sm\" data-start=\"1689\" data-end=\"1712\">Yksilappeinen katto<\/td>\n<\/tr>\n<tr data-start=\"1713\" data-end=\"1761\">\n<td data-start=\"1713\" data-end=\"1735\" data-col-size=\"sm\"><strong data-start=\"1715\" data-end=\"1734\">Kattomateriaali<\/strong><\/td>\n<td data-col-size=\"sm\" data-start=\"1735\" data-end=\"1761\">19 mm paksut puulaudat<\/td>\n<\/tr>\n<tr data-start=\"1762\" data-end=\"1802\">\n<td data-start=\"1762\" data-end=\"1775\" data-col-size=\"sm\"><strong data-start=\"1764\" data-end=\"1774\">Lattia<\/strong><\/td>\n<td data-col-size=\"sm\" data-start=\"1775\" data-end=\"1802\">Ei sis\u00e4lly toimitukseen<\/td>\n<\/tr>\n<tr data-start=\"1803\" data-end=\"1836\">\n<td data-start=\"1803\" data-end=\"1825\" data-col-size=\"sm\"><strong data-start=\"1805\" data-end=\"1824\">Katon pinta-ala<\/strong><\/td>\n<td data-col-size=\"sm\" data-start=\"1825\" data-end=\"1836\">41,9 m\u00b2<\/td>\n<\/tr>\n<tr data-start=\"1837\" data-end=\"1865\">\n<td data-start=\"1837\" data-end=\"1856\" data-col-size=\"sm\"><strong data-start=\"1839\" data-end=\"1855\">Katon ylitys<\/strong><\/td>\n<td data-col-size=\"sm\" data-start=\"1856\" data-end=\"1865\">0,3 m<\/td>\n<\/tr>\n<\/tbody>\n<\/table>\n<\/div>\n<\/div>\n<p>&nbsp;<\/p>\n<p><strong>Ovet:<\/strong><\/p>\n<div class=\"_tableContainer_1rjym_1\">\n<div class=\"group _tableWrapper_1rjym_13 flex w-fit flex-col-reverse\" tabindex=\"-1\">\n<table class=\"w-fit min-w-(--thread-content-width)\" style=\"height: 117px;\" width=\"587\" data-start=\"1885\" data-end=\"2028\">\n<thead data-start=\"1885\" data-end=\"1936\">\n<tr data-start=\"1885\" data-end=\"1936\">\n<th data-start=\"1885\" data-end=\"1903\" data-col-size=\"sm\"><strong data-start=\"1887\" data-end=\"1902\">Oven tyyppi<\/strong><\/th>\n<th data-start=\"1903\" data-end=\"1923\" data-col-size=\"sm\"><strong data-start=\"1905\" data-end=\"1922\">Mitat (L \u00d7 K)<\/strong><\/th>\n<th data-start=\"1923\" data-end=\"1936\" data-col-size=\"sm\"><strong data-start=\"1925\" data-end=\"1934\">M\u00e4\u00e4r\u00e4<\/strong><\/th>\n<\/tr>\n<\/thead>\n<tbody data-start=\"1991\" data-end=\"2028\">\n<tr data-start=\"1991\" data-end=\"2028\">\n<td data-start=\"1991\" data-end=\"2005\" data-col-size=\"sm\"><strong data-start=\"1993\" data-end=\"2004\">Sivuovi<\/strong><\/td>\n<td data-col-size=\"sm\" data-start=\"2005\" data-end=\"2019\">85 \u00d7 198 cm<\/td>\n<td data-col-size=\"sm\" data-start=\"2019\" data-end=\"2028\">2 kpl<\/td>\n<\/tr>\n<\/tbody>\n<\/table>\n<\/div>\n<\/div>\n<p>&nbsp;<\/p>\n<p><strong>Autotallin ovet:<\/strong><\/p>\n<div class=\"_tableContainer_1rjym_1\">\n<div class=\"group _tableWrapper_1rjym_13 flex w-fit flex-col-reverse\" tabindex=\"-1\">\n<table class=\"w-fit min-w-(--thread-content-width)\" style=\"height: 171px;\" width=\"582\" data-start=\"2059\" data-end=\"2305\">\n<thead data-start=\"2059\" data-end=\"2090\">\n<tr data-start=\"2059\" data-end=\"2090\">\n<th data-start=\"2059\" data-end=\"2076\" data-col-size=\"sm\"><strong data-start=\"2061\" data-end=\"2075\">Ominaisuus<\/strong><\/th>\n<th data-start=\"2076\" data-end=\"2090\" data-col-size=\"md\"><strong data-start=\"2078\" data-end=\"2088\">Tiedot<\/strong><\/th>\n<\/tr>\n<\/thead>\n<tbody data-start=\"2123\" data-end=\"2305\">\n<tr data-start=\"2123\" data-end=\"2161\">\n<td data-start=\"2123\" data-end=\"2135\" data-col-size=\"sm\"><strong data-start=\"2125\" data-end=\"2134\">Aukot<\/strong><\/td>\n<td data-col-size=\"md\" data-start=\"2135\" data-end=\"2161\">2 aukkoa: 240 \u00d7 202 cm<\/td>\n<\/tr>\n<tr data-start=\"2162\" data-end=\"2221\">\n<td data-start=\"2162\" data-end=\"2180\" data-col-size=\"sm\"><strong data-start=\"2164\" data-end=\"2179\">Vaihtoehdot<\/strong><\/td>\n<td data-col-size=\"md\" data-start=\"2180\" data-end=\"2221\">Puiset tai metalliset autotallin ovet<\/td>\n<\/tr>\n<tr data-start=\"2222\" data-end=\"2305\">\n<td data-start=\"2222\" data-end=\"2242\" data-col-size=\"sm\"><strong data-start=\"2224\" data-end=\"2241\">Lis\u00e4varusteet<\/strong><\/td>\n<td data-col-size=\"md\" data-start=\"2242\" data-end=\"2305\">Metallisiin oviin saatavana automaattinen avaajaj\u00e4rjestelm\u00e4<\/td>\n<\/tr>\n<\/tbody>\n<\/table>\n<\/div>\n<\/div>\n<p>&nbsp;<\/p>\n<p><strong>Ikkunat:<\/strong><\/p>\n<div class=\"_tableContainer_1rjym_1\">\n<div class=\"group _tableWrapper_1rjym_13 flex w-fit flex-col-reverse\" tabindex=\"-1\">\n<table class=\"w-fit min-w-(--thread-content-width)\" style=\"height: 92px;\" width=\"575\" data-start=\"2328\" data-end=\"2486\">\n<thead data-start=\"2328\" data-end=\"2381\">\n<tr data-start=\"2328\" data-end=\"2381\">\n<th data-start=\"2328\" data-end=\"2348\" data-col-size=\"sm\"><strong data-start=\"2330\" data-end=\"2347\">Mitat (L \u00d7 K)<\/strong><\/th>\n<th data-start=\"2348\" data-end=\"2360\" data-col-size=\"sm\"><strong data-start=\"2350\" data-end=\"2359\">M\u00e4\u00e4r\u00e4<\/strong><\/th>\n<th data-start=\"2360\" data-end=\"2381\" data-col-size=\"sm\"><strong data-start=\"2362\" data-end=\"2379\">S\u00e4lekaihtimet<\/strong><\/th>\n<\/tr>\n<\/thead>\n<tbody data-start=\"2437\" data-end=\"2486\">\n<tr data-start=\"2437\" data-end=\"2486\">\n<td data-start=\"2437\" data-end=\"2451\" data-col-size=\"sm\">150 \u00d7 39 cm<\/td>\n<td data-col-size=\"sm\" data-start=\"2451\" data-end=\"2459\">2 kpl<\/td>\n<td data-col-size=\"sm\" data-start=\"2459\" data-end=\"2486\">Ei sis\u00e4lly toimitukseen<\/td>\n<\/tr>\n<\/tbody>\n<\/table>\n<\/div>\n<\/div>\n<p>&nbsp;<\/p>\n<p><strong>Lis\u00e4varusteet (hinnat ilman ALV):<\/strong><\/p>\n<p>Teollinen ovien ja ikkunoiden maalaus \u2013 345 \u20ac<\/p>\n<p>Puinen autotallin ovi \u2013 713 \u20ac<\/p>\n<p>Metallinen autotallin ovi \u2013 713 \u20ac<\/p>\n<p>Metallisten ovien automaattij\u00e4rjestelm\u00e4 \u2013 713 \u20ac<\/p>\n<p>Kyll\u00e4st\u00e4minen \u2013 540,5 \u20ac<\/p>\n<p>&nbsp;<\/p>\n<p><a href=\"https:\/\/en.wikipedia.org\/wiki\/List_of_RAL_colours\" target=\"_blank\" rel=\"noopener\">RAL-v\u00e4rivalikoima<\/a><\/p>\n<p>&nbsp;<\/p>\n<p>&nbsp;<\/p>\n<p><iframe loading=\"lazy\" title=\"YouTube video\" src=\"\/\/www.youtube.com\/embed\/k9kK04ZBp0o?autoplay=1&amp;mute=1&amp;controls=1&amp;start=110&amp;loop=1&amp;playlist=k9kK04ZBp0o\" width=\"800\" height=\"450\" frameborder=\"0\" allowfullscreen=\"allowfullscreen\" data-mce-fragment=\"1\"><\/iframe><\/p>\n<p>&nbsp;<\/p>\n<p><iframe loading=\"lazy\" title=\"YouTube video\" src=\"\/\/www.youtube.com\/embed\/9S4j3SFXrjM?autoplay=1&amp;mute=1&amp;controls=1&amp;loop=1&amp;playlist=9S4j3SFXrjM\" width=\"800\" height=\"315\" frameborder=\"0\" allowfullscreen=\"allowfullscreen\" data-mce-fragment=\"1\"><\/iframe><\/p>\n","protected":false},"excerpt":{"rendered":"<p>Premium-luokan tuote, jossa 198 cm korkeat ovet ja korkealaatuiset puuikkunat.<\/p>\n","protected":false},"featured_media":132704,"comment_status":"open","ping_status":"closed","template":"","meta":{"_acf_changed":false},"factory":[],"free-shipment":[],"product_brand":[],"product_cat":[1339,997],"product_tag":[1488,1489],"class_list":{"0":"post-132724","1":"product","2":"type-product","3":"status-publish","4":"has-post-thumbnail","6":"product_cat-autokatokset","7":"product_cat-piha-puutarha-fi","8":"product_tag-garden-fi","9":"product_tag-yard-fi","11":"first","12":"instock","13":"sale","14":"taxable","15":"shipping-taxable","16":"purchasable","17":"product-type-simple"},"acf":[],"_links":{"self":[{"href":"https:\/\/factory.sale\/fi\/wp-json\/wp\/v2\/product\/132724","targetHints":{"allow":["GET"]}}],"collection":[{"href":"https:\/\/factory.sale\/fi\/wp-json\/wp\/v2\/product"}],"about":[{"href":"https:\/\/factory.sale\/fi\/wp-json\/wp\/v2\/types\/product"}],"replies":[{"embeddable":true,"href":"https:\/\/factory.sale\/fi\/wp-json\/wp\/v2\/comments?post=132724"}],"wp:featuredmedia":[{"embeddable":true,"href":"https:\/\/factory.sale\/fi\/wp-json\/wp\/v2\/media\/132704"}],"wp:attachment":[{"href":"https:\/\/factory.sale\/fi\/wp-json\/wp\/v2\/media?parent=132724"}],"wp:term":[{"taxonomy":"factory","embeddable":true,"href":"https:\/\/factory.sale\/fi\/wp-json\/wp\/v2\/factory?post=132724"},{"taxonomy":"free-shipment","embeddable":true,"href":"https:\/\/factory.sale\/fi\/wp-json\/wp\/v2\/free-shipment?post=132724"},{"taxonomy":"product_brand","embeddable":true,"href":"https:\/\/factory.sale\/fi\/wp-json\/wp\/v2\/product_brand?post=132724"},{"taxonomy":"product_cat","embeddable":true,"href":"https:\/\/factory.sale\/fi\/wp-json\/wp\/v2\/product_cat?post=132724"},{"taxonomy":"product_tag","embeddable":true,"href":"https:\/\/factory.sale\/fi\/wp-json\/wp\/v2\/product_tag?post=132724"}],"curies":[{"name":"wp","href":"https:\/\/api.w.org\/{rel}","templated":true}]}}