{"id":132675,"date":"2025-11-25T14:14:48","date_gmt":"2025-11-25T11:15:05","guid":{"rendered":"https:\/\/factory.sale\/?post_type=product&#038;p=132675"},"modified":"2026-02-06T09:37:41","modified_gmt":"2026-02-06T06:37:41","slug":"luna-duo-kaksipaikkainen-autokatos-l-muotoisilla-seinilla","status":"publish","type":"product","link":"https:\/\/factory.sale\/fi\/tuote\/luna-duo-kaksipaikkainen-autokatos-l-muotoisilla-seinilla\/","title":{"rendered":"LUNA DUO kaksipaikkainen autokatos L-muotoisilla seinill\u00e4"},"content":{"rendered":"<div class=\"_tableContainer_1rjym_1\">\n<div class=\"group _tableWrapper_1rjym_13 flex w-fit flex-col-reverse\" tabindex=\"-1\">\n<p>LUNA DUO -kaksipaikkainen autokatos yhdist\u00e4\u00e4 huippuluokan toiminnallisuuden ja modernin, tyylikk\u00e4\u00e4n muotoilun. Sen elegantti ulkon\u00e4k\u00f6, perinteinen harjakatto ja selke\u00e4linjainen rakenne tekev\u00e4t t\u00e4st\u00e4 autokatoksesta sek\u00e4 k\u00e4yt\u00e4nn\u00f6llisen ett\u00e4 houkuttelevan lis\u00e4n pihapiiriin.<br \/>\nVoit mukauttaa katoksen ulkon\u00e4k\u00f6\u00e4 valitsemalla sopivan m\u00e4\u00e4r\u00e4n sivuseini\u00e4 tarpeidesi mukaan.<\/p>\n<p>&nbsp;<\/p>\n<p><strong>Keskeiset ominaisuudet<\/strong><\/p>\n<ul>\n<li>L-muotoinen sein\u00e4rakenne: Tyylik\u00e4s pystylaudoitus tarjoaa parempaa suojaa ajoneuvoille.<\/li>\n<li>Optimaalinen ilmanvaihto: Pystysuuntaiset s\u00e4leleve\u00e4t sein\u00e4t takaavat erinomaisen ilmankierron.<\/li>\n<li>Mukautettava kokonaisuus: Valitse sivuseinien m\u00e4\u00e4r\u00e4 oman suoja- ja yksityisyydentarpeesi mukaan.<\/li>\n<li>Kest\u00e4v\u00e4 rakenne: Valmistettu sertifioidusta pohjoismaisesta m\u00e4nnyst\u00e4 tai kuusesta, mik\u00e4 takaa pitk\u00e4n k\u00e4ytt\u00f6i\u00e4n ja luotettavuuden.<\/li>\n<li>Moderni estetiikka: Ajaton ja selke\u00e4linjainen muotoilu, joka kohentaa pihan yleisilmett\u00e4.<\/li>\n<\/ul>\n<p>&nbsp;<\/p>\n<p><strong>Mukauta sivusein\u00e4t tarpeisiisi<\/strong><\/p>\n<p>LUNA DUO toimitetaan vakiona kolmella sivusein\u00e4ll\u00e4, jotka on valmistettu tukevasta puukehikosta ja pystylaudoitetusta s\u00e4lelevyst\u00e4.<\/p>\n<p>Lis\u00e4varustepaneeleilla voit t\u00e4ydent\u00e4\u00e4 rakennetta \u2014 valittavissa 2\u20136 lis\u00e4paneelia sen mukaan, kuinka paljon suojaa ja yksityisyytt\u00e4 tarvitset.<\/p>\n<p>&nbsp;<\/p>\n<p><strong>Tekniset tiedot:<\/strong><\/p>\n<table class=\"w-fit min-w-(--thread-content-width)\" data-start=\"1829\" data-end=\"2242\">\n<thead data-start=\"1829\" data-end=\"1858\">\n<tr data-start=\"1829\" data-end=\"1858\">\n<th data-start=\"1829\" data-end=\"1846\" data-col-size=\"sm\"><strong data-start=\"1831\" data-end=\"1845\">M\u00e4\u00e4rittely<\/strong><\/th>\n<th data-start=\"1846\" data-end=\"1858\" data-col-size=\"md\"><strong data-start=\"1848\" data-end=\"1856\">Arvo<\/strong><\/th>\n<\/tr>\n<\/thead>\n<tbody data-start=\"1889\" data-end=\"2242\">\n<tr data-start=\"1889\" data-end=\"1964\">\n<td data-start=\"1889\" data-end=\"1906\" data-col-size=\"sm\"><strong data-start=\"1891\" data-end=\"1905\">Materiaali<\/strong><\/td>\n<td data-start=\"1906\" data-end=\"1964\" data-col-size=\"md\">Sertifioitu luonnollinen pohjoismainen m\u00e4nty tai kuusi<\/td>\n<\/tr>\n<tr data-start=\"1965\" data-end=\"2008\">\n<td data-start=\"1965\" data-end=\"1977\" data-col-size=\"sm\"><strong data-start=\"1967\" data-end=\"1976\">Katto<\/strong><\/td>\n<td data-start=\"1977\" data-end=\"2008\" data-col-size=\"md\">18\u201320 mm paksut kattolaudat<\/td>\n<\/tr>\n<tr data-start=\"2009\" data-end=\"2070\">\n<td data-start=\"2009\" data-end=\"2030\" data-col-size=\"sm\"><strong data-start=\"2011\" data-end=\"2029\">Kattomateriaali<\/strong><\/td>\n<td data-start=\"2030\" data-end=\"2070\" data-col-size=\"md\">Bitumikate saatavana lis\u00e4varusteena<\/td>\n<\/tr>\n<tr data-start=\"2071\" data-end=\"2102\">\n<td data-start=\"2071\" data-end=\"2093\" data-col-size=\"sm\"><strong data-start=\"2073\" data-end=\"2092\">Katon pinta-ala<\/strong><\/td>\n<td data-start=\"2093\" data-end=\"2102\" data-col-size=\"md\">42 m\u00b2<\/td>\n<\/tr>\n<tr data-start=\"2103\" data-end=\"2131\">\n<td data-start=\"2103\" data-end=\"2124\" data-col-size=\"sm\"><strong data-start=\"2105\" data-end=\"2123\">Kattokaltevuus<\/strong><\/td>\n<td data-start=\"2124\" data-end=\"2131\" data-col-size=\"md\">20\u00b0<\/td>\n<\/tr>\n<tr data-start=\"2132\" data-end=\"2164\">\n<td data-start=\"2132\" data-end=\"2148\" data-col-size=\"sm\"><strong data-start=\"2134\" data-end=\"2147\">Ulkomitat<\/strong><\/td>\n<td data-start=\"2148\" data-end=\"2164\" data-col-size=\"md\">600 \u00d7 600 cm<\/td>\n<\/tr>\n<tr data-start=\"2165\" data-end=\"2203\">\n<td data-start=\"2165\" data-end=\"2193\" data-col-size=\"sm\"><strong data-start=\"2167\" data-end=\"2192\">V\u00e4himm\u00e4issein\u00e4korkeus<\/strong><\/td>\n<td data-start=\"2193\" data-end=\"2203\" data-col-size=\"md\">245 cm<\/td>\n<\/tr>\n<tr data-start=\"2204\" data-end=\"2242\">\n<td data-start=\"2204\" data-end=\"2232\" data-col-size=\"sm\"><strong data-start=\"2206\" data-end=\"2231\">Katon enimm\u00e4iskorkeus<\/strong><\/td>\n<td data-start=\"2232\" data-end=\"2242\" data-col-size=\"md\">340 cm<\/td>\n<\/tr>\n<\/tbody>\n<\/table>\n<\/div>\n<\/div>\n<p>&nbsp;<\/p>\n<p><strong><a href=\"https:\/\/factory.sale\/wp-content\/uploads\/2025\/11\/Carport-panel_assembly-1.pdf\" target=\"_blank\" rel=\"noopener\">Sein\u00e4paneelien asennus<\/a><\/strong><\/p>\n","protected":false},"excerpt":{"rendered":"<p>T\u00e4m\u00e4 monipuolinen autokatos yhdist\u00e4\u00e4 tyylin, mukavuuden ja k\u00e4yt\u00e4nn\u00f6llisyyden. Sen innovatiivisen muotoilun ansiosta voit s\u00e4\u00e4t\u00e4\u00e4 sivuseinien m\u00e4\u00e4r\u00e4\u00e4, mik\u00e4 tekee siit\u00e4 mukautuvan ja houkuttelevan ratkaisun ajoneuvojesi suojaamiseen. Jos etsit tehokasta ja tyylik\u00e4st\u00e4 autokatosta, LUNA DUO on ihanteellinen valinta.<\/p>\n","protected":false},"featured_media":132678,"comment_status":"open","ping_status":"closed","template":"","meta":{"_acf_changed":false},"factory":[],"free-shipment":[],"product_brand":[],"product_cat":[1339,997],"product_tag":[1487,1488,1489],"class_list":{"0":"post-132675","1":"product","2":"type-product","3":"status-publish","4":"has-post-thumbnail","6":"product_cat-autokatokset","7":"product_cat-piha-puutarha-fi","8":"product_tag-carport-fi","9":"product_tag-garden-fi","10":"product_tag-yard-fi","12":"first","13":"instock","14":"sale","15":"taxable","16":"shipping-taxable","17":"purchasable","18":"product-type-simple"},"acf":[],"_links":{"self":[{"href":"https:\/\/factory.sale\/fi\/wp-json\/wp\/v2\/product\/132675","targetHints":{"allow":["GET"]}}],"collection":[{"href":"https:\/\/factory.sale\/fi\/wp-json\/wp\/v2\/product"}],"about":[{"href":"https:\/\/factory.sale\/fi\/wp-json\/wp\/v2\/types\/product"}],"replies":[{"embeddable":true,"href":"https:\/\/factory.sale\/fi\/wp-json\/wp\/v2\/comments?post=132675"}],"wp:featuredmedia":[{"embeddable":true,"href":"https:\/\/factory.sale\/fi\/wp-json\/wp\/v2\/media\/132678"}],"wp:attachment":[{"href":"https:\/\/factory.sale\/fi\/wp-json\/wp\/v2\/media?parent=132675"}],"wp:term":[{"taxonomy":"factory","embeddable":true,"href":"https:\/\/factory.sale\/fi\/wp-json\/wp\/v2\/factory?post=132675"},{"taxonomy":"free-shipment","embeddable":true,"href":"https:\/\/factory.sale\/fi\/wp-json\/wp\/v2\/free-shipment?post=132675"},{"taxonomy":"product_brand","embeddable":true,"href":"https:\/\/factory.sale\/fi\/wp-json\/wp\/v2\/product_brand?post=132675"},{"taxonomy":"product_cat","embeddable":true,"href":"https:\/\/factory.sale\/fi\/wp-json\/wp\/v2\/product_cat?post=132675"},{"taxonomy":"product_tag","embeddable":true,"href":"https:\/\/factory.sale\/fi\/wp-json\/wp\/v2\/product_tag?post=132675"}],"curies":[{"name":"wp","href":"https:\/\/api.w.org\/{rel}","templated":true}]}}