{"id":132667,"date":"2025-11-25T11:43:24","date_gmt":"2025-11-25T10:28:45","guid":{"rendered":"https:\/\/factory.sale\/?post_type=product&#038;p=132667"},"modified":"2026-02-05T11:43:15","modified_gmt":"2026-02-05T08:43:15","slug":"autokatos-woody-37-m-x-72-m-268-m%c2%b2","status":"publish","type":"product","link":"https:\/\/factory.sale\/fi\/tuote\/autokatos-woody-37-m-x-72-m-268-m%c2%b2\/","title":{"rendered":"Autotalli Woody 3,7 m \u00d7 7,2 m (26,8 m\u00b2)"},"content":{"rendered":"<p>WOODY-autotalli on \u00e4lyk\u00e4s ja k\u00e4yt\u00e4nn\u00f6llinen ratkaisu ajoneuvosi suojaamiseen ja pihan ilmeen parantamiseen. Se sopii t\u00e4ydellisesti kaikille, jotka tarvitsevat toimivan autotallin l\u00e4helle kotia. WOODY tarjoaa mahdollisuuden muokata tallia omien toiveidesi mukaan ja luoda vieh\u00e4tt\u00e4v\u00e4n lis\u00e4n puutarhaan tai ajotielle.<\/p>\n<p>Valitse WOODY varmaksi, kaikissa s\u00e4\u00e4olosuhteissa luotettavaksi suojaksi ja talliksi, joka pit\u00e4\u00e4 autosi aina l\u00e4ht\u00f6valmiina.<\/p>\n<p>&nbsp;<\/p>\n<p><strong>Mallin edut:<\/strong><\/p>\n<ul>\n<li>Reilusti tilaa: Soveltuu kaikenkokoisille ajoneuvoille pienist\u00e4 autoista maastoautoihin.<\/li>\n<li>Lis\u00e4s\u00e4ilytystilaa: Suunniteltu tarjoamaan lis\u00e4tilaa varastointiin tai kasveille.<\/li>\n<li>Ajaton eleganssi: Klassinen muotoilu, joka sopii kaikenlaisiin ymp\u00e4rist\u00f6ihin.<\/li>\n<li>Kest\u00e4v\u00e4 rakenne: Valmistettu hitaasti kasvaneesta havupuusta vahvan ponttilaudan (tongue-and-groove) rakenteella.<\/li>\n<li>Helppo p\u00e4\u00e4sy ja suoja: Suojaa autoa vaativiltakin s\u00e4\u00e4olosuhteilta ja takaa helpon k\u00e4ytett\u00e4vyyden ymp\u00e4ri vuoden.<\/li>\n<\/ul>\n<p>&nbsp;<\/p>\n<p>&nbsp;<\/p>\n<p><strong>Tekniset tiedot:<\/strong><\/p>\n<div class=\"_tableContainer_1rjym_1\">\n<div class=\"group _tableWrapper_1rjym_13 flex w-fit flex-col-reverse\" tabindex=\"-1\">\n<table class=\"w-fit min-w-(--thread-content-width)\" data-start=\"1182\" data-end=\"1950\">\n<thead data-start=\"1182\" data-end=\"1211\">\n<tr data-start=\"1182\" data-end=\"1211\">\n<th data-start=\"1182\" data-end=\"1199\" data-col-size=\"sm\"><strong data-start=\"1184\" data-end=\"1198\">M\u00e4\u00e4rittely<\/strong><\/th>\n<th data-start=\"1199\" data-end=\"1211\" data-col-size=\"md\"><strong data-start=\"1201\" data-end=\"1209\">Arvo<\/strong><\/th>\n<\/tr>\n<\/thead>\n<tbody data-start=\"1242\" data-end=\"1950\">\n<tr data-start=\"1242\" data-end=\"1267\">\n<td data-start=\"1242\" data-end=\"1258\" data-col-size=\"sm\"><strong data-start=\"1244\" data-end=\"1257\">Pinta-ala<\/strong><\/td>\n<td data-start=\"1258\" data-end=\"1267\" data-col-size=\"md\">30 m\u00b2<\/td>\n<\/tr>\n<tr data-start=\"1268\" data-end=\"1301\">\n<td data-start=\"1268\" data-end=\"1289\" data-col-size=\"sm\"><strong data-start=\"1270\" data-end=\"1288\">R\u00e4yst\u00e4skorkeus<\/strong><\/td>\n<td data-start=\"1289\" data-end=\"1301\" data-col-size=\"md\">209,5 cm<\/td>\n<\/tr>\n<tr data-start=\"1302\" data-end=\"1333\">\n<td data-start=\"1302\" data-end=\"1321\" data-col-size=\"sm\"><strong data-start=\"1304\" data-end=\"1320\">Harjakorkeus<\/strong><\/td>\n<td data-start=\"1321\" data-end=\"1333\" data-col-size=\"md\">249,5 cm<\/td>\n<\/tr>\n<tr data-start=\"1334\" data-end=\"1374\">\n<td data-start=\"1334\" data-end=\"1358\" data-col-size=\"sm\"><strong data-start=\"1336\" data-end=\"1357\">Ulkomitat (L \u00d7 S)<\/strong><\/td>\n<td data-start=\"1358\" data-end=\"1374\" data-col-size=\"md\">400 \u00d7 750 cm<\/td>\n<\/tr>\n<tr data-start=\"1375\" data-end=\"1446\">\n<td data-start=\"1375\" data-end=\"1392\" data-col-size=\"sm\"><strong data-start=\"1377\" data-end=\"1391\">Materiaali<\/strong><\/td>\n<td data-start=\"1392\" data-end=\"1446\" data-col-size=\"md\">Korkealaatuinen, hitaasti kasvanut m\u00e4nty tai kuusi<\/td>\n<\/tr>\n<tr data-start=\"1447\" data-end=\"1491\">\n<td data-start=\"1447\" data-end=\"1459\" data-col-size=\"sm\"><strong data-start=\"1449\" data-end=\"1458\">Katto<\/strong><\/td>\n<td data-start=\"1459\" data-end=\"1491\" data-col-size=\"md\">19\u201320 mm paksut ponttilaudat<\/td>\n<\/tr>\n<tr data-start=\"1492\" data-end=\"1542\">\n<td data-start=\"1492\" data-end=\"1513\" data-col-size=\"sm\"><strong data-start=\"1494\" data-end=\"1512\">Kattomateriaali<\/strong><\/td>\n<td data-start=\"1513\" data-end=\"1542\" data-col-size=\"md\">Saatavilla lis\u00e4varusteena<\/td>\n<\/tr>\n<tr data-start=\"1543\" data-end=\"1592\">\n<td data-start=\"1543\" data-end=\"1583\" data-col-size=\"sm\"><strong data-start=\"1545\" data-end=\"1582\">Katon ylitykset (etu, sivu, taka)<\/strong><\/td>\n<td data-start=\"1583\" data-end=\"1592\" data-col-size=\"md\">30 cm<\/td>\n<\/tr>\n<tr data-start=\"1593\" data-end=\"1623\">\n<td data-start=\"1593\" data-end=\"1614\" data-col-size=\"sm\"><strong data-start=\"1595\" data-end=\"1613\">Sein\u00e4n paksuus<\/strong><\/td>\n<td data-start=\"1614\" data-end=\"1623\" data-col-size=\"md\">44 mm<\/td>\n<\/tr>\n<tr data-start=\"1624\" data-end=\"1663\">\n<td data-start=\"1624\" data-end=\"1647\" data-col-size=\"sm\"><strong data-start=\"1626\" data-end=\"1646\">Minimiperusmitat<\/strong><\/td>\n<td data-start=\"1647\" data-end=\"1663\" data-col-size=\"md\">384 \u00d7 734 cm<\/td>\n<\/tr>\n<tr data-start=\"1664\" data-end=\"1730\">\n<td data-start=\"1664\" data-end=\"1677\" data-col-size=\"sm\"><strong data-start=\"1666\" data-end=\"1676\">Lattia<\/strong><\/td>\n<td data-start=\"1677\" data-end=\"1730\" data-col-size=\"md\">Ei sis\u00e4lly toimitukseen; saatavana lis\u00e4varusteena<\/td>\n<\/tr>\n<tr data-start=\"1731\" data-end=\"1833\">\n<td data-start=\"1731\" data-end=\"1757\" data-col-size=\"sm\"><strong data-start=\"1733\" data-end=\"1756\">Ovien mitat (L \u00d7 K)<\/strong><\/td>\n<td data-start=\"1757\" data-end=\"1833\" data-col-size=\"md\">Autotallin ovet: 240 \u00d7 205 cm (vaihtoehtoinen)<br \/>\nYksitt\u00e4inen ovi: 85 \u00d7 192 cm<\/td>\n<\/tr>\n<tr data-start=\"1834\" data-end=\"1887\">\n<td data-start=\"1834\" data-end=\"1865\" data-col-size=\"sm\"><strong data-start=\"1836\" data-end=\"1864\">Ikkunoiden mitat (L \u00d7 K)<\/strong><\/td>\n<td data-start=\"1865\" data-end=\"1887\" data-col-size=\"md\">2 \u00d7 (138 \u00d7 105 cm)<\/td>\n<\/tr>\n<tr data-start=\"1888\" data-end=\"1913\">\n<td data-start=\"1888\" data-end=\"1900\" data-col-size=\"sm\"><strong data-start=\"1890\" data-end=\"1899\">Takuu<\/strong><\/td>\n<td data-start=\"1900\" data-end=\"1913\" data-col-size=\"md\">10 vuotta<\/td>\n<\/tr>\n<tr data-start=\"1914\" data-end=\"1950\">\n<td data-start=\"1914\" data-end=\"1935\" data-col-size=\"sm\"><strong data-start=\"1916\" data-end=\"1934\">Puun k\u00e4sittely<\/strong><\/td>\n<td data-start=\"1935\" data-end=\"1950\" data-col-size=\"md\">Valinnainen<\/td>\n<\/tr>\n<\/tbody>\n<\/table>\n<\/div>\n<\/div>\n<h3 data-start=\"1957\" data-end=\"2009\"><\/h3>\n<p><strong>Autotallin ovivaihtoehdot (hinnat ilman ALV):<\/strong><\/p>\n<p>Ilman tallin ovia: 0 \u20ac<\/p>\n<p>Puiset tallin ovet: 523.25 \u20ac<\/p>\n<p>Nosto-ovet: 1138.5 \u20ac<\/p>\n<p>&nbsp;<\/p>\n<p><strong>Lis\u00e4varusteena saatavana my\u00f6s vahvempi katto, korkeammat sein\u00e4t ja erilaisia kattoratkaisuja.<\/strong><\/p>\n<p>&nbsp;<\/p>\n<p><a href=\"https:\/\/factory.sale\/wp-content\/uploads\/2025\/11\/SH12SH15-EN.pdf\" target=\"_blank\" rel=\"noopener\"><strong>Nosto-ovien asennus<\/strong><\/a><\/p>\n<p><a href=\"https:\/\/factory.sale\/wp-content\/uploads\/2025\/11\/E.CER-Garage_Woody-3.7x7.2m-44mm.pdf\" target=\"_blank\" rel=\"noopener\"><strong>Asennusohjeet<\/strong><\/a><\/p>\n<p>&nbsp;<\/p>\n<p>&nbsp;<\/p>\n<p><iframe loading=\"lazy\" title=\"YouTube video\" src=\"\/\/www.youtube.com\/embed\/9S4j3SFXrjM?autoplay=1&amp;mute=1&amp;controls=1&amp;loop=1&amp;playlist=9S4j3SFXrjM\" width=\"800\" height=\"315\" frameborder=\"0\" allowfullscreen=\"allowfullscreen\" data-mce-fragment=\"1\"><\/iframe><\/p>\n","protected":false},"excerpt":{"rendered":"<p>Tutustu WOODY-autotalliin 3,7 \u00d7 7,2 m \u2014 kest\u00e4v\u00e4\u00e4n ja tyylikk\u00e4\u00e4seen puiseen autotalliin, joka tarjoaa tilavaa suojaa ajoneuvoille, s\u00e4ilytysvaihtoehtoja ja mukautettavia nosto-oviratkaisuja.<\/p>\n","protected":false},"featured_media":132640,"comment_status":"open","ping_status":"closed","template":"","meta":{"_acf_changed":false},"factory":[],"free-shipment":[],"product_brand":[],"product_cat":[1339,997],"product_tag":[1488,1489],"class_list":{"0":"post-132667","1":"product","2":"type-product","3":"status-publish","4":"has-post-thumbnail","6":"product_cat-autokatokset","7":"product_cat-piha-puutarha-fi","8":"product_tag-garden-fi","9":"product_tag-yard-fi","11":"first","12":"instock","13":"sale","14":"taxable","15":"shipping-taxable","16":"purchasable","17":"product-type-simple"},"acf":[],"_links":{"self":[{"href":"https:\/\/factory.sale\/fi\/wp-json\/wp\/v2\/product\/132667","targetHints":{"allow":["GET"]}}],"collection":[{"href":"https:\/\/factory.sale\/fi\/wp-json\/wp\/v2\/product"}],"about":[{"href":"https:\/\/factory.sale\/fi\/wp-json\/wp\/v2\/types\/product"}],"replies":[{"embeddable":true,"href":"https:\/\/factory.sale\/fi\/wp-json\/wp\/v2\/comments?post=132667"}],"wp:featuredmedia":[{"embeddable":true,"href":"https:\/\/factory.sale\/fi\/wp-json\/wp\/v2\/media\/132640"}],"wp:attachment":[{"href":"https:\/\/factory.sale\/fi\/wp-json\/wp\/v2\/media?parent=132667"}],"wp:term":[{"taxonomy":"factory","embeddable":true,"href":"https:\/\/factory.sale\/fi\/wp-json\/wp\/v2\/factory?post=132667"},{"taxonomy":"free-shipment","embeddable":true,"href":"https:\/\/factory.sale\/fi\/wp-json\/wp\/v2\/free-shipment?post=132667"},{"taxonomy":"product_brand","embeddable":true,"href":"https:\/\/factory.sale\/fi\/wp-json\/wp\/v2\/product_brand?post=132667"},{"taxonomy":"product_cat","embeddable":true,"href":"https:\/\/factory.sale\/fi\/wp-json\/wp\/v2\/product_cat?post=132667"},{"taxonomy":"product_tag","embeddable":true,"href":"https:\/\/factory.sale\/fi\/wp-json\/wp\/v2\/product_tag?post=132667"}],"curies":[{"name":"wp","href":"https:\/\/api.w.org\/{rel}","templated":true}]}}