{"id":132607,"date":"2025-11-25T00:55:30","date_gmt":"2025-11-24T22:25:20","guid":{"rendered":"https:\/\/factory.sale\/?post_type=product&#038;p=132607"},"modified":"2026-02-05T11:37:40","modified_gmt":"2026-02-05T08:37:40","slug":"puinen-luna-autokatos-l-muotoisella-seinalla-32-x-6-m","status":"publish","type":"product","link":"https:\/\/factory.sale\/fi\/tuote\/puinen-luna-autokatos-l-muotoisella-seinalla-32-x-6-m\/","title":{"rendered":"Puinen LUNA-autokatos L-muotoisella sein\u00e4ll\u00e4 (3,2 \u00d7 6 m)"},"content":{"rendered":"<p>Etsitk\u00f6 tyylik\u00e4st\u00e4 ja tehokasta ratkaisua ajoneuvojesi suojaamiseen? Puinen Luna-autokatos on t\u00e4ydellinen valinta. Se tarjoaa monipuolisen ja korkealaatuisen rakenteen, joka on suunniteltu parantamaan ulkotilaasi.<\/p>\n<p>Mukautuvan muotoilun ansiosta voit valita sivuseinien m\u00e4\u00e4r\u00e4n. T\u00e4m\u00e4 varmistaa, ett\u00e4 se sopii t\u00e4ydellisesti tarpeisiisi.<\/p>\n<p><strong>T\u00e4rkeimm\u00e4t ominaisuudet<\/strong><\/p>\n<ul>\n<li>Elegantti L-muotoinen sein\u00e4rakenne: Tarjoaa tehokasta suojaa ajoneuvoille ja korostaa autokatoksen modernia ulkon\u00e4k\u00f6\u00e4.<\/li>\n<li>Optimaalinen ilmanvaihto: Pystysuuntaiset s\u00e4leiset sivusein\u00e4t takaavat erinomaisen ilmankierron, pit\u00e4en sis\u00e4tilan raikkaana ja kuivana.<\/li>\n<li>Mukautettavat sein\u00e4vaihtoehdot: S\u00e4\u00e4d\u00e4 sivuseinien m\u00e4\u00e4r\u00e4\u00e4 vastaamaan haluamaasi suojaus- ja yksityisyystasoa.<\/li>\n<li>Kest\u00e4v\u00e4 rakenne: Valmistettu sertifioidusta pohjoismaisesta m\u00e4nnyst\u00e4 tai kuusesta, mik\u00e4 takaa pitk\u00e4n k\u00e4ytt\u00f6i\u00e4n ja erinomaisen kest\u00e4vyyden.<\/li>\n<li>Hieno muotoilu: Lis\u00e4\u00e4 pihapiiriisi tyylikk\u00e4\u00e4n ja eksklusiivisen ilmeen.<\/li>\n<\/ul>\n<p>T\u00e4m\u00e4 L-muotoinen puinen autokatos yhdist\u00e4\u00e4 tyylin, toiminnallisuuden ja muunneltavuuden. Sen innovatiivinen rakenne mahdollistaa sivuseinien mukauttamisen tarpeidesi mukaan, tehden siit\u00e4 \u00e4lykk\u00e4\u00e4n ja monipuolisen ratkaisun ajoneuvojen suojaamiseen.<\/p>\n<p><strong>Muokattavat sein\u00e4vaihtoehdot<\/strong><\/p>\n<p>LUNA-autokatos toimitetaan vakiona kolmella sivusein\u00e4ll\u00e4, joista jokainen koostuu tukevasta puukehikosta ja pystysuuntaisesta s\u00e4lelevyst\u00e4. Lis\u00e4\u00e4 joustavuutta saat valitsemalla lis\u00e4varusteistamme 2\u20135 lis\u00e4sein\u00e4paneelia. N\u00e4in l\u00f6yd\u00e4t t\u00e4ydellisen tasapainon suojan, yksityisyyden ja ilmanvaihdon v\u00e4lill\u00e4.<\/p>\n<p><strong>Tekniset tiedot:<\/strong><\/p>\n<div class=\"_tableContainer_1rjym_1\">\n<div class=\"group _tableWrapper_1rjym_13 flex w-fit flex-col-reverse\" tabindex=\"-1\">\n<table class=\"w-fit min-w-(--thread-content-width)\" style=\"height: 393px;\" width=\"759\" data-start=\"1756\" data-end=\"2115\">\n<thead data-start=\"1756\" data-end=\"1777\">\n<tr data-start=\"1756\" data-end=\"1777\">\n<th data-start=\"1756\" data-end=\"1769\" data-col-size=\"sm\">Tekniset tiedot<\/th>\n<th data-start=\"1769\" data-end=\"1777\" data-col-size=\"md\">Arvo<\/th>\n<\/tr>\n<\/thead>\n<tbody data-start=\"1801\" data-end=\"2115\">\n<tr data-start=\"1801\" data-end=\"1872\">\n<td data-start=\"1801\" data-end=\"1814\" data-col-size=\"sm\">Materiaali<\/td>\n<td data-col-size=\"md\" data-start=\"1814\" data-end=\"1872\">Sertifioitu luonnonmukainen pohjoismainen m\u00e4nty tai kuusi<\/td>\n<\/tr>\n<tr data-start=\"1873\" data-end=\"1906\">\n<td data-start=\"1873\" data-end=\"1887\" data-col-size=\"sm\">Kattolaudat<\/td>\n<td data-col-size=\"md\" data-start=\"1887\" data-end=\"1906\">18\u201320 mm paksut<\/td>\n<\/tr>\n<tr data-start=\"1907\" data-end=\"1970\">\n<td data-start=\"1907\" data-end=\"1936\" data-col-size=\"sm\">Valinnainen kattomateriaali<\/td>\n<td data-col-size=\"md\" data-start=\"1936\" data-end=\"1970\">Lis\u00e4varusteena saatavilla bitumilevyj\u00e4<\/td>\n<\/tr>\n<tr data-start=\"1971\" data-end=\"1997\">\n<td data-start=\"1971\" data-end=\"1988\" data-col-size=\"sm\">Kattopinta-ala<\/td>\n<td data-col-size=\"md\" data-start=\"1988\" data-end=\"1997\">23 m\u00b2<\/td>\n<\/tr>\n<tr data-start=\"1998\" data-end=\"2022\">\n<td data-start=\"1998\" data-end=\"2015\" data-col-size=\"sm\">Kattokaltevuus<\/td>\n<td data-col-size=\"md\" data-start=\"2015\" data-end=\"2022\">20\u00b0<\/td>\n<\/tr>\n<tr data-start=\"2023\" data-end=\"2051\">\n<td data-start=\"2023\" data-end=\"2035\" data-col-size=\"sm\">Ulkomitat<\/td>\n<td data-col-size=\"md\" data-start=\"2035\" data-end=\"2051\">322 \u00d7 600 cm<\/td>\n<\/tr>\n<tr data-start=\"2052\" data-end=\"2084\">\n<td data-start=\"2052\" data-end=\"2074\" data-col-size=\"sm\">Sein\u00e4korkeus (min.)<\/td>\n<td data-col-size=\"md\" data-start=\"2074\" data-end=\"2084\">245 cm<\/td>\n<\/tr>\n<tr data-start=\"2085\" data-end=\"2115\">\n<td data-start=\"2085\" data-end=\"2105\" data-col-size=\"sm\">Koko kattokorkeus<\/td>\n<td data-col-size=\"md\" data-start=\"2105\" data-end=\"2115\">340 cm<\/td>\n<\/tr>\n<\/tbody>\n<\/table>\n<\/div>\n<\/div>\n<p>&nbsp;<\/p>\n<p><a href=\"https:\/\/factory.sale\/wp-content\/uploads\/2025\/11\/Carport-panel_assembly.pdf\" target=\"_blank\" rel=\"noopener\">Sein\u00e4paneelien asennus<\/a><\/p>\n","protected":false},"excerpt":{"rendered":"<p>Esittelyss\u00e4 puinen LUNA-autokatos L-muotoisella sein\u00e4ll\u00e4 \u2014 saumaton yhdistelm\u00e4 toimivuutta ja modernia muotoilua. Sen tyylik\u00e4s rakenne, moderni estetiikka ja perinteinen harjakatto tekev\u00e4t siit\u00e4 erinomaisen lis\u00e4n mihin tahansa puutarhaan, tarjoten sek\u00e4 tyyli\u00e4 ett\u00e4 k\u00e4yt\u00e4nn\u00f6llisyytt\u00e4.<\/p>\n","protected":false},"featured_media":132610,"comment_status":"open","ping_status":"closed","template":"","meta":{"_acf_changed":false},"factory":[],"free-shipment":[],"product_brand":[],"product_cat":[1339,997],"product_tag":[1487,1488,1489],"class_list":{"0":"post-132607","1":"product","2":"type-product","3":"status-publish","4":"has-post-thumbnail","6":"product_cat-autokatokset","7":"product_cat-piha-puutarha-fi","8":"product_tag-carport-fi","9":"product_tag-garden-fi","10":"product_tag-yard-fi","12":"first","13":"instock","14":"sale","15":"taxable","16":"shipping-taxable","17":"purchasable","18":"product-type-simple"},"acf":[],"_links":{"self":[{"href":"https:\/\/factory.sale\/fi\/wp-json\/wp\/v2\/product\/132607","targetHints":{"allow":["GET"]}}],"collection":[{"href":"https:\/\/factory.sale\/fi\/wp-json\/wp\/v2\/product"}],"about":[{"href":"https:\/\/factory.sale\/fi\/wp-json\/wp\/v2\/types\/product"}],"replies":[{"embeddable":true,"href":"https:\/\/factory.sale\/fi\/wp-json\/wp\/v2\/comments?post=132607"}],"wp:featuredmedia":[{"embeddable":true,"href":"https:\/\/factory.sale\/fi\/wp-json\/wp\/v2\/media\/132610"}],"wp:attachment":[{"href":"https:\/\/factory.sale\/fi\/wp-json\/wp\/v2\/media?parent=132607"}],"wp:term":[{"taxonomy":"factory","embeddable":true,"href":"https:\/\/factory.sale\/fi\/wp-json\/wp\/v2\/factory?post=132607"},{"taxonomy":"free-shipment","embeddable":true,"href":"https:\/\/factory.sale\/fi\/wp-json\/wp\/v2\/free-shipment?post=132607"},{"taxonomy":"product_brand","embeddable":true,"href":"https:\/\/factory.sale\/fi\/wp-json\/wp\/v2\/product_brand?post=132607"},{"taxonomy":"product_cat","embeddable":true,"href":"https:\/\/factory.sale\/fi\/wp-json\/wp\/v2\/product_cat?post=132607"},{"taxonomy":"product_tag","embeddable":true,"href":"https:\/\/factory.sale\/fi\/wp-json\/wp\/v2\/product_tag?post=132607"}],"curies":[{"name":"wp","href":"https:\/\/api.w.org\/{rel}","templated":true}]}}