{"id":132600,"date":"2025-11-25T00:50:21","date_gmt":"2025-11-24T21:54:10","guid":{"rendered":"https:\/\/factory.sale\/?post_type=product&#038;p=132600"},"modified":"2026-02-05T11:29:11","modified_gmt":"2026-02-05T08:29:11","slug":"tivoli-kaksipaikkainen-autokatos-varastolla-595-m-x-95-m-44-mm","status":"publish","type":"product","link":"https:\/\/factory.sale\/fi\/tuote\/tivoli-kaksipaikkainen-autokatos-varastolla-595-m-x-95-m-44-mm\/","title":{"rendered":"Tivoli \u2013 Kaksipaikkainen autokatos varastolla (5,95 m \u00d7 9,5 m), 44 mm"},"content":{"rendered":"<p>Tivoli-kaksipaikkainen autokatos on tyylik\u00e4s ja k\u00e4yt\u00e4nn\u00f6llinen piharakennus niille, jotka arvostavat kest\u00e4vyytt\u00e4, tilavuutta ja ajattoman kaunista ulkon\u00e4k\u00f6\u00e4. Sen klassinen harjakatto, vahvat 44 mm kuusi- tai m\u00e4ntyrunkoiset sein\u00e4t sek\u00e4 huolellisesti suunniteltu studiotila tekev\u00e4t Tivolist\u00e4 paljon enemm\u00e4n kuin pelk\u00e4n autokatoksen \u2014 se on monik\u00e4ytt\u00f6inen laajennus kotiisi.<\/p>\n<p>39,8 m\u00b2 autokatos tarjoaa runsaasti tilaa kahdelle ajoneuvolle, polkupy\u00f6rille tai ulkov\u00e4lineille. Lis\u00e4n\u00e4 oleva 16,7 m\u00b2 studiotila avaa paljon mahdollisuuksia: k\u00e4yt\u00e4 sit\u00e4 pihahuoneena, kotitoimistona, harrastetilana, ty\u00f6pajana tai varastona. K\u00e4\u00e4nnett\u00e4v\u00e4 pohjaratkaisu antaa joustavuutta asennuksessa, sill\u00e4 varaston voi sijoittaa joko vasemmalle tai oikealle puolelle, tontin ja tarpeiden mukaan.<\/p>\n<p>Korkealaatuiset puu- tai PVC-ikkunat ja -ovet, eristyst\u00e4 parantavat kaksinkertaiset PVC-elementit ja mukana tulevat myrskytuet takaavat pitk\u00e4aikaisen vakauden ja jokap\u00e4iv\u00e4isen mukavuuden. Klassinen 13\u00b0:n kaltevuus antaa katolle perinteisen ilmeen ja parantaa samalla s\u00e4\u00e4n suojaa ja vedenpoistoa.<br \/>\nJos tarvitset turvallista pys\u00e4k\u00f6intitilaa, lis\u00e4varastoa tai erillist\u00e4 ty\u00f6tilaa, Tivoli yhdist\u00e4\u00e4 n\u00e4m\u00e4 kaikki yhteen toimivaan, tyylikk\u00e4\u00e4seen ja joustavaan piharatkaisuun.<\/p>\n<p>&nbsp;<\/p>\n<p><strong>Tekniset tiedot:<\/strong><\/p>\n<div class=\"_tableContainer_1rjym_1\">\n<div class=\"group _tableWrapper_1rjym_13 flex w-fit flex-col-reverse\" tabindex=\"-1\">\n<table class=\"w-fit min-w-(--thread-content-width)\" style=\"height: 668px;\" width=\"978\" data-start=\"1535\" data-end=\"2541\">\n<thead data-start=\"1535\" data-end=\"1564\">\n<tr data-start=\"1535\" data-end=\"1564\">\n<th data-start=\"1535\" data-end=\"1552\" data-col-size=\"sm\"><strong data-start=\"1537\" data-end=\"1551\">M\u00e4\u00e4ritelm\u00e4<\/strong><\/th>\n<th data-start=\"1552\" data-end=\"1564\" data-col-size=\"md\"><strong data-start=\"1554\" data-end=\"1562\">ARVO<\/strong><\/th>\n<\/tr>\n<\/thead>\n<tbody data-start=\"1595\" data-end=\"2541\">\n<tr data-start=\"1595\" data-end=\"1618\">\n<td data-start=\"1595\" data-end=\"1607\" data-col-size=\"sm\"><strong data-start=\"1597\" data-end=\"1606\">Paino<\/strong><\/td>\n<td data-start=\"1607\" data-end=\"1618\" data-col-size=\"md\">3456 kg<\/td>\n<\/tr>\n<tr data-start=\"1619\" data-end=\"1660\">\n<td data-start=\"1619\" data-end=\"1639\" data-col-size=\"sm\"><strong data-start=\"1621\" data-end=\"1638\">Paketin mitat<\/strong><\/td>\n<td data-col-size=\"md\" data-start=\"1639\" data-end=\"1660\">600 \u00d7 120 \u00d7 80 cm<\/td>\n<\/tr>\n<tr data-start=\"1661\" data-end=\"1694\">\n<td data-start=\"1661\" data-end=\"1677\" data-col-size=\"sm\"><strong data-start=\"1663\" data-end=\"1676\">Ulkomitat<\/strong><\/td>\n<td data-col-size=\"md\" data-start=\"1677\" data-end=\"1694\">5,95 \u00d7 9,50 m<\/td>\n<\/tr>\n<tr data-start=\"1695\" data-end=\"1725\">\n<td data-start=\"1695\" data-end=\"1716\" data-col-size=\"sm\"><strong data-start=\"1697\" data-end=\"1715\">Sein\u00e4n paksuus<\/strong><\/td>\n<td data-col-size=\"md\" data-start=\"1716\" data-end=\"1725\">44 mm<\/td>\n<\/tr>\n<tr data-start=\"1726\" data-end=\"1769\">\n<td data-start=\"1726\" data-end=\"1745\" data-col-size=\"sm\"><strong data-start=\"1728\" data-end=\"1744\">Katon tyyppi<\/strong><\/td>\n<td data-col-size=\"md\" data-start=\"1745\" data-end=\"1769\">Klassinen harjakatto<\/td>\n<\/tr>\n<tr data-start=\"1770\" data-end=\"1799\">\n<td data-start=\"1770\" data-end=\"1792\" data-col-size=\"sm\"><strong data-start=\"1772\" data-end=\"1791\">Katon kaltevuus<\/strong><\/td>\n<td data-col-size=\"md\" data-start=\"1792\" data-end=\"1799\">13\u00b0<\/td>\n<\/tr>\n<tr data-start=\"1800\" data-end=\"1829\">\n<td data-start=\"1800\" data-end=\"1819\" data-col-size=\"sm\"><strong data-start=\"1802\" data-end=\"1818\">Harjakorkeus<\/strong><\/td>\n<td data-start=\"1819\" data-end=\"1829\" data-col-size=\"md\">2,95 m<\/td>\n<\/tr>\n<tr data-start=\"1830\" data-end=\"1859\">\n<td data-start=\"1830\" data-end=\"1849\" data-col-size=\"sm\"><strong data-start=\"1832\" data-end=\"1848\">Sein\u00e4korkeus<\/strong><\/td>\n<td data-col-size=\"md\" data-start=\"1849\" data-end=\"1859\">2,30 m<\/td>\n<\/tr>\n<tr data-start=\"1860\" data-end=\"1910\">\n<td data-start=\"1860\" data-end=\"1882\" data-col-size=\"sm\"><strong data-start=\"1862\" data-end=\"1881\">Varaston sis\u00e4ala<\/strong><\/td>\n<td data-col-size=\"md\" data-start=\"1882\" data-end=\"1910\">~2,80 \u00d7 5,95 m = 16,7 m\u00b2<\/td>\n<\/tr>\n<tr data-start=\"1911\" data-end=\"1966\">\n<td data-start=\"1911\" data-end=\"1938\" data-col-size=\"sm\"><strong data-start=\"1913\" data-end=\"1937\">Autokatoksen sis\u00e4ala<\/strong><\/td>\n<td data-col-size=\"md\" data-start=\"1938\" data-end=\"1966\">~6,70 \u00d7 5,95 m = 39,8 m\u00b2<\/td>\n<\/tr>\n<tr data-start=\"1967\" data-end=\"2015\">\n<td data-start=\"1967\" data-end=\"2004\" data-col-size=\"sm\"><strong data-start=\"1969\" data-end=\"2003\">Autopaikan leveys (per paikka)<\/strong><\/td>\n<td data-col-size=\"md\" data-start=\"2004\" data-end=\"2015\">~2,63 m<\/td>\n<\/tr>\n<tr data-start=\"2016\" data-end=\"2056\">\n<td data-start=\"2016\" data-end=\"2030\" data-col-size=\"sm\"><strong data-start=\"2018\" data-end=\"2029\">Rakenne<\/strong><\/td>\n<td data-start=\"2030\" data-end=\"2056\" data-col-size=\"md\">Luonnonkuusi tai m\u00e4nty<\/td>\n<\/tr>\n<tr data-start=\"2057\" data-end=\"2106\">\n<td data-start=\"2057\" data-end=\"2077\" data-col-size=\"sm\"><strong data-start=\"2059\" data-end=\"2076\">Pohjaratkaisu<\/strong><\/td>\n<td data-col-size=\"md\" data-start=\"2077\" data-end=\"2106\">K\u00e4\u00e4nnett\u00e4v\u00e4 (vasen\/oikea)<\/td>\n<\/tr>\n<tr data-start=\"2107\" data-end=\"2162\">\n<td data-start=\"2107\" data-end=\"2133\" data-col-size=\"sm\"><strong data-start=\"2109\" data-end=\"2132\">Ikkunat (puuversio)<\/strong><\/td>\n<td data-col-size=\"md\" data-start=\"2133\" data-end=\"2162\">2 \u00d7 ikkuna 1380 \u00d7 1050 mm<\/td>\n<\/tr>\n<tr data-start=\"2163\" data-end=\"2243\">\n<td data-start=\"2163\" data-end=\"2186\" data-col-size=\"sm\"><strong data-start=\"2165\" data-end=\"2185\">Ovet (puuversio)<\/strong><\/td>\n<td data-col-size=\"md\" data-start=\"2186\" data-end=\"2243\">1 \u00d7 lasiovi 850 \u00d7 1920 mm, 1 \u00d7 pariovi 1615 \u00d7 1920 mm<\/td>\n<\/tr>\n<tr data-start=\"2244\" data-end=\"2339\">\n<td data-start=\"2244\" data-end=\"2271\" data-col-size=\"sm\"><strong data-start=\"2246\" data-end=\"2270\">Ikkunat (PVC-versio)<\/strong><\/td>\n<td data-col-size=\"md\" data-start=\"2271\" data-end=\"2339\">2 \u00d7 PVC-ikkuna 1200 \u00d7 1165 mm, 1 \u00d7 kiinte\u00e4 ikkuna 2000 \u00d7 1935 mm<\/td>\n<\/tr>\n<tr data-start=\"2340\" data-end=\"2392\">\n<td data-start=\"2340\" data-end=\"2363\" data-col-size=\"sm\"><strong data-start=\"2342\" data-end=\"2362\">Ovi (PVC-versio)<\/strong><\/td>\n<td data-col-size=\"md\" data-start=\"2363\" data-end=\"2392\">1 \u00d7 PVC-ovi 900 \u00d7 2043 mm<\/td>\n<\/tr>\n<tr data-start=\"2393\" data-end=\"2424\">\n<td data-start=\"2393\" data-end=\"2410\" data-col-size=\"sm\"><strong data-start=\"2395\" data-end=\"2409\">Myrskytuet<\/strong><\/td>\n<td data-col-size=\"md\" data-start=\"2410\" data-end=\"2424\">Sis\u00e4ltyv\u00e4t<\/td>\n<\/tr>\n<tr data-start=\"2425\" data-end=\"2474\">\n<td data-start=\"2425\" data-end=\"2439\" data-col-size=\"sm\"><strong data-start=\"2427\" data-end=\"2438\">Lasitus<\/strong><\/td>\n<td data-col-size=\"md\" data-start=\"2439\" data-end=\"2474\">PVC-kaksinkertainen eristyslasi<\/td>\n<\/tr>\n<tr data-start=\"2475\" data-end=\"2541\">\n<td data-start=\"2475\" data-end=\"2505\" data-col-size=\"sm\"><strong data-start=\"2477\" data-end=\"2504\">Studion k\u00e4ytt\u00f6tarkoitus<\/strong><\/td>\n<td data-col-size=\"md\" data-start=\"2505\" data-end=\"2541\">Pihastudio, toimisto tai ty\u00f6paja<\/td>\n<\/tr>\n<\/tbody>\n<\/table>\n<\/div>\n<\/div>\n<p>&nbsp;<\/p>\n<p><strong>Lis\u00e4varusteet (hinnat ilman ALV):<\/strong><\/p>\n<p>Bitumikatto\u2013 644 \u20ac<\/p>\n<p>Valkoiset PVC-ikkunat ja -ovet puuversioiden sijaan \u2013 2530 \u20ac<\/p>\n<p>&nbsp;<\/p>\n<p>&nbsp;<\/p>\n<p><iframe loading=\"lazy\" title=\"YouTube video\" src=\"\/\/www.youtube.com\/embed\/9S4j3SFXrjM?autoplay=1&amp;mute=1&amp;controls=1&amp;loop=1&amp;playlist=9S4j3SFXrjM\" width=\"800\" height=\"315\" frameborder=\"0\" allowfullscreen=\"allowfullscreen\" data-mce-fragment=\"1\"><\/iframe><\/p>\n<p>&nbsp;<\/p>\n<p>&nbsp;<\/p>\n","protected":false},"excerpt":{"rendered":"<p>Tivoli kaksipaikkainen autokatos varastolla, 39,8 m\u00b2 pys\u00e4k\u00f6intitilaa ja 16,7 m\u00b2 studio. Klassinen harjakatto, 44 mm kuusisein\u00e4t \u2014 ihanteellinen varastoksi, toimistoksi tai ty\u00f6pajaksi.<\/p>\n","protected":false},"featured_media":132553,"comment_status":"open","ping_status":"closed","template":"","meta":{"_acf_changed":false},"factory":[],"free-shipment":[],"product_brand":[],"product_cat":[1339,997],"product_tag":[1488,1489],"class_list":{"0":"post-132600","1":"product","2":"type-product","3":"status-publish","4":"has-post-thumbnail","6":"product_cat-autokatokset","7":"product_cat-piha-puutarha-fi","8":"product_tag-garden-fi","9":"product_tag-yard-fi","11":"first","12":"instock","13":"sale","14":"taxable","15":"shipping-taxable","16":"purchasable","17":"product-type-simple"},"acf":[],"_links":{"self":[{"href":"https:\/\/factory.sale\/fi\/wp-json\/wp\/v2\/product\/132600","targetHints":{"allow":["GET"]}}],"collection":[{"href":"https:\/\/factory.sale\/fi\/wp-json\/wp\/v2\/product"}],"about":[{"href":"https:\/\/factory.sale\/fi\/wp-json\/wp\/v2\/types\/product"}],"replies":[{"embeddable":true,"href":"https:\/\/factory.sale\/fi\/wp-json\/wp\/v2\/comments?post=132600"}],"wp:featuredmedia":[{"embeddable":true,"href":"https:\/\/factory.sale\/fi\/wp-json\/wp\/v2\/media\/132553"}],"wp:attachment":[{"href":"https:\/\/factory.sale\/fi\/wp-json\/wp\/v2\/media?parent=132600"}],"wp:term":[{"taxonomy":"factory","embeddable":true,"href":"https:\/\/factory.sale\/fi\/wp-json\/wp\/v2\/factory?post=132600"},{"taxonomy":"free-shipment","embeddable":true,"href":"https:\/\/factory.sale\/fi\/wp-json\/wp\/v2\/free-shipment?post=132600"},{"taxonomy":"product_brand","embeddable":true,"href":"https:\/\/factory.sale\/fi\/wp-json\/wp\/v2\/product_brand?post=132600"},{"taxonomy":"product_cat","embeddable":true,"href":"https:\/\/factory.sale\/fi\/wp-json\/wp\/v2\/product_cat?post=132600"},{"taxonomy":"product_tag","embeddable":true,"href":"https:\/\/factory.sale\/fi\/wp-json\/wp\/v2\/product_tag?post=132600"}],"curies":[{"name":"wp","href":"https:\/\/api.w.org\/{rel}","templated":true}]}}