{"id":132460,"date":"2025-11-24T16:36:16","date_gmt":"2025-11-24T13:39:39","guid":{"rendered":"https:\/\/factory.sale\/?post_type=product&#038;p=132460"},"modified":"2026-02-05T11:35:14","modified_gmt":"2026-02-05T08:35:14","slug":"tivoli-kaksipaikkainen-autokatos-tasakatolla-ja-varastolla-595-m-x-95-m-44-mm","status":"publish","type":"product","link":"https:\/\/factory.sale\/fi\/tuote\/tivoli-kaksipaikkainen-autokatos-tasakatolla-ja-varastolla-595-m-x-95-m-44-mm\/","title":{"rendered":"Tivoli \u2013 Kaksipaikkainen autokatos tasakatolla ja varastolla (5,95 m \u00d7 9,5 m), 44 mm"},"content":{"rendered":"<p>Tivoli kahden auton autokatos on t\u00e4ydellinen yhdistelm\u00e4 modernia muotoilua, laadukkaita materiaaleja ja monik\u00e4ytt\u00f6isyytt\u00e4. Sen tyylik\u00e4s tasakatto, tilava pys\u00e4k\u00f6intialue ja k\u00e4yt\u00e4nn\u00f6llinen varastohuone tuovat pihallesi sek\u00e4 eleganssia ett\u00e4 arjen helppoutta.<\/p>\n<p>Vankasta luonnonkuusesta valmistettu rakenne tarjoaa erinomaisen kest\u00e4vyyden ja selke\u00e4n, nykyaikaisen ulkon\u00e4\u00f6n, joka sopii saumattomasti mihin tahansa pihapiiriin. K\u00e4\u00e4nnett\u00e4v\u00e4 pohjaratkaisu mahdollistaa varaston sijoittamisen joko vasemmalle tai oikealle puolelle, mik\u00e4 antaa joustavuutta asennukseen.<\/p>\n<p>Avara 39,8 m\u00b2 autokatos tarjoaa runsaasti tilaa kahdelle ajoneuvolle, polkupy\u00f6rille tai muille ulkoiluv\u00e4lineille. 16,7 m\u00b2 studiotila sopii t\u00e4ydellisesti pihaty\u00f6tilaksi, kotitoimistoksi, harrastehuoneeksi tai pieneksi rentoutumispaikaksi \u2014 ja kaksinkertaiset PVC-ikkunat takaavat hyv\u00e4n eristyksen ja mukavuuden ymp\u00e4ri vuoden.<br \/>\nKorkealaatuiset puiset tai PVC-ovet ja -ikkunat, myrskytuet sek\u00e4 tarkasti ty\u00f6stetyt 44 mm sein\u00e4t tekev\u00e4t Tivolist\u00e4 ensiluokkaisen piharakennuksen, joka yhdist\u00e4\u00e4 k\u00e4yt\u00e4nn\u00f6llisyyden ja tyylin.<\/p>\n<p>Olitpa etsim\u00e4ss\u00e4 turvallista pys\u00e4k\u00f6intiratkaisua, lis\u00e4tilaa s\u00e4ilytykseen tai modernia pihastudiota, Tivoli tarjoaa monipuolisen ja k\u00e4ytt\u00e4j\u00e4yst\u00e4v\u00e4llisen kokonaisratkaisun nykyaikaiseen piharakentamiseen.<\/p>\n<p>&nbsp;<\/p>\n<p>&nbsp;<\/p>\n<p><strong>Tekniset tiedot:<\/strong><\/p>\n<div class=\"_tableContainer_1rjym_1\">\n<div class=\"group _tableWrapper_1rjym_13 flex w-fit flex-col-reverse\" tabindex=\"-1\">\n<table class=\"w-fit min-w-(--thread-content-width)\" style=\"height: 614px;\" width=\"830\" data-start=\"1514\" data-end=\"2477\">\n<thead data-start=\"1514\" data-end=\"1543\">\n<tr data-start=\"1514\" data-end=\"1543\">\n<th data-start=\"1514\" data-end=\"1531\" data-col-size=\"sm\"><strong data-start=\"1516\" data-end=\"1530\">M\u00c4\u00c4RITELM\u00c4<\/strong><\/th>\n<th data-start=\"1531\" data-end=\"1543\" data-col-size=\"md\"><strong data-start=\"1533\" data-end=\"1541\">ARVO<\/strong><\/th>\n<\/tr>\n<\/thead>\n<tbody data-start=\"1574\" data-end=\"2477\">\n<tr data-start=\"1574\" data-end=\"1607\">\n<td data-start=\"1574\" data-end=\"1590\" data-col-size=\"sm\"><strong data-start=\"1576\" data-end=\"1589\">Ulkomitat<\/strong><\/td>\n<td data-col-size=\"md\" data-start=\"1590\" data-end=\"1607\">5,95 \u00d7 9,50 m<\/td>\n<\/tr>\n<tr data-start=\"1608\" data-end=\"1638\">\n<td data-start=\"1608\" data-end=\"1629\" data-col-size=\"sm\"><strong data-start=\"1610\" data-end=\"1628\">Sein\u00e4n paksuus<\/strong><\/td>\n<td data-col-size=\"md\" data-start=\"1629\" data-end=\"1638\">44 mm<\/td>\n<\/tr>\n<tr data-start=\"1639\" data-end=\"1671\">\n<td data-start=\"1639\" data-end=\"1658\" data-col-size=\"sm\"><strong data-start=\"1641\" data-end=\"1657\">Katon tyyppi<\/strong><\/td>\n<td data-col-size=\"md\" data-start=\"1658\" data-end=\"1671\">Tasakatto<\/td>\n<\/tr>\n<tr data-start=\"1672\" data-end=\"1702\">\n<td data-start=\"1672\" data-end=\"1694\" data-col-size=\"sm\"><strong data-start=\"1674\" data-end=\"1693\">Katon kaltevuus<\/strong><\/td>\n<td data-col-size=\"md\" data-start=\"1694\" data-end=\"1702\">4,1\u00b0<\/td>\n<\/tr>\n<tr data-start=\"1703\" data-end=\"1732\">\n<td data-start=\"1703\" data-end=\"1722\" data-col-size=\"sm\"><strong data-start=\"1705\" data-end=\"1721\">Harjakorkeus<\/strong><\/td>\n<td data-col-size=\"md\" data-start=\"1722\" data-end=\"1732\">2,80 m<\/td>\n<\/tr>\n<tr data-start=\"1733\" data-end=\"1762\">\n<td data-start=\"1733\" data-end=\"1752\" data-col-size=\"sm\"><strong data-start=\"1735\" data-end=\"1751\">Sein\u00e4korkeus<\/strong><\/td>\n<td data-col-size=\"md\" data-start=\"1752\" data-end=\"1762\">2,30 m<\/td>\n<\/tr>\n<tr data-start=\"1763\" data-end=\"1815\">\n<td data-start=\"1763\" data-end=\"1787\" data-col-size=\"sm\"><strong data-start=\"1765\" data-end=\"1786\">Varaston sis\u00e4mitat<\/strong><\/td>\n<td data-col-size=\"md\" data-start=\"1787\" data-end=\"1815\">~2,80 \u00d7 5,95 m = 16,7 m\u00b2<\/td>\n<\/tr>\n<tr data-start=\"1816\" data-end=\"1873\">\n<td data-start=\"1816\" data-end=\"1845\" data-col-size=\"sm\"><strong data-start=\"1818\" data-end=\"1844\">Autokatoksen sis\u00e4mitat<\/strong><\/td>\n<td data-col-size=\"md\" data-start=\"1845\" data-end=\"1873\">~6,70 \u00d7 5,95 m = 39,8 m\u00b2<\/td>\n<\/tr>\n<tr data-start=\"1874\" data-end=\"1922\">\n<td data-start=\"1874\" data-end=\"1911\" data-col-size=\"sm\"><strong data-start=\"1876\" data-end=\"1910\">Autopaikan leveys (per paikka)<\/strong><\/td>\n<td data-col-size=\"md\" data-start=\"1911\" data-end=\"1922\">~2,63 m<\/td>\n<\/tr>\n<tr data-start=\"1923\" data-end=\"1965\">\n<td data-start=\"1923\" data-end=\"1937\" data-col-size=\"sm\"><strong data-start=\"1925\" data-end=\"1936\">Rakenne<\/strong><\/td>\n<td data-col-size=\"md\" data-start=\"1937\" data-end=\"1965\">Massiivinen luonnonkuusi<\/td>\n<\/tr>\n<tr data-start=\"1966\" data-end=\"2013\">\n<td data-start=\"1966\" data-end=\"1986\" data-col-size=\"sm\"><strong data-start=\"1968\" data-end=\"1985\">Pohjaratkaisu<\/strong><\/td>\n<td data-col-size=\"md\" data-start=\"1986\" data-end=\"2013\">K\u00e4\u00e4nnett\u00e4v\u00e4 vasen\/oikea<\/td>\n<\/tr>\n<tr data-start=\"2014\" data-end=\"2069\">\n<td data-start=\"2014\" data-end=\"2040\" data-col-size=\"sm\"><strong data-start=\"2016\" data-end=\"2039\">Ikkunat (puuversio)<\/strong><\/td>\n<td data-col-size=\"md\" data-start=\"2040\" data-end=\"2069\">2 \u00d7 ikkuna 1380 \u00d7 1050 mm<\/td>\n<\/tr>\n<tr data-start=\"2070\" data-end=\"2165\">\n<td data-start=\"2070\" data-end=\"2097\" data-col-size=\"sm\"><strong data-start=\"2072\" data-end=\"2096\">Ikkunat (PVC-versio)<\/strong><\/td>\n<td data-col-size=\"md\" data-start=\"2097\" data-end=\"2165\">2 \u00d7 PVC-ikkuna 1200 \u00d7 1165 mm, 1 \u00d7 kiinte\u00e4 ikkuna 2000 \u00d7 1935 mm<\/td>\n<\/tr>\n<tr data-start=\"2166\" data-end=\"2246\">\n<td data-start=\"2166\" data-end=\"2189\" data-col-size=\"sm\"><strong data-start=\"2168\" data-end=\"2188\">Ovet (puuversio)<\/strong><\/td>\n<td data-start=\"2189\" data-end=\"2246\" data-col-size=\"md\">1 \u00d7 lasiovi 850 \u00d7 1920 mm, 1 \u00d7 pariovi 1615 \u00d7 1920 mm<\/td>\n<\/tr>\n<tr data-start=\"2247\" data-end=\"2300\">\n<td data-start=\"2247\" data-end=\"2271\" data-col-size=\"sm\"><strong data-start=\"2249\" data-end=\"2270\">Ovet (PVC-versio)<\/strong><\/td>\n<td data-start=\"2271\" data-end=\"2300\" data-col-size=\"md\">1 \u00d7 PVC-ovi 900 \u00d7 2043 mm<\/td>\n<\/tr>\n<tr data-start=\"2301\" data-end=\"2336\">\n<td data-start=\"2301\" data-end=\"2322\" data-col-size=\"sm\"><strong data-start=\"2303\" data-end=\"2321\">Myrskytuet<\/strong><\/td>\n<td data-start=\"2322\" data-end=\"2336\" data-col-size=\"md\">Sis\u00e4ltyv\u00e4t<\/td>\n<\/tr>\n<tr data-start=\"2337\" data-end=\"2386\">\n<td data-start=\"2337\" data-end=\"2351\" data-col-size=\"sm\"><strong data-start=\"2339\" data-end=\"2350\">Lasitus<\/strong><\/td>\n<td data-start=\"2351\" data-end=\"2386\" data-col-size=\"md\">Kaksinkertainen PVC-eristyslasi<\/td>\n<\/tr>\n<tr data-start=\"2387\" data-end=\"2477\">\n<td data-start=\"2387\" data-end=\"2417\" data-col-size=\"sm\"><strong data-start=\"2389\" data-end=\"2416\">Sis\u00e4tilan k\u00e4ytt\u00f6tarkoitus<\/strong><\/td>\n<td data-start=\"2417\" data-end=\"2477\" data-col-size=\"md\">Sopii puutarhastudioksi, toimistoksi tai harrastetilaksi<\/td>\n<\/tr>\n<\/tbody>\n<\/table>\n<\/div>\n<\/div>\n<p>&nbsp;<\/p>\n<p>&nbsp;<\/p>\n<p><strong>Sein\u00e4n paksuus 68 mm (+ 2340,25 \u20ac + ALV)<\/strong><\/p>\n<p>&nbsp;<\/p>\n<p>&nbsp;<\/p>\n<p><a href=\"https:\/\/factory.sale\/wp-content\/uploads\/2025\/11\/E.CER-Tivoli-5.95x9.5m-44mm_1.pdf\" target=\"_blank\" rel=\"noopener\">Asennusohjeet PDF<\/a><\/p>\n<p>&nbsp;<\/p>\n<p><iframe loading=\"lazy\" title=\"YouTube video\" src=\"\/\/www.youtube.com\/embed\/9S4j3SFXrjM?autoplay=1&amp;mute=1&amp;controls=1&amp;loop=1&amp;playlist=9S4j3SFXrjM\" width=\"800\" height=\"315\" frameborder=\"0\" allowfullscreen=\"allowfullscreen\" data-mce-fragment=\"1\"><\/iframe><\/p>\n","protected":false},"excerpt":{"rendered":"<p>Moderni kahden auton Tivoli-autokatos varastolla. Katos tarjoaa 39,8 m\u00b2 pys\u00e4k\u00f6intitilaa, 16,7 m\u00b2 studion, tasakaton ja kest\u00e4v\u00e4n 44 mm kuusirakenteen. T\u00e4ydellinen kodin varastointiin ja ulkotiloihin.<\/p>\n","protected":false},"featured_media":132442,"comment_status":"open","ping_status":"closed","template":"","meta":{"_acf_changed":false},"factory":[],"free-shipment":[],"product_brand":[],"product_cat":[1339,997],"product_tag":[1487,1488,1489],"class_list":{"0":"post-132460","1":"product","2":"type-product","3":"status-publish","4":"has-post-thumbnail","6":"product_cat-autokatokset","7":"product_cat-piha-puutarha-fi","8":"product_tag-carport-fi","9":"product_tag-garden-fi","10":"product_tag-yard-fi","12":"first","13":"instock","14":"sale","15":"taxable","16":"shipping-taxable","17":"purchasable","18":"product-type-simple"},"acf":[],"_links":{"self":[{"href":"https:\/\/factory.sale\/fi\/wp-json\/wp\/v2\/product\/132460","targetHints":{"allow":["GET"]}}],"collection":[{"href":"https:\/\/factory.sale\/fi\/wp-json\/wp\/v2\/product"}],"about":[{"href":"https:\/\/factory.sale\/fi\/wp-json\/wp\/v2\/types\/product"}],"replies":[{"embeddable":true,"href":"https:\/\/factory.sale\/fi\/wp-json\/wp\/v2\/comments?post=132460"}],"wp:featuredmedia":[{"embeddable":true,"href":"https:\/\/factory.sale\/fi\/wp-json\/wp\/v2\/media\/132442"}],"wp:attachment":[{"href":"https:\/\/factory.sale\/fi\/wp-json\/wp\/v2\/media?parent=132460"}],"wp:term":[{"taxonomy":"factory","embeddable":true,"href":"https:\/\/factory.sale\/fi\/wp-json\/wp\/v2\/factory?post=132460"},{"taxonomy":"free-shipment","embeddable":true,"href":"https:\/\/factory.sale\/fi\/wp-json\/wp\/v2\/free-shipment?post=132460"},{"taxonomy":"product_brand","embeddable":true,"href":"https:\/\/factory.sale\/fi\/wp-json\/wp\/v2\/product_brand?post=132460"},{"taxonomy":"product_cat","embeddable":true,"href":"https:\/\/factory.sale\/fi\/wp-json\/wp\/v2\/product_cat?post=132460"},{"taxonomy":"product_tag","embeddable":true,"href":"https:\/\/factory.sale\/fi\/wp-json\/wp\/v2\/product_tag?post=132460"}],"curies":[{"name":"wp","href":"https:\/\/api.w.org\/{rel}","templated":true}]}}