{"id":132332,"date":"2025-11-24T02:04:12","date_gmt":"2025-11-23T23:22:17","guid":{"rendered":"https:\/\/factory.sale\/?post_type=product&#038;p=132332"},"modified":"2026-02-05T11:25:50","modified_gmt":"2026-02-05T08:25:50","slug":"yhden-auton-autokatos-twin-4-m-x-6-m-44-mm","status":"publish","type":"product","link":"https:\/\/factory.sale\/fi\/tuote\/yhden-auton-autokatos-twin-4-m-x-6-m-44-mm\/","title":{"rendered":"Yhden auton autotalli Twin (4 m x 6 m), 44 mm"},"content":{"rendered":"<p>Twin on erinomainen modernilla tyylill\u00e4 varustettu autotalli, joka sopii mihin tahansa pihaan. Siell\u00e4 voi s\u00e4ilytt\u00e4\u00e4 puutarhaty\u00f6kaluja, auton tai jopa huonekaluja. Talli on riitt\u00e4v\u00e4n leve\u00e4, joten auton oven voi avata kokonaan ja autosta nouseminen on helppoa ja mukavaa. Twin-autotalli on t\u00e4ydellinen valinta henkil\u00f6lle, jolle moderni ulkon\u00e4k\u00f6 ja k\u00e4ytt\u00f6mukavuus ovat t\u00e4rkeit\u00e4.<br \/>\nTwin-autotalli tarjoaa k\u00e4yt\u00e4nn\u00f6llisyyden ja modernin muotoilun tasapainoisen yhdistelm\u00e4n, ollen tyylik\u00e4s ja luotettava ratkaisu p\u00e4ivitt\u00e4iseen s\u00e4ilytykseen ja ajoneuvon suojaamiseen. Nykyaikainen design tekee siit\u00e4 erinomaisen valinnan kaikille, jotka haluavat elegantin ja toimivan rakennuksen, joka t\u00e4ydent\u00e4\u00e4 pihapiiri\u00e4.<br \/>\nT\u00e4m\u00e4 monik\u00e4ytt\u00f6inen puinen autotalli tarjoaa runsaasti tilaa paitsi ajoneuvolle my\u00f6s puutarhaty\u00f6kaluille, ulkov\u00e4lineille, polkupy\u00f6rille, varas\u00e4ngyille tai huonekaluille.<br \/>\nSertifioidusta pohjoismaisesta m\u00e4nnyst\u00e4 tai kuusesta valmistettu Twin-autotalli tarjoaa kest\u00e4vyytt\u00e4, vakautta ja pitk\u00e4n k\u00e4ytt\u00f6i\u00e4n. Sen selke\u00e4t linjat, vahva rakenne ja moderni ulkon\u00e4k\u00f6 tekev\u00e4t siit\u00e4 erinomaisen valinnan omakotitalon omistajalle, joka arvostaa minimalismia, toimivuutta ja tyylikkyytt\u00e4. K\u00e4yt\u00e4 sit\u00e4 autotallina, ty\u00f6pajana tai varastotilana \u2014 Twin on \u00e4lyk\u00e4s investointi mukavuuteen ja moderniin piharakentamiseen.<\/p>\n<p>&nbsp;<\/p>\n<p><strong>Tekniset tiedot:<\/strong><\/p>\n<div class=\"_tableContainer_1rjym_1\">\n<div class=\"group _tableWrapper_1rjym_13 flex w-fit flex-col-reverse\" tabindex=\"-1\">\n<table class=\"w-fit min-w-(--thread-content-width)\" data-start=\"112\" data-end=\"933\">\n<thead data-start=\"112\" data-end=\"141\">\n<tr data-start=\"112\" data-end=\"141\">\n<th data-start=\"112\" data-end=\"129\" data-col-size=\"sm\"><\/th>\n<th data-start=\"129\" data-end=\"141\" data-col-size=\"md\"><\/th>\n<\/tr>\n<\/thead>\n<tbody data-start=\"172\" data-end=\"933\">\n<tr data-start=\"172\" data-end=\"230\">\n<td data-start=\"172\" data-end=\"189\" data-col-size=\"sm\"><strong data-start=\"174\" data-end=\"188\">Materiaali<\/strong><\/td>\n<td data-start=\"189\" data-end=\"230\" data-col-size=\"md\">Sertifioitu pohjoinen m\u00e4nty tai kuusi<\/td>\n<\/tr>\n<tr data-start=\"231\" data-end=\"284\">\n<td data-start=\"231\" data-end=\"265\" data-col-size=\"sm\"><strong data-start=\"233\" data-end=\"264\">Ulkomitat (leveys x pituus)<\/strong><\/td>\n<td data-start=\"265\" data-end=\"284\" data-col-size=\"md\">400 cm \u00d7 595 cm<\/td>\n<\/tr>\n<tr data-start=\"285\" data-end=\"338\">\n<td data-start=\"285\" data-end=\"319\" data-col-size=\"sm\"><strong data-start=\"287\" data-end=\"318\">Sis\u00e4mitat (leveys x pituus)<\/strong><\/td>\n<td data-start=\"319\" data-end=\"338\" data-col-size=\"md\">371 cm \u00d7 566 cm<\/td>\n<\/tr>\n<tr data-start=\"339\" data-end=\"370\">\n<td data-start=\"339\" data-end=\"365\" data-col-size=\"sm\"><strong data-start=\"341\" data-end=\"364\">Huoneiden lukum\u00e4\u00e4r\u00e4<\/strong><\/td>\n<td data-start=\"365\" data-end=\"370\" data-col-size=\"md\">1<\/td>\n<\/tr>\n<tr data-start=\"371\" data-end=\"401\">\n<td data-start=\"371\" data-end=\"392\" data-col-size=\"sm\"><strong data-start=\"373\" data-end=\"391\">Sein\u00e4n paksuus<\/strong><\/td>\n<td data-start=\"392\" data-end=\"401\" data-col-size=\"md\">44 mm<\/td>\n<\/tr>\n<tr data-start=\"402\" data-end=\"437\">\n<td data-start=\"402\" data-end=\"427\" data-col-size=\"sm\"><strong data-start=\"404\" data-end=\"426\">Sivusein\u00e4n korkeus<\/strong><\/td>\n<td data-start=\"427\" data-end=\"437\" data-col-size=\"md\">223 cm<\/td>\n<\/tr>\n<tr data-start=\"438\" data-end=\"480\">\n<td data-start=\"438\" data-end=\"457\" data-col-size=\"sm\"><strong data-start=\"440\" data-end=\"456\">Harjakorkeus<\/strong><\/td>\n<td data-start=\"457\" data-end=\"480\" data-col-size=\"md\">317,5 cm \/ 249,5 cm<\/td>\n<\/tr>\n<tr data-start=\"481\" data-end=\"527\">\n<td data-start=\"481\" data-end=\"502\" data-col-size=\"sm\"><strong data-start=\"483\" data-end=\"501\">Katemateriaali<\/strong><\/td>\n<td data-start=\"502\" data-end=\"527\" data-col-size=\"md\">19\u201320 mm ponttilaudat<\/td>\n<\/tr>\n<tr data-start=\"528\" data-end=\"582\">\n<td data-start=\"528\" data-end=\"551\" data-col-size=\"sm\"><strong data-start=\"530\" data-end=\"550\">Lattiamateriaali<\/strong><\/td>\n<td data-start=\"551\" data-end=\"582\" data-col-size=\"md\">Toimitus ei sis\u00e4ll\u00e4 lattiaa<\/td>\n<\/tr>\n<tr data-start=\"583\" data-end=\"612\">\n<td data-start=\"583\" data-end=\"603\" data-col-size=\"sm\"><strong data-start=\"585\" data-end=\"602\">Katon r\u00e4yst\u00e4s<\/strong><\/td>\n<td data-start=\"603\" data-end=\"612\" data-col-size=\"md\">30 cm<\/td>\n<\/tr>\n<tr data-start=\"613\" data-end=\"659\">\n<td data-start=\"613\" data-end=\"632\" data-col-size=\"sm\"><strong data-start=\"615\" data-end=\"631\">Ikkunaluukut<\/strong><\/td>\n<td data-start=\"632\" data-end=\"659\" data-col-size=\"md\">Ei sis\u00e4lly toimitukseen<\/td>\n<\/tr>\n<tr data-start=\"660\" data-end=\"749\">\n<td data-start=\"660\" data-end=\"689\" data-col-size=\"sm\"><strong data-start=\"662\" data-end=\"688\">Ovi (leveys x korkeus)<\/strong><\/td>\n<td data-start=\"689\" data-end=\"749\" data-col-size=\"md\">85 cm \u00d7 192 cm (1 kpl); 240 cm \u00d7 205 cm (autotallin ovi)<\/td>\n<\/tr>\n<tr data-start=\"750\" data-end=\"808\">\n<td data-start=\"750\" data-end=\"783\" data-col-size=\"sm\"><strong data-start=\"752\" data-end=\"782\">Ikkunat (leveys x korkeus)<\/strong><\/td>\n<td data-start=\"783\" data-end=\"808\" data-col-size=\"md\">90 cm \u00d7 39 cm (4 kpl)<\/td>\n<\/tr>\n<tr data-start=\"809\" data-end=\"876\">\n<td data-start=\"809\" data-end=\"823\" data-col-size=\"sm\"><strong data-start=\"811\" data-end=\"822\">Lasitus<\/strong><\/td>\n<td data-start=\"823\" data-end=\"876\" data-col-size=\"md\">Kaksinkertainen eristyslasi (5 mm + 10 mm + 5 mm)<\/td>\n<\/tr>\n<tr data-start=\"877\" data-end=\"933\">\n<td data-start=\"877\" data-end=\"911\" data-col-size=\"sm\"><strong data-start=\"879\" data-end=\"910\">Katon pinta-ala \/ kaltevuus<\/strong><\/td>\n<td data-start=\"911\" data-end=\"933\" data-col-size=\"md\">30 m\u00b2 \/ 18\u00b0 ja 14\u00b0<\/td>\n<\/tr>\n<\/tbody>\n<\/table>\n<\/div>\n<\/div>\n<p>&nbsp;<\/p>\n<p><strong>Lis\u00e4varusteet (hinnat ilman ALV):<\/strong><\/p>\n<p>Autotallin ovet<br \/>\nPuinen autotallin ovi: 0 \u20ac<br \/>\nNosto-ovi: 517,50 \u20ac<br \/>\nIlman autotallin ovea: \u2013345 \u20ac<\/p>\n<p>&nbsp;<\/p>\n<p>Bitumikatto: 333,50 \u20ac<\/p>\n<p>&nbsp;<\/p>\n<p><strong>Katon v\u00e4rit:<\/strong><\/p>\n<p>Musta, vihre\u00e4, punainen<\/p>\n<p><img loading=\"lazy\" decoding=\"async\" class=\"alignnone wp-image-86156\" src=\"https:\/\/factory.sale\/wp-content\/uploads\/2024\/06\/colours-wooden-me-300x82.png\" alt=\"\" width=\"446\" height=\"122\" srcset=\"https:\/\/factory.sale\/wp-content\/uploads\/2024\/06\/colours-wooden-me-300x82.png 300w, https:\/\/factory.sale\/wp-content\/uploads\/2024\/06\/colours-wooden-me-150x41.png 150w, https:\/\/factory.sale\/wp-content\/uploads\/2024\/06\/colours-wooden-me-600x164.png 600w, https:\/\/factory.sale\/wp-content\/uploads\/2024\/06\/colours-wooden-me.png 638w\" sizes=\"auto, (max-width: 446px) 100vw, 446px\" \/><\/p>\n<p>&nbsp;<\/p>\n<p>&nbsp;<\/p>\n<p><iframe loading=\"lazy\" title=\"YouTube video\" src=\"\/\/www.youtube.com\/embed\/k9kK04ZBp0o?autoplay=1&amp;mute=1&amp;controls=1&amp;start=110&amp;loop=1&amp;playlist=k9kK04ZBp0o\" width=\"800\" height=\"450\" frameborder=\"0\" allowfullscreen=\"allowfullscreen\" data-mce-fragment=\"1\"><\/iframe><\/p>\n<p>&nbsp;<\/p>\n<p><iframe loading=\"lazy\" title=\"YouTube video\" src=\"\/\/www.youtube.com\/embed\/9S4j3SFXrjM?autoplay=1&amp;mute=1&amp;controls=1&amp;loop=1&amp;playlist=9S4j3SFXrjM\" width=\"800\" height=\"315\" frameborder=\"0\" allowfullscreen=\"allowfullscreen\" data-mce-fragment=\"1\"><\/iframe><\/p>\n","protected":false},"excerpt":{"rendered":"<p>Moderni puinen autotalli sertifioidusta m\u00e4nnyst\u00e4 tai kuusesta. Tilava ja kest\u00e4v\u00e4 ratkaisu ajoneuvon, ty\u00f6kalujen ja ulkov\u00e4lineiden s\u00e4ilytykseen. Tyylik\u00e4s ja nykyaikainen valinta jokaiseen kotiin.<\/p>\n","protected":false},"featured_media":132306,"comment_status":"open","ping_status":"closed","template":"","meta":{"_acf_changed":false},"factory":[],"free-shipment":[],"product_brand":[],"product_cat":[1339,997],"product_tag":[],"class_list":{"0":"post-132332","1":"product","2":"type-product","3":"status-publish","4":"has-post-thumbnail","6":"product_cat-autokatokset","7":"product_cat-piha-puutarha-fi","9":"first","10":"instock","11":"sale","12":"taxable","13":"shipping-taxable","14":"purchasable","15":"product-type-simple"},"acf":[],"_links":{"self":[{"href":"https:\/\/factory.sale\/fi\/wp-json\/wp\/v2\/product\/132332","targetHints":{"allow":["GET"]}}],"collection":[{"href":"https:\/\/factory.sale\/fi\/wp-json\/wp\/v2\/product"}],"about":[{"href":"https:\/\/factory.sale\/fi\/wp-json\/wp\/v2\/types\/product"}],"replies":[{"embeddable":true,"href":"https:\/\/factory.sale\/fi\/wp-json\/wp\/v2\/comments?post=132332"}],"wp:featuredmedia":[{"embeddable":true,"href":"https:\/\/factory.sale\/fi\/wp-json\/wp\/v2\/media\/132306"}],"wp:attachment":[{"href":"https:\/\/factory.sale\/fi\/wp-json\/wp\/v2\/media?parent=132332"}],"wp:term":[{"taxonomy":"factory","embeddable":true,"href":"https:\/\/factory.sale\/fi\/wp-json\/wp\/v2\/factory?post=132332"},{"taxonomy":"free-shipment","embeddable":true,"href":"https:\/\/factory.sale\/fi\/wp-json\/wp\/v2\/free-shipment?post=132332"},{"taxonomy":"product_brand","embeddable":true,"href":"https:\/\/factory.sale\/fi\/wp-json\/wp\/v2\/product_brand?post=132332"},{"taxonomy":"product_cat","embeddable":true,"href":"https:\/\/factory.sale\/fi\/wp-json\/wp\/v2\/product_cat?post=132332"},{"taxonomy":"product_tag","embeddable":true,"href":"https:\/\/factory.sale\/fi\/wp-json\/wp\/v2\/product_tag?post=132332"}],"curies":[{"name":"wp","href":"https:\/\/api.w.org\/{rel}","templated":true}]}}