{"id":132232,"date":"2025-11-21T16:56:22","date_gmt":"2025-11-27T07:20:16","guid":{"rendered":"https:\/\/factory.sale\/?post_type=product&#038;p=132232"},"modified":"2026-03-18T08:59:39","modified_gmt":"2026-03-18T05:59:39","slug":"skamet-p-116-puukiuas-metallikuorella-8-18-m%c2%b3-saunoihin-lammitetaan-samasta-tilasta","status":"publish","type":"product","link":"https:\/\/factory.sale\/fi\/tuote\/skamet-p-116-puukiuas-metallikuorella-8-18-m%c2%b3-saunoihin-lammitetaan-samasta-tilasta\/","title":{"rendered":"Skamet P-116 puukiuas metallikuorella 8\u201318 m\u00b3 saunoihin, l\u00e4mmitet\u00e4\u00e4n samasta tilasta"},"content":{"rendered":"<p>Skamet-kiukaat valmistetaan Virossa ja ne t\u00e4ytt\u00e4v\u00e4t EN 15821:2010 -standardin vaatimukset. Kaikkien mallien hy\u00f6tysuhde ylitt\u00e4\u00e4 70 % (EU-vaatimus on 50 %). Korkea hy\u00f6tysuhde saavutetaan sis\u00e4isten savukanavien avulla \u2014 ne sitovat l\u00e4mp\u00f6\u00e4 pidemp\u00e4\u00e4n ennen kuin se poistuu savupiipun kautta. T\u00e4m\u00e4 takaa nopeamman l\u00e4mmityksen, tasaisemman l\u00e4mm\u00f6njaon ja est\u00e4\u00e4 liekkej\u00e4 p\u00e4\u00e4sem\u00e4st\u00e4 savukanavaan.<\/p>\n<p>Hyvin eristetyss\u00e4 saunassa voi saavuttaa lauteilla 100 \u00b0C l\u00e4mp\u00f6tilan noin 0,5\u20131,5 tunnissa (mallista ja saunan koosta riippuen). Oikein k\u00e4ytettyn\u00e4 Skamet-kiukaan keskim\u00e4\u00e4r\u00e4inen k\u00e4ytt\u00f6ik\u00e4 on 8\u201312 vuotta.<\/p>\n<p>P-116 on keskikokoinen puukiuas, jossa on vahva metallirakenne ja joka soveltuu 8\u201318 m\u00b3 saunoihin. Malli tarjoaa useita kokoonpanovaihtoehtoja ja voidaan r\u00e4\u00e4t\u00e4l\u00f6id\u00e4 saunan tarpeiden mukaan.<\/p>\n<p><strong>Tekniset tiedot:<\/strong><\/p>\n<ul>\n<li>L\u00e4mmitett\u00e4v\u00e4n huoneen tilavuus: 8\u201318 m\u00b3<\/li>\n<li>Kivim\u00e4\u00e4r\u00e4: 40 kg<\/li>\n<li>Paino: 50 kg<\/li>\n<li>Korkeus: 73 cm<\/li>\n<li>Leveys: 43 cm<\/li>\n<li>Syvyys: 51 cm<\/li>\n<li>Savupiipun halkaisija: 115 mm<\/li>\n<li>Tulipes\u00e4n yl\u00e4osan paksuus: 5 mm<\/li>\n<li>Polttopuiden pituus: 35 cm<\/li>\n<\/ul>\n<p><strong>Vakiovarusteet:<\/strong><\/p>\n<ul>\n<li>Ter\u00e4sovi<\/li>\n<li>Yl\u00e4- tai takaliit\u00e4nt\u00e4 savupiipulle<\/li>\n<li>Vasemmalle avautuva ovi<\/li>\n<li>Koko kiuas mustalla kuumuutta kest\u00e4v\u00e4ll\u00e4 pinnoitteella<\/li>\n<li>Valmistettu EN 15821:2010 -standardin mukaisesti<\/li>\n<\/ul>\n<p><strong>Lis\u00e4varusteet:<\/strong><\/p>\n<ul>\n<li>Lasiovi (230 \u00d7 230 mm)<\/li>\n<li>Oikealle avautuva ovi<\/li>\n<li>Kuoren yl\u00e4reuna ruostumatonta ter\u00e4st\u00e4<\/li>\n<li>Vesivaraajan liit\u00e4nt\u00e4 (vasen, oikea tai takaliit\u00e4nt\u00e4)<\/li>\n<\/ul>\n<p><strong>Saatavilla olevat mallit:<br \/>\n<\/strong><br \/>\nMalli\u00a0 \u00a0 \u00a0 \u00a0 \u00a0 \u00a0 \u00a0 \u00a0 \u00a0 \u00a0 \u00a0 \u00a0 \u00a0 \u00a0 \u00a0 \u00a0 \u00a0 \u00a0 \u00a0 \u00a0 \u00a0 \u00a0 \u00a0 \u00a0 \u00a0 \u00a0 \u00a0 \u00a0 \u00a0 \u00a0 \u00a0 \u00a0 \u00a0 \u00a0 \u00a0 \u00a0 \u00a0 \u00a0 Kuvaus\u00a0 \u00a0 \u00a0 \u00a0 \u00a0 \u00a0 \u00a0 \u00a0 \u00a0 \u00a0 \u00a0 \u00a0 \u00a0 \u00a0 \u00a0 \u00a0 \u00a0 \u00a0 \u00a0 \u00a0 \u00a0 \u00a0 \u00a0 \u00a0 \u00a0 \u00a0 \u00a0 \u00a0 \u00a0 \u00a0 \u00a0 \u00a0 \u00a0 \u00a0 \u00a0 \u00a0 \u00a0 \u00a0 \u00a0 \u00a0 \u00a0 EAN\u00a0 \u00a0 \u00a0 \u00a0 \u00a0 \u00a0 \u00a0 \u00a0 \u00a0Hinta<br \/>\nP-116\u00a0 \u00a0 \u00a0 \u00a0 \u00a0 \u00a0 \u00a0 \u00a0 \u00a0 \u00a0 \u00a0 \u00a0 \u00a0 \u00a0 \u00a0 \u00a0Kiuas (8\u201318 m\u00b3), ilman vesis\u00e4ili\u00f6n liit\u00e4nt\u00e4\u00e4 (ter\u00e4skuori)\u00a0 \u00a0 \u00a0 \u00a0 \u00a0 \u00a0 \u00a0 \u00a0 \u00a0 \u00a0 \u00a0 \u00a0 \u00a0 \u00a0 \u00a0 \u00a0 \u00a0 \u00a0 \u00a0 \u00a04742482007745\u00a0 \u00a0 \u00a0362.25 \u20ac<br \/>\nP-116 GL\u00a0 \u00a0 \u00a0 \u00a0 \u00a0 \u00a0 \u00a0 \u00a0 \u00a0 \u00a0 \u00a0 \u00a0 \u00a0Kiuas (8\u201318 m\u00b3), ter\u00e4skuori, lasiovella\u00a0 \u00a0 \u00a0 \u00a0 \u00a0 \u00a0 \u00a0 \u00a0 \u00a0 \u00a0 \u00a0 \u00a0 \u00a0 \u00a0 \u00a0 \u00a0 \u00a0 \u00a0 \u00a0 \u00a0 \u00a0 \u00a0 \u00a0 \u00a0 \u00a0 \u00a0 \u00a0 \u00a0 \u00a0 \u00a0 \u00a0 \u00a0 \u00a0 \u00a0 4742482000050\u00a0 \u00a0 379.50 \u20ac<br \/>\nP-116 BP\u00a0 \u00a0 \u00a0 \u00a0 \u00a0 \u00a0 \u00a0 \u00a0 \u00a0 \u00a0 \u00a0 \u00a0 \u00a0Kiuas (8\u201318 m\u00b3), vesis\u00e4ili\u00f6n liit\u00e4nt\u00e4 oikealla\u00a0 \u00a0 \u00a0 \u00a0 \u00a0 \u00a0 \u00a0 \u00a0 \u00a0 \u00a0 \u00a0 \u00a0 \u00a0 \u00a0 \u00a0 \u00a0 \u00a0 \u00a0 \u00a0 \u00a0 \u00a0 \u00a0 \u00a0 \u00a0 \u00a0 \u00a0 \u00a0 \u00a0 \u00a0 \u00a04742482000029\u00a0 \u00a0 408.25 \u20ac<br \/>\nP-116 BPGL\u00a0 \u00a0 \u00a0 \u00a0 \u00a0 \u00a0 \u00a0 \u00a0 \u00a0 \u00a0 Kiuas (8\u201318 m\u00b3), vesis\u00e4ili\u00f6n liit\u00e4nt\u00e4 oikealla, lasiovella\u00a0 \u00a0 \u00a0 \u00a0 \u00a0 \u00a0 \u00a0 \u00a0 \u00a0 \u00a0 \u00a0 \u00a0 \u00a0 \u00a0 \u00a0 \u00a0 \u00a0 \u00a0 \u00a0 \u00a0 \u00a04742482000067\u00a0 \u00a0 425.50 \u20ac<br \/>\nP-116 BV\u00a0 \u00a0 \u00a0 \u00a0 \u00a0 \u00a0 \u00a0 \u00a0 \u00a0 \u00a0 \u00a0 \u00a0 \u00a0Kiuas (8\u201318 m\u00b3), vesis\u00e4ili\u00f6n liit\u00e4nt\u00e4 vasemmalla\u00a0 \u00a0 \u00a0 \u00a0 \u00a0 \u00a0 \u00a0 \u00a0 \u00a0 \u00a0 \u00a0 \u00a0 \u00a0 \u00a0 \u00a0 \u00a0 \u00a0 \u00a0 \u00a0 \u00a0 \u00a0 \u00a0 \u00a0 \u00a0 \u00a0 \u00a04742482000036\u00a0 \u00a0 408.25 \u20ac<br \/>\nP-116 BVGL\u00a0 \u00a0 \u00a0 \u00a0 \u00a0 \u00a0 \u00a0 \u00a0 \u00a0 \u00a0 Kiuas (8\u201318 m\u00b3), vesis\u00e4ili\u00f6n liit\u00e4nt\u00e4 vasemmalla, lasiovella\u00a0 \u00a0 \u00a0 \u00a0 \u00a0 \u00a0 \u00a0 \u00a0 \u00a0 \u00a0 \u00a0 \u00a0 \u00a0 \u00a0 \u00a0 \u00a0 \u00a04742482000074\u00a0 \u00a0 425.50 \u20ac<br \/>\nP-116 BT\u00a0 \u00a0 \u00a0 \u00a0 \u00a0 \u00a0 \u00a0 \u00a0 \u00a0 \u00a0 \u00a0 \u00a0 \u00a0Kiuas (8\u201318 m\u00b3), vesis\u00e4ili\u00f6n liit\u00e4nt\u00e4 takaa\u00a0 \u00a0 \u00a0 \u00a0 \u00a0 \u00a0 \u00a0 \u00a0 \u00a0 \u00a0 \u00a0 \u00a0 \u00a0 \u00a0 \u00a0 \u00a0 \u00a0 \u00a0 \u00a0 \u00a0 \u00a0 \u00a0 \u00a0 \u00a0 \u00a0 \u00a0 \u00a0 \u00a0 \u00a0 \u00a0 \u00a0 \u00a04742482000043\u00a0 \u00a0 408.25 \u20ac<br \/>\nP-116 BTGL\u00a0 \u00a0 \u00a0 \u00a0 \u00a0 \u00a0 \u00a0 \u00a0 \u00a0 \u00a0 Kiuas (8\u201318 m\u00b3), vesis\u00e4ili\u00f6n liit\u00e4nt\u00e4 takaa, lasiovella\u00a0 \u00a0 \u00a0 \u00a0 \u00a0 \u00a0 \u00a0 \u00a0 \u00a0 \u00a0 \u00a0 \u00a0 \u00a0 \u00a0 \u00a0 \u00a0 \u00a0 \u00a0 \u00a0 \u00a0 \u00a0 \u00a0 \u00a04742482000081\u00a0 \u00a0 \u00a0425.50 \u20ac<\/p>\n<p>&nbsp;<\/p>\n<p><img loading=\"lazy\" decoding=\"async\" class=\"alignnone wp-image-132156\" src=\"https:\/\/factory.sale\/wp-content\/uploads\/2025\/11\/Skamet-Virolainen-laatu-300x200.webp\" alt=\"\" width=\"1211\" height=\"807\" srcset=\"https:\/\/factory.sale\/wp-content\/uploads\/2025\/11\/Skamet-Virolainen-laatu-300x200.webp 300w, https:\/\/factory.sale\/wp-content\/uploads\/2025\/11\/Skamet-Virolainen-laatu-1024x683.webp 1024w, https:\/\/factory.sale\/wp-content\/uploads\/2025\/11\/Skamet-Virolainen-laatu-150x100.webp 150w, https:\/\/factory.sale\/wp-content\/uploads\/2025\/11\/Skamet-Virolainen-laatu-768x512.webp 768w, https:\/\/factory.sale\/wp-content\/uploads\/2025\/11\/Skamet-Virolainen-laatu-1536x1024.webp 1536w, https:\/\/factory.sale\/wp-content\/uploads\/2025\/11\/Skamet-Virolainen-laatu-600x400.webp 600w, https:\/\/factory.sale\/wp-content\/uploads\/2025\/11\/Skamet-Virolainen-laatu.webp 2016w\" sizes=\"auto, (max-width: 1211px) 100vw, 1211px\" \/><\/p>\n","protected":false},"excerpt":{"rendered":"<p>Skamet P-116 on kest\u00e4v\u00e4 ja tehokas puukiuas 8\u201318 m\u00b3 saunoihin. Virossa valmistettu ter\u00e4skuori, korkea hy\u00f6tysuhde ja edest\u00e4 l\u00e4mmitett\u00e4v\u00e4 rakenne tarjoavat perinteisen saunakokemuksen tasaisella l\u00e4mm\u00f6ll\u00e4 ja pehmeill\u00e4 l\u00f6ylyill\u00e4.<\/p>\n","protected":false},"featured_media":131105,"comment_status":"open","ping_status":"closed","template":"","meta":{"_acf_changed":false},"factory":[],"free-shipment":[],"product_brand":[4640],"product_cat":[484,4639],"product_tag":[],"class_list":{"0":"post-132232","1":"product","2":"type-product","3":"status-publish","4":"has-post-thumbnail","6":"product_brand-skamet","7":"product_cat-saunan-kiukaat","8":"product_cat-skamet-fi","10":"first","11":"instock","12":"sale","13":"taxable","14":"shipping-taxable","15":"purchasable","16":"product-type-simple"},"acf":[],"_links":{"self":[{"href":"https:\/\/factory.sale\/fi\/wp-json\/wp\/v2\/product\/132232","targetHints":{"allow":["GET"]}}],"collection":[{"href":"https:\/\/factory.sale\/fi\/wp-json\/wp\/v2\/product"}],"about":[{"href":"https:\/\/factory.sale\/fi\/wp-json\/wp\/v2\/types\/product"}],"replies":[{"embeddable":true,"href":"https:\/\/factory.sale\/fi\/wp-json\/wp\/v2\/comments?post=132232"}],"wp:featuredmedia":[{"embeddable":true,"href":"https:\/\/factory.sale\/fi\/wp-json\/wp\/v2\/media\/131105"}],"wp:attachment":[{"href":"https:\/\/factory.sale\/fi\/wp-json\/wp\/v2\/media?parent=132232"}],"wp:term":[{"taxonomy":"factory","embeddable":true,"href":"https:\/\/factory.sale\/fi\/wp-json\/wp\/v2\/factory?post=132232"},{"taxonomy":"free-shipment","embeddable":true,"href":"https:\/\/factory.sale\/fi\/wp-json\/wp\/v2\/free-shipment?post=132232"},{"taxonomy":"product_brand","embeddable":true,"href":"https:\/\/factory.sale\/fi\/wp-json\/wp\/v2\/product_brand?post=132232"},{"taxonomy":"product_cat","embeddable":true,"href":"https:\/\/factory.sale\/fi\/wp-json\/wp\/v2\/product_cat?post=132232"},{"taxonomy":"product_tag","embeddable":true,"href":"https:\/\/factory.sale\/fi\/wp-json\/wp\/v2\/product_tag?post=132232"}],"curies":[{"name":"wp","href":"https:\/\/api.w.org\/{rel}","templated":true}]}}