{"id":132230,"date":"2025-11-21T16:56:22","date_gmt":"2025-11-27T07:20:16","guid":{"rendered":"https:\/\/factory.sale\/?post_type=product&#038;p=132230"},"modified":"2026-02-05T15:54:25","modified_gmt":"2026-02-05T12:54:25","slug":"skamet-p-11620-rv-puukiuas-metallikuorella-ja-ruostumattomasta-teraksesta-valmistetulla-vesisailiolla-8-18-m%c2%b3-saunoihin-lammitetaan-samasta-tilasta","status":"publish","type":"product","link":"https:\/\/factory.sale\/fi\/tuote\/skamet-p-11620-rv-puukiuas-metallikuorella-ja-ruostumattomasta-teraksesta-valmistetulla-vesisailiolla-8-18-m%c2%b3-saunoihin-lammitetaan-samasta-tilasta\/","title":{"rendered":"Skamet P-11620 RV puukiuas metallikuorella ja ruostumattomasta ter\u00e4ksest\u00e4 valmistetulla vesis\u00e4ili\u00f6ll\u00e4 8\u201318 m\u00b3 saunoihin, l\u00e4mmitet\u00e4\u00e4n samasta tilasta"},"content":{"rendered":"<p>Skamet P-11620 RV on suunniteltu 8\u201318 m\u00b3 saunoihin ja se on varustettu integroidulla ruostumattomasta ter\u00e4ksest\u00e4 valmistetulla vesis\u00e4ili\u00f6ll\u00e4 (noin 20 L), joka mahdollistaa veden l\u00e4mmitt\u00e4misen saunan kuumetessa. Tulipes\u00e4 avautuu suoraan l\u00f6ylyhuoneeseen, tarjoten perinteisen puukiukaan tunnelman ja helpon k\u00e4yt\u00f6n.<\/p>\n<p>Kompaktit mitat (korkeus 73 cm, leveys 43 cm, syvyys 71 cm) tekev\u00e4t mallista ihanteellisen saunoihin, joissa tilank\u00e4ytt\u00f6 on t\u00e4rke\u00e4\u00e4. Kiukaaseen mahtuu noin 40 kg kivi\u00e4 ja enint\u00e4\u00e4n noin 60 cm pituiset polttopuut. Vakiovarusteisiin kuuluvat yl\u00e4liit\u00e4nt\u00e4 savupiipulle, vasemmalle avautuva ovi ja musta kuumuutta kest\u00e4v\u00e4 pinnoite.<\/p>\n<p>Lis\u00e4varusteina voidaan valita lasiovi, oikealle avautuva ovi, ruostumattomat viimeistelyosat tai yhteys vesivaraajaan \/ l\u00e4mm\u00f6nvaihtimeen.<\/p>\n<p><strong>Tekniset tiedot:<\/strong><\/p>\n<ul>\n<li>L\u00e4mmitett\u00e4v\u00e4n huoneen tilavuus: 8\u201318 m\u00b3<\/li>\n<li>Korkeus: 73 cm<\/li>\n<li>Leveys: 43 cm<\/li>\n<li>Syvyys: 71 cm<\/li>\n<li>Kivim\u00e4\u00e4r\u00e4: ~40 kg<\/li>\n<li>Vesis\u00e4ili\u00f6: ~20 L ruostumatonta ter\u00e4st\u00e4<\/li>\n<li>Polttopuiden pituus: enint\u00e4\u00e4n ~60 cm<\/li>\n<li>Savupiipun halkaisija: 115 mm (yl\u00e4liit\u00e4nt\u00e4)<\/li>\n<li>Ovisuunta: vasen (vakio)<\/li>\n<\/ul>\n<p><strong>Vakiovarusteet:<\/strong><\/p>\n<ul>\n<li>Metallikuori mustalla kuumuutta kest\u00e4v\u00e4ll\u00e4 pinnoitteella<\/li>\n<li>Integroitu ~20 L ruostumaton vesis\u00e4ili\u00f6<\/li>\n<li>Edest\u00e4 l\u00e4mmitett\u00e4v\u00e4 tulipes\u00e4<\/li>\n<li>Yl\u00e4liit\u00e4nt\u00e4 savupiipulle<\/li>\n<li>Vasemmalle avautuva ovi<\/li>\n<\/ul>\n<p><strong>Lis\u00e4varusteet:<\/strong><\/p>\n<ul>\n<li>Lasiovi<\/li>\n<li>Ruostumaton kahva<\/li>\n<li>Oikealle avautuva ovi<\/li>\n<li>Kuoren yl\u00e4reuna ruostumatonta ter\u00e4st\u00e4<\/li>\n<li>Vesivaraajan tai l\u00e4mm\u00f6nvaihtimen liit\u00e4nt\u00e4 (vasen, oikea tai takaliit\u00e4nt\u00e4)<\/li>\n<\/ul>\n<p><strong>Saatavilla olevat mallit:<br \/>\n<\/strong><br \/>\nMalli\u00a0 \u00a0 \u00a0 \u00a0 \u00a0 \u00a0 \u00a0 \u00a0 \u00a0 \u00a0 \u00a0 \u00a0 \u00a0 \u00a0 \u00a0 \u00a0 \u00a0 \u00a0 \u00a0 \u00a0 \u00a0 \u00a0 \u00a0 \u00a0 \u00a0 \u00a0 \u00a0 \u00a0 \u00a0 \u00a0 \u00a0 \u00a0 \u00a0 \u00a0 \u00a0 \u00a0 \u00a0 \u00a0 \u00a0 \u00a0 \u00a0 \u00a0 \u00a0 \u00a0Kuvaus\u00a0 \u00a0 \u00a0 \u00a0 \u00a0 \u00a0 \u00a0 \u00a0 \u00a0 \u00a0 \u00a0 \u00a0 \u00a0 \u00a0 \u00a0 \u00a0 \u00a0 \u00a0 \u00a0 \u00a0 \u00a0 \u00a0 \u00a0 \u00a0 \u00a0 \u00a0 \u00a0 \u00a0 \u00a0 \u00a0 \u00a0 \u00a0 \u00a0 \u00a0 \u00a0 \u00a0 \u00a0 \u00a0 \u00a0 \u00a0 \u00a0 \u00a0 \u00a0 \u00a0 \u00a0 \u00a0 \u00a0 \u00a0 \u00a0 \u00a0 \u00a0 \u00a0 \u00a0 \u00a0 \u00a0 \u00a0 \u00a0 \u00a0 \u00a0 EAN\u00a0 \u00a0 \u00a0 \u00a0 \u00a0 \u00a0 \u00a0 \u00a0 \u00a0 \u00a0 \u00a0 \u00a0 Hinta<br \/>\nP-11620 RV\u00a0 \u00a0 \u00a0 \u00a0 \u00a0Kiuas (8\u201318 m\u00b3), 20 L\u00a0 ruostumattomasta ter\u00e4ksest\u00e4 valmistetulla s\u00e4ili\u00f6ll\u00e4 ja hanalla \u2013 etus\u00e4ili\u00f6\u00a0 \u00a0 \u00a0 \u00a0 \u00a0 \u00a0 \u00a0 \u00a0 \u00a0 \u00a0 \u00a0 \u00a0 4742482003082\u00a0 \u00a0 603.75 \u20ac<br \/>\nP-11620 RVGL\u00a0 \u00a0 Kiuas (8\u201318 m\u00b3), 20 L ruostumattomasta ter\u00e4ksest\u00e4 valmistetulla s\u00e4ili\u00f6ll\u00e4 ja hanalla \u2013 etus\u00e4ili\u00f6, lasiovella\u00a0 \u00a0 \u00a0 \u00a0 4742482003662\u00a0 \u00a0 621.00 \u20ac<\/p>\n<p>&nbsp;<\/p>\n<p><img loading=\"lazy\" decoding=\"async\" class=\"alignnone wp-image-132156\" src=\"https:\/\/factory.sale\/wp-content\/uploads\/2025\/11\/Skamet-Virolainen-laatu-300x200.webp\" alt=\"\" width=\"1211\" height=\"807\" srcset=\"https:\/\/factory.sale\/wp-content\/uploads\/2025\/11\/Skamet-Virolainen-laatu-300x200.webp 300w, https:\/\/factory.sale\/wp-content\/uploads\/2025\/11\/Skamet-Virolainen-laatu-1024x683.webp 1024w, https:\/\/factory.sale\/wp-content\/uploads\/2025\/11\/Skamet-Virolainen-laatu-150x100.webp 150w, https:\/\/factory.sale\/wp-content\/uploads\/2025\/11\/Skamet-Virolainen-laatu-768x512.webp 768w, https:\/\/factory.sale\/wp-content\/uploads\/2025\/11\/Skamet-Virolainen-laatu-1536x1024.webp 1536w, https:\/\/factory.sale\/wp-content\/uploads\/2025\/11\/Skamet-Virolainen-laatu-600x400.webp 600w, https:\/\/factory.sale\/wp-content\/uploads\/2025\/11\/Skamet-Virolainen-laatu.webp 2016w\" sizes=\"auto, (max-width: 1211px) 100vw, 1211px\" \/><\/p>\n","protected":false},"excerpt":{"rendered":"<p>Skamet P-11620 RV on tehokas ja kest\u00e4v\u00e4 puukiuas 8\u201318 m\u00b3 saunoihin. Integroitu ruostumattomasta ter\u00e4ksest\u00e4 valmistettu vesis\u00e4ili\u00f6 mahdollistaa veden k\u00e4tev\u00e4n l\u00e4mmitt\u00e4misen saunan kuumentuessa. Edest\u00e4 l\u00e4mmitett\u00e4v\u00e4 rakenne tekee asennuksesta helppoa ja tarjoaa aidon puukiukaan tunnelman.<\/p>\n","protected":false},"featured_media":131539,"comment_status":"open","ping_status":"closed","template":"","meta":{"_acf_changed":false},"factory":[],"free-shipment":[],"product_brand":[4640],"product_cat":[484,4639],"product_tag":[],"class_list":{"0":"post-132230","1":"product","2":"type-product","3":"status-publish","4":"has-post-thumbnail","6":"product_brand-skamet","7":"product_cat-saunan-kiukaat","8":"product_cat-skamet-fi","10":"first","11":"instock","12":"sale","13":"taxable","14":"shipping-taxable","15":"purchasable","16":"product-type-simple"},"acf":[],"_links":{"self":[{"href":"https:\/\/factory.sale\/fi\/wp-json\/wp\/v2\/product\/132230","targetHints":{"allow":["GET"]}}],"collection":[{"href":"https:\/\/factory.sale\/fi\/wp-json\/wp\/v2\/product"}],"about":[{"href":"https:\/\/factory.sale\/fi\/wp-json\/wp\/v2\/types\/product"}],"replies":[{"embeddable":true,"href":"https:\/\/factory.sale\/fi\/wp-json\/wp\/v2\/comments?post=132230"}],"wp:featuredmedia":[{"embeddable":true,"href":"https:\/\/factory.sale\/fi\/wp-json\/wp\/v2\/media\/131539"}],"wp:attachment":[{"href":"https:\/\/factory.sale\/fi\/wp-json\/wp\/v2\/media?parent=132230"}],"wp:term":[{"taxonomy":"factory","embeddable":true,"href":"https:\/\/factory.sale\/fi\/wp-json\/wp\/v2\/factory?post=132230"},{"taxonomy":"free-shipment","embeddable":true,"href":"https:\/\/factory.sale\/fi\/wp-json\/wp\/v2\/free-shipment?post=132230"},{"taxonomy":"product_brand","embeddable":true,"href":"https:\/\/factory.sale\/fi\/wp-json\/wp\/v2\/product_brand?post=132230"},{"taxonomy":"product_cat","embeddable":true,"href":"https:\/\/factory.sale\/fi\/wp-json\/wp\/v2\/product_cat?post=132230"},{"taxonomy":"product_tag","embeddable":true,"href":"https:\/\/factory.sale\/fi\/wp-json\/wp\/v2\/product_tag?post=132230"}],"curies":[{"name":"wp","href":"https:\/\/api.w.org\/{rel}","templated":true}]}}