{"id":132228,"date":"2025-11-21T16:56:21","date_gmt":"2025-11-27T07:20:17","guid":{"rendered":"https:\/\/factory.sale\/?post_type=product&#038;p=132228"},"modified":"2026-03-18T09:02:25","modified_gmt":"2026-03-18T06:02:25","slug":"skamet-s-116-puukiuas-kulmikkaalla-verkkokehikolla-8-18-m%c2%b3-saunoihin-lammitetaan-samasta-tilasta","status":"publish","type":"product","link":"https:\/\/factory.sale\/fi\/tuote\/skamet-s-116-puukiuas-kulmikkaalla-verkkokehikolla-8-18-m%c2%b3-saunoihin-lammitetaan-samasta-tilasta\/","title":{"rendered":"Skamet S-116 puukiuas kulmikkaalla verkkokehikolla 8\u201318 m\u00b3 saunoihin, l\u00e4mmitet\u00e4\u00e4n samasta tilasta"},"content":{"rendered":"<p>Skamet S-116 on suunniteltu keskikokoisiin, 8\u201318 m\u00b3 saunoihin. Sen kulmikas verkkokehikko tarjoaa tehokkaan l\u00e4mm\u00f6ns\u00e4\u00e4telyn ja modernin ulkon\u00e4\u00f6n. Tulipes\u00e4 avautuu suoraan l\u00f6ylyhuoneeseen, mik\u00e4 tuo perinteisen puukiukaan tunnelman ja tekee k\u00e4yt\u00f6st\u00e4 helppoa.<\/p>\n<p>Kiukaaseen mahtuu noin 190 kg kivi\u00e4, mik\u00e4 takaa pitk\u00e4kestoisen l\u00e4mm\u00f6n, tasaisen l\u00e4mp\u00f6tilan ja pehme\u00e4t l\u00f6ylyt. Tukeva rakenne, musta kuumuutta kest\u00e4v\u00e4 pinnoite ja yl\u00e4liit\u00e4nt\u00e4 tekev\u00e4t mallista sek\u00e4 kest\u00e4v\u00e4n ett\u00e4 tehokkaan. Polttopuiden pituus voi olla jopa 50 cm, mik\u00e4 tarjoaa hyv\u00e4n tasapainon kompaktin koon ja suuren l\u00e4mmitystehon v\u00e4lill\u00e4.<\/p>\n<p><strong>Tekniset tiedot:<\/strong><\/p>\n<ul>\n<li>L\u00e4mmitett\u00e4v\u00e4n huoneen tilavuus: 8\u201318 m\u00b3<\/li>\n<li>Korkeus: 78 cm<\/li>\n<li>Leveys: 49 cm<\/li>\n<li>Syvyys: 61 cm<\/li>\n<li>Paino: 60 kg<\/li>\n<li>Kivim\u00e4\u00e4r\u00e4: ~190 kg<\/li>\n<li>Polttopuiden pituus: enint\u00e4\u00e4n 50 cm<\/li>\n<li>Savupiipun liit\u00e4nt\u00e4: yl\u00e4liit\u00e4nt\u00e4<\/li>\n<li>Asennus: edest\u00e4 l\u00e4mmitett\u00e4v\u00e4 malli<\/li>\n<\/ul>\n<p><strong>Vakiovarusteet:<\/strong><\/p>\n<ul>\n<li>Kulmikas verkkokehikko tehokkaaseen l\u00e4mm\u00f6ns\u00e4teilyn<\/li>\n<li>Edest\u00e4 l\u00e4mmitett\u00e4v\u00e4 tulipes\u00e4<\/li>\n<li>Suuri kivim\u00e4\u00e4r\u00e4 pehmeisiin, tasaisiin l\u00f6ylyihin<\/li>\n<li>Musta kuumuutta kest\u00e4v\u00e4 pinnoite<\/li>\n<li>Kest\u00e4v\u00e4, virolainen laatu<\/li>\n<\/ul>\n<p><strong>Lis\u00e4varusteet:<\/strong><\/p>\n<ul>\n<li>Lasiovi<\/li>\n<li>Oikealle avautuva ovi<\/li>\n<li>Vesivaraajan tai l\u00e4mm\u00f6nvaihtimen liit\u00e4nt\u00e4 (vasen, oikea tai takaliit\u00e4nt\u00e4)<\/li>\n<\/ul>\n<p><strong>Saatavilla olevat mallit:<br \/>\n<\/strong><br \/>\nMalli\u00a0 \u00a0 \u00a0 \u00a0 \u00a0 \u00a0 \u00a0 \u00a0 \u00a0 \u00a0 \u00a0 \u00a0 \u00a0 \u00a0 \u00a0 \u00a0 \u00a0 \u00a0 \u00a0 \u00a0 \u00a0 \u00a0 \u00a0 \u00a0 \u00a0 \u00a0 \u00a0 \u00a0 \u00a0 \u00a0 \u00a0 Kuvaus\u00a0 \u00a0 \u00a0 \u00a0 \u00a0 \u00a0 \u00a0 \u00a0 \u00a0 \u00a0 \u00a0 \u00a0 \u00a0 \u00a0 \u00a0 \u00a0 \u00a0 \u00a0 \u00a0 \u00a0 \u00a0 \u00a0 \u00a0 \u00a0 \u00a0 \u00a0 \u00a0 \u00a0 \u00a0 \u00a0 \u00a0 \u00a0 \u00a0 \u00a0 \u00a0 \u00a0 \u00a0 \u00a0 \u00a0 \u00a0 \u00a0 \u00a0 \u00a0 \u00a0 \u00a0 \u00a0 \u00a0 \u00a0 EAN\u00a0 \u00a0 \u00a0 \u00a0 \u00a0 \u00a0 \u00a0 \u00a0 Hinta<br \/>\nS-116\u00a0 \u00a0 \u00a0 \u00a0 \u00a0 \u00a0 \u00a0 \u00a0 \u00a0 Kiuas (8\u201318 m\u00b3), ilman varaajaliit\u00e4nt\u00e4\u00e4, kulmikas verkkokehikko\u00a0 \u00a0 \u00a0 \u00a0 \u00a0 \u00a0 \u00a0 \u00a0 \u00a0 \u00a0 \u00a0 \u00a0 \u00a0 \u00a0 \u00a0 \u00a0 \u00a0 \u00a0 \u00a04742482001002\u00a0 \u00a0 431.25 \u20ac<br \/>\nS-116 GL\u00a0 \u00a0 \u00a0 \u00a0 \u00a0 \u00a0 Kiuas (8\u201318 m\u00b3), lasiovella, ilman varaajaliit\u00e4nt\u00e4\u00e4\u00a0 \u00a0 \u00a0 \u00a0 \u00a0 \u00a0 \u00a0 \u00a0 \u00a0 \u00a0 \u00a0 \u00a0 \u00a0 \u00a0 \u00a0 \u00a0 \u00a0 \u00a0 \u00a0 \u00a0 \u00a0 \u00a0 \u00a0 \u00a0 \u00a0 \u00a0 \u00a0 \u00a0 \u00a0 \u00a0 \u00a04742482001040\u00a0 \u00a0 448.50 \u20ac<br \/>\nS-116 BP\u00a0 \u00a0 \u00a0 \u00a0 \u00a0 \u00a0 Kiuas (8\u201318 m\u00b3), varaajaliit\u00e4nt\u00e4 oikealla\u00a0 \u00a0 \u00a0 \u00a0 \u00a0 \u00a0 \u00a0 \u00a0 \u00a0 \u00a0 \u00a0 \u00a0 \u00a0 \u00a0 \u00a0 \u00a0 \u00a0 \u00a0 \u00a0 \u00a0 \u00a0 \u00a0 \u00a0 \u00a0 \u00a0 \u00a0 \u00a0 \u00a0 \u00a0 \u00a0 \u00a0 \u00a0 \u00a0 \u00a0 \u00a0 \u00a0 \u00a0 \u00a0 \u00a0 \u00a04742482001019\u00a0 \u00a0 471.50 \u20ac<br \/>\nS-116 BPGL\u00a0 \u00a0 \u00a0 \u00a0Kiuas (8\u201318 m\u00b3), varaajaliit\u00e4nt\u00e4 oikealla, lasiovella\u00a0 \u00a0 \u00a0 \u00a0 \u00a0 \u00a0 \u00a0 \u00a0 \u00a0 \u00a0 \u00a0 \u00a0 \u00a0 \u00a0 \u00a0 \u00a0 \u00a0 \u00a0 \u00a0 \u00a0 \u00a0 \u00a0 \u00a0 \u00a0 \u00a0 \u00a0 \u00a0 \u00a0 \u00a0 \u00a0 \u00a04742482001057\u00a0 \u00a0 488.75 \u20ac<br \/>\nS-116 BV\u00a0 \u00a0 \u00a0 \u00a0 \u00a0 \u00a0 Kiuas (8\u201318 m\u00b3), varaajaliit\u00e4nt\u00e4 vasemmalla\u00a0 \u00a0 \u00a0 \u00a0 \u00a0 \u00a0 \u00a0 \u00a0 \u00a0 \u00a0 \u00a0 \u00a0 \u00a0 \u00a0 \u00a0 \u00a0 \u00a0 \u00a0 \u00a0 \u00a0 \u00a0 \u00a0 \u00a0 \u00a0 \u00a0 \u00a0 \u00a0 \u00a0 \u00a0 \u00a0 \u00a0 \u00a0 \u00a0 \u00a0 \u00a0 \u00a04742482001026\u00a0 \u00a0 471.50 \u20ac<br \/>\nS-116 BVGL\u00a0 \u00a0 \u00a0 \u00a0Kiuas (8\u201318 m\u00b3), varaajaliit\u00e4nt\u00e4 vasemmalla, lasiovella\u00a0 \u00a0 \u00a0 \u00a0 \u00a0 \u00a0 \u00a0 \u00a0 \u00a0 \u00a0 \u00a0 \u00a0 \u00a0 \u00a0 \u00a0 \u00a0 \u00a0 \u00a0 \u00a0 \u00a0 \u00a0 \u00a0 \u00a0 \u00a0 \u00a0 \u00a0 \u00a04742482001064\u00a0 \u00a0 488.75 \u20ac<br \/>\nS-116 BT\u00a0 \u00a0 \u00a0 \u00a0 \u00a0 \u00a0 Kiuas (8\u201318 m\u00b3), varaajaliit\u00e4nt\u00e4 takaa\u00a0 \u00a0 \u00a0 \u00a0 \u00a0 \u00a0 \u00a0 \u00a0 \u00a0 \u00a0 \u00a0 \u00a0 \u00a0 \u00a0 \u00a0 \u00a0 \u00a0 \u00a0 \u00a0 \u00a0 \u00a0 \u00a0 \u00a0 \u00a0 \u00a0 \u00a0 \u00a0 \u00a0 \u00a0 \u00a0 \u00a0 \u00a0 \u00a0 \u00a0 \u00a0 \u00a0 \u00a0 \u00a0 \u00a0 \u00a0 \u00a0 \u00a04742482001033\u00a0 \u00a0 471.50 \u20ac<br \/>\nS-116 BTGL\u00a0 \u00a0 \u00a0 \u00a0Kiuas (8\u201318 m\u00b3), varaajaliit\u00e4nt\u00e4 takaa, lasiovella\u00a0 \u00a0 \u00a0 \u00a0 \u00a0 \u00a0 \u00a0 \u00a0 \u00a0 \u00a0 \u00a0 \u00a0 \u00a0 \u00a0 \u00a0 \u00a0 \u00a0 \u00a0 \u00a0 \u00a0 \u00a0 \u00a0 \u00a0 \u00a0 \u00a0 \u00a0 \u00a0 \u00a0 \u00a0 \u00a0 \u00a0 \u00a0 \u00a04742482001071\u00a0 \u00a0 488.75 \u20ac<\/p>\n<p>&nbsp;<\/p>\n<p><img loading=\"lazy\" decoding=\"async\" class=\"alignnone wp-image-132156\" src=\"https:\/\/factory.sale\/wp-content\/uploads\/2025\/11\/Skamet-Virolainen-laatu-300x200.webp\" alt=\"\" width=\"1211\" height=\"807\" srcset=\"https:\/\/factory.sale\/wp-content\/uploads\/2025\/11\/Skamet-Virolainen-laatu-300x200.webp 300w, https:\/\/factory.sale\/wp-content\/uploads\/2025\/11\/Skamet-Virolainen-laatu-1024x683.webp 1024w, https:\/\/factory.sale\/wp-content\/uploads\/2025\/11\/Skamet-Virolainen-laatu-150x100.webp 150w, https:\/\/factory.sale\/wp-content\/uploads\/2025\/11\/Skamet-Virolainen-laatu-768x512.webp 768w, https:\/\/factory.sale\/wp-content\/uploads\/2025\/11\/Skamet-Virolainen-laatu-1536x1024.webp 1536w, https:\/\/factory.sale\/wp-content\/uploads\/2025\/11\/Skamet-Virolainen-laatu-600x400.webp 600w, https:\/\/factory.sale\/wp-content\/uploads\/2025\/11\/Skamet-Virolainen-laatu.webp 2016w\" sizes=\"auto, (max-width: 1211px) 100vw, 1211px\" \/><\/p>\n","protected":false},"excerpt":{"rendered":"<p>Skamet S-116 yhdist\u00e4\u00e4 modernin kulmikkaan verkkokehikon ja tehokkaan edest\u00e4 l\u00e4mmitett\u00e4v\u00e4n rakenteen. Sopii 8\u201318 m\u00b3 saunoihin ja tarjoaa vahvan l\u00e4mmitystehon sek\u00e4 n\u00e4ytt\u00e4v\u00e4n kivimassan.<\/p>\n","protected":false},"featured_media":131612,"comment_status":"open","ping_status":"closed","template":"","meta":{"_acf_changed":false},"factory":[],"free-shipment":[],"product_brand":[4640],"product_cat":[484,4639],"product_tag":[],"class_list":{"0":"post-132228","1":"product","2":"type-product","3":"status-publish","4":"has-post-thumbnail","6":"product_brand-skamet","7":"product_cat-saunan-kiukaat","8":"product_cat-skamet-fi","10":"first","11":"instock","12":"sale","13":"taxable","14":"shipping-taxable","15":"purchasable","16":"product-type-simple"},"acf":[],"_links":{"self":[{"href":"https:\/\/factory.sale\/fi\/wp-json\/wp\/v2\/product\/132228","targetHints":{"allow":["GET"]}}],"collection":[{"href":"https:\/\/factory.sale\/fi\/wp-json\/wp\/v2\/product"}],"about":[{"href":"https:\/\/factory.sale\/fi\/wp-json\/wp\/v2\/types\/product"}],"replies":[{"embeddable":true,"href":"https:\/\/factory.sale\/fi\/wp-json\/wp\/v2\/comments?post=132228"}],"wp:featuredmedia":[{"embeddable":true,"href":"https:\/\/factory.sale\/fi\/wp-json\/wp\/v2\/media\/131612"}],"wp:attachment":[{"href":"https:\/\/factory.sale\/fi\/wp-json\/wp\/v2\/media?parent=132228"}],"wp:term":[{"taxonomy":"factory","embeddable":true,"href":"https:\/\/factory.sale\/fi\/wp-json\/wp\/v2\/factory?post=132228"},{"taxonomy":"free-shipment","embeddable":true,"href":"https:\/\/factory.sale\/fi\/wp-json\/wp\/v2\/free-shipment?post=132228"},{"taxonomy":"product_brand","embeddable":true,"href":"https:\/\/factory.sale\/fi\/wp-json\/wp\/v2\/product_brand?post=132228"},{"taxonomy":"product_cat","embeddable":true,"href":"https:\/\/factory.sale\/fi\/wp-json\/wp\/v2\/product_cat?post=132228"},{"taxonomy":"product_tag","embeddable":true,"href":"https:\/\/factory.sale\/fi\/wp-json\/wp\/v2\/product_tag?post=132228"}],"curies":[{"name":"wp","href":"https:\/\/api.w.org\/{rel}","templated":true}]}}