{"id":132224,"date":"2025-11-21T16:53:40","date_gmt":"2025-11-27T07:20:58","guid":{"rendered":"https:\/\/factory.sale\/?post_type=product&#038;p=132224"},"modified":"2026-03-18T09:28:26","modified_gmt":"2026-03-18T06:28:26","slug":"skamet-p-120-puukiuas-metallikuorella-16-25-m%c2%b3-saunoihin-lammitetaan-samasta-tilasta","status":"publish","type":"product","link":"https:\/\/factory.sale\/fi\/tuote\/skamet-p-120-puukiuas-metallikuorella-16-25-m%c2%b3-saunoihin-lammitetaan-samasta-tilasta\/","title":{"rendered":"Skamet P-120 puukiuas metallikuorella 16\u201325 m\u00b3 saunoihin, l\u00e4mmitet\u00e4\u00e4n samasta tilasta"},"content":{"rendered":"<p>Skamet P-120 on suunniteltu 16\u201325 m\u00b3 saunoihin ja se on varustettu vahvalla ter\u00e4srungolla. 81 cm korkea ja kompaktilla rakenteella varustettu malli sopii erinomaisesti suurempiin saunoihin ja tarjoaa tehokkaan, tasaisen l\u00e4mmityksen. Kiukaaseen mahtuu jopa 50 kg kivi\u00e4 ja noin 40\u201350 cm pitki\u00e4 polttopuita. Savupiipun halkaisija on 115 mm. Asennuksessa voidaan k\u00e4ytt\u00e4\u00e4 joko yl\u00e4- tai takaliit\u00e4nt\u00e4\u00e4.<\/p>\n<p>Vakiovarusteisiin kuuluu puukahvalla oleva ter\u00e4sovi. My\u00f6n muita lis\u00e4varusteita on saatavilla kuten lasiovi (230 \u00d7 230 mm), varaajaliit\u00e4nt\u00e4 (vasen, oikea tai takaliit\u00e4nt\u00e4) sek\u00e4 erilaiset ovisuunnat. P-120 t\u00e4ytt\u00e4\u00e4 korkeat laatuvaatimukset ja soveltuu sek\u00e4 kotisaunoihin ett\u00e4 kevyisiin ammattik\u00e4yt\u00f6ss\u00e4 oleviin saunoihin.<\/p>\n<p><strong>Tekniset tiedot:<\/strong><\/p>\n<ul>\n<li>L\u00e4mmitett\u00e4v\u00e4n huoneen tilavuus: 16\u201325 m\u00b3<\/li>\n<li>Korkeus: 81 cm<\/li>\n<li>Leveys: 43 cm<\/li>\n<li>Syvyys: 51 cm<\/li>\n<li>Paino: 55 kg<\/li>\n<li>Kivim\u00e4\u00e4r\u00e4: enint\u00e4\u00e4n 50 kg<\/li>\n<li>Polttopuiden pituus: enint\u00e4\u00e4n 40 cm<\/li>\n<li>Savupiipun halkaisija: 115 mm<\/li>\n<li>Asennus: edest\u00e4 l\u00e4mmitett\u00e4v\u00e4 malli<\/li>\n<li>Kuorityyppi: metallikuori<\/li>\n<\/ul>\n<p><strong>Vakiovarusteet:<\/strong><\/p>\n<ul>\n<li>Ter\u00e4sovi puukahvalla<\/li>\n<li>Yl\u00e4- tai takaliit\u00e4nt\u00e4 savupiipulle<\/li>\n<li>Musta kuumuutta kest\u00e4v\u00e4 pinnoite<\/li>\n<li>Suunniteltu 16\u201325 m\u00b3 saunoihin<\/li>\n<li>Vahva ter\u00e4srunko<\/li>\n<li>Vasemmalle avautuva ovi<\/li>\n<\/ul>\n<p><strong>Lis\u00e4varusteet:<\/strong><\/p>\n<ul>\n<li>Lasiovi (230 \u00d7 230 mm)<\/li>\n<li>Vesivaraajan tai l\u00e4mm\u00f6nvaihtimen liit\u00e4nt\u00e4 (vasen, oikea tai takaliit\u00e4nt\u00e4)<\/li>\n<li>Oikealle avautuva ovi<\/li>\n<li>Kuoren viimeistely ruostumatonta ter\u00e4st\u00e4 tai punamusta<\/li>\n<li>Kuoren yl\u00e4reuna ruostumatonta ter\u00e4st\u00e4<\/li>\n<\/ul>\n<p><strong>Saatavilla olevat mallit:<br \/>\n<\/strong><br \/>\nMalli\u00a0 \u00a0 \u00a0 \u00a0 \u00a0 \u00a0 \u00a0 \u00a0 \u00a0 \u00a0 \u00a0 \u00a0 \u00a0 \u00a0 \u00a0 \u00a0 \u00a0 \u00a0 \u00a0 \u00a0 \u00a0 \u00a0 \u00a0 \u00a0 \u00a0 \u00a0 \u00a0 \u00a0 \u00a0 \u00a0 \u00a0 \u00a0 \u00a0 \u00a0 \u00a0 \u00a0 \u00a0 \u00a0 \u00a0Kuvaus\u00a0 \u00a0 \u00a0 \u00a0 \u00a0 \u00a0 \u00a0 \u00a0 \u00a0 \u00a0 \u00a0 \u00a0 \u00a0 \u00a0 \u00a0 \u00a0 \u00a0 \u00a0 \u00a0 \u00a0 \u00a0 \u00a0 \u00a0 \u00a0 \u00a0 \u00a0 \u00a0 \u00a0 \u00a0 \u00a0 \u00a0 \u00a0 \u00a0 \u00a0 \u00a0 \u00a0 \u00a0 \u00a0 \u00a0 EAN\u00a0 \u00a0 \u00a0 \u00a0 \u00a0 \u00a0 \u00a0 \u00a0 \u00a0Hinta<br \/>\nP-120\u00a0 \u00a0 \u00a0 \u00a0 \u00a0 \u00a0 \u00a0 \u00a0 \u00a0 \u00a0 \u00a0 \u00a0 \u00a0 \u00a0Kiuas (16\u201325 m\u00b3), ilman varaajaliit\u00e4nt\u00e4\u00e4, ter\u00e4skuori\u00a0 \u00a0 \u00a0 \u00a0 \u00a0 \u00a0 \u00a0 \u00a0 \u00a0 \u00a0 \u00a0 \u00a0 \u00a0 \u00a0 \u00a0 \u00a0 \u00a0 \u00a0 \u00a0 \u00a0 \u00a0 \u00a04742482000500\u00a0 \u00a0 \u00a0396.75 \u20ac<br \/>\nP-120 GL\u00a0 \u00a0 \u00a0 \u00a0 \u00a0 \u00a0 \u00a0 \u00a0 \u00a0 \u00a0 \u00a0Kiuas (16\u201325 m\u00b3), lasiovella, ilman varaajaliit\u00e4nt\u00e4\u00e4\u00a0 \u00a0 \u00a0 \u00a0 \u00a0 \u00a0 \u00a0 \u00a0 \u00a0 \u00a0 \u00a0 \u00a0 \u00a0 \u00a0 \u00a0 \u00a0 \u00a0 \u00a0 \u00a0 \u00a0 \u00a0 \u00a0 4742482000548\u00a0 \u00a0 \u00a0414.00 \u20ac<br \/>\nP-120 BP\u00a0 \u00a0 \u00a0 \u00a0 \u00a0 \u00a0 \u00a0 \u00a0 \u00a0 \u00a0 \u00a0Kiuas (16\u201325 m\u00b3), varaajaliit\u00e4nt\u00e4 oikealla\u00a0 \u00a0 \u00a0 \u00a0 \u00a0 \u00a0 \u00a0 \u00a0 \u00a0 \u00a0 \u00a0 \u00a0 \u00a0 \u00a0 \u00a0 \u00a0 \u00a0 \u00a0 \u00a0 \u00a0 \u00a0 \u00a0 \u00a0 \u00a0 \u00a0 \u00a0 \u00a0 \u00a0 \u00a0 \u00a0 \u00a0 4742482000517\u00a0 \u00a0 \u00a0 442.75 \u20ac<br \/>\nP-120 BPGL\u00a0 \u00a0 \u00a0 \u00a0 \u00a0 \u00a0 \u00a0 \u00a0 Kiuas (16\u201325 m\u00b3), varaajaliit\u00e4nt\u00e4 oikealla, lasiovella\u00a0 \u00a0 \u00a0 \u00a0 \u00a0 \u00a0 \u00a0 \u00a0 \u00a0 \u00a0 \u00a0 \u00a0 \u00a0 \u00a0 \u00a0 \u00a0 \u00a0 \u00a0 \u00a0 \u00a0 \u00a0 \u00a0 4742482000555\u00a0 \u00a0 \u00a0460.00 \u20ac<br \/>\nP-120 BV\u00a0 \u00a0 \u00a0 \u00a0 \u00a0 \u00a0 \u00a0 \u00a0 \u00a0 \u00a0 \u00a0Kiuas (16\u201325 m\u00b3), varaajaliit\u00e4nt\u00e4 vasemmalla\u00a0 \u00a0 \u00a0 \u00a0 \u00a0 \u00a0 \u00a0 \u00a0 \u00a0 \u00a0 \u00a0 \u00a0 \u00a0 \u00a0 \u00a0 \u00a0 \u00a0 \u00a0 \u00a0 \u00a0 \u00a0 \u00a0 \u00a0 \u00a0 \u00a0 \u00a0 \u00a0 4742482000524\u00a0 \u00a0 \u00a0442.75 \u20ac<br \/>\nP-120 BVGL\u00a0 \u00a0 \u00a0 \u00a0 \u00a0 \u00a0 \u00a0 \u00a0 Kiuas (16\u201325 m\u00b3), varaajaliit\u00e4nt\u00e4 vasemmalla, lasiovella\u00a0 \u00a0 \u00a0 \u00a0 \u00a0 \u00a0 \u00a0 \u00a0 \u00a0 \u00a0 \u00a0 \u00a0 \u00a0 \u00a0 \u00a0 \u00a0 \u00a0 \u00a0 4742482000562\u00a0 \u00a0 \u00a0460.00 \u20ac<br \/>\nP-120 BT\u00a0 \u00a0 \u00a0 \u00a0 \u00a0 \u00a0 \u00a0 \u00a0 \u00a0 \u00a0 \u00a0Kiuas (16\u201325 m\u00b3), varaajaliit\u00e4nt\u00e4 takaa\u00a0 \u00a0 \u00a0 \u00a0 \u00a0 \u00a0 \u00a0 \u00a0 \u00a0 \u00a0 \u00a0 \u00a0 \u00a0 \u00a0 \u00a0 \u00a0 \u00a0 \u00a0 \u00a0 \u00a0 \u00a0 \u00a0 \u00a0 \u00a0 \u00a0 \u00a0 \u00a0 \u00a0 \u00a0 \u00a0 \u00a0 \u00a0 \u00a0 4742482000531\u00a0 \u00a0 \u00a0442.75 \u20ac<br \/>\nP-120 BTGL\u00a0 \u00a0 \u00a0 \u00a0 \u00a0 \u00a0 \u00a0 \u00a0 Kiuas (16\u201325 m\u00b3), varaajaliit\u00e4nt\u00e4 takaa, lasiovella\u00a0 \u00a0 \u00a0 \u00a0 \u00a0 \u00a0 \u00a0 \u00a0 \u00a0 \u00a0 \u00a0 \u00a0 \u00a0 \u00a0 \u00a0 \u00a0 \u00a0 \u00a0 \u00a0 \u00a0 \u00a0 \u00a0 \u00a0 \u00a0 4742482000579\u00a0 \u00a0 \u00a0460.00 \u20ac<\/p>\n<p>&nbsp;<\/p>\n<p><img loading=\"lazy\" decoding=\"async\" class=\"alignnone wp-image-132156\" src=\"https:\/\/factory.sale\/wp-content\/uploads\/2025\/11\/Skamet-Virolainen-laatu-300x200.webp\" alt=\"\" width=\"1211\" height=\"807\" srcset=\"https:\/\/factory.sale\/wp-content\/uploads\/2025\/11\/Skamet-Virolainen-laatu-300x200.webp 300w, https:\/\/factory.sale\/wp-content\/uploads\/2025\/11\/Skamet-Virolainen-laatu-1024x683.webp 1024w, https:\/\/factory.sale\/wp-content\/uploads\/2025\/11\/Skamet-Virolainen-laatu-150x100.webp 150w, https:\/\/factory.sale\/wp-content\/uploads\/2025\/11\/Skamet-Virolainen-laatu-768x512.webp 768w, https:\/\/factory.sale\/wp-content\/uploads\/2025\/11\/Skamet-Virolainen-laatu-1536x1024.webp 1536w, https:\/\/factory.sale\/wp-content\/uploads\/2025\/11\/Skamet-Virolainen-laatu-600x400.webp 600w, https:\/\/factory.sale\/wp-content\/uploads\/2025\/11\/Skamet-Virolainen-laatu.webp 2016w\" sizes=\"auto, (max-width: 1211px) 100vw, 1211px\" \/><\/p>\n","protected":false},"excerpt":{"rendered":"<p>Skamet P-120 on kest\u00e4v\u00e4 puukiuas 16\u201325 m\u00b3 saunoihin. Metallikuori, tehokas l\u00e4mmitysteho ja mahdollisuus lis\u00e4t\u00e4 lasiovi tai varaajaliit\u00e4nt\u00e4 tekev\u00e4t siit\u00e4 joustavan ja luotettavan ratkaisun suurempiin saunoihin.<\/p>\n","protected":false},"featured_media":131708,"comment_status":"open","ping_status":"closed","template":"","meta":{"_acf_changed":false},"factory":[],"free-shipment":[],"product_brand":[4640],"product_cat":[484,4639],"product_tag":[],"class_list":{"0":"post-132224","1":"product","2":"type-product","3":"status-publish","4":"has-post-thumbnail","6":"product_brand-skamet","7":"product_cat-saunan-kiukaat","8":"product_cat-skamet-fi","10":"first","11":"instock","12":"sale","13":"taxable","14":"shipping-taxable","15":"purchasable","16":"product-type-simple"},"acf":[],"_links":{"self":[{"href":"https:\/\/factory.sale\/fi\/wp-json\/wp\/v2\/product\/132224","targetHints":{"allow":["GET"]}}],"collection":[{"href":"https:\/\/factory.sale\/fi\/wp-json\/wp\/v2\/product"}],"about":[{"href":"https:\/\/factory.sale\/fi\/wp-json\/wp\/v2\/types\/product"}],"replies":[{"embeddable":true,"href":"https:\/\/factory.sale\/fi\/wp-json\/wp\/v2\/comments?post=132224"}],"wp:featuredmedia":[{"embeddable":true,"href":"https:\/\/factory.sale\/fi\/wp-json\/wp\/v2\/media\/131708"}],"wp:attachment":[{"href":"https:\/\/factory.sale\/fi\/wp-json\/wp\/v2\/media?parent=132224"}],"wp:term":[{"taxonomy":"factory","embeddable":true,"href":"https:\/\/factory.sale\/fi\/wp-json\/wp\/v2\/factory?post=132224"},{"taxonomy":"free-shipment","embeddable":true,"href":"https:\/\/factory.sale\/fi\/wp-json\/wp\/v2\/free-shipment?post=132224"},{"taxonomy":"product_brand","embeddable":true,"href":"https:\/\/factory.sale\/fi\/wp-json\/wp\/v2\/product_brand?post=132224"},{"taxonomy":"product_cat","embeddable":true,"href":"https:\/\/factory.sale\/fi\/wp-json\/wp\/v2\/product_cat?post=132224"},{"taxonomy":"product_tag","embeddable":true,"href":"https:\/\/factory.sale\/fi\/wp-json\/wp\/v2\/product_tag?post=132224"}],"curies":[{"name":"wp","href":"https:\/\/api.w.org\/{rel}","templated":true}]}}