{"id":132220,"date":"2025-11-21T16:56:20","date_gmt":"2025-11-27T07:20:19","guid":{"rendered":"https:\/\/factory.sale\/?post_type=product&#038;p=132220"},"modified":"2026-03-18T09:06:28","modified_gmt":"2026-03-18T06:06:28","slug":"skamet-p-12040-puukiuas-metallikuorella-ja-valinnaisella-40-l-sivuvesisailiolla-16-25-m%c2%b3-saunoihin-lammitetaan-samasta-tilasta","status":"publish","type":"product","link":"https:\/\/factory.sale\/fi\/tuote\/skamet-p-12040-puukiuas-metallikuorella-ja-valinnaisella-40-l-sivuvesisailiolla-16-25-m%c2%b3-saunoihin-lammitetaan-samasta-tilasta\/","title":{"rendered":"Skamet P-12040 puukiuas metallikuorella ja valinnaisella 40 L sivuvesis\u00e4ili\u00f6ll\u00e4 16\u201325 m\u00b3 saunoihin, l\u00e4mmitet\u00e4\u00e4n samasta tilasta"},"content":{"rendered":"<p>Skamet P-12040 on suunniteltu suurempiin, 16\u201325 m\u00b3 saunoihin ja se tarjoaa mahdollisuuden l\u00e4mmitt\u00e4\u00e4 vett\u00e4 samalla, kun sauna on k\u00e4yt\u00f6ss\u00e4 \u2014 valinnaisen 40 litran avoimen sivuvesis\u00e4ili\u00f6n avulla. Vesis\u00e4ili\u00f6 voidaan asentaa joko kiukaan oikealle tai vasemmalle puolelle, mik\u00e4 tekee sen sijoittamisesta joustavaa erilaisiin saunatiloihin.<\/p>\n<p>Kiukaaseen mahtuu noin 50 kg kivi\u00e4 ja jopa 60 cm pitk\u00e4t polttopuut, mik\u00e4 takaa tehokkaan l\u00e4mmityksen, nopean kuumenemisen ja pehme\u00e4t, tasaiset l\u00f6ylyt. Vankka metallirakenne ja musta kuumuutta kest\u00e4v\u00e4 pinnoite takaavat kest\u00e4vyyden ja perinteisen puukiukaan k\u00e4ytt\u00f6kokemuksen.<\/p>\n<p>Virossa valmistettu P-12040 t\u00e4ytt\u00e4\u00e4 EN 15821:2010 -standardin ja soveltuu hyvin sek\u00e4 kotisaunoihin ett\u00e4 kevyisiin ammattik\u00e4yt\u00f6n saunoihin.<\/p>\n<p><strong>Tekniset tiedot<\/strong>:<\/p>\n<ul>\n<li>L\u00e4mmitett\u00e4v\u00e4n huoneen tilavuus: 16\u201325 m\u00b3<\/li>\n<li>Korkeus: 81 cm<\/li>\n<li>Leveys: 61 cm<\/li>\n<li>Syvyys: 51 cm<\/li>\n<li>Paino: 65 kg<\/li>\n<li>Kivim\u00e4\u00e4r\u00e4: ~50 kg<\/li>\n<li>Vesis\u00e4ili\u00f6n tilavuus: 40 L (vasen tai oikea puoli)<\/li>\n<li>Polttopuiden pituus: enint\u00e4\u00e4n 60 cm<\/li>\n<li>Savupiipun halkaisija: 115 mm (yl\u00e4liit\u00e4nt\u00e4)<\/li>\n<li>Asennus: edest\u00e4 l\u00e4mmitett\u00e4v\u00e4 malli<\/li>\n<li>Kuori: metallikuori, musta kuumuutta kest\u00e4v\u00e4 pinnoite<\/li>\n<\/ul>\n<p><strong>Vakiovarusteet:<\/strong><\/p>\n<ul>\n<li>Ter\u00e4sovi (vakio)<\/li>\n<li>Yl\u00e4- tai takaliit\u00e4nt\u00e4 savupiipulle<\/li>\n<li>Musta kuumuutta kest\u00e4v\u00e4 pinnoite<\/li>\n<li>Vasemmalle avautuva ovi<\/li>\n<li>Suunniteltu 16\u201325 m\u00b3 saunoihin<\/li>\n<li>Valmistettu Virossa, EN 15821:2010 mukainen<\/li>\n<\/ul>\n<p><strong>Lis\u00e4varusteet:<\/strong><\/p>\n<ul>\n<li>Lasiovi (230 \u00d7 230 mm)<\/li>\n<li>Sivulle asennettava 40 l vesis\u00e4ili\u00f6 (vasen tai oikea, tilauksen mukaan)<\/li>\n<li>Oikealle avautuva ovi<\/li>\n<li>Kuoren v\u00e4rivaihtoehdot: punamusta tai ruostumaton ter\u00e4s<\/li>\n<li>Kuoren yl\u00e4reuna ruostumatonta ter\u00e4st\u00e4<\/li>\n<\/ul>\n<p><strong>Saatavilla olevat mallit:<\/strong><\/p>\n<p>Malli\u00a0 \u00a0 \u00a0 \u00a0 \u00a0 \u00a0 \u00a0 \u00a0 \u00a0 \u00a0 \u00a0 \u00a0 \u00a0 \u00a0 \u00a0 \u00a0 \u00a0 \u00a0 \u00a0 \u00a0 \u00a0 \u00a0 \u00a0 \u00a0 \u00a0 \u00a0 \u00a0 \u00a0 \u00a0 \u00a0 \u00a0 \u00a0 \u00a0 \u00a0 \u00a0 \u00a0 \u00a0 \u00a0 \u00a0Kuvaus\u00a0 \u00a0 \u00a0 \u00a0 \u00a0 \u00a0 \u00a0 \u00a0 \u00a0 \u00a0 \u00a0 \u00a0 \u00a0 \u00a0 \u00a0 \u00a0 \u00a0 \u00a0 \u00a0 \u00a0 \u00a0 \u00a0 \u00a0 \u00a0 \u00a0 \u00a0 \u00a0 \u00a0 \u00a0 \u00a0 \u00a0 \u00a0 \u00a0 \u00a0 \u00a0 \u00a0 \u00a0 \u00a0 \u00a0 \u00a0 \u00a0 \u00a0 \u00a0 \u00a0 \u00a0 \u00a0 \u00a0 \u00a0 \u00a0 \u00a0 \u00a0 \u00a0 \u00a0 \u00a0 \u00a0 \u00a0 \u00a0 \u00a0 \u00a0 \u00a0 \u00a0 \u00a0 \u00a0 \u00a0 \u00a0 \u00a0 \u00a0 \u00a0EAN\u00a0 \u00a0 \u00a0 \u00a0 \u00a0 \u00a0 \u00a0 \u00a0 \u00a0 \u00a0 Hinta<br \/>\nP-12040 PI\u00a0 \u00a0 \u00a0 \u00a0 \u00a0 \u00a0 \u00a0 Kiuas (16\u201325 m\u00b3), s\u00e4ili\u00f6n paikka oikealla (ilman vesis\u00e4ili\u00f6t\u00e4)\u00a0 \u00a0 \u00a0 \u00a0 \u00a0 \u00a0 \u00a0 \u00a0 \u00a0 \u00a0 \u00a0 \u00a0 \u00a0 \u00a0 \u00a0 \u00a0 \u00a0 \u00a0 \u00a0 \u00a0 \u00a0 \u00a0 \u00a0 \u00a0 \u00a0 \u00a0 \u00a0 \u00a0 \u00a0 \u00a0 \u00a0 \u00a0 \u00a0 \u00a0 \u00a0 \u00a0 \u00a0 \u00a0 \u00a0 \u00a0 \u00a0 \u00a0 \u00a0 \u00a0 \u00a0 \u00a0 4742482007943\u00a0 \u00a0 460.00 \u20ac<br \/>\nP-12040 PRV\u00a0 \u00a0 \u00a0 \u00a0 \u00a0 Kiuas (16\u201325 m\u00b3), 40 L avoimella ruostumattomasta ter\u00e4ksest\u00e4 valmistetulla s\u00e4ili\u00f6ll\u00e4 ja hanalla \u2013 oikealla\u00a0 \u00a0 \u00a0 \u00a0 \u00a0 \u00a04742482007707\u00a0 \u00a0 644.00 \u20ac<br \/>\nP-12040 PRVGL\u00a0 \u00a0 \u00a0Kiuas (16\u201325 m\u00b3), 40 L s\u00e4ili\u00f6ll\u00e4 oikealla, lasiovella\u00a0 \u00a0 \u00a0 \u00a0 \u00a0 \u00a0 \u00a0 \u00a0 \u00a0 \u00a0 \u00a0 \u00a0 \u00a0 \u00a0 \u00a0 \u00a0 \u00a0 \u00a0 \u00a0 \u00a0 \u00a0 \u00a0 \u00a0 \u00a0 \u00a0 \u00a0 \u00a0 \u00a0 \u00a0 \u00a0 \u00a0 \u00a0 \u00a0 \u00a0 \u00a0 \u00a0 \u00a0 \u00a0 \u00a0 \u00a0 \u00a0 \u00a0 \u00a0 \u00a0 \u00a0 \u00a0 \u00a0 \u00a0 \u00a0 \u00a0 \u00a0 \u00a0 \u00a0 \u00a0 \u00a0 4742482002962\u00a0 \u00a0 661.25 \u20ac<br \/>\nP-12040 VI\u00a0 \u00a0 \u00a0 \u00a0 \u00a0 \u00a0 \u00a0 Kiuas (16\u201325 m\u00b3), s\u00e4ili\u00f6n paikka vasemmalla (ilman vesis\u00e4ili\u00f6t\u00e4)\u00a0 \u00a0 \u00a0 \u00a0 \u00a0 \u00a0 \u00a0 \u00a0 \u00a0 \u00a0 \u00a0 \u00a0 \u00a0 \u00a0 \u00a0 \u00a0 \u00a0 \u00a0 \u00a0 \u00a0 \u00a0 \u00a0 \u00a0 \u00a0 \u00a0 \u00a0 \u00a0 \u00a0 \u00a0 \u00a0 \u00a0 \u00a0 \u00a0 \u00a0 \u00a0 \u00a0 \u00a0 \u00a0 \u00a0 \u00a0 \u00a0 \u00a0 4742482007950\u00a0 \u00a0 460.00 \u20ac<br \/>\nP-12040 VRV\u00a0 \u00a0 \u00a0 \u00a0 \u00a0 Kiuas (16\u201325 m\u00b3), 40 L avoimella s\u00e4ili\u00f6ll\u00e4 ja hanalla \u2013 vasemmalla\u00a0 \u00a0 \u00a0 \u00a0 \u00a0 \u00a0 \u00a0 \u00a0 \u00a0 \u00a0 \u00a0 \u00a0 \u00a0 \u00a0 \u00a0 \u00a0 \u00a0 \u00a0 \u00a0 \u00a0 \u00a0 \u00a0 \u00a0 \u00a0 \u00a0 \u00a0 \u00a0 \u00a0 \u00a0 \u00a0 \u00a0 \u00a0 \u00a0 \u00a0 \u00a0 \u00a0 \u00a0 \u00a0 \u00a0 \u00a0 4742482007714\u00a0 \u00a0 644.00 \u20ac<br \/>\nP-12040 VRVGL\u00a0 \u00a0 \u00a0Kiuas (16\u201325 m\u00b3), 40 L s\u00e4ili\u00f6ll\u00e4 vasemmalla, lasiovella\u00a0 \u00a0 \u00a0 \u00a0 \u00a0 \u00a0 \u00a0 \u00a0 \u00a0 \u00a0 \u00a0 \u00a0 \u00a0 \u00a0 \u00a0 \u00a0 \u00a0 \u00a0 \u00a0 \u00a0 \u00a0 \u00a0 \u00a0 \u00a0 \u00a0 \u00a0 \u00a0 \u00a0 \u00a0 \u00a0 \u00a0 \u00a0 \u00a0 \u00a0 \u00a0 \u00a0 \u00a0 \u00a0 \u00a0 \u00a0 \u00a0 \u00a0 \u00a0 \u00a0 \u00a0 \u00a0 \u00a0 \u00a0 \u00a0 \u00a0 \u00a0 4742482002979\u00a0 \u00a0 661.25 \u20ac<\/p>\n<p>&nbsp;<\/p>\n<p><img loading=\"lazy\" decoding=\"async\" class=\"alignnone wp-image-132156\" src=\"https:\/\/factory.sale\/wp-content\/uploads\/2025\/11\/Skamet-Virolainen-laatu-300x200.webp\" alt=\"\" width=\"1211\" height=\"807\" srcset=\"https:\/\/factory.sale\/wp-content\/uploads\/2025\/11\/Skamet-Virolainen-laatu-300x200.webp 300w, https:\/\/factory.sale\/wp-content\/uploads\/2025\/11\/Skamet-Virolainen-laatu-1024x683.webp 1024w, https:\/\/factory.sale\/wp-content\/uploads\/2025\/11\/Skamet-Virolainen-laatu-150x100.webp 150w, https:\/\/factory.sale\/wp-content\/uploads\/2025\/11\/Skamet-Virolainen-laatu-768x512.webp 768w, https:\/\/factory.sale\/wp-content\/uploads\/2025\/11\/Skamet-Virolainen-laatu-1536x1024.webp 1536w, https:\/\/factory.sale\/wp-content\/uploads\/2025\/11\/Skamet-Virolainen-laatu-600x400.webp 600w, https:\/\/factory.sale\/wp-content\/uploads\/2025\/11\/Skamet-Virolainen-laatu.webp 2016w\" sizes=\"auto, (max-width: 1211px) 100vw, 1211px\" \/><\/p>\n","protected":false},"excerpt":{"rendered":"<p>Skamet P-12040 on tehokas puukiuas 16\u201325 m\u00b3 saunoihin. Sivulle asennettava 40 litran vesis\u00e4ili\u00f6 mahdollistaa veden k\u00e4tev\u00e4n l\u00e4mmitt\u00e4misen saunan kuumetessa. Vankka metallirakenne ja harkittu suunnittelu yhdist\u00e4v\u00e4t tehokkaan tilan ja veden l\u00e4mmityksen yhteen luotettavaan ratkaisuun.<\/p>\n","protected":false},"featured_media":131786,"comment_status":"open","ping_status":"closed","template":"","meta":{"_acf_changed":false},"factory":[],"free-shipment":[],"product_brand":[4640],"product_cat":[484,4639],"product_tag":[],"class_list":{"0":"post-132220","1":"product","2":"type-product","3":"status-publish","4":"has-post-thumbnail","6":"product_brand-skamet","7":"product_cat-saunan-kiukaat","8":"product_cat-skamet-fi","10":"first","11":"instock","12":"sale","13":"taxable","14":"shipping-taxable","15":"purchasable","16":"product-type-simple"},"acf":[],"_links":{"self":[{"href":"https:\/\/factory.sale\/fi\/wp-json\/wp\/v2\/product\/132220","targetHints":{"allow":["GET"]}}],"collection":[{"href":"https:\/\/factory.sale\/fi\/wp-json\/wp\/v2\/product"}],"about":[{"href":"https:\/\/factory.sale\/fi\/wp-json\/wp\/v2\/types\/product"}],"replies":[{"embeddable":true,"href":"https:\/\/factory.sale\/fi\/wp-json\/wp\/v2\/comments?post=132220"}],"wp:featuredmedia":[{"embeddable":true,"href":"https:\/\/factory.sale\/fi\/wp-json\/wp\/v2\/media\/131786"}],"wp:attachment":[{"href":"https:\/\/factory.sale\/fi\/wp-json\/wp\/v2\/media?parent=132220"}],"wp:term":[{"taxonomy":"factory","embeddable":true,"href":"https:\/\/factory.sale\/fi\/wp-json\/wp\/v2\/factory?post=132220"},{"taxonomy":"free-shipment","embeddable":true,"href":"https:\/\/factory.sale\/fi\/wp-json\/wp\/v2\/free-shipment?post=132220"},{"taxonomy":"product_brand","embeddable":true,"href":"https:\/\/factory.sale\/fi\/wp-json\/wp\/v2\/product_brand?post=132220"},{"taxonomy":"product_cat","embeddable":true,"href":"https:\/\/factory.sale\/fi\/wp-json\/wp\/v2\/product_cat?post=132220"},{"taxonomy":"product_tag","embeddable":true,"href":"https:\/\/factory.sale\/fi\/wp-json\/wp\/v2\/product_tag?post=132220"}],"curies":[{"name":"wp","href":"https:\/\/api.w.org\/{rel}","templated":true}]}}