{"id":132214,"date":"2025-11-21T16:56:20","date_gmt":"2025-11-27T07:20:18","guid":{"rendered":"https:\/\/factory.sale\/?post_type=product&#038;p=132214"},"modified":"2026-03-18T09:09:13","modified_gmt":"2026-03-18T06:09:13","slug":"skamet-s-120-puukiuas-kulmikkaalla-verkkokehikolla-16-25-m%c2%b3-saunoihin-lammitetaan-samasta-tilasta","status":"publish","type":"product","link":"https:\/\/factory.sale\/fi\/tuote\/skamet-s-120-puukiuas-kulmikkaalla-verkkokehikolla-16-25-m%c2%b3-saunoihin-lammitetaan-samasta-tilasta\/","title":{"rendered":"Skamet S-120 puukiuas kulmikkaalla verkkokehikolla 16\u201325 m\u00b3 saunoihin, l\u00e4mmitet\u00e4\u00e4n samasta tilasta"},"content":{"rendered":"<p>Skamet S-120 on suunniteltu 16\u201325 m\u00b3 saunatiloihin ja se l\u00e4mmitet\u00e4\u00e4n samasta huoneesta k\u00e4sin. Kulmikas verkkokehikko ymp\u00e4r\u00f6i suuren kivim\u00e4\u00e4r\u00e4n, mik\u00e4 mahdollistaa erinomaisen ilmankierron, miellytt\u00e4v\u00e4n kivin\u00e4kyvyyden sek\u00e4 tasaisen ja pitk\u00e4kestoisen l\u00e4mm\u00f6n.<\/p>\n<p>Vankka ter\u00e4srunko ja musta kuumuutta kest\u00e4v\u00e4 pinnoite takaavat korkean hy\u00f6tysuhteen ja pitk\u00e4n k\u00e4ytt\u00f6i\u00e4n. Malliin mahtuu jopa 60 cm pitk\u00e4t polttopuut, mik\u00e4 tarjoaa nopean l\u00e4mmityksen ja pitk\u00e4n l\u00e4mm\u00f6n s\u00e4ilymisen.<\/p>\n<p>Virossa valmistettu S-120 t\u00e4ytt\u00e4\u00e4 EN 15821:2010 -standardin vaatimukset, mik\u00e4 takaa laadun, turvallisuuden ja energiatehokkuuden eurooppalaisella tasolla.<\/p>\n<p><strong>Tekniset tiedot:<\/strong><\/p>\n<ul>\n<li>L\u00e4mmitett\u00e4v\u00e4n huoneen tilavuus: 16\u201325 m\u00b3<\/li>\n<li>Korkeus: 84 cm<\/li>\n<li>Leveys: 49 cm<\/li>\n<li>Syvyys: 61 cm<\/li>\n<li>Paino: 65 kg<\/li>\n<li>Kivim\u00e4\u00e4r\u00e4: ~160 kg<\/li>\n<li>Polttopuiden pituus: enint\u00e4\u00e4n 50 cm<\/li>\n<li>Savupiipun halkaisija: 115 mm (yl\u00e4liit\u00e4nt\u00e4)<\/li>\n<li>Asennus: edest\u00e4 l\u00e4mmitett\u00e4v\u00e4 malli<\/li>\n<li>Kuorityyppi: kulmikas verkkokehikko<\/li>\n<\/ul>\n<p><strong>Vakiovarusteet:<\/strong><\/p>\n<ul>\n<li>Kulmikas verkkokehikko n\u00e4kyv\u00e4ll\u00e4 kivim\u00e4\u00e4r\u00e4ll\u00e4<\/li>\n<li>Ter\u00e4sovi (vakio)<\/li>\n<li>Yl\u00e4liit\u00e4nt\u00e4 savupiipulle<\/li>\n<li>Musta kuumuutta kest\u00e4v\u00e4 pinnoite<\/li>\n<li>Vasemmalle avautuva ovi<\/li>\n<li>Suunniteltu 16\u201325 m\u00b3 saunoihin<\/li>\n<li>Valmistettu Virossa (EN 15821:2010 mukainen)<\/li>\n<\/ul>\n<p><strong>Lis\u00e4varusteet:<\/strong><\/p>\n<ul>\n<li>Lasiovi (230 \u00d7 230 mm)<\/li>\n<li>Oikealle avautuva ovi<\/li>\n<li>Takaliit\u00e4nt\u00e4 savupiipulle<\/li>\n<li>Vesivaraajan tai l\u00e4mm\u00f6nvaihtimen liit\u00e4nt\u00e4 (vasen, oikea tai takaliit\u00e4nt\u00e4)<\/li>\n<\/ul>\n<p><strong>Saatavilla olevat mallit:<br \/>\n<\/strong><br \/>\nMalli\u00a0 \u00a0 \u00a0 \u00a0 \u00a0 \u00a0 \u00a0 \u00a0 \u00a0 \u00a0 \u00a0 \u00a0 \u00a0 \u00a0 \u00a0 \u00a0 \u00a0 \u00a0 \u00a0 \u00a0 \u00a0 \u00a0 \u00a0 \u00a0 \u00a0 \u00a0 \u00a0 \u00a0 \u00a0 \u00a0 Kuvaus\u00a0 \u00a0 \u00a0 \u00a0 \u00a0 \u00a0 \u00a0 \u00a0 \u00a0 \u00a0 \u00a0 \u00a0 \u00a0 \u00a0 \u00a0 \u00a0 \u00a0 \u00a0 \u00a0 \u00a0 \u00a0 \u00a0 \u00a0 \u00a0 \u00a0 \u00a0 \u00a0 \u00a0 \u00a0 \u00a0 \u00a0 \u00a0 \u00a0 \u00a0 \u00a0 \u00a0 \u00a0 \u00a0 \u00a0 \u00a0 \u00a0 \u00a0 EAN\u00a0 \u00a0 \u00a0 \u00a0 \u00a0 \u00a0 \u00a0 \u00a0 \u00a0 \u00a0 \u00a0Hinta<br \/>\nS-120\u00a0 \u00a0 \u00a0 \u00a0 \u00a0 \u00a0 \u00a0 \u00a0 Kiuas (16\u201325 m\u00b3), ilman varaajaliit\u00e4nt\u00e4\u00e4, kulmikas verkkokehikko\u00a0 \u00a0 \u00a0 \u00a0 \u00a0 \u00a0 \u00a0 \u00a0 \u00a0 \u00a0 \u00a0 \u00a0 \u00a04742482001507\u00a0 \u00a0 471.50 \u20ac<br \/>\nS-120 GL\u00a0 \u00a0 \u00a0 \u00a0 \u00a0 Kiuas (16\u201325 m\u00b3), lasiovella, ilman varaajaliit\u00e4nt\u00e4\u00e4\u00a0 \u00a0 \u00a0 \u00a0 \u00a0 \u00a0 \u00a0 \u00a0 \u00a0 \u00a0 \u00a0 \u00a0 \u00a0 \u00a0 \u00a0 \u00a0 \u00a0 \u00a0 \u00a0 \u00a0 \u00a0 \u00a0 \u00a0 \u00a0 \u00a04742482001545\u00a0 \u00a0 488.75 \u20ac<br \/>\nS-120 BP\u00a0 \u00a0 \u00a0 \u00a0 \u00a0 Kiuas (16\u201325 m\u00b3), varaajaliit\u00e4nt\u00e4 oikealla\u00a0 \u00a0 \u00a0 \u00a0 \u00a0 \u00a0 \u00a0 \u00a0 \u00a0 \u00a0 \u00a0 \u00a0 \u00a0 \u00a0 \u00a0 \u00a0 \u00a0 \u00a0 \u00a0 \u00a0 \u00a0 \u00a0 \u00a0 \u00a0 \u00a0 \u00a0 \u00a0 \u00a0 \u00a0 \u00a0 \u00a0 \u00a0 \u00a0 4742482001514\u00a0 \u00a0 \u00a0511.75 \u20ac<br \/>\nS-120 BPGL\u00a0 \u00a0 \u00a0Kiuas (16\u201325 m\u00b3), varaajaliit\u00e4nt\u00e4 oikealla, lasiovella\u00a0 \u00a0 \u00a0 \u00a0 \u00a0 \u00a0 \u00a0 \u00a0 \u00a0 \u00a0 \u00a0 \u00a0 \u00a0 \u00a0 \u00a0 \u00a0 \u00a0 \u00a0 \u00a0 \u00a0 \u00a0 \u00a0 \u00a0 \u00a0 4742482001552\u00a0 \u00a0 \u00a0529.00 \u20ac<br \/>\nS-120 BV\u00a0 \u00a0 \u00a0 \u00a0 \u00a0 Kiuas (16\u201325 m\u00b3), varaajaliit\u00e4nt\u00e4 vasemmalla\u00a0 \u00a0 \u00a0 \u00a0 \u00a0 \u00a0 \u00a0 \u00a0 \u00a0 \u00a0 \u00a0 \u00a0 \u00a0 \u00a0 \u00a0 \u00a0 \u00a0 \u00a0 \u00a0 \u00a0 \u00a0 \u00a0 \u00a0 \u00a0 \u00a0 \u00a0 \u00a0 \u00a0 \u00a0 4742482001521\u00a0 \u00a0 \u00a0511.75 \u20ac<br \/>\nS-120 BVGL\u00a0 \u00a0 \u00a0Kiuas (16\u201325 m\u00b3), varaajaliit\u00e4nt\u00e4 vasemmalla, lasiovella\u00a0 \u00a0 \u00a0 \u00a0 \u00a0 \u00a0 \u00a0 \u00a0 \u00a0 \u00a0 \u00a0 \u00a0 \u00a0 \u00a0 \u00a0 \u00a0 \u00a0 \u00a0 \u00a0 \u00a0 4742482001569\u00a0 \u00a0 \u00a0529.00 \u20ac<br \/>\nS-120 BT\u00a0 \u00a0 \u00a0 \u00a0 \u00a0 Kiuas (16\u201325 m\u00b3), varaajaliit\u00e4nt\u00e4 takaa\u00a0 \u00a0 \u00a0 \u00a0 \u00a0 \u00a0 \u00a0 \u00a0 \u00a0 \u00a0 \u00a0 \u00a0 \u00a0 \u00a0 \u00a0 \u00a0 \u00a0 \u00a0 \u00a0 \u00a0 \u00a0 \u00a0 \u00a0 \u00a0 \u00a0 \u00a0 \u00a0 \u00a0 \u00a0 \u00a0 \u00a0 \u00a0 \u00a0 \u00a0 \u00a0 4742482001538\u00a0 \u00a0 511.75 \u20ac<br \/>\nS-120 BTGL\u00a0 \u00a0 \u00a0Kiuas (16\u201325 m\u00b3), varaajaliit\u00e4nt\u00e4 takaa, lasiovella\u00a0 \u00a0 \u00a0 \u00a0 \u00a0 \u00a0 \u00a0 \u00a0 \u00a0 \u00a0 \u00a0 \u00a0 \u00a0 \u00a0 \u00a0 \u00a0 \u00a0 \u00a0 \u00a0 \u00a0 \u00a0 \u00a0 \u00a0 \u00a0 \u00a0 \u00a0 4742482001576\u00a0 \u00a0 \u00a0529.00 \u20ac<\/p>\n<p>&nbsp;<\/p>\n<p><img loading=\"lazy\" decoding=\"async\" class=\"alignnone wp-image-132156\" src=\"https:\/\/factory.sale\/wp-content\/uploads\/2025\/11\/Skamet-Virolainen-laatu-300x200.webp\" alt=\"\" width=\"1220\" height=\"813\" srcset=\"https:\/\/factory.sale\/wp-content\/uploads\/2025\/11\/Skamet-Virolainen-laatu-300x200.webp 300w, https:\/\/factory.sale\/wp-content\/uploads\/2025\/11\/Skamet-Virolainen-laatu-1024x683.webp 1024w, https:\/\/factory.sale\/wp-content\/uploads\/2025\/11\/Skamet-Virolainen-laatu-150x100.webp 150w, https:\/\/factory.sale\/wp-content\/uploads\/2025\/11\/Skamet-Virolainen-laatu-768x512.webp 768w, https:\/\/factory.sale\/wp-content\/uploads\/2025\/11\/Skamet-Virolainen-laatu-1536x1024.webp 1536w, https:\/\/factory.sale\/wp-content\/uploads\/2025\/11\/Skamet-Virolainen-laatu-600x400.webp 600w, https:\/\/factory.sale\/wp-content\/uploads\/2025\/11\/Skamet-Virolainen-laatu.webp 2016w\" sizes=\"auto, (max-width: 1220px) 100vw, 1220px\" \/><\/p>\n","protected":false},"excerpt":{"rendered":"<p>Skamet S-120 on vahvarakenteinen puukiuas 16\u201325 m\u00b3 saunoihin. Kulmikas verkkokehikko mahdollistaa suuren kivim\u00e4\u00e4r\u00e4n, joka tuottaa tasaista l\u00e4mp\u00f6\u00e4 ja pehme\u00e4t l\u00f6ylyt. Edest\u00e4 l\u00e4mmitett\u00e4v\u00e4 rakenne tarjoaa perinteisen, aidon puusaunakokemuksen.<\/p>\n","protected":false},"featured_media":131814,"comment_status":"open","ping_status":"closed","template":"","meta":{"_acf_changed":false},"factory":[],"free-shipment":[],"product_brand":[4640],"product_cat":[484,4639],"product_tag":[],"class_list":{"0":"post-132214","1":"product","2":"type-product","3":"status-publish","4":"has-post-thumbnail","6":"product_brand-skamet","7":"product_cat-saunan-kiukaat","8":"product_cat-skamet-fi","10":"first","11":"instock","12":"sale","13":"taxable","14":"shipping-taxable","15":"purchasable","16":"product-type-simple"},"acf":[],"_links":{"self":[{"href":"https:\/\/factory.sale\/fi\/wp-json\/wp\/v2\/product\/132214","targetHints":{"allow":["GET"]}}],"collection":[{"href":"https:\/\/factory.sale\/fi\/wp-json\/wp\/v2\/product"}],"about":[{"href":"https:\/\/factory.sale\/fi\/wp-json\/wp\/v2\/types\/product"}],"replies":[{"embeddable":true,"href":"https:\/\/factory.sale\/fi\/wp-json\/wp\/v2\/comments?post=132214"}],"wp:featuredmedia":[{"embeddable":true,"href":"https:\/\/factory.sale\/fi\/wp-json\/wp\/v2\/media\/131814"}],"wp:attachment":[{"href":"https:\/\/factory.sale\/fi\/wp-json\/wp\/v2\/media?parent=132214"}],"wp:term":[{"taxonomy":"factory","embeddable":true,"href":"https:\/\/factory.sale\/fi\/wp-json\/wp\/v2\/factory?post=132214"},{"taxonomy":"free-shipment","embeddable":true,"href":"https:\/\/factory.sale\/fi\/wp-json\/wp\/v2\/free-shipment?post=132214"},{"taxonomy":"product_brand","embeddable":true,"href":"https:\/\/factory.sale\/fi\/wp-json\/wp\/v2\/product_brand?post=132214"},{"taxonomy":"product_cat","embeddable":true,"href":"https:\/\/factory.sale\/fi\/wp-json\/wp\/v2\/product_cat?post=132214"},{"taxonomy":"product_tag","embeddable":true,"href":"https:\/\/factory.sale\/fi\/wp-json\/wp\/v2\/product_tag?post=132214"}],"curies":[{"name":"wp","href":"https:\/\/api.w.org\/{rel}","templated":true}]}}