{"id":132208,"date":"2025-11-21T16:56:19","date_gmt":"2025-11-27T07:20:20","guid":{"rendered":"https:\/\/factory.sale\/?post_type=product&#038;p=132208"},"modified":"2026-02-05T15:48:55","modified_gmt":"2026-02-05T12:48:55","slug":"skamet-sy-120-puukiuas-pyorealla-verkkokehikolla-16-25-m%c2%b3-saunoihin-lammitetaan-samasta-tilasta","status":"publish","type":"product","link":"https:\/\/factory.sale\/fi\/tuote\/skamet-sy-120-puukiuas-pyorealla-verkkokehikolla-16-25-m%c2%b3-saunoihin-lammitetaan-samasta-tilasta\/","title":{"rendered":"Skamet SY-120 puukiuas py\u00f6re\u00e4ll\u00e4 verkkokehikolla 16\u201325 m\u00b3 saunoihin, l\u00e4mmitet\u00e4\u00e4n samasta tilasta"},"content":{"rendered":"<p>Skamet SY-120 on suunniteltu 16\u201325 m\u00b3 saunatiloihin ja se tarjoaa luotettavaa suorituskyky\u00e4 edest\u00e4 l\u00e4mmitett\u00e4v\u00e4ll\u00e4 tulipes\u00e4ll\u00e4. Py\u00f6re\u00e4 verkkokehikko mahdollistaa suuren kivim\u00e4\u00e4r\u00e4n k\u00e4yt\u00f6n, mik\u00e4 tuottaa pitk\u00e4kestoista l\u00e4mp\u00f6\u00e4 ja pehme\u00e4t, tasaiset l\u00f6ylyt.<\/p>\n<p>Noin 84 cm korkea kiuas on mitoitettu siten, ett\u00e4 se sopii suurempiin saunoihin s\u00e4ilytt\u00e4en samalla kompaktin asennuksen. Kiuas soveltuu jopa 110 kg kivim\u00e4\u00e4r\u00e4\u00e4n ja enint\u00e4\u00e4n 50 cm pitkiin polttopuihin, mik\u00e4 antaa joustavuutta ja tehoa. Vankasta ter\u00e4ksest\u00e4 valmistettu ja mustalla kuumuutta kest\u00e4v\u00e4ll\u00e4 pinnoitteella viimeistelty SY-120 soveltuu sek\u00e4 kotik\u00e4ytt\u00f6\u00f6n ett\u00e4 kevyesti kaupallisiin saunoihin.<\/p>\n<p><strong>Tekniset tiedot:<\/strong><\/p>\n<ul>\n<li>L\u00e4mmitett\u00e4v\u00e4n huoneen tilavuus: 16\u201325 m\u00b3<\/li>\n<li>Korkeus: 84 cm<\/li>\n<li>Halkaisija: 56 cm<\/li>\n<li>Paino: 65 kg<\/li>\n<li>Kivim\u00e4\u00e4r\u00e4: 110 kg<\/li>\n<li>Polttopuiden pituus: enint\u00e4\u00e4n 50 cm<\/li>\n<li>Savupiipun halkaisija: 115 mm (yl\u00e4liit\u00e4nt\u00e4)<\/li>\n<li>Asennus: edest\u00e4 l\u00e4mmitett\u00e4v\u00e4 malli<\/li>\n<li>Kuorityyppi: py\u00f6re\u00e4 verkkokehikko<\/li>\n<\/ul>\n<p><strong>Vakiovarusteet:<\/strong><\/p>\n<ul>\n<li>Py\u00f6re\u00e4 verkkokehikko n\u00e4kyv\u00e4ll\u00e4 kivim\u00e4\u00e4r\u00e4ll\u00e4<\/li>\n<li>Metalliovi (vakio)<\/li>\n<li>Yl\u00e4liit\u00e4nt\u00e4 savupiipulle<\/li>\n<li>Musta kuumuutta kest\u00e4v\u00e4 pinnoite<\/li>\n<li>Vasemmalle avautuva ovi<\/li>\n<li>Suunniteltu 16\u201325 m\u00b3 saunoihin<\/li>\n<li>Valmistettu Virossa<\/li>\n<\/ul>\n<p><strong>Lis\u00e4varusteet:<\/strong><\/p>\n<ul>\n<li>Lasiovi (230 \u00d7 230 mm)<\/li>\n<li>Oikealle avautuva ovi<\/li>\n<li>Takaliit\u00e4nt\u00e4 savupiipulle<\/li>\n<li>Vesivaraajan tai l\u00e4mm\u00f6nvaihtimen liit\u00e4nt\u00e4 (vasen, oikea tai takaliit\u00e4nt\u00e4)<\/li>\n<\/ul>\n<p><strong>Saatavilla olevat mallit:<br \/>\n<\/strong><br \/>\nMalli\u00a0 \u00a0 \u00a0 \u00a0 \u00a0 \u00a0 \u00a0 \u00a0 \u00a0 \u00a0 \u00a0 \u00a0 \u00a0 \u00a0 \u00a0 \u00a0 \u00a0 \u00a0 \u00a0 \u00a0 \u00a0 \u00a0 \u00a0 \u00a0 \u00a0 \u00a0 \u00a0 \u00a0 \u00a0 \u00a0 \u00a0 \u00a0 \u00a0 \u00a0 \u00a0 \u00a0 \u00a0 Kuvaus\u00a0 \u00a0 \u00a0 \u00a0 \u00a0 \u00a0 \u00a0 \u00a0 \u00a0 \u00a0 \u00a0 \u00a0 \u00a0 \u00a0 \u00a0 \u00a0 \u00a0 \u00a0 \u00a0 \u00a0 \u00a0 \u00a0 \u00a0 \u00a0 \u00a0 \u00a0 \u00a0 \u00a0 \u00a0 \u00a0 \u00a0 \u00a0 \u00a0 \u00a0 \u00a0 \u00a0 \u00a0 \u00a0 EAN\u00a0 \u00a0 \u00a0 \u00a0 \u00a0 \u00a0 \u00a0 \u00a0 \u00a0 Hinta<br \/>\nSY-120\u00a0 \u00a0 \u00a0 \u00a0 \u00a0 \u00a0 \u00a0 \u00a0Kiuas (16\u201325 m\u00b3), ilman varaajaliit\u00e4nt\u00e4\u00e4, py\u00f6re\u00e4 verkkokehikko\u00a0 \u00a0 \u00a0 \u00a0 \u00a0 \u00a0 \u00a0 \u00a0 \u00a0 \u00a0 \u00a0 \u00a0 \u00a0 \u00a0 \u00a04742482001668\u00a0 \u00a0 \u00a0471.50 \u20ac<br \/>\nSY-120 GL\u00a0 \u00a0 \u00a0 \u00a0 \u00a0Kiuas (16\u201325 m\u00b3), lasiovella, ilman varaajaliit\u00e4nt\u00e4\u00e4\u00a0 \u00a0 \u00a0 \u00a0 \u00a0 \u00a0 \u00a0 \u00a0 \u00a0 \u00a0 \u00a0 \u00a0 \u00a0 \u00a0 \u00a0 \u00a0 \u00a0 \u00a0 \u00a0 \u00a0 \u00a0 \u00a0 \u00a0 \u00a0 \u00a0 4742482001705\u00a0 \u00a0 \u00a0488.75 \u20ac<br \/>\nSY-120 BP\u00a0 \u00a0 \u00a0 \u00a0 \u00a0Kiuas (16\u201325 m\u00b3), varaajaliit\u00e4nt\u00e4 oikealla\u00a0 \u00a0 \u00a0 \u00a0 \u00a0 \u00a0 \u00a0 \u00a0 \u00a0 \u00a0 \u00a0 \u00a0 \u00a0 \u00a0 \u00a0 \u00a0 \u00a0 \u00a0 \u00a0 \u00a0 \u00a0 \u00a0 \u00a0 \u00a0 \u00a0 \u00a0 \u00a0 \u00a0 \u00a0 \u00a0 \u00a0 \u00a0 \u00a0 \u00a0 4742482001675\u00a0 \u00a0 \u00a0511.75 \u20ac<br \/>\nSY-120 BPGL\u00a0 \u00a0 Kiuas (16\u201325 m\u00b3), varaajaliit\u00e4nt\u00e4 oikealla, lasiovella\u00a0 \u00a0 \u00a0 \u00a0 \u00a0 \u00a0 \u00a0 \u00a0 \u00a0 \u00a0 \u00a0 \u00a0 \u00a0 \u00a0 \u00a0 \u00a0 \u00a0 \u00a0 \u00a0 \u00a0 \u00a0 \u00a0 \u00a0 \u00a0 \u00a0 4742482001712\u00a0 \u00a0 \u00a0529.00 \u20ac<br \/>\nSY-120 BV\u00a0 \u00a0 \u00a0 \u00a0 \u00a0Kiuas (16\u201325 m\u00b3), varaajaliit\u00e4nt\u00e4 vasemmalla\u00a0 \u00a0 \u00a0 \u00a0 \u00a0 \u00a0 \u00a0 \u00a0 \u00a0 \u00a0 \u00a0 \u00a0 \u00a0 \u00a0 \u00a0 \u00a0 \u00a0 \u00a0 \u00a0 \u00a0 \u00a0 \u00a0 \u00a0 \u00a0 \u00a0 \u00a0 \u00a0 \u00a0 \u00a0 \u00a04742482001682\u00a0 \u00a0 \u00a0511.75 \u20ac<br \/>\nSY-120 BVGL\u00a0 \u00a0 Kiuas (16\u201325 m\u00b3), varaajaliit\u00e4nt\u00e4 vasemmalla, lasiovella\u00a0 \u00a0 \u00a0 \u00a0 \u00a0 \u00a0 \u00a0 \u00a0 \u00a0 \u00a0 \u00a0 \u00a0 \u00a0 \u00a0 \u00a0 \u00a0 \u00a0 \u00a0 \u00a0 \u00a0 \u00a04742482001729\u00a0 \u00a0 \u00a0529.00 \u20ac<br \/>\nSY-120 BT\u00a0 \u00a0 \u00a0 \u00a0 \u00a0Kiuas (16\u201325 m\u00b3), varaajaliit\u00e4nt\u00e4 takaa\u00a0 \u00a0 \u00a0 \u00a0 \u00a0 \u00a0 \u00a0 \u00a0 \u00a0 \u00a0 \u00a0 \u00a0 \u00a0 \u00a0 \u00a0 \u00a0 \u00a0 \u00a0 \u00a0 \u00a0 \u00a0 \u00a0 \u00a0 \u00a0 \u00a0 \u00a0 \u00a0 \u00a0 \u00a0 \u00a0 \u00a0 \u00a0 \u00a0 \u00a0 \u00a0 4742482001699\u00a0 \u00a0 \u00a0 511.75 \u20ac<br \/>\nSY-120 BTGL\u00a0 \u00a0 Kiuas (16\u201325 m\u00b3), varaajaliit\u00e4nt\u00e4 takaa, lasiovella\u00a0 \u00a0 \u00a0 \u00a0 \u00a0 \u00a0 \u00a0 \u00a0 \u00a0 \u00a0 \u00a0 \u00a0 \u00a0 \u00a0 \u00a0 \u00a0 \u00a0 \u00a0 \u00a0 \u00a0 \u00a0 \u00a0 \u00a0 \u00a0 \u00a0 \u00a0 \u00a04742482001736\u00a0 \u00a0 \u00a0529.00 \u20ac<\/p>\n<p>&nbsp;<\/p>\n<p><img loading=\"lazy\" decoding=\"async\" class=\"alignnone wp-image-132156\" src=\"https:\/\/factory.sale\/wp-content\/uploads\/2025\/11\/Skamet-Virolainen-laatu-300x200.webp\" alt=\"\" width=\"1220\" height=\"813\" srcset=\"https:\/\/factory.sale\/wp-content\/uploads\/2025\/11\/Skamet-Virolainen-laatu-300x200.webp 300w, https:\/\/factory.sale\/wp-content\/uploads\/2025\/11\/Skamet-Virolainen-laatu-1024x683.webp 1024w, https:\/\/factory.sale\/wp-content\/uploads\/2025\/11\/Skamet-Virolainen-laatu-150x100.webp 150w, https:\/\/factory.sale\/wp-content\/uploads\/2025\/11\/Skamet-Virolainen-laatu-768x512.webp 768w, https:\/\/factory.sale\/wp-content\/uploads\/2025\/11\/Skamet-Virolainen-laatu-1536x1024.webp 1536w, https:\/\/factory.sale\/wp-content\/uploads\/2025\/11\/Skamet-Virolainen-laatu-600x400.webp 600w, https:\/\/factory.sale\/wp-content\/uploads\/2025\/11\/Skamet-Virolainen-laatu.webp 2016w\" sizes=\"auto, (max-width: 1220px) 100vw, 1220px\" \/><\/p>\n","protected":false},"excerpt":{"rendered":"<p>Skamet SY-120 on suuren kivim\u00e4\u00e4r\u00e4n puukiuas 16\u201325 m\u00b3 saunoihin. Py\u00f6re\u00e4 verkkokehikko ymp\u00e4r\u00f6i tulipes\u00e4n kivill\u00e4 tasaisen, pitk\u00e4kestoisen l\u00e4mm\u00f6n tuottamiseksi, ja edest\u00e4 l\u00e4mmitett\u00e4v\u00e4 rakenne tarjoaa aidon puukiukaan k\u00e4ytt\u00f6kokemuksen.<\/p>\n","protected":false},"featured_media":131861,"comment_status":"open","ping_status":"closed","template":"","meta":{"_acf_changed":false},"factory":[],"free-shipment":[],"product_brand":[4640],"product_cat":[4639],"product_tag":[],"class_list":{"0":"post-132208","1":"product","2":"type-product","3":"status-publish","4":"has-post-thumbnail","6":"product_brand-skamet","7":"product_cat-skamet-fi","9":"first","10":"instock","11":"sale","12":"taxable","13":"shipping-taxable","14":"purchasable","15":"product-type-simple"},"acf":[],"_links":{"self":[{"href":"https:\/\/factory.sale\/fi\/wp-json\/wp\/v2\/product\/132208","targetHints":{"allow":["GET"]}}],"collection":[{"href":"https:\/\/factory.sale\/fi\/wp-json\/wp\/v2\/product"}],"about":[{"href":"https:\/\/factory.sale\/fi\/wp-json\/wp\/v2\/types\/product"}],"replies":[{"embeddable":true,"href":"https:\/\/factory.sale\/fi\/wp-json\/wp\/v2\/comments?post=132208"}],"wp:featuredmedia":[{"embeddable":true,"href":"https:\/\/factory.sale\/fi\/wp-json\/wp\/v2\/media\/131861"}],"wp:attachment":[{"href":"https:\/\/factory.sale\/fi\/wp-json\/wp\/v2\/media?parent=132208"}],"wp:term":[{"taxonomy":"factory","embeddable":true,"href":"https:\/\/factory.sale\/fi\/wp-json\/wp\/v2\/factory?post=132208"},{"taxonomy":"free-shipment","embeddable":true,"href":"https:\/\/factory.sale\/fi\/wp-json\/wp\/v2\/free-shipment?post=132208"},{"taxonomy":"product_brand","embeddable":true,"href":"https:\/\/factory.sale\/fi\/wp-json\/wp\/v2\/product_brand?post=132208"},{"taxonomy":"product_cat","embeddable":true,"href":"https:\/\/factory.sale\/fi\/wp-json\/wp\/v2\/product_cat?post=132208"},{"taxonomy":"product_tag","embeddable":true,"href":"https:\/\/factory.sale\/fi\/wp-json\/wp\/v2\/product_tag?post=132208"}],"curies":[{"name":"wp","href":"https:\/\/api.w.org\/{rel}","templated":true}]}}