{"id":132205,"date":"2025-11-21T16:53:41","date_gmt":"2025-11-27T07:20:56","guid":{"rendered":"https:\/\/factory.sale\/?post_type=product&#038;p=132205"},"modified":"2026-02-05T16:01:50","modified_gmt":"2026-02-05T13:01:50","slug":"skamet-sty-220-gl-puukiuas-suurella-lasiovella-ja-pyorealla-verkkokehikolla-16-25-m%c2%b3-saunoihin-lammitetaan-viereisesta-tilasta","status":"publish","type":"product","link":"https:\/\/factory.sale\/fi\/tuote\/skamet-sty-220-gl-puukiuas-suurella-lasiovella-ja-pyorealla-verkkokehikolla-16-25-m%c2%b3-saunoihin-lammitetaan-viereisesta-tilasta\/","title":{"rendered":"Skamet STY-220 GL puukiuas suurella lasiovella ja py\u00f6re\u00e4ll\u00e4 verkkokehikolla 16\u201325 m\u00b3 saunoihin, l\u00e4mmitet\u00e4\u00e4n viereisest\u00e4 tilasta"},"content":{"rendered":"<p>Skamet STY-220 GL on suunniteltu 16\u201325 m\u00b3 saunoihin. Sen tulipes\u00e4 avautuu pukuhuoneeseen tai viereiseen tilaan, kun taas varsinainen sauna l\u00e4mpe\u00e4\u00e4 sis\u00e4lt\u00e4p\u00e4in. Py\u00f6re\u00e4 verkkokehikko ymp\u00e4r\u00f6i suuren kivim\u00e4\u00e4r\u00e4n, mik\u00e4 tuottaa pehme\u00e4n, tasaisen l\u00f6ylyn ja pit\u00e4\u00e4 l\u00e4mm\u00f6n pitk\u00e4\u00e4n.<\/p>\n<p>Kiukaan erottuva ominaisuus on sen suuri kuumuutta kest\u00e4v\u00e4 lasiovi, joka lis\u00e4\u00e4 tunnelmaa ja tarjoaa selke\u00e4n n\u00e4k\u00f6alan tuleen ja hehkuviin kiviin. Noin 110 kg kivim\u00e4\u00e4r\u00e4lle suunniteltu rakenne mahdollistaa jopa 70 cm polttopuiden k\u00e4yt\u00f6n. Vankka ter\u00e4srunko ja musta kuumuutta kest\u00e4v\u00e4 pinnoite tekev\u00e4t STY-220 GL -mallista luotettavan valinnan sek\u00e4 kotik\u00e4ytt\u00f6\u00f6n ett\u00e4 pieniin kaupallisiin saunoihin.<\/p>\n<p><strong>Tekniset tiedot:<\/strong><\/p>\n<ul>\n<li>L\u00e4mmitett\u00e4v\u00e4n huoneen tilavuus: 16\u201325 m\u00b3<\/li>\n<li>Korkeus: 84 cm<\/li>\n<li>Halkaisija: 56 cm<\/li>\n<li>Tunnelin syvyys: 20 cm<\/li>\n<li>Paino: 80 kg<\/li>\n<li>Kivim\u00e4\u00e4r\u00e4: ~110 kg<\/li>\n<li>Polttopuiden pituus: enint\u00e4\u00e4n 70 cm<\/li>\n<li>Lasioven koko: 33 \u00d7 33 cm<\/li>\n<li>Asennus: sein\u00e4n l\u00e4pi, l\u00e4mmitet\u00e4\u00e4n viereisest\u00e4 tilasta<\/li>\n<li>Kuorityyppi: py\u00f6re\u00e4 verkkokehikko<\/li>\n<\/ul>\n<p><strong>Vakiovarusteet:<\/strong><\/p>\n<ul>\n<li>Suuri kuumuutta kest\u00e4v\u00e4 lasiovi<\/li>\n<li>Py\u00f6re\u00e4 verkkokehikko n\u00e4kyv\u00e4ll\u00e4 kivim\u00e4\u00e4r\u00e4ll\u00e4<\/li>\n<li>Tulipes\u00e4 sein\u00e4n l\u00e4pi \u2013 l\u00e4mmitet\u00e4\u00e4n viereisest\u00e4 tilasta<\/li>\n<li>Yl\u00e4liit\u00e4nt\u00e4 savupiipulle<\/li>\n<li>Musta kuumuutta kest\u00e4v\u00e4 pinnoite<\/li>\n<li>Vasemmalle avautuva ovi<\/li>\n<\/ul>\n<p><strong>Lis\u00e4varusteet:<\/strong><\/p>\n<ul>\n<li>Oikealle avautuva ovi<\/li>\n<li>Puukahva<\/li>\n<li>Vesivaraajan tai l\u00e4mm\u00f6nvaihtimen liit\u00e4nt\u00e4 (vasen, oikea tai takaliit\u00e4nt\u00e4)<\/li>\n<\/ul>\n<p><strong>Saatavilla olevat mallit:<br \/>\n<\/strong><br \/>\nMalli\u00a0 \u00a0 \u00a0 \u00a0 \u00a0 \u00a0 \u00a0 \u00a0 \u00a0 \u00a0 \u00a0 \u00a0 \u00a0 \u00a0 \u00a0 \u00a0 \u00a0 \u00a0 \u00a0 \u00a0 \u00a0 \u00a0 \u00a0 \u00a0 \u00a0 \u00a0 \u00a0 \u00a0 \u00a0 \u00a0 \u00a0 \u00a0 \u00a0 \u00a0 \u00a0 \u00a0 \u00a0 \u00a0 \u00a0 \u00a0 \u00a0 \u00a0 \u00a0 \u00a0 \u00a0 \u00a0 \u00a0 \u00a0 \u00a0 \u00a0 \u00a0Kuvaus\u00a0 \u00a0 \u00a0 \u00a0 \u00a0 \u00a0 \u00a0 \u00a0 \u00a0 \u00a0 \u00a0 \u00a0 \u00a0 \u00a0 \u00a0 \u00a0 \u00a0 \u00a0 \u00a0 \u00a0 \u00a0 \u00a0 \u00a0 \u00a0 \u00a0 \u00a0 \u00a0 \u00a0 \u00a0 \u00a0 \u00a0 \u00a0 \u00a0 \u00a0 \u00a0 \u00a0 \u00a0 \u00a0 \u00a0 \u00a0 \u00a0 \u00a0 \u00a0EAN\u00a0 \u00a0 \u00a0 \u00a0 \u00a0 \u00a0 \u00a0 \u00a0 \u00a0 \u00a0Hinta<br \/>\nSTY-220 GL\u00a0 \u00a0 \u00a0 \u00a0Laajennetulla tulipes\u00e4ll\u00e4 varustettu kiuas (16\u201325 m\u00b3), suuri lasiovi, ilman varaajaliit\u00e4nt\u00e4\u00e4\u00a0 \u00a0 \u00a0 \u00a0 \u00a0 \u00a0 \u00a0 \u00a0 \u00a0 \u00a0 \u00a0 4742482003242\u00a0 \u00a0 741.75 \u20ac<br \/>\nSTY-220 BPGL\u00a0 \u00a0Laajennetulla tulipes\u00e4ll\u00e4 varustettu kiuas (16\u201325 m\u00b3), suuri lasiovi, varaajaliit\u00e4nt\u00e4 oikealla\u00a0 \u00a0 \u00a0 \u00a0 \u00a0 \u00a0 \u00a0 \u00a0 \u00a0 \u00a0 4742482003259\u00a0 \u00a0 782.00 \u20ac<br \/>\nSTY-220 BVGL\u00a0 \u00a0Laajennetulla tulipes\u00e4ll\u00e4 varustettu kiuas (16\u201325 m\u00b3), suuri lasiovi, varaajaliit\u00e4nt\u00e4 vasemmalla\u00a0 \u00a0 \u00a0 \u00a0 \u00a0 \u00a0 4742482003266\u00a0 \u00a0 782.00 \u20ac<br \/>\nSTY-220 BTGL\u00a0 \u00a0Laajennetulla tulipes\u00e4ll\u00e4 varustettu kiuas (16\u201325 m\u00b3), suuri lasiovi, varaajaliit\u00e4nt\u00e4 takaa\u00a0 \u00a0 \u00a0 \u00a0 \u00a0 \u00a0 \u00a0 \u00a0 \u00a0 \u00a0 \u00a0 \u00a0 4742482003273\u00a0 \u00a0 782.00 \u20ac<\/p>\n<p>&nbsp;<\/p>\n<p><img loading=\"lazy\" decoding=\"async\" class=\"alignnone wp-image-132156\" src=\"https:\/\/factory.sale\/wp-content\/uploads\/2025\/11\/Skamet-Virolainen-laatu-300x200.webp\" alt=\"\" width=\"1220\" height=\"813\" srcset=\"https:\/\/factory.sale\/wp-content\/uploads\/2025\/11\/Skamet-Virolainen-laatu-300x200.webp 300w, https:\/\/factory.sale\/wp-content\/uploads\/2025\/11\/Skamet-Virolainen-laatu-1024x683.webp 1024w, https:\/\/factory.sale\/wp-content\/uploads\/2025\/11\/Skamet-Virolainen-laatu-150x100.webp 150w, https:\/\/factory.sale\/wp-content\/uploads\/2025\/11\/Skamet-Virolainen-laatu-768x512.webp 768w, https:\/\/factory.sale\/wp-content\/uploads\/2025\/11\/Skamet-Virolainen-laatu-1536x1024.webp 1536w, https:\/\/factory.sale\/wp-content\/uploads\/2025\/11\/Skamet-Virolainen-laatu-600x400.webp 600w, https:\/\/factory.sale\/wp-content\/uploads\/2025\/11\/Skamet-Virolainen-laatu.webp 2016w\" sizes=\"auto, (max-width: 1220px) 100vw, 1220px\" \/><\/p>\n","protected":false},"excerpt":{"rendered":"<p>STY-220 GL puukiukaaseen mahtuu suuri kivim\u00e4\u00e4r\u00e4 ja se on suunniteltu 16\u201325 m\u00b3 saunoihin. Suuri kuumuutta kest\u00e4v\u00e4 lasiovi mahdollistaa upean n\u00e4kym\u00e4n tuleen, py\u00f6re\u00e4 verkkokehikko ymp\u00e4r\u00f6i kivet ja sein\u00e4n l\u00e4pi l\u00e4mmitett\u00e4v\u00e4 tulipes\u00e4 pit\u00e4\u00e4 saunahuoneen puhtaana ja mukavana.<\/p>\n","protected":false},"featured_media":131905,"comment_status":"open","ping_status":"closed","template":"","meta":{"_acf_changed":false},"factory":[],"free-shipment":[],"product_brand":[4640],"product_cat":[484,4639],"product_tag":[],"class_list":{"0":"post-132205","1":"product","2":"type-product","3":"status-publish","4":"has-post-thumbnail","6":"product_brand-skamet","7":"product_cat-saunan-kiukaat","8":"product_cat-skamet-fi","10":"first","11":"instock","12":"sale","13":"taxable","14":"shipping-taxable","15":"purchasable","16":"product-type-simple"},"acf":[],"_links":{"self":[{"href":"https:\/\/factory.sale\/fi\/wp-json\/wp\/v2\/product\/132205","targetHints":{"allow":["GET"]}}],"collection":[{"href":"https:\/\/factory.sale\/fi\/wp-json\/wp\/v2\/product"}],"about":[{"href":"https:\/\/factory.sale\/fi\/wp-json\/wp\/v2\/types\/product"}],"replies":[{"embeddable":true,"href":"https:\/\/factory.sale\/fi\/wp-json\/wp\/v2\/comments?post=132205"}],"wp:featuredmedia":[{"embeddable":true,"href":"https:\/\/factory.sale\/fi\/wp-json\/wp\/v2\/media\/131905"}],"wp:attachment":[{"href":"https:\/\/factory.sale\/fi\/wp-json\/wp\/v2\/media?parent=132205"}],"wp:term":[{"taxonomy":"factory","embeddable":true,"href":"https:\/\/factory.sale\/fi\/wp-json\/wp\/v2\/factory?post=132205"},{"taxonomy":"free-shipment","embeddable":true,"href":"https:\/\/factory.sale\/fi\/wp-json\/wp\/v2\/free-shipment?post=132205"},{"taxonomy":"product_brand","embeddable":true,"href":"https:\/\/factory.sale\/fi\/wp-json\/wp\/v2\/product_brand?post=132205"},{"taxonomy":"product_cat","embeddable":true,"href":"https:\/\/factory.sale\/fi\/wp-json\/wp\/v2\/product_cat?post=132205"},{"taxonomy":"product_tag","embeddable":true,"href":"https:\/\/factory.sale\/fi\/wp-json\/wp\/v2\/product_tag?post=132205"}],"curies":[{"name":"wp","href":"https:\/\/api.w.org\/{rel}","templated":true}]}}