{"id":132195,"date":"2025-11-21T16:53:48","date_gmt":"2025-11-27T07:20:22","guid":{"rendered":"https:\/\/factory.sale\/?post_type=product&#038;p=132195"},"modified":"2026-02-05T15:48:02","modified_gmt":"2026-02-05T12:48:02","slug":"skamet-pt-216-gl-puukiuas-metallikuorella-8-18-m%c2%b3-saunoihin-lammitetaan-viereisesta-tilasta","status":"publish","type":"product","link":"https:\/\/factory.sale\/fi\/tuote\/skamet-pt-216-gl-puukiuas-metallikuorella-8-18-m%c2%b3-saunoihin-lammitetaan-viereisesta-tilasta\/","title":{"rendered":"Skamet PT-216 GL puukiuas metallikuorella 8\u201318 m\u00b3 saunoihin, l\u00e4mmitet\u00e4\u00e4n viereisest\u00e4 tilasta"},"content":{"rendered":"<p>Skamet PT-216 GL on suunniteltu 8\u201318 m\u00b3 kokoisiin saunoihin ja se l\u00e4mmitet\u00e4\u00e4n viereisest\u00e4 tilasta. Tuli\u00adpes\u00e4n ovi avautuu pukuhuoneen tai teknisen tilan puolelle, mik\u00e4 pit\u00e4\u00e4 l\u00f6ylyhuoneen siistin\u00e4, tuhkattomana ja helppohoitoisena. Mallin selkein erityispiirre on suuri kuumuutta kest\u00e4v\u00e4 lasiluukku (330 \u00d7 330 mm), joka avaa kauniin n\u00e4kym\u00e4n tuleen ja luo l\u00e4mpim\u00e4n tunnelman viereiseen tilaan.<\/p>\n<p>Kompakti rakenne (korkeus 73 cm, leveys 43 cm, syvyys 51 cm) mahdollistaa asennuksen ahtaisiinkin kohteisiin. Kiukaaseen mahtuu noin 40 kg kiuaskivi\u00e4 ja jopa 60 cm pitki\u00e4 polttopuita, mik\u00e4 takaa tehokkaan l\u00e4mmityksen ja pehme\u00e4t l\u00f6ylyt.<\/p>\n<p>Vakiovarustukseen kuuluu musta kuumuutta kest\u00e4v\u00e4 pinnoite, ruostumattomasta ter\u00e4ksest\u00e4 valmistettu yl\u00e4reuna sek\u00e4 ruostumaton kahva. Lis\u00e4varusteena on saatavilla muun muassa oikealle avautuva ovi, vesivaraajan liit\u00e4nt\u00e4, t\u00e4ysin ruostumaton kuorirakenne tai peilikuva\u00adsisus.<\/p>\n<p><strong>Tekniset tiedot:<\/strong><\/p>\n<ul>\n<li>L\u00e4mmitett\u00e4v\u00e4n huoneen tilavuus: 8\u201318 m\u00b3<\/li>\n<li>Korkeus: 73 cm<\/li>\n<li>Leveys: 43 cm<\/li>\n<li>Syvyys: 51 cm<\/li>\n<li>Tunneli: 17 cm<\/li>\n<li>Paino: 60 kg<\/li>\n<li>Kivim\u00e4\u00e4r\u00e4: n. 40 kg<\/li>\n<li>Polttopuiden pituus: enint\u00e4\u00e4n 60 cm<\/li>\n<li>Lasiluukun koko: 330 \u00d7 330 mm<\/li>\n<li>Savupiipun halkaisija: 115 mm (yl\u00e4liit\u00e4nt\u00e4)<\/li>\n<li>Asennus: l\u00e4mmitet\u00e4\u00e4n viereisest\u00e4 huoneesta \/ sein\u00e4n l\u00e4pi<\/li>\n<li>Kuori: metallikuori, musta kuumuutta kest\u00e4v\u00e4 pinnoite, ruostumaton yl\u00e4reuna<\/li>\n<\/ul>\n<p><strong>Vakiovarusteet:<\/strong><\/p>\n<ul>\n<li>Suuri kuumuutta kest\u00e4v\u00e4 lasiluukku (330 \u00d7 330 mm)<\/li>\n<li>Yl\u00e4liit\u00e4nt\u00e4 savupiipulle<\/li>\n<li>Vasemmalle avautuva ovi<\/li>\n<li>Musta kuumuutta kest\u00e4v\u00e4 pintak\u00e4sittely<\/li>\n<li>Ruostumattomasta ter\u00e4ksest\u00e4 valmistettu yl\u00e4reuna<\/li>\n<li>Ruostumaton kahva<\/li>\n<li>L\u00e4mmitys viereisest\u00e4 huoneesta (tulipes\u00e4 sein\u00e4n l\u00e4pi)<\/li>\n<\/ul>\n<p><strong>Lis\u00e4varusteet:<\/strong><\/p>\n<ul>\n<li>Oikealle avautuva ovi<\/li>\n<li>T\u00e4ysin ruostumaton kuori<\/li>\n<li>Vesivaraajan liit\u00e4nt\u00e4: oikea, vasen tai taka<\/li>\n<li>Sein\u00e4aukkoon tarkoitettu viimeistelykehys (suositeltava l\u00e4pivientiasennuksessa)<\/li>\n<\/ul>\n<p><strong>Saatavilla olevat mallit:<br \/>\n<\/strong><br \/>\nMalli\u00a0 \u00a0 \u00a0 \u00a0 \u00a0 \u00a0 \u00a0 \u00a0 \u00a0 \u00a0 \u00a0 \u00a0 \u00a0 \u00a0 \u00a0 \u00a0 \u00a0 \u00a0 \u00a0 \u00a0 \u00a0 \u00a0 \u00a0 \u00a0 \u00a0 \u00a0 \u00a0 \u00a0 \u00a0 \u00a0 \u00a0 \u00a0 \u00a0 \u00a0 \u00a0 \u00a0 \u00a0 \u00a0 \u00a0 \u00a0 \u00a0 \u00a0 \u00a0 \u00a0 \u00a0 \u00a0 \u00a0 \u00a0 Kuvaus\u00a0 \u00a0 \u00a0 \u00a0 \u00a0 \u00a0 \u00a0 \u00a0 \u00a0 \u00a0 \u00a0 \u00a0 \u00a0 \u00a0 \u00a0 \u00a0 \u00a0 \u00a0 \u00a0 \u00a0 \u00a0 \u00a0 \u00a0 \u00a0 \u00a0 \u00a0 \u00a0 \u00a0 \u00a0 \u00a0 \u00a0 \u00a0 \u00a0 \u00a0 \u00a0 \u00a0 \u00a0 \u00a0 \u00a0 \u00a0 \u00a0 \u00a0 \u00a0 \u00a0 \u00a0 \u00a0 \u00a0 \u00a0 \u00a0 \u00a0 EAN\u00a0 \u00a0 \u00a0 \u00a0 \u00a0 \u00a0 \u00a0 \u00a0 Hinta<br \/>\nPT-216 GL\u00a0 \u00a0 \u00a0 \u00a0 Pitk\u00e4ll\u00e4 tulipes\u00e4ll\u00e4 varustettu puukiuas (8\u201318 m\u00b3), ilman vesivaraajan liit\u00e4nt\u00e4\u00e4, suurella lasiluukulla\u00a0 \u00a0 \u00a0 \u00a0 \u00a0 \u00a0 \u00a0 4742482000173\u00a0 \u00a0 603.75 \u20ac<br \/>\nPT-216 BPGL\u00a0 \u00a0Pitk\u00e4ll\u00e4 tulipes\u00e4ll\u00e4 varustettu puukiuas (8\u201318 m\u00b3), vesivaraajan liit\u00e4nt\u00e4 oikealla, suurella lasiluukulla\u00a0 \u00a0 \u00a0 \u00a0 \u00a0 \u00a0 \u00a04742482000180\u00a0 \u00a0 649.75 \u20ac<br \/>\nPT-216 BVGL\u00a0 \u00a0Pitk\u00e4ll\u00e4 tulipes\u00e4ll\u00e4 varustettu puukiuas (8\u201318 m\u00b3), vesivaraajan liit\u00e4nt\u00e4 vasemmalla, suurella lasiluukulla\u00a0 \u00a0 \u00a04742482000197\u00a0 \u00a0 649.75 \u20ac<br \/>\nPT-216 BTGL\u00a0 \u00a0Pitk\u00e4ll\u00e4 tulipes\u00e4ll\u00e4 varustettu puukiuas (8\u201318 m\u00b3), vesivaraajan liit\u00e4nt\u00e4 takaa, suurella lasiluukulla\u00a0 \u00a0 \u00a0 \u00a0 \u00a0 \u00a0 \u00a0 \u00a0 \u00a04742482000203\u00a0 \u00a0649.75 \u20ac<\/p>\n<p>&nbsp;<\/p>\n<p><img loading=\"lazy\" decoding=\"async\" class=\"alignnone wp-image-132156\" src=\"https:\/\/factory.sale\/wp-content\/uploads\/2025\/11\/Skamet-Virolainen-laatu-300x200.webp\" alt=\"\" width=\"1220\" height=\"813\" srcset=\"https:\/\/factory.sale\/wp-content\/uploads\/2025\/11\/Skamet-Virolainen-laatu-300x200.webp 300w, https:\/\/factory.sale\/wp-content\/uploads\/2025\/11\/Skamet-Virolainen-laatu-1024x683.webp 1024w, https:\/\/factory.sale\/wp-content\/uploads\/2025\/11\/Skamet-Virolainen-laatu-150x100.webp 150w, https:\/\/factory.sale\/wp-content\/uploads\/2025\/11\/Skamet-Virolainen-laatu-768x512.webp 768w, https:\/\/factory.sale\/wp-content\/uploads\/2025\/11\/Skamet-Virolainen-laatu-1536x1024.webp 1536w, https:\/\/factory.sale\/wp-content\/uploads\/2025\/11\/Skamet-Virolainen-laatu-600x400.webp 600w, https:\/\/factory.sale\/wp-content\/uploads\/2025\/11\/Skamet-Virolainen-laatu.webp 2016w\" sizes=\"auto, (max-width: 1220px) 100vw, 1220px\" \/><\/p>\n","protected":false},"excerpt":{"rendered":"<p>Skamet PT-216 GL on korkealaatuinen puukiuas 8\u201318 m\u00b3 saunoihin. Suuri kuumuutta kest\u00e4v\u00e4 lasiluukku (330 \u00d7 330 mm), kest\u00e4v\u00e4 metallikuori ja viereisest\u00e4 huoneesta l\u00e4mmitett\u00e4v\u00e4 tulipes\u00e4 takaavat siistin l\u00f6ylyhuoneen, helpon k\u00e4yt\u00f6n ja tehokkaan l\u00e4mmityksen.<\/p>\n","protected":false},"featured_media":131420,"comment_status":"open","ping_status":"closed","template":"","meta":{"_acf_changed":false},"factory":[],"free-shipment":[],"product_brand":[4640],"product_cat":[484,4639],"product_tag":[],"class_list":{"0":"post-132195","1":"product","2":"type-product","3":"status-publish","4":"has-post-thumbnail","6":"product_brand-skamet","7":"product_cat-saunan-kiukaat","8":"product_cat-skamet-fi","10":"first","11":"instock","12":"sale","13":"taxable","14":"shipping-taxable","15":"purchasable","16":"product-type-simple"},"acf":[],"_links":{"self":[{"href":"https:\/\/factory.sale\/fi\/wp-json\/wp\/v2\/product\/132195","targetHints":{"allow":["GET"]}}],"collection":[{"href":"https:\/\/factory.sale\/fi\/wp-json\/wp\/v2\/product"}],"about":[{"href":"https:\/\/factory.sale\/fi\/wp-json\/wp\/v2\/types\/product"}],"replies":[{"embeddable":true,"href":"https:\/\/factory.sale\/fi\/wp-json\/wp\/v2\/comments?post=132195"}],"wp:featuredmedia":[{"embeddable":true,"href":"https:\/\/factory.sale\/fi\/wp-json\/wp\/v2\/media\/131420"}],"wp:attachment":[{"href":"https:\/\/factory.sale\/fi\/wp-json\/wp\/v2\/media?parent=132195"}],"wp:term":[{"taxonomy":"factory","embeddable":true,"href":"https:\/\/factory.sale\/fi\/wp-json\/wp\/v2\/factory?post=132195"},{"taxonomy":"free-shipment","embeddable":true,"href":"https:\/\/factory.sale\/fi\/wp-json\/wp\/v2\/free-shipment?post=132195"},{"taxonomy":"product_brand","embeddable":true,"href":"https:\/\/factory.sale\/fi\/wp-json\/wp\/v2\/product_brand?post=132195"},{"taxonomy":"product_cat","embeddable":true,"href":"https:\/\/factory.sale\/fi\/wp-json\/wp\/v2\/product_cat?post=132195"},{"taxonomy":"product_tag","embeddable":true,"href":"https:\/\/factory.sale\/fi\/wp-json\/wp\/v2\/product_tag?post=132195"}],"curies":[{"name":"wp","href":"https:\/\/api.w.org\/{rel}","templated":true}]}}