{"id":132193,"date":"2025-11-21T16:53:42","date_gmt":"2025-11-27T07:20:55","guid":{"rendered":"https:\/\/factory.sale\/?post_type=product&#038;p=132193"},"modified":"2026-03-18T09:35:08","modified_gmt":"2026-03-18T06:35:08","slug":"skamet-p-216-puukiuas-metallikuorella-8-18-m%c2%b3-saunoihin-lammitetaan-viereisesta-huoneesta","status":"publish","type":"product","link":"https:\/\/factory.sale\/fi\/tuote\/skamet-p-216-puukiuas-metallikuorella-8-18-m%c2%b3-saunoihin-lammitetaan-viereisesta-huoneesta\/","title":{"rendered":"Skamet P-216 puukiuas metallikuorella 8\u201318 m\u00b3 saunoihin, l\u00e4mmitet\u00e4\u00e4n viereisest\u00e4 huoneesta"},"content":{"rendered":"<p>Skamet P-216 on suunniteltu 8\u201318 m\u00b3 kokoisiin l\u00f6ylyhuoneisiin, ja se l\u00e4mmitet\u00e4\u00e4n k\u00e4sin viereisest\u00e4 tilasta. Tulipes\u00e4n ovi avautuu sein\u00e4n toiselle puolelle, esimerkiksi pukuhuoneeseen tai pesuhuoneeseen, mik\u00e4 pit\u00e4\u00e4 l\u00f6ylyhuoneen puhtaana ja t\u00e4ysin tuhkattomana sek\u00e4 tekee puiden lis\u00e4\u00e4misest\u00e4 vaivatonta.<\/p>\n<p>Kiuas on kompakti: korkeus 73 cm, leveys 43 cm ja syvyys 51 cm, joten se sopii hyvin saunoihin, joissa asennustila on rajallinen. Metallikuori on pinnoitettu mustalla kuumuudenkest\u00e4v\u00e4ll\u00e4 maalilla. Kiuas soveltuu noin 40 kg kivim\u00e4\u00e4r\u00e4\u00e4n ja mahdollistaa jopa 60 cm pitkien polttopuiden k\u00e4yt\u00f6n. Vakiona ovat yl\u00e4liit\u00e4nt\u00e4 savupiipulle, vasemmalle aukeava ovi ja vankka ter\u00e4srakenne.<\/p>\n<p>Lis\u00e4varusteina on saatavana lasiluukku (230 \u00d7 230 mm), peilikuvamallinen sis\u00e4rakenne, oikealle aukeava ovi, useita kuoren v\u00e4rivaihtoehtoja sek\u00e4 ruostumattomasta ter\u00e4ksest\u00e4 valmistettuja yksityiskohtia.<\/p>\n<p><strong>Tekniset tiedot:<\/strong><\/p>\n<ul>\n<li>L\u00e4mmitett\u00e4v\u00e4n huoneen tilavuus: 8\u201318 m\u00b3<\/li>\n<li>Korkeus: 73 cm<\/li>\n<li>Leveys: 43 cm<\/li>\n<li>Syvyys: 51 cm<\/li>\n<li>Tulisijatunneli: 17 cm<\/li>\n<li>Paino: 60 kg<\/li>\n<li>Kivim\u00e4\u00e4r\u00e4: n. 40 kg<\/li>\n<li>Polttopuun pituus: enint\u00e4\u00e4n 60 cm<\/li>\n<li>Savupiippuliit\u00e4nt\u00e4: 115 mm (yl\u00e4liit\u00e4nt\u00e4)<\/li>\n<li>Asennus: l\u00e4mmitet\u00e4\u00e4n viereisest\u00e4 huoneesta \/ sein\u00e4n l\u00e4pi<\/li>\n<li>Kuori: metallikuori, musta kuumuudenkest\u00e4v\u00e4 pinnoite<\/li>\n<\/ul>\n<p><strong>Vakiovarusteet:<\/strong><\/p>\n<ul>\n<li>Metalliluukku<\/li>\n<li>Savupiipun yl\u00e4liit\u00e4nt\u00e4<\/li>\n<li>Vasemmalle aukeava ovi<\/li>\n<li>Musta kuumuudenkest\u00e4v\u00e4 maalipinta<\/li>\n<li>Rakenne suunniteltu viereisest\u00e4 huoneesta l\u00e4mmitykseen<\/li>\n<\/ul>\n<p><strong>Lis\u00e4varusteet:<\/strong><\/p>\n<ul>\n<li>Lasiluukku (230 \u00d7 230 mm)<\/li>\n<li>Oikealle aukeava ovi<\/li>\n<li>Kuoren v\u00e4rivaihtoehdot: punamusta, harmaamusta, ruostumaton ter\u00e4s<\/li>\n<li>Kuoren yl\u00e4reuna ruostumatonta ter\u00e4st\u00e4<\/li>\n<li>Boilerin\/vedenl\u00e4mmittimen liit\u00e4nt\u00e4: oikea, vasen tai takaa<\/li>\n<li>Viimeistelykehys sein\u00e4aukkoon (suositellaan l\u00e4pisein\u00e4asennuksiin)<\/li>\n<\/ul>\n<p><strong>Saatavilla olevat mallit:<br \/>\n<\/strong><br \/>\nMalli\u00a0 \u00a0 \u00a0 \u00a0 \u00a0 \u00a0 \u00a0 \u00a0 \u00a0 \u00a0 \u00a0 \u00a0 \u00a0 \u00a0 \u00a0 \u00a0 \u00a0 \u00a0 \u00a0 \u00a0 \u00a0 \u00a0 \u00a0 \u00a0 \u00a0 \u00a0 \u00a0 \u00a0 \u00a0 \u00a0 \u00a0 \u00a0 \u00a0 \u00a0 \u00a0 \u00a0 \u00a0 \u00a0Kuvaus\u00a0 \u00a0 \u00a0 \u00a0 \u00a0 \u00a0 \u00a0 \u00a0 \u00a0 \u00a0 \u00a0 \u00a0 \u00a0 \u00a0 \u00a0 \u00a0 \u00a0 \u00a0 \u00a0 \u00a0 \u00a0 \u00a0 \u00a0 \u00a0 \u00a0 \u00a0 \u00a0 \u00a0 \u00a0 \u00a0 \u00a0 \u00a0 \u00a0 \u00a0 \u00a0 \u00a0 \u00a0 \u00a0 \u00a0 \u00a0 \u00a0 \u00a0 \u00a0 \u00a0 \u00a0 \u00a0 \u00a0 \u00a0 \u00a0 \u00a0 \u00a0 \u00a0 \u00a0 \u00a0 \u00a0 \u00a0 \u00a0 \u00a0 \u00a0 \u00a0EAN\u00a0 \u00a0 \u00a0 \u00a0 \u00a0 \u00a0 \u00a0 \u00a0 \u00a0Hinta<br \/>\nP-216\u00a0 \u00a0 \u00a0 \u00a0 \u00a0 \u00a0 \u00a0 Pitk\u00e4ll\u00e4 tulipes\u00e4ll\u00e4 varustettu puukiuas (8\u201318 m\u00b3), ilman boilerin liit\u00e4nt\u00e4\u00e4\u00a0 \u00a0 \u00a0 \u00a0 \u00a0 \u00a0 \u00a0 \u00a0 \u00a0 \u00a0 \u00a0 \u00a0 \u00a0 \u00a0 \u00a0 \u00a0 \u00a0 \u00a0 \u00a0 \u00a0 \u00a0 \u00a0 \u00a0 \u00a0 \u00a0 \u00a0 \u00a0 \u00a0 \u00a0 \u00a0 4742482000098\u00a0 \u00a0431.25 \u20ac<br \/>\nP-216 GL\u00a0 \u00a0 \u00a0 \u00a0 Pitk\u00e4ll\u00e4 tulipes\u00e4ll\u00e4 varustettu puukiuas (8\u201318 m\u00b3), lasiluukulla, ilman boilerin liit\u00e4nt\u00e4\u00e4\u00a0 \u00a0 \u00a0 \u00a0 \u00a0 \u00a0 \u00a0 \u00a0 \u00a0 \u00a0 \u00a0 \u00a0 \u00a0 \u00a0 \u00a0 \u00a0 \u00a0 \u00a0 \u00a0 \u00a04742482000135\u00a0 \u00a0 448.50 \u20ac<br \/>\nP-216 BP\u00a0 \u00a0 \u00a0 \u00a0 Pitk\u00e4ll\u00e4 tulipes\u00e4ll\u00e4 varustettu puukiuas (8\u201318 m\u00b3), boilerin liit\u00e4nt\u00e4 oikealla\u00a0 \u00a0 \u00a0 \u00a0 \u00a0 \u00a0 \u00a0 \u00a0 \u00a0 \u00a0 \u00a0 \u00a0 \u00a0 \u00a0 \u00a0 \u00a0 \u00a0 \u00a0 \u00a0 \u00a0 \u00a0 \u00a0 \u00a0 \u00a0 \u00a0 \u00a0 \u00a0 \u00a0 \u00a0 \u00a04742482000104\u00a0 \u00a0 477.25 \u20ac<br \/>\nP-216 BPGL\u00a0 \u00a0Pitk\u00e4ll\u00e4 tulipes\u00e4ll\u00e4 varustettu puukiuas (8\u201318 m\u00b3), boilerin liit\u00e4nt\u00e4 oikealla, lasiluukulla\u00a0 \u00a0 \u00a0 \u00a0 \u00a0 \u00a0 \u00a0 \u00a0 \u00a0 \u00a0 \u00a0 \u00a0 \u00a0 \u00a0 \u00a0 \u00a0 \u00a0 \u00a0 \u00a0 4742482000142\u00a0 \u00a0 494.50 \u20ac<br \/>\nP-216 BV\u00a0 \u00a0 \u00a0 \u00a0 Pitk\u00e4ll\u00e4 tulipes\u00e4ll\u00e4 varustettu puukiuas (8\u201318 m\u00b3), boilerin liit\u00e4nt\u00e4 vasemmalla\u00a0 \u00a0 \u00a0 \u00a0 \u00a0 \u00a0 \u00a0 \u00a0 \u00a0 \u00a0 \u00a0 \u00a0 \u00a0 \u00a0 \u00a0 \u00a0 \u00a0 \u00a0 \u00a0 \u00a0 \u00a0 \u00a0 \u00a0 \u00a0 \u00a0 \u00a04742482000111\u00a0 \u00a0 \u00a0477.25 \u20ac<br \/>\nP-216 BVGL\u00a0 \u00a0Pitk\u00e4ll\u00e4 tulipes\u00e4ll\u00e4 varustettu puukiuas (8\u201318 m\u00b3), boilerin liit\u00e4nt\u00e4 vasemmalla, lasiluukulla\u00a0 \u00a0 \u00a0 \u00a0 \u00a0 \u00a0 \u00a0 \u00a0 \u00a0 \u00a0 \u00a0 \u00a0 \u00a0 \u00a0 \u00a0 4742482000159\u00a0 \u00a0 494.50 \u20ac<br \/>\nP-216 BT\u00a0 \u00a0 \u00a0 \u00a0 Pitk\u00e4ll\u00e4 tulipes\u00e4ll\u00e4 varustettu puukiuas (8\u201318 m\u00b3), boilerin liit\u00e4nt\u00e4 takaa\u00a0 \u00a0 \u00a0 \u00a0 \u00a0 \u00a0 \u00a0 \u00a0 \u00a0 \u00a0 \u00a0 \u00a0 \u00a0 \u00a0 \u00a0 \u00a0 \u00a0 \u00a0 \u00a0 \u00a0 \u00a0 \u00a0 \u00a0 \u00a0 \u00a0 \u00a0 \u00a0 \u00a0 \u00a0 \u00a0 \u00a0 \u00a04742482000128\u00a0 \u00a0 477.25 \u20ac<br \/>\nP-216 BTGL\u00a0 \u00a0Pitk\u00e4ll\u00e4 tulipes\u00e4ll\u00e4 varustettu puukiuas (8\u201318 m\u00b3), boilerin liit\u00e4nt\u00e4 takaa, lasiluukulla\u00a0 \u00a0 \u00a0 \u00a0 \u00a0 \u00a0 \u00a0 \u00a0 \u00a0 \u00a0 \u00a0 \u00a0 \u00a0 \u00a0 \u00a0 \u00a0 \u00a0 \u00a0 \u00a0 \u00a0 \u00a0 4742482000166\u00a0 \u00a0 494.50 \u20ac<\/p>\n<p>&nbsp;<\/p>\n<p><img loading=\"lazy\" decoding=\"async\" class=\"alignnone wp-image-132156\" src=\"https:\/\/factory.sale\/wp-content\/uploads\/2025\/11\/Skamet-Virolainen-laatu-300x200.webp\" alt=\"\" width=\"1220\" height=\"813\" srcset=\"https:\/\/factory.sale\/wp-content\/uploads\/2025\/11\/Skamet-Virolainen-laatu-300x200.webp 300w, https:\/\/factory.sale\/wp-content\/uploads\/2025\/11\/Skamet-Virolainen-laatu-1024x683.webp 1024w, https:\/\/factory.sale\/wp-content\/uploads\/2025\/11\/Skamet-Virolainen-laatu-150x100.webp 150w, https:\/\/factory.sale\/wp-content\/uploads\/2025\/11\/Skamet-Virolainen-laatu-768x512.webp 768w, https:\/\/factory.sale\/wp-content\/uploads\/2025\/11\/Skamet-Virolainen-laatu-1536x1024.webp 1536w, https:\/\/factory.sale\/wp-content\/uploads\/2025\/11\/Skamet-Virolainen-laatu-600x400.webp 600w, https:\/\/factory.sale\/wp-content\/uploads\/2025\/11\/Skamet-Virolainen-laatu.webp 2016w\" sizes=\"auto, (max-width: 1220px) 100vw, 1220px\" \/><\/p>\n","protected":false},"excerpt":{"rendered":"<p>Skamet P-216 on kest\u00e4v\u00e4 ja tehokas puukiuas 8\u201318 m\u00b3 saunoihin. Metallikuori ja sein\u00e4n l\u00e4pi sijoitettava tulipes\u00e4 pit\u00e4v\u00e4t l\u00f6ylyhuoneen puhtaana ja tuovat helppoutta puiden lis\u00e4\u00e4miseen. Kompakti koko ja voimakas l\u00e4mmitysteho tekev\u00e4t siit\u00e4 erinomaisen valinnan sek\u00e4 koti- ett\u00e4 ammattik\u00e4ytt\u00f6\u00f6n.<\/p>\n","protected":false},"featured_media":131386,"comment_status":"open","ping_status":"closed","template":"","meta":{"_acf_changed":false},"factory":[],"free-shipment":[],"product_brand":[4640],"product_cat":[484,4639],"product_tag":[],"class_list":{"0":"post-132193","1":"product","2":"type-product","3":"status-publish","4":"has-post-thumbnail","6":"product_brand-skamet","7":"product_cat-saunan-kiukaat","8":"product_cat-skamet-fi","10":"first","11":"instock","12":"sale","13":"taxable","14":"shipping-taxable","15":"purchasable","16":"product-type-simple"},"acf":[],"_links":{"self":[{"href":"https:\/\/factory.sale\/fi\/wp-json\/wp\/v2\/product\/132193","targetHints":{"allow":["GET"]}}],"collection":[{"href":"https:\/\/factory.sale\/fi\/wp-json\/wp\/v2\/product"}],"about":[{"href":"https:\/\/factory.sale\/fi\/wp-json\/wp\/v2\/types\/product"}],"replies":[{"embeddable":true,"href":"https:\/\/factory.sale\/fi\/wp-json\/wp\/v2\/comments?post=132193"}],"wp:featuredmedia":[{"embeddable":true,"href":"https:\/\/factory.sale\/fi\/wp-json\/wp\/v2\/media\/131386"}],"wp:attachment":[{"href":"https:\/\/factory.sale\/fi\/wp-json\/wp\/v2\/media?parent=132193"}],"wp:term":[{"taxonomy":"factory","embeddable":true,"href":"https:\/\/factory.sale\/fi\/wp-json\/wp\/v2\/factory?post=132193"},{"taxonomy":"free-shipment","embeddable":true,"href":"https:\/\/factory.sale\/fi\/wp-json\/wp\/v2\/free-shipment?post=132193"},{"taxonomy":"product_brand","embeddable":true,"href":"https:\/\/factory.sale\/fi\/wp-json\/wp\/v2\/product_brand?post=132193"},{"taxonomy":"product_cat","embeddable":true,"href":"https:\/\/factory.sale\/fi\/wp-json\/wp\/v2\/product_cat?post=132193"},{"taxonomy":"product_tag","embeddable":true,"href":"https:\/\/factory.sale\/fi\/wp-json\/wp\/v2\/product_tag?post=132193"}],"curies":[{"name":"wp","href":"https:\/\/api.w.org\/{rel}","templated":true}]}}