{"id":132191,"date":"2025-11-21T16:53:43","date_gmt":"2025-11-27T07:20:54","guid":{"rendered":"https:\/\/factory.sale\/?post_type=product&#038;p=132191"},"modified":"2026-03-18T09:37:33","modified_gmt":"2026-03-18T06:37:33","slug":"skamet-p-21640-puulammitteinen-saunakiuas-8-18-m%c2%b3-saunoihin-pidennetylla-tulipesalla-ja-valinnaisella-40-l-vesisailiolla-lammitetaan-viereisesta-tilasta","status":"publish","type":"product","link":"https:\/\/factory.sale\/fi\/tuote\/skamet-p-21640-puulammitteinen-saunakiuas-8-18-m%c2%b3-saunoihin-pidennetylla-tulipesalla-ja-valinnaisella-40-l-vesisailiolla-lammitetaan-viereisesta-tilasta\/","title":{"rendered":"Skamet P-21640 puul\u00e4mmitteinen sauna\u00adkiuas 8\u201318 m\u00b3 saunoihin, pidennetyll\u00e4 tulipes\u00e4ll\u00e4 ja valinnaisella 40 L vesis\u00e4ili\u00f6ll\u00e4, l\u00e4mmitet\u00e4\u00e4n viereisest\u00e4 tilasta"},"content":{"rendered":"<p>Skamet P-21640 yhdist\u00e4\u00e4 luotettavan virolaisen valmistuslaadun toimivaan ja k\u00e4yt\u00e4nn\u00f6lliseen suunnitteluun. Kiuas on tarkoitettu keskikokoisiin saunoihin ja siin\u00e4 on pidennetty tulipes\u00e4, jonka ansiosta kiuas l\u00e4mmitet\u00e4\u00e4n viereisest\u00e4 huoneesta \u2013 esimerkiksi pukuhuoneesta tai pesutilasta. T\u00e4m\u00e4 ratkaisu pit\u00e4\u00e4 l\u00f6ylyhuoneen puhtaana ja tekee puiden lis\u00e4\u00e4misest\u00e4 vaivatonta.<\/p>\n<p>Malliin on mahdollista lis\u00e4t\u00e4 avoin 40 litran ruostumattomasta ter\u00e4ksest\u00e4 valmistettu vesis\u00e4ili\u00f6 hanalla. Se l\u00e4mpenee kiukaan k\u00e4yt\u00f6n aikana ja tarjoaa k\u00e4tev\u00e4n tavan saada l\u00e4mmint\u00e4 vett\u00e4 peseytymist\u00e4 varten. S\u00e4ili\u00f6 voidaan asentaa joko oikealle tai vasemmalle puolelle saunan rakenteen mukaan.<\/p>\n<p>Kiukaaseen mahtuu noin 40 kg kivi\u00e4 ja siihen sopivat jopa 60 cm pitk\u00e4t polttopuut. T\u00e4m\u00e4 takaa tasaisen l\u00e4mm\u00f6n, pehme\u00e4n l\u00f6ylyn ja miellytt\u00e4v\u00e4n saunakokemuksen. Kest\u00e4v\u00e4 metallikuori on viimeistelty mustalla kuumuutta kest\u00e4v\u00e4ll\u00e4 maalilla, ja ruostumattomasta ter\u00e4ksesta tehdyt yksityiskohdat tuovat modernin ilmeen. Saatavana olevat lasiluukulliset versiot luovat tunnelmaa ja mahdollistavat tulesta katselun viereisest\u00e4 huoneesta.<\/p>\n<p>Valmistettu Virossa EN 15821:2010 -standardin mukaisesti.<\/p>\n<p><strong>Tekniset tiedot:<\/strong><\/p>\n<ul>\n<li>Saunatilan koko: 8\u201318 m\u00b3<\/li>\n<li>Vesis\u00e4ili\u00f6: 40 L (valinnainen)<\/li>\n<li>Korkeus: 73 cm<\/li>\n<li>Leveys: 43 cm<\/li>\n<li>Syvyys: 51 cm<\/li>\n<li>Tulisijan syvyys (pidennetty tulipes\u00e4): 17 cm<\/li>\n<li>Kivim\u00e4\u00e4r\u00e4: n. 40 kg<\/li>\n<li>Polttopuiden pituus: enint\u00e4\u00e4n 60 cm<\/li>\n<li>Savupiipun halkaisija: 115 mm (yl\u00e4liit\u00e4nt\u00e4)<\/li>\n<li>Ovien saranointi: vasen (vakio)<\/li>\n<li>Paino: n. 60 kg<\/li>\n<li>Asennus: l\u00e4mmitet\u00e4\u00e4n viereisest\u00e4 tilasta \/ sein\u00e4n l\u00e4pi<\/li>\n<li>Kuori: metallikuori, musta kuumuutta kest\u00e4v\u00e4 pinnoite<\/li>\n<\/ul>\n<p><strong>Vakiovarusteet:<\/strong><\/p>\n<ul>\n<li>Pidennetty tulipes\u00e4 \u2013 l\u00e4mmitys viereisest\u00e4 huoneesta<\/li>\n<li>Yl\u00e4liit\u00e4nt\u00e4 savupiipulle<\/li>\n<li>Ovien saranointi vasemmalla<\/li>\n<li>Musta kuumuutta kest\u00e4v\u00e4 maalipinta<\/li>\n<li>Kest\u00e4v\u00e4 metallirakenne<\/li>\n<li>Valmistettu EN 15821:2010 -standardin mukaisesti<\/li>\n<\/ul>\n<p><strong>Lis\u00e4varusteet:<\/strong><\/p>\n<ul>\n<li>Lasiluukku<\/li>\n<li>40l avoin ruostumattomasta ter\u00e4ksest\u00e4 valmistettu vesis\u00e4ili\u00f6 hanalla ja kannella (vasen tai oikea puoli)<\/li>\n<li>Ovien saranointi oikealle<\/li>\n<li>Kuoren v\u00e4rivaihtoehdot: punamusta, harmaamusta, ruostumaton ter\u00e4s<\/li>\n<li>Sein\u00e4asennukseen tarkoitettu viimeistelykehys<\/li>\n<\/ul>\n<p><strong>Saatavilla olevat mallit:<br \/>\n<\/strong><br \/>\nMalli\u00a0 \u00a0 \u00a0 \u00a0 \u00a0 \u00a0 \u00a0 \u00a0 \u00a0 \u00a0 \u00a0 \u00a0 \u00a0 \u00a0 \u00a0 \u00a0 \u00a0 \u00a0 \u00a0 \u00a0 \u00a0 \u00a0 \u00a0 \u00a0 \u00a0 \u00a0 \u00a0 \u00a0 \u00a0 \u00a0 \u00a0 \u00a0 \u00a0 \u00a0 \u00a0 \u00a0 \u00a0 \u00a0 \u00a0 \u00a0 \u00a0 \u00a0 \u00a0 \u00a0 \u00a0 \u00a0 \u00a0Kuvaus\u00a0 \u00a0 \u00a0 \u00a0 \u00a0 \u00a0 \u00a0 \u00a0 \u00a0 \u00a0 \u00a0 \u00a0 \u00a0 \u00a0 \u00a0 \u00a0 \u00a0 \u00a0 \u00a0 \u00a0 \u00a0 \u00a0 \u00a0 \u00a0 \u00a0 \u00a0 \u00a0 \u00a0 \u00a0 \u00a0 \u00a0 \u00a0 \u00a0 \u00a0 \u00a0 \u00a0 \u00a0 \u00a0 \u00a0 \u00a0 \u00a0 \u00a0 \u00a0 \u00a0 \u00a0 \u00a0 \u00a0 \u00a0 \u00a0 \u00a0 \u00a0 \u00a0 \u00a0 \u00a0 \u00a0 \u00a0 \u00a0 \u00a0 \u00a0 \u00a0 \u00a0 \u00a0 \u00a0 \u00a0 \u00a0 \u00a0 \u00a0EAN\u00a0 \u00a0 \u00a0 \u00a0 \u00a0 \u00a0Hinta<br \/>\nP-21640 PI\u00a0 \u00a0 \u00a0 \u00a0 \u00a0 \u00a0Pidennetyll\u00e4 tulipes\u00e4ll\u00e4 varustettu kiuas (8\u201318 m\u00b3), vesis\u00e4ili\u00f6n kiinnitys oikealla (ilman s\u00e4ili\u00f6t\u00e4)\u00a0 \u00a0 \u00a0 \u00a0 \u00a0 \u00a0 \u00a0 \u00a0 \u00a0 \u00a0 \u00a0 \u00a0 \u00a0 \u00a0 \u00a0 \u00a0 \u00a0 \u00a0 \u00a0 \u00a0 \u00a0 \u00a0 \u00a0 \u00a04742482007929\u00a0 517.50 \u20ac<br \/>\nP-21640 PRV\u00a0 \u00a0 \u00a0 \u00a0Pidennetyll\u00e4 tulipes\u00e4ll\u00e4 varustettu kiuas (8\u201318 m\u00b3), 40L ruostumattoman ter\u00e4ksen vesis\u00e4ili\u00f6 hanalla \u2013 oikea puoli\u00a0 \u00a0 \u00a0 \u00a0 \u00a0 \u00a0 4742482007837\u00a0 701.50 \u20ac<br \/>\nP-21640 PRVGL Pidennetyll\u00e4 tulipes\u00e4ll\u00e4 varustettu kiuas (8\u201318 m\u00b3), 40L\u00a0 ruostumattoman ter\u00e4ksen vesis\u00e4ili\u00f6 \u2013 oikea puoli, lasiluukulla\u00a0 \u00a0 \u00a0 4742482002375\u00a0 718.75 \u20ac<br \/>\nP-21640 VI\u00a0 \u00a0 \u00a0 \u00a0 \u00a0 Pidennetyll\u00e4 tulipes\u00e4ll\u00e4 varustettu kiuas (8\u201318 m\u00b3), vesis\u00e4ili\u00f6n kiinnitys vasemmalla (ilman s\u00e4ili\u00f6t\u00e4)\u00a0 \u00a0 \u00a0 \u00a0 \u00a0 \u00a0 \u00a0 \u00a0 \u00a0 \u00a0 \u00a0 \u00a0 \u00a0 \u00a0 \u00a0 \u00a0 \u00a0 \u00a0 \u00a0 \u00a04742482007936\u00a0 517.50 \u20ac<br \/>\nP-21640 VRV\u00a0 \u00a0 \u00a0 Pidennetyll\u00e4 tulipes\u00e4ll\u00e4 varustettu kiuas (8\u201318 m\u00b3), 40L\u00a0 ruostumattoman ter\u00e4ksen vesis\u00e4ili\u00f6 hanalla \u2013 vasen puoli\u00a0 \u00a0 \u00a0 \u00a0 \u00a0 \u00a04742482007844\u00a0 701.50 \u20ac<br \/>\nP-21640 VRVGL Pidennetyll\u00e4 tulipes\u00e4ll\u00e4 varustettu kiuas (8\u201318 m\u00b3), 40L ruostumattoman ter\u00e4ksen vesis\u00e4ili\u00f6 \u2013 vasen puoli, lasiluukulla\u00a0 \u00a0 \u00a0 4742482002405\u00a0 718.75 \u20ac<\/p>\n<p>&nbsp;<\/p>\n<p><img loading=\"lazy\" decoding=\"async\" class=\"alignnone wp-image-132156\" src=\"https:\/\/factory.sale\/wp-content\/uploads\/2025\/11\/Skamet-Virolainen-laatu-300x200.webp\" alt=\"\" width=\"1220\" height=\"813\" srcset=\"https:\/\/factory.sale\/wp-content\/uploads\/2025\/11\/Skamet-Virolainen-laatu-300x200.webp 300w, https:\/\/factory.sale\/wp-content\/uploads\/2025\/11\/Skamet-Virolainen-laatu-1024x683.webp 1024w, https:\/\/factory.sale\/wp-content\/uploads\/2025\/11\/Skamet-Virolainen-laatu-150x100.webp 150w, https:\/\/factory.sale\/wp-content\/uploads\/2025\/11\/Skamet-Virolainen-laatu-768x512.webp 768w, https:\/\/factory.sale\/wp-content\/uploads\/2025\/11\/Skamet-Virolainen-laatu-1536x1024.webp 1536w, https:\/\/factory.sale\/wp-content\/uploads\/2025\/11\/Skamet-Virolainen-laatu-600x400.webp 600w, https:\/\/factory.sale\/wp-content\/uploads\/2025\/11\/Skamet-Virolainen-laatu.webp 2016w\" sizes=\"auto, (max-width: 1220px) 100vw, 1220px\" \/><\/p>\n","protected":false},"excerpt":{"rendered":"<p>Skamet P-21640 on korkealaatuinen puul\u00e4mmitteinen kiuas 8\u201318 m\u00b3 saunoihin. Pidennetty tulipes\u00e4 mahdollistaa kiukaan l\u00e4mmitt\u00e4misen viereisest\u00e4 huoneesta, mik\u00e4 pit\u00e4\u00e4 l\u00f6ylyhuoneen siistin\u00e4 ja miellytt\u00e4v\u00e4n\u00e4. Saatavana my\u00f6s malleja vesis\u00e4ili\u00f6ll\u00e4 ja lasiluukulla, jotka lis\u00e4\u00e4v\u00e4t k\u00e4ytt\u00f6mukavuutta ja tunnelmaa.<\/p>\n","protected":false},"featured_media":131595,"comment_status":"open","ping_status":"closed","template":"","meta":{"_acf_changed":false},"factory":[],"free-shipment":[],"product_brand":[4640],"product_cat":[484,4639],"product_tag":[],"class_list":{"0":"post-132191","1":"product","2":"type-product","3":"status-publish","4":"has-post-thumbnail","6":"product_brand-skamet","7":"product_cat-saunan-kiukaat","8":"product_cat-skamet-fi","10":"first","11":"instock","12":"sale","13":"taxable","14":"shipping-taxable","15":"purchasable","16":"product-type-simple"},"acf":[],"_links":{"self":[{"href":"https:\/\/factory.sale\/fi\/wp-json\/wp\/v2\/product\/132191","targetHints":{"allow":["GET"]}}],"collection":[{"href":"https:\/\/factory.sale\/fi\/wp-json\/wp\/v2\/product"}],"about":[{"href":"https:\/\/factory.sale\/fi\/wp-json\/wp\/v2\/types\/product"}],"replies":[{"embeddable":true,"href":"https:\/\/factory.sale\/fi\/wp-json\/wp\/v2\/comments?post=132191"}],"wp:featuredmedia":[{"embeddable":true,"href":"https:\/\/factory.sale\/fi\/wp-json\/wp\/v2\/media\/131595"}],"wp:attachment":[{"href":"https:\/\/factory.sale\/fi\/wp-json\/wp\/v2\/media?parent=132191"}],"wp:term":[{"taxonomy":"factory","embeddable":true,"href":"https:\/\/factory.sale\/fi\/wp-json\/wp\/v2\/factory?post=132191"},{"taxonomy":"free-shipment","embeddable":true,"href":"https:\/\/factory.sale\/fi\/wp-json\/wp\/v2\/free-shipment?post=132191"},{"taxonomy":"product_brand","embeddable":true,"href":"https:\/\/factory.sale\/fi\/wp-json\/wp\/v2\/product_brand?post=132191"},{"taxonomy":"product_cat","embeddable":true,"href":"https:\/\/factory.sale\/fi\/wp-json\/wp\/v2\/product_cat?post=132191"},{"taxonomy":"product_tag","embeddable":true,"href":"https:\/\/factory.sale\/fi\/wp-json\/wp\/v2\/product_tag?post=132191"}],"curies":[{"name":"wp","href":"https:\/\/api.w.org\/{rel}","templated":true}]}}