{"id":132189,"date":"2025-11-21T16:53:44","date_gmt":"2025-11-27T07:20:54","guid":{"rendered":"https:\/\/factory.sale\/?post_type=product&#038;p=132189"},"modified":"2026-02-05T15:55:56","modified_gmt":"2026-02-05T12:55:56","slug":"skamet-s-216-gl-puulammitteinen-kiuas-kulmikas-verkkokuori-8-18-m%c2%b3-saunoihin-lammitetaan-viereisesta-tilasta","status":"publish","type":"product","link":"https:\/\/factory.sale\/fi\/tuote\/skamet-s-216-gl-puulammitteinen-kiuas-kulmikas-verkkokuori-8-18-m%c2%b3-saunoihin-lammitetaan-viereisesta-tilasta\/","title":{"rendered":"Skamet S-216 GL puul\u00e4mmitteinen kiuas, kulmikas verkkokuori, 8\u201318 m\u00b3 saunoihin, l\u00e4mmitet\u00e4\u00e4n viereisest\u00e4 tilasta"},"content":{"rendered":"<p>Skamet S-216 GL kuuluu Skametin viereisest\u00e4 tilasta l\u00e4mmitett\u00e4vien puukiukaiden mallistoon. Tulipes\u00e4 asennetaan sein\u00e4n l\u00e4pi, jolloin luukku avautuu pukuhuoneeseen, pesuhuoneeseen tai muuhun viereiseen tilaan. T\u00e4m\u00e4 ratkaisu pit\u00e4\u00e4 l\u00f6ylyhuoneen puhtaana ja t\u00e4ysin tuhkattomana sek\u00e4 tekee puiden lis\u00e4\u00e4misest\u00e4 helppoa ja miellytt\u00e4v\u00e4\u00e4.<\/p>\n<p>Kiuasta ymp\u00e4r\u00f6iv\u00e4 kulmikas verkkokuori j\u00e4tt\u00e4\u00e4 suuret kivim\u00e4\u00e4r\u00e4t n\u00e4kyviin, mik\u00e4 varmistaa tasaisen l\u00e4mm\u00f6n ja pehme\u00e4n, pitk\u00e4\u00e4n kest\u00e4v\u00e4n l\u00f6ylyn. Tehtaan vakio-tunnelipituus on 200 mm, mutta se voidaan valmistaa asiakkaan tarpeiden mukaan lyhyemp\u00e4n\u00e4 tai pidemp\u00e4n\u00e4.<\/p>\n<p>Korkeus 78 cm, leveys 49 cm ja noin 190 kg kivikapasiteetti tekev\u00e4t S-216 GL -mallista tehokkaan ratkaisun sek\u00e4 kotisaunoihin ett\u00e4 kevyemp\u00e4\u00e4n ammattik\u00e4ytt\u00f6\u00f6n. Virossa valmistettu kiuas t\u00e4ytt\u00e4\u00e4 EN 15821:2010 -standardin turvallisuus- ja laatuvaatimukset.<\/p>\n<p><strong>Tekniset tiedot:<\/strong><\/p>\n<ul>\n<li>Saunahuoneen koko: 8\u201318 m\u00b3<\/li>\n<li>Korkeus: 78 cm<\/li>\n<li>Leveys: 49 cm<\/li>\n<li>Syvyys: 61 cm<\/li>\n<li>Tunnelin pituus: 200 mm (saatavana my\u00f6s muita pituuksia)<\/li>\n<li>Paino: 65 kg<\/li>\n<li>Kivim\u00e4\u00e4r\u00e4: n. 190 kg<\/li>\n<li>Polttopuun pituus: enint\u00e4\u00e4n 70 cm<\/li>\n<li>Asennus: sein\u00e4n l\u00e4pi \/ l\u00e4mmitet\u00e4\u00e4n viereisest\u00e4 tilasta<\/li>\n<li>Kiuaskuori: kulmikas verkkorakenne<\/li>\n<li>Savupiipun liit\u00e4nt\u00e4: yl\u00e4liit\u00e4nt\u00e4, \u00d8 115 mm<\/li>\n<\/ul>\n<p><strong>Vakiovarusteet:<\/strong><\/p>\n<ul>\n<li>Kulmikas verkkokuori suurelle kivim\u00e4\u00e4r\u00e4lle<\/li>\n<li>Tulipes\u00e4 viereiseen tilaan<\/li>\n<li>Tehdasvalmisteinen 200 mm tunnelipituus<\/li>\n<li>Yl\u00e4liit\u00e4nt\u00e4 savupiipulle<\/li>\n<li>Musta kuumankest\u00e4v\u00e4 pinnoite<\/li>\n<li>Oikealle avautuva ovi<\/li>\n<li>Valmistettu Virossa, EN 15821:2010 mukainen<\/li>\n<\/ul>\n<p><strong>Lis\u00e4varusteet:<\/strong><\/p>\n<ul>\n<li>Koristereunus sein\u00e4aukkoon<\/li>\n<li>Lasiluukku<\/li>\n<li>Vasemmalle avautuva ovi<\/li>\n<li>Boilerin\/vedenl\u00e4mmittimen liit\u00e4nt\u00e4 (oikealta, vasemmalta tai takaa)<\/li>\n<\/ul>\n<p><strong>Saatavilla olevat mallit:<br \/>\n<\/strong><br \/>\nMalli\u00a0 \u00a0 \u00a0 \u00a0 \u00a0 \u00a0 \u00a0 \u00a0 \u00a0 \u00a0 \u00a0 \u00a0 \u00a0 \u00a0 \u00a0 \u00a0 \u00a0 \u00a0 \u00a0 \u00a0 \u00a0 \u00a0 \u00a0 \u00a0 \u00a0 \u00a0 \u00a0 \u00a0 \u00a0 \u00a0 \u00a0 \u00a0 \u00a0 \u00a0 \u00a0 \u00a0 \u00a0 \u00a0 \u00a0 \u00a0 \u00a0 \u00a0 \u00a0 \u00a0Kuvaus\u00a0 \u00a0 \u00a0 \u00a0 \u00a0 \u00a0 \u00a0 \u00a0 \u00a0 \u00a0 \u00a0 \u00a0 \u00a0 \u00a0 \u00a0 \u00a0 \u00a0 \u00a0 \u00a0 \u00a0 \u00a0 \u00a0 \u00a0 \u00a0 \u00a0 \u00a0 \u00a0 \u00a0 \u00a0 \u00a0 \u00a0 \u00a0 \u00a0 \u00a0 \u00a0 \u00a0 \u00a0 \u00a0 \u00a0 \u00a0 \u00a0 \u00a0 \u00a0 \u00a0 \u00a0 \u00a0 \u00a0 \u00a0 \u00a0 \u00a0 EAN\u00a0 \u00a0 \u00a0 \u00a0 \u00a0 \u00a0 \u00a0 \u00a0 \u00a0 \u00a0 \u00a0Hinta<br \/>\nS-216\u00a0 \u00a0 \u00a0 \u00a0 \u00a0 \u00a0 \u00a0 \u00a0Pidennetyn tulipes\u00e4n kiuas (8\u201318 m\u00b3), ilman boileriliit\u00e4nt\u00e4\u00e4 (kulmikas verkkokuori)\u00a0 \u00a0 \u00a0 \u00a0 \u00a0 \u00a0 \u00a0 \u00a0 \u00a0 \u00a0 \u00a0 \u00a0 \u00a0 \u00a0 \u00a0 \u00a0 \u00a0 \u00a0 4742482001088\u00a0 \u00a0 \u00a0488.75 \u20ac<br \/>\nS-216 GL\u00a0 \u00a0 \u00a0 \u00a0 Pidennetyn tulipes\u00e4n kiuas (8\u201318 m\u00b3), lasiluukulla, ilman boileriliit\u00e4nt\u00e4\u00e4 (kulmikas verkkokuori)\u00a0 \u00a0 \u00a0 \u00a0 \u00a0 \u00a0 \u00a0 \u00a0 4742482001125\u00a0 \u00a0 \u00a0506.00 \u20ac<br \/>\nS-216 BP\u00a0 \u00a0 \u00a0 \u00a0 \u00a0Pidennetyn tulipes\u00e4n kiuas (8\u201318 m\u00b3), boileriliit\u00e4nt\u00e4 oikealla (kulmikas verkkokuori)\u00a0 \u00a0 \u00a0 \u00a0 \u00a0 \u00a0 \u00a0 \u00a0 \u00a0 \u00a0 \u00a0 \u00a0 \u00a0 \u00a0 \u00a0 \u00a0 \u00a0 \u00a04742482001095\u00a0 \u00a0 \u00a0529.00 \u20ac<br \/>\nS-216 BPGL\u00a0 \u00a0 Pidennetyn tulipes\u00e4n kiuas (8\u201318 m\u00b3), boileriliit\u00e4nt\u00e4 oikealla, lasiluukulla (kulmikas verkkokuori)\u00a0 \u00a0 \u00a0 \u00a0 \u00a0 \u00a0 \u00a0 \u00a04742482001132\u00a0 \u00a0 \u00a0546.25 \u20ac<br \/>\nS-216 BV\u00a0 \u00a0 \u00a0 \u00a0 \u00a0Pidennetyn tulipes\u00e4n kiuas (8\u201318 m\u00b3), boileriliit\u00e4nt\u00e4 vasemmalla (kulmikas verkkokuori)\u00a0 \u00a0 \u00a0 \u00a0 \u00a0 \u00a0 \u00a0 \u00a0 \u00a0 \u00a0 \u00a0 \u00a0 \u00a0 \u00a0 4742482001101\u00a0 \u00a0 \u00a0529.00 \u20ac<br \/>\nS-216 BVGL\u00a0 \u00a0 Pidennetyn tulipes\u00e4n kiuas (8\u201318 m\u00b3), boileriliit\u00e4nt\u00e4 vasemmalla, lasiluukulla (kulmikas verkkokuori)\u00a0 \u00a0 \u00a0 \u00a04742482001149\u00a0 \u00a0 \u00a0546.25 \u20ac<br \/>\nS-216 BT\u00a0 \u00a0 \u00a0 \u00a0 \u00a0Pidennetyn tulipes\u00e4n kiuas (8\u201318 m\u00b3), boileriliit\u00e4nt\u00e4 takaa (kulmikas verkkokuori)\u00a0 \u00a0 \u00a0 \u00a0 \u00a0 \u00a0 \u00a0 \u00a0 \u00a0 \u00a0 \u00a0 \u00a0 \u00a0 \u00a0 \u00a0 \u00a0 \u00a0 \u00a0 \u00a0 \u00a0 4742482001118\u00a0 \u00a0 \u00a0529.00 \u20ac<br \/>\nS-216 BTGL\u00a0 \u00a0 Pidennetyn tulipes\u00e4n kiuas (8\u201318 m\u00b3), boileriliit\u00e4nt\u00e4 takaa, lasiluukulla (kulmikas verkkokuori)\u00a0 \u00a0 \u00a0 \u00a0 \u00a0 \u00a0 \u00a0 \u00a0 \u00a0 \u00a04742482001156\u00a0 \u00a0 \u00a0546.25 \u20ac<\/p>\n<p>&nbsp;<\/p>\n<p><img loading=\"lazy\" decoding=\"async\" class=\"alignnone wp-image-132156\" src=\"https:\/\/factory.sale\/wp-content\/uploads\/2025\/11\/Skamet-Virolainen-laatu-300x200.webp\" alt=\"\" width=\"1220\" height=\"813\" srcset=\"https:\/\/factory.sale\/wp-content\/uploads\/2025\/11\/Skamet-Virolainen-laatu-300x200.webp 300w, https:\/\/factory.sale\/wp-content\/uploads\/2025\/11\/Skamet-Virolainen-laatu-1024x683.webp 1024w, https:\/\/factory.sale\/wp-content\/uploads\/2025\/11\/Skamet-Virolainen-laatu-150x100.webp 150w, https:\/\/factory.sale\/wp-content\/uploads\/2025\/11\/Skamet-Virolainen-laatu-768x512.webp 768w, https:\/\/factory.sale\/wp-content\/uploads\/2025\/11\/Skamet-Virolainen-laatu-1536x1024.webp 1536w, https:\/\/factory.sale\/wp-content\/uploads\/2025\/11\/Skamet-Virolainen-laatu-600x400.webp 600w, https:\/\/factory.sale\/wp-content\/uploads\/2025\/11\/Skamet-Virolainen-laatu.webp 2016w\" sizes=\"auto, (max-width: 1220px) 100vw, 1220px\" \/><\/p>\n","protected":false},"excerpt":{"rendered":"<p>Skamet S-216 GL on tehokas ja kest\u00e4v\u00e4 puukiuas 8\u201318 m\u00b3 saunoihin. Kulmikkaaseen verkkokuoreen mahtuva suuri kivim\u00e4\u00e4r\u00e4 takaa pehme\u00e4t ja pitk\u00e4\u00e4n kest\u00e4v\u00e4t l\u00f6ylyt, ja sein\u00e4n l\u00e4pi asennettava tulipes\u00e4 pit\u00e4\u00e4 l\u00f6ylyhuoneen siistin\u00e4. Erinomainen valinta sek\u00e4 koti- ett\u00e4 ammattik\u00e4ytt\u00f6\u00f6n.<\/p>\n","protected":false},"featured_media":131635,"comment_status":"open","ping_status":"closed","template":"","meta":{"_acf_changed":false},"factory":[],"free-shipment":[],"product_brand":[4640],"product_cat":[484,4639],"product_tag":[],"class_list":{"0":"post-132189","1":"product","2":"type-product","3":"status-publish","4":"has-post-thumbnail","6":"product_brand-skamet","7":"product_cat-saunan-kiukaat","8":"product_cat-skamet-fi","10":"first","11":"instock","12":"sale","13":"taxable","14":"shipping-taxable","15":"purchasable","16":"product-type-simple"},"acf":[],"_links":{"self":[{"href":"https:\/\/factory.sale\/fi\/wp-json\/wp\/v2\/product\/132189","targetHints":{"allow":["GET"]}}],"collection":[{"href":"https:\/\/factory.sale\/fi\/wp-json\/wp\/v2\/product"}],"about":[{"href":"https:\/\/factory.sale\/fi\/wp-json\/wp\/v2\/types\/product"}],"replies":[{"embeddable":true,"href":"https:\/\/factory.sale\/fi\/wp-json\/wp\/v2\/comments?post=132189"}],"wp:featuredmedia":[{"embeddable":true,"href":"https:\/\/factory.sale\/fi\/wp-json\/wp\/v2\/media\/131635"}],"wp:attachment":[{"href":"https:\/\/factory.sale\/fi\/wp-json\/wp\/v2\/media?parent=132189"}],"wp:term":[{"taxonomy":"factory","embeddable":true,"href":"https:\/\/factory.sale\/fi\/wp-json\/wp\/v2\/factory?post=132189"},{"taxonomy":"free-shipment","embeddable":true,"href":"https:\/\/factory.sale\/fi\/wp-json\/wp\/v2\/free-shipment?post=132189"},{"taxonomy":"product_brand","embeddable":true,"href":"https:\/\/factory.sale\/fi\/wp-json\/wp\/v2\/product_brand?post=132189"},{"taxonomy":"product_cat","embeddable":true,"href":"https:\/\/factory.sale\/fi\/wp-json\/wp\/v2\/product_cat?post=132189"},{"taxonomy":"product_tag","embeddable":true,"href":"https:\/\/factory.sale\/fi\/wp-json\/wp\/v2\/product_tag?post=132189"}],"curies":[{"name":"wp","href":"https:\/\/api.w.org\/{rel}","templated":true}]}}