{"id":132187,"date":"2025-11-21T16:53:44","date_gmt":"2025-11-27T07:20:52","guid":{"rendered":"https:\/\/factory.sale\/?post_type=product&#038;p=132187"},"modified":"2026-02-05T15:46:17","modified_gmt":"2026-02-05T12:46:17","slug":"skamet-sy-216-puulammitteinen-kiuas-pyorealla-verkkokuorella-8-18-m%c2%b3-saunoihin-lammitetaan-viereisesta-tilasta","status":"publish","type":"product","link":"https:\/\/factory.sale\/fi\/tuote\/skamet-sy-216-puulammitteinen-kiuas-pyorealla-verkkokuorella-8-18-m%c2%b3-saunoihin-lammitetaan-viereisesta-tilasta\/","title":{"rendered":"Skamet SY-216 puul\u00e4mmitteinen kiuas, py\u00f6re\u00e4ll\u00e4 verkkokuorella, 8\u201318 m\u00b3 saunoihin, l\u00e4mmitet\u00e4\u00e4n viereisest\u00e4 tilasta"},"content":{"rendered":"<p>Skamet SY-216 on suunniteltu 8\u201318 m\u00b3 saunahuoneisiin ja se on varustettu sein\u00e4n l\u00e4pi asennettavalla tulipes\u00e4ll\u00e4. Kiuas l\u00e4mmitet\u00e4\u00e4n viereisest\u00e4 tilasta \u2014 esimerkiksi pukuhuoneesta. T\u00e4m\u00e4 ratkaisu pit\u00e4\u00e4 l\u00f6ylyhuoneen siistin\u00e4 ja s\u00e4ilytt\u00e4\u00e4 aidon puukiukaan tunnelman.<\/p>\n<p>Kiuasta ymp\u00e4r\u00f6iv\u00e4 py\u00f6re\u00e4 verkkokuori soveltuu noin 140 kg kiuasm\u00e4\u00e4r\u00e4lle. Suuri kivim\u00e4\u00e4r\u00e4 takaa pehme\u00e4n ja pitk\u00e4\u00e4n kest\u00e4v\u00e4n l\u00f6ylyn sek\u00e4 tasaisen l\u00e4mm\u00f6njaon. SY-216 sopii sek\u00e4 kotisaunoihin ett\u00e4 kovempaan k\u00e4ytt\u00f6\u00f6n esimerkiksi vuokra- ja majoituspalveluissa.<\/p>\n<p>Kiuas on valmistettu Virossa kest\u00e4vist\u00e4 materiaaleista ja viimeistelty mustalla kuumankest\u00e4v\u00e4ll\u00e4 maalilla. Malli on hyv\u00e4ksytty EN 15821:2010 &#8211; standardin mukaisesti.<\/p>\n<p><strong>Tekniset tiedot:<\/strong><\/p>\n<ul>\n<li>Saunahuoneen koko: 8\u201318 m\u00b3<\/li>\n<li>Korkeus: 78 cm<\/li>\n<li>Halkaisija: 56 cm<\/li>\n<li>Tunnelin syvyys: 20 cm<\/li>\n<li>Paino: 60 kg<\/li>\n<li>Kivim\u00e4\u00e4r\u00e4: n. 140 kg<\/li>\n<li>Polttopuun pituus: enint\u00e4\u00e4n 70 cm<\/li>\n<li>Asennus: tulipes\u00e4 viereiseen tilaan \/ sein\u00e4n l\u00e4pi<\/li>\n<li>Kiuaskuori: py\u00f6re\u00e4 verkkorakenne<\/li>\n<li>Savupiipun liit\u00e4nt\u00e4: yl\u00e4liit\u00e4nt\u00e4, \u00f8 115 mm<\/li>\n<\/ul>\n<p><strong>Vakiovarusteet:<\/strong><\/p>\n<ul>\n<li>Ter\u00e4sovi<\/li>\n<li>Ruostumattomasta ter\u00e4ksest\u00e4 valmistettu kahva<\/li>\n<li>Py\u00f6re\u00e4 verkkokuori suurelle kivim\u00e4\u00e4r\u00e4lle<\/li>\n<li>Tulipes\u00e4 viereiseen tilaan<\/li>\n<li>Yl\u00e4liit\u00e4nt\u00e4 savupiipulle<\/li>\n<li>Musta kuumankest\u00e4v\u00e4 pinnoite<\/li>\n<li>Vasemmalle avautuva ovi<\/li>\n<li>Valmistettu Virossa, EN 15821:2010 mukainen<\/li>\n<\/ul>\n<p><strong>Lis\u00e4varusteet:<\/strong><\/p>\n<ul>\n<li>Lasiluukku<\/li>\n<li>Oikealle avautuva ovi<\/li>\n<li>Puiset kahvat<\/li>\n<li>Boilerin liit\u00e4nt\u00e4 (oikealta, vasemmalta tai takaa)<\/li>\n<li>Koristereunus sein\u00e4aukkoon (suositellaan l\u00e4piasennuksessa)<\/li>\n<\/ul>\n<p><strong>Saatavilla olevat mallit:<br \/>\n<\/strong><br \/>\nMalli\u00a0 \u00a0 \u00a0 \u00a0 \u00a0 \u00a0 \u00a0 \u00a0 \u00a0 \u00a0 \u00a0 \u00a0 \u00a0 \u00a0 \u00a0 \u00a0 \u00a0 \u00a0 \u00a0 \u00a0 \u00a0 \u00a0 \u00a0 \u00a0 \u00a0 \u00a0 \u00a0 \u00a0 \u00a0 \u00a0 \u00a0 \u00a0 \u00a0 \u00a0 \u00a0 \u00a0 \u00a0 \u00a0 \u00a0 \u00a0 Kuvaus\u00a0 \u00a0 \u00a0 \u00a0 \u00a0 \u00a0 \u00a0 \u00a0 \u00a0 \u00a0 \u00a0 \u00a0 \u00a0 \u00a0 \u00a0 \u00a0 \u00a0 \u00a0 \u00a0 \u00a0 \u00a0 \u00a0 \u00a0 \u00a0 \u00a0 \u00a0 \u00a0 \u00a0 \u00a0 \u00a0 \u00a0 \u00a0 \u00a0 \u00a0 \u00a0 \u00a0 \u00a0 \u00a0 \u00a0 \u00a0 \u00a0 \u00a0 \u00a0 \u00a0 \u00a0 \u00a0 \u00a0 \u00a0 \u00a0 \u00a0 \u00a0 \u00a0 \u00a0 \u00a0 \u00a0 \u00a0 \u00a0 \u00a0 \u00a0 \u00a0 \u00a0EAN\u00a0 \u00a0 \u00a0 \u00a0 \u00a0 \u00a0 \u00a0 \u00a0 \u00a0Hinta<br \/>\nSY-216\u00a0 \u00a0 \u00a0 \u00a0 \u00a0 \u00a0 \u00a0 Pidennetyn tulipes\u00e4n kiuas (8\u201318 m\u00b3), ilman boileriliit\u00e4nt\u00e4\u00e4 (py\u00f6re\u00e4 verkkokuori)\u00a0 \u00a0 \u00a0 \u00a0 \u00a0 \u00a0 \u00a0 \u00a0 \u00a0 \u00a0 \u00a0 \u00a0 \u00a0 \u00a0 \u00a0 \u00a0 \u00a0 \u00a0 \u00a0 \u00a0 \u00a0 \u00a0 \u00a0 \u00a0 \u00a04742482001248\u00a0 \u00a0 488.75 \u20ac<br \/>\nSY-216 GL\u00a0 \u00a0 \u00a0 \u00a0 Pidennetyn tulipes\u00e4n kiuas (8\u201318 m\u00b3), lasiluukulla, ilman boileriliit\u00e4nt\u00e4\u00e4 (py\u00f6re\u00e4 verkkokuori)\u00a0 \u00a0 \u00a0 \u00a0 \u00a0 \u00a0 \u00a0 \u00a0 \u00a0 \u00a0 \u00a0 \u00a0 \u00a0 \u00a0 4742482001286\u00a0 \u00a0 506.00 \u20ac<br \/>\nSY-216 BP\u00a0 \u00a0 \u00a0 \u00a0 Pidennetyn tulipes\u00e4n kiuas (8\u201318 m\u00b3), boileriliit\u00e4nt\u00e4 oikealla (py\u00f6re\u00e4 verkkokuori)\u00a0 \u00a0 \u00a0 \u00a0 \u00a0 \u00a0 \u00a0 \u00a0 \u00a0 \u00a0 \u00a0 \u00a0 \u00a0 \u00a0 \u00a0 \u00a0 \u00a0 \u00a0 \u00a0 \u00a0 \u00a0 \u00a0 \u00a0 \u00a0 4742482001255\u00a0 \u00a0 529.00 \u20ac<br \/>\nSY-216 BPGL\u00a0 \u00a0Pidennetyn tulipes\u00e4n kiuas (8\u201318 m\u00b3), boileriliit\u00e4nt\u00e4 oikealla, lasiluukulla (py\u00f6re\u00e4 verkkokuori)\u00a0 \u00a0 \u00a0 \u00a0 \u00a0 \u00a0 \u00a0 \u00a0 \u00a0 \u00a0 \u00a0 \u00a0 \u00a0 \u00a04742482001293\u00a0 \u00a0 546.25 \u20ac<br \/>\nSY-216 BV\u00a0 \u00a0 \u00a0 \u00a0 Pidennetyn tulipes\u00e4n kiuas (8\u201318 m\u00b3), boileriliit\u00e4nt\u00e4 vasemmalla (py\u00f6re\u00e4 verkkokuori)\u00a0 \u00a0 \u00a0 \u00a0 \u00a0 \u00a0 \u00a0 \u00a0 \u00a0 \u00a0 \u00a0 \u00a0 \u00a0 \u00a0 \u00a0 \u00a0 \u00a0 \u00a0 \u00a0 \u00a0 4742482001262\u00a0 \u00a0 529.00 \u20ac<br \/>\nSY-216 BVGL\u00a0 \u00a0Pidennetyn tulipes\u00e4n kiuas (8\u201318 m\u00b3), boileriliit\u00e4nt\u00e4 vasemmalla, lasiluukulla (py\u00f6re\u00e4 verkkokuori)\u00a0 \u00a0 \u00a0 \u00a0 \u00a0 \u00a0 \u00a0 \u00a0 \u00a0 \u00a04742482001309\u00a0 \u00a0 546.25 \u20ac<br \/>\nSY-216 BT\u00a0 \u00a0 \u00a0 \u00a0 Pidennetyn tulipes\u00e4n kiuas (8\u201318 m\u00b3), boileriliit\u00e4nt\u00e4 takaa (py\u00f6re\u00e4 verkkokuori)\u00a0 \u00a0 \u00a0 \u00a0 \u00a0 \u00a0 \u00a0 \u00a0 \u00a0 \u00a0 \u00a0 \u00a0 \u00a0 \u00a0 \u00a0 \u00a0 \u00a0 \u00a0 \u00a0 \u00a0 \u00a0 \u00a0 \u00a0 \u00a0 \u00a0 \u00a0 4742482001279\u00a0 \u00a0 529.00 \u20ac<br \/>\nSY-216 BTGL\u00a0 \u00a0Pidennetyn tulipes\u00e4n kiuas (8\u201318 m\u00b3), boileriliit\u00e4nt\u00e4 takaa, lasiluukulla (py\u00f6re\u00e4 verkkokuori)\u00a0 \u00a0 \u00a0 \u00a0 \u00a0 \u00a0 \u00a0 \u00a0 \u00a0 \u00a0 \u00a0 \u00a0 \u00a0 \u00a0 \u00a0 \u00a04742482001316\u00a0 \u00a0 \u00a0546.25 \u20ac<\/p>\n<p>&nbsp;<\/p>\n<p><img loading=\"lazy\" decoding=\"async\" class=\"alignnone wp-image-132156\" src=\"https:\/\/factory.sale\/wp-content\/uploads\/2025\/11\/Skamet-Virolainen-laatu-300x200.webp\" alt=\"\" width=\"1220\" height=\"813\" srcset=\"https:\/\/factory.sale\/wp-content\/uploads\/2025\/11\/Skamet-Virolainen-laatu-300x200.webp 300w, https:\/\/factory.sale\/wp-content\/uploads\/2025\/11\/Skamet-Virolainen-laatu-1024x683.webp 1024w, https:\/\/factory.sale\/wp-content\/uploads\/2025\/11\/Skamet-Virolainen-laatu-150x100.webp 150w, https:\/\/factory.sale\/wp-content\/uploads\/2025\/11\/Skamet-Virolainen-laatu-768x512.webp 768w, https:\/\/factory.sale\/wp-content\/uploads\/2025\/11\/Skamet-Virolainen-laatu-1536x1024.webp 1536w, https:\/\/factory.sale\/wp-content\/uploads\/2025\/11\/Skamet-Virolainen-laatu-600x400.webp 600w, https:\/\/factory.sale\/wp-content\/uploads\/2025\/11\/Skamet-Virolainen-laatu.webp 2016w\" sizes=\"auto, (max-width: 1220px) 100vw, 1220px\" \/><\/p>\n","protected":false},"excerpt":{"rendered":"<p>Skamet SY-216 on tehokas ja luotettava puukiuas 8\u201318 m\u00b3 saunoihin. Py\u00f6re\u00e4\u00e4n verkkokuoreen mahtuva suuri kivim\u00e4\u00e4r\u00e4 tuottaa pehme\u00e4n ja pitk\u00e4\u00e4n kest\u00e4v\u00e4n l\u00f6ylyn ja sein\u00e4n l\u00e4pi asennettava tulipes\u00e4 pit\u00e4\u00e4 l\u00f6ylyhuoneen siistin\u00e4. Erinomainen valinta sek\u00e4 koti- ett\u00e4 ammattik\u00e4ytt\u00f6\u00f6n.<\/p>\n","protected":false},"featured_media":131657,"comment_status":"open","ping_status":"closed","template":"","meta":{"_acf_changed":false},"factory":[],"free-shipment":[],"product_brand":[4640],"product_cat":[484,4639],"product_tag":[],"class_list":{"0":"post-132187","1":"product","2":"type-product","3":"status-publish","4":"has-post-thumbnail","6":"product_brand-skamet","7":"product_cat-saunan-kiukaat","8":"product_cat-skamet-fi","10":"first","11":"instock","12":"sale","13":"taxable","14":"shipping-taxable","15":"purchasable","16":"product-type-simple"},"acf":[],"_links":{"self":[{"href":"https:\/\/factory.sale\/fi\/wp-json\/wp\/v2\/product\/132187","targetHints":{"allow":["GET"]}}],"collection":[{"href":"https:\/\/factory.sale\/fi\/wp-json\/wp\/v2\/product"}],"about":[{"href":"https:\/\/factory.sale\/fi\/wp-json\/wp\/v2\/types\/product"}],"replies":[{"embeddable":true,"href":"https:\/\/factory.sale\/fi\/wp-json\/wp\/v2\/comments?post=132187"}],"wp:featuredmedia":[{"embeddable":true,"href":"https:\/\/factory.sale\/fi\/wp-json\/wp\/v2\/media\/131657"}],"wp:attachment":[{"href":"https:\/\/factory.sale\/fi\/wp-json\/wp\/v2\/media?parent=132187"}],"wp:term":[{"taxonomy":"factory","embeddable":true,"href":"https:\/\/factory.sale\/fi\/wp-json\/wp\/v2\/factory?post=132187"},{"taxonomy":"free-shipment","embeddable":true,"href":"https:\/\/factory.sale\/fi\/wp-json\/wp\/v2\/free-shipment?post=132187"},{"taxonomy":"product_brand","embeddable":true,"href":"https:\/\/factory.sale\/fi\/wp-json\/wp\/v2\/product_brand?post=132187"},{"taxonomy":"product_cat","embeddable":true,"href":"https:\/\/factory.sale\/fi\/wp-json\/wp\/v2\/product_cat?post=132187"},{"taxonomy":"product_tag","embeddable":true,"href":"https:\/\/factory.sale\/fi\/wp-json\/wp\/v2\/product_tag?post=132187"}],"curies":[{"name":"wp","href":"https:\/\/api.w.org\/{rel}","templated":true}]}}