{"id":132183,"date":"2025-11-21T16:53:44","date_gmt":"2025-11-27T07:20:53","guid":{"rendered":"https:\/\/factory.sale\/?post_type=product&#038;p=132183"},"modified":"2026-02-05T16:01:05","modified_gmt":"2026-02-05T13:01:05","slug":"skamet-sty-216-gl-puukiuas-suurella-lasiovella-ja-pyorealla-verkkokehikolla-8-18-m%c2%b3-saunoihin-lammitetaan-viereisesta-tilasta","status":"publish","type":"product","link":"https:\/\/factory.sale\/fi\/tuote\/skamet-sty-216-gl-puukiuas-suurella-lasiovella-ja-pyorealla-verkkokehikolla-8-18-m%c2%b3-saunoihin-lammitetaan-viereisesta-tilasta\/","title":{"rendered":"Skamet STY-216 GL puukiuas suurella lasiovella ja py\u00f6re\u00e4ll\u00e4 verkkokehikolla 8\u201318 m\u00b3 saunoihin, l\u00e4mmitet\u00e4\u00e4n viereisest\u00e4 tilasta"},"content":{"rendered":"<p>Skamet STY-216 GL on suunniteltu 8\u201318 m\u00b3 l\u00f6ylyhuoneisiin ja se l\u00e4mmitet\u00e4\u00e4n viereisest\u00e4 tilasta. Tulipes\u00e4n ovi avautuu sein\u00e4n l\u00e4pi esimerkiksi pukeutumis- tai pesutilan puolelle, mik\u00e4 tekee puiden lis\u00e4\u00e4misest\u00e4 helppoa ja pit\u00e4\u00e4 l\u00f6ylyhuoneen siistin\u00e4, tuhkattomana ja miellytt\u00e4v\u00e4k\u00e4ytt\u00f6isen\u00e4.<\/p>\n<p>Kiuas erottuu suurella kuumankest\u00e4v\u00e4ll\u00e4 lasiovellaan (330 \u00d7 330 mm), jonka kautta tuli n\u00e4kyy kauniisti ja luo viereiseen tilaan miellytt\u00e4v\u00e4n tunnelman. Py\u00f6re\u00e4\u00e4n verkkokehikkoon mahtuu noin 140 kg kiuaskivi\u00e4, mik\u00e4 takaa pitk\u00e4\u00e4n kest\u00e4v\u00e4n l\u00e4mm\u00f6n ja pehme\u00e4t, tasaiset l\u00f6ylyt.<\/p>\n<p>Kiuas valmistetaan Virossa kest\u00e4v\u00e4st\u00e4 ter\u00e4ksest\u00e4 ja se on viimeistelty mustalla kuumankest\u00e4v\u00e4ll\u00e4 maalilla. STY-216 GL t\u00e4ytt\u00e4\u00e4 EN 15821:2010 -standardin vaatimukset ja sopii sek\u00e4 koti- ett\u00e4 pienimuotoiseen ammattik\u00e4ytt\u00f6\u00f6n.<\/p>\n<p><strong>Tekniset tiedot:<\/strong><\/p>\n<ul>\n<li>L\u00e4mmitett\u00e4v\u00e4n huoneen tilavuus: 8\u201318 m\u00b3<\/li>\n<li>Korkeus: 78 cm<\/li>\n<li>Halkaisija: 56 cm<\/li>\n<li>Tunnelin syvyys: 20 cm<\/li>\n<li>Paino: 80 kg<\/li>\n<li>Kivim\u00e4\u00e4r\u00e4: n. 140 kg<\/li>\n<li>Polttopuiden pituus: jopa 70 cm<\/li>\n<li>Lasioven koko: 330 \u00d7 330 mm<\/li>\n<li>Savupiipun halkaisija: 115 mm (liit\u00e4nt\u00e4 ylh\u00e4\u00e4lt\u00e4)<\/li>\n<li>Asennus: l\u00e4mmitet\u00e4\u00e4n viereisest\u00e4 tilasta \/ sein\u00e4n l\u00e4pi<\/li>\n<li>Kuori: py\u00f6re\u00e4 verkkokehikko<\/li>\n<\/ul>\n<p><strong>Vakiovarusteet:<\/strong><\/p>\n<ul>\n<li>Suuri kuumankest\u00e4v\u00e4 lasiovi (330 \u00d7 330 mm)<\/li>\n<li>Py\u00f6re\u00e4 verkkokehikko suurella kivim\u00e4\u00e4r\u00e4ll\u00e4<\/li>\n<li>Tulipes\u00e4 sein\u00e4n l\u00e4pi \u2013 l\u00e4mmitys viereisest\u00e4 tilasta<\/li>\n<li>Savupiipun liit\u00e4nt\u00e4 ylh\u00e4\u00e4lt\u00e4<\/li>\n<li>Ruostumattomasta ter\u00e4ksest\u00e4 valmistettu kahva<\/li>\n<li>Musta kuumankest\u00e4v\u00e4 maalipinta<\/li>\n<li>Vasemmanpuoleiset saranat<\/li>\n<li>Valmistettu Virossa, t\u00e4ytt\u00e4\u00e4 EN 15821:2010 -standardin<\/li>\n<\/ul>\n<p><strong>Valinnaiset lis\u00e4varusteet:<\/strong><\/p>\n<ul>\n<li>Sein\u00e4l\u00e4piviennin viimeistelykehys<\/li>\n<li>Oikeanpuoleiset saranat<\/li>\n<li>Puiset kahvat<\/li>\n<li>Boilerin\/vedenl\u00e4mmittimen liit\u00e4nt\u00e4: oikealta, vasemmalta tai takaa<\/li>\n<\/ul>\n<p><strong>Saatavilla olevat mallit:<br \/>\n<\/strong><br \/>\nMalli\u00a0 \u00a0 \u00a0 \u00a0 \u00a0 \u00a0 \u00a0 \u00a0 \u00a0 \u00a0 \u00a0 \u00a0 \u00a0 \u00a0 \u00a0 \u00a0 \u00a0 \u00a0 \u00a0 \u00a0 \u00a0 \u00a0 \u00a0 \u00a0 \u00a0 \u00a0 \u00a0 \u00a0 \u00a0 \u00a0 \u00a0 \u00a0 \u00a0 \u00a0 \u00a0 \u00a0 \u00a0 \u00a0 \u00a0 \u00a0 \u00a0 \u00a0 \u00a0 \u00a0 \u00a0 \u00a0 \u00a0 \u00a0 \u00a0 \u00a0 \u00a0 \u00a0Kuvaus\u00a0 \u00a0 \u00a0 \u00a0 \u00a0 \u00a0 \u00a0 \u00a0 \u00a0 \u00a0 \u00a0 \u00a0 \u00a0 \u00a0 \u00a0 \u00a0 \u00a0 \u00a0 \u00a0 \u00a0 \u00a0 \u00a0 \u00a0 \u00a0 \u00a0 \u00a0 \u00a0 \u00a0 \u00a0 \u00a0 \u00a0 \u00a0 \u00a0 \u00a0 \u00a0 \u00a0 \u00a0 \u00a0 \u00a0 \u00a0 \u00a0 \u00a0 \u00a0 \u00a0 \u00a0 \u00a0 \u00a0 \u00a0 \u00a0 \u00a0 \u00a0 \u00a0 \u00a0 \u00a0 \u00a0 EAN\u00a0 \u00a0 \u00a0 \u00a0 \u00a0 \u00a0 \u00a0 \u00a0 \u00a0 Hinta<br \/>\nSTY-216 GL\u00a0 \u00a0 \u00a0 \u00a0Pitk\u00e4ll\u00e4 tulipes\u00e4ll\u00e4 varustettu kiuas (8\u201318 m\u00b3), suurella lasiovella, ilman boileriliit\u00e4nt\u00e4\u00e4 (py\u00f6re\u00e4 verkkokehikko)\u00a0 \u00a0 \u00a0 \u00a0 \u00a0 \u00a0 \u00a04742482003136\u00a0 \u00a0 \u00a0672.75 \u20ac<br \/>\nSTY-216 BPGL\u00a0 \u00a0Pitk\u00e4ll\u00e4 tulipes\u00e4ll\u00e4 varustettu kiuas (8\u201318 m\u00b3), suurella lasiovella, boileriliit\u00e4nt\u00e4 oikealla (py\u00f6re\u00e4 verkkokehikko)\u00a0 \u00a0 \u00a0 \u00a0 \u00a0 \u00a04742482003211\u00a0 \u00a0 \u00a0 713.00 \u20ac<br \/>\nSTY-216 BVGL\u00a0 \u00a0Pitk\u00e4ll\u00e4 tulipes\u00e4ll\u00e4 varustettu kiuas (8\u201318 m\u00b3), suurella lasiovella, boileriliit\u00e4nt\u00e4 vasemmalla (py\u00f6re\u00e4 verkkokehikko)\u00a0 \u00a04742482003228\u00a0 \u00a0 713.00 \u20ac<br \/>\nSTY-216 BTGL\u00a0 \u00a0Pitk\u00e4ll\u00e4 tulipes\u00e4ll\u00e4 varustettu kiuas (8\u201318 m\u00b3), suurella lasiovella, boileriliit\u00e4nt\u00e4 takana (py\u00f6re\u00e4 verkkokehikko)\u00a0 \u00a0 \u00a0 \u00a0 \u00a0 \u00a0 \u00a04742482003235\u00a0 \u00a0 713.00 \u20ac<\/p>\n<p>&nbsp;<\/p>\n<p><img loading=\"lazy\" decoding=\"async\" class=\"alignnone wp-image-132156\" src=\"https:\/\/factory.sale\/wp-content\/uploads\/2025\/11\/Skamet-Virolainen-laatu-300x200.webp\" alt=\"\" width=\"1220\" height=\"813\" srcset=\"https:\/\/factory.sale\/wp-content\/uploads\/2025\/11\/Skamet-Virolainen-laatu-300x200.webp 300w, https:\/\/factory.sale\/wp-content\/uploads\/2025\/11\/Skamet-Virolainen-laatu-1024x683.webp 1024w, https:\/\/factory.sale\/wp-content\/uploads\/2025\/11\/Skamet-Virolainen-laatu-150x100.webp 150w, https:\/\/factory.sale\/wp-content\/uploads\/2025\/11\/Skamet-Virolainen-laatu-768x512.webp 768w, https:\/\/factory.sale\/wp-content\/uploads\/2025\/11\/Skamet-Virolainen-laatu-1536x1024.webp 1536w, https:\/\/factory.sale\/wp-content\/uploads\/2025\/11\/Skamet-Virolainen-laatu-600x400.webp 600w, https:\/\/factory.sale\/wp-content\/uploads\/2025\/11\/Skamet-Virolainen-laatu.webp 2016w\" sizes=\"auto, (max-width: 1220px) 100vw, 1220px\" \/><\/p>\n","protected":false},"excerpt":{"rendered":"<p>Skamet STY-216 GL on tehokas puukiuas 8\u201318 m\u00b3 saunoihin. Suuri kuumankest\u00e4v\u00e4 lasiovi (330 \u00d7 330 mm) tarjoaa kauniin n\u00e4kym\u00e4n tuleen, kun taas py\u00f6re\u00e4\u00e4n verkkokehikkoon mahtuva suuri kivim\u00e4\u00e4r\u00e4 tuottaa pehme\u00e4t ja pitk\u00e4\u00e4n kest\u00e4v\u00e4t l\u00f6ylyt. Viereisest\u00e4 tilasta l\u00e4mmitett\u00e4v\u00e4 rakenne pit\u00e4\u00e4 l\u00f6ylyhuoneen siistin\u00e4 ja tekee puiden lis\u00e4\u00e4misest\u00e4 helppoa ja miellytt\u00e4v\u00e4\u00e4.<\/p>\n","protected":false},"featured_media":131683,"comment_status":"open","ping_status":"closed","template":"","meta":{"_acf_changed":false},"factory":[],"free-shipment":[],"product_brand":[4640],"product_cat":[484,4639],"product_tag":[],"class_list":{"0":"post-132183","1":"product","2":"type-product","3":"status-publish","4":"has-post-thumbnail","6":"product_brand-skamet","7":"product_cat-saunan-kiukaat","8":"product_cat-skamet-fi","10":"first","11":"instock","12":"sale","13":"taxable","14":"shipping-taxable","15":"purchasable","16":"product-type-simple"},"acf":[],"_links":{"self":[{"href":"https:\/\/factory.sale\/fi\/wp-json\/wp\/v2\/product\/132183","targetHints":{"allow":["GET"]}}],"collection":[{"href":"https:\/\/factory.sale\/fi\/wp-json\/wp\/v2\/product"}],"about":[{"href":"https:\/\/factory.sale\/fi\/wp-json\/wp\/v2\/types\/product"}],"replies":[{"embeddable":true,"href":"https:\/\/factory.sale\/fi\/wp-json\/wp\/v2\/comments?post=132183"}],"wp:featuredmedia":[{"embeddable":true,"href":"https:\/\/factory.sale\/fi\/wp-json\/wp\/v2\/media\/131683"}],"wp:attachment":[{"href":"https:\/\/factory.sale\/fi\/wp-json\/wp\/v2\/media?parent=132183"}],"wp:term":[{"taxonomy":"factory","embeddable":true,"href":"https:\/\/factory.sale\/fi\/wp-json\/wp\/v2\/factory?post=132183"},{"taxonomy":"free-shipment","embeddable":true,"href":"https:\/\/factory.sale\/fi\/wp-json\/wp\/v2\/free-shipment?post=132183"},{"taxonomy":"product_brand","embeddable":true,"href":"https:\/\/factory.sale\/fi\/wp-json\/wp\/v2\/product_brand?post=132183"},{"taxonomy":"product_cat","embeddable":true,"href":"https:\/\/factory.sale\/fi\/wp-json\/wp\/v2\/product_cat?post=132183"},{"taxonomy":"product_tag","embeddable":true,"href":"https:\/\/factory.sale\/fi\/wp-json\/wp\/v2\/product_tag?post=132183"}],"curies":[{"name":"wp","href":"https:\/\/api.w.org\/{rel}","templated":true}]}}