{"id":132181,"date":"2025-11-21T16:53:45","date_gmt":"2025-11-27T07:20:26","guid":{"rendered":"https:\/\/factory.sale\/?post_type=product&#038;p=132181"},"modified":"2026-03-18T09:23:18","modified_gmt":"2026-03-18T06:23:18","slug":"skamet-p-220-puukiuas-metallikuorella-16-25-m%c2%b3-loylyhuoneisiin-lammitetaan-viereisesta-tilasta","status":"publish","type":"product","link":"https:\/\/factory.sale\/fi\/tuote\/skamet-p-220-puukiuas-metallikuorella-16-25-m%c2%b3-loylyhuoneisiin-lammitetaan-viereisesta-tilasta\/","title":{"rendered":"Skamet P-220 puukiuas metallikuorella 16\u201325 m\u00b3 l\u00f6ylyhuoneisiin, l\u00e4mmitet\u00e4\u00e4n viereisest\u00e4 tilasta"},"content":{"rendered":"<p>Skamet P-220 on suunniteltu suurempiin 16\u201325 m\u00b3 l\u00f6ylyhuoneisiin ja se l\u00e4mmitet\u00e4\u00e4n viereisest\u00e4 tilasta. Tulipes\u00e4n ovi avautuu sein\u00e4n l\u00e4pi esimerkiksi pukuhuoneen tai pesutilan puolelle, mik\u00e4 tekee puiden lis\u00e4\u00e4misest\u00e4 helppoa ja pit\u00e4\u00e4 l\u00f6ylyhuoneen siistin\u00e4, tuhkattomana ja miellytt\u00e4v\u00e4n\u00e4 k\u00e4ytt\u00e4\u00e4. Samalla s\u00e4ilyy perinteinen puul\u00e4mmitteisen saunan tunnelma.<\/p>\n<p>Kiuas on varustettu kest\u00e4v\u00e4ll\u00e4 metallikuorella, joka on viimeistelty mustalla kuumankest\u00e4v\u00e4ll\u00e4 maalilla. Noin 50 kg kiuaskivi\u00e4 ja jopa 60 cm pituiset polttopuut mahdollistavat voimakkaan, tasaisen l\u00e4mm\u00f6n ja nopean l\u00e4mpenemisen. P-220 on suunniteltu varmatoimiseksi niin kotisaunoihin kuin pienempiin ammattik\u00e4yt\u00f6n saunoihin.<\/p>\n<p>Kiuas valmistetaan Virossa ja se t\u00e4ytt\u00e4\u00e4 EN 15821:2010 -turvallisuus- ja laatuvaatimukset.<\/p>\n<p><strong>Tekniset tiedot:<\/strong><\/p>\n<ul>\n<li>L\u00e4mmitett\u00e4v\u00e4n huoneen tilavuus: 16\u201325 m\u00b3<\/li>\n<li>Korkeus: 81 cm<\/li>\n<li>Leveys: 43 cm<\/li>\n<li>Syvyys: 51 cm<\/li>\n<li>Tunneli: 17 cm<\/li>\n<li>Paino: 65 kg<\/li>\n<li>Kivim\u00e4\u00e4r\u00e4: n. 50 kg<\/li>\n<li>Polttopuiden pituus: jopa 60 cm<\/li>\n<li>Savupiipun halkaisija: 115 mm (liit\u00e4nt\u00e4 ylh\u00e4\u00e4lt\u00e4)<\/li>\n<li>Asennus: l\u00e4mmitet\u00e4\u00e4n viereisest\u00e4 tilasta \/ sein\u00e4n l\u00e4pi<\/li>\n<li>Kuori: musta metallikuori, kuumankest\u00e4v\u00e4 pinnoite<\/li>\n<\/ul>\n<p><strong>Vakiovarusteet:<\/strong><\/p>\n<ul>\n<li>Metallinen ovi<\/li>\n<li>Tulipes\u00e4 sein\u00e4n l\u00e4pi \u2013 l\u00e4mmitys viereisest\u00e4 tilasta<\/li>\n<li>Savupiipun liit\u00e4nt\u00e4 ylh\u00e4\u00e4lt\u00e4<\/li>\n<li>Musta kuumankest\u00e4v\u00e4 maalipinta<\/li>\n<li>Oikeanpuoleiset saranat<\/li>\n<li>Vankka ter\u00e4srakenne<\/li>\n<\/ul>\n<p><strong>Valinnaiset lis\u00e4varusteet:<\/strong><\/p>\n<ul>\n<li>Lasiovi (230 \u00d7 230 mm)<\/li>\n<li>Boileriliit\u00e4nt\u00e4: oikealta, vasemmalta tai takaa<\/li>\n<li>Vasemmanpuoleiset saranat<\/li>\n<li>Ruostumattomasta ter\u00e4ksest\u00e4 valmistettu yl\u00e4reuna<\/li>\n<li>Sein\u00e4l\u00e4piviennin viimeistelykehys<\/li>\n<li>Kuoren v\u00e4rivaihtoehdot: punamusta, harmaamusta, ruostumaton ter\u00e4s<\/li>\n<\/ul>\n<p><strong>Saatavilla olevat mallit:<\/strong><br \/>\nMalli\u00a0 \u00a0 \u00a0 \u00a0 \u00a0 \u00a0 \u00a0 \u00a0 \u00a0 \u00a0 \u00a0 \u00a0 \u00a0 \u00a0 \u00a0 \u00a0 \u00a0 \u00a0 \u00a0 \u00a0 \u00a0 \u00a0 \u00a0 \u00a0 \u00a0 \u00a0 \u00a0 \u00a0 \u00a0 \u00a0 \u00a0 \u00a0 \u00a0 \u00a0 \u00a0 \u00a0 \u00a0 \u00a0 \u00a0 \u00a0 \u00a0 \u00a0Kuvaus\u00a0 \u00a0 \u00a0 \u00a0 \u00a0 \u00a0 \u00a0 \u00a0 \u00a0 \u00a0 \u00a0 \u00a0 \u00a0 \u00a0 \u00a0 \u00a0 \u00a0 \u00a0 \u00a0 \u00a0 \u00a0 \u00a0 \u00a0 \u00a0 \u00a0 \u00a0 \u00a0 \u00a0 \u00a0 \u00a0 \u00a0 \u00a0 \u00a0 \u00a0 \u00a0 \u00a0 \u00a0 \u00a0 \u00a0 \u00a0 \u00a0 \u00a0 \u00a0 \u00a0 \u00a0 \u00a0 \u00a0 \u00a0 \u00a0 \u00a0 \u00a0 EAN\u00a0 \u00a0 \u00a0 \u00a0 \u00a0 \u00a0 \u00a0 Hinta<br \/>\nP-220\u00a0 \u00a0 \u00a0 \u00a0 \u00a0 \u00a0 \u00a0 Pitk\u00e4ll\u00e4 tulipes\u00e4ll\u00e4 varustettu kiuas (16\u201325 m\u00b3), ilman boileriliit\u00e4nt\u00e4\u00e4\u00a0 \u00a0 \u00a0 \u00a0 \u00a0 \u00a0 \u00a0 \u00a0 \u00a0 \u00a0 \u00a0 \u00a0 \u00a0 \u00a0 \u00a0 \u00a0 \u00a0 \u00a0 \u00a0 \u00a0 \u00a0 \u00a0 \u00a0 \u00a0 \u00a0 \u00a0 \u00a0 \u00a0 4742482000586\u00a0 \u00a0 465.75 \u20ac<br \/>\nP-220 GL\u00a0 \u00a0 \u00a0 \u00a0 Pitk\u00e4ll\u00e4 tulipes\u00e4ll\u00e4 varustettu kiuas (16\u201325 m\u00b3), lasiovella, ilman boileriliit\u00e4nt\u00e4\u00e4\u00a0 \u00a0 \u00a0 \u00a0 \u00a0 \u00a0 \u00a0 \u00a0 \u00a0 \u00a0 \u00a0 \u00a0 \u00a0 \u00a0 \u00a0 \u00a0 \u00a0 \u00a0 \u00a0 4742482000623\u00a0 \u00a0 483.00 \u20ac<br \/>\nP-220 BP\u00a0 \u00a0 \u00a0 \u00a0 \u00a0Pitk\u00e4ll\u00e4 tulipes\u00e4ll\u00e4 varustettu kiuas (16\u201325 m\u00b3), boileriliit\u00e4nt\u00e4 oikealla\u00a0 \u00a0 \u00a0 \u00a0 \u00a0 \u00a0 \u00a0 \u00a0 \u00a0 \u00a0 \u00a0 \u00a0 \u00a0 \u00a0 \u00a0 \u00a0 \u00a0 \u00a0 \u00a0 \u00a0 \u00a0 \u00a0 \u00a0 \u00a0 \u00a0 \u00a0 \u00a0 4742482000593\u00a0 \u00a0 \u00a0511.75 \u20ac<br \/>\nP-220 BPGL\u00a0 \u00a0 Pitk\u00e4ll\u00e4 tulipes\u00e4ll\u00e4 varustettu kiuas (16\u201325 m\u00b3), boileriliit\u00e4nt\u00e4 oikealla, lasiovella\u00a0 \u00a0 \u00a0 \u00a0 \u00a0 \u00a0 \u00a0 \u00a0 \u00a0 \u00a0 \u00a0 \u00a0 \u00a0 \u00a0 \u00a0 \u00a0 \u00a0 \u00a0 4742482000630\u00a0 \u00a0 \u00a0529.00 \u20ac<br \/>\nP-220 BV\u00a0 \u00a0 \u00a0 \u00a0 \u00a0Pitk\u00e4ll\u00e4 tulipes\u00e4ll\u00e4 varustettu kiuas (16\u201325 m\u00b3), boileriliit\u00e4nt\u00e4 vasemmalla\u00a0 \u00a0 \u00a0 \u00a0 \u00a0 \u00a0 \u00a0 \u00a0 \u00a0 \u00a0 \u00a0 \u00a0 \u00a0 \u00a0 \u00a0 \u00a0 \u00a0 \u00a0 \u00a0 \u00a0 \u00a0 \u00a0 \u00a0 4742482000609\u00a0 \u00a0 511.75 \u20ac<br \/>\nP-220 BVGL\u00a0 \u00a0 Pitk\u00e4ll\u00e4 tulipes\u00e4ll\u00e4 varustettu kiuas (16\u201325 m\u00b3), boileriliit\u00e4nt\u00e4 vasemmalla, lasiovella\u00a0 \u00a0 \u00a0 \u00a0 \u00a0 \u00a0 \u00a0 \u00a0 \u00a0 \u00a0 \u00a0 \u00a0 \u00a0 \u00a0 4742482000647\u00a0 \u00a0 \u00a0529.00 \u20ac<br \/>\nP-220 BT\u00a0 \u00a0 \u00a0 \u00a0 \u00a0Pitk\u00e4ll\u00e4 tulipes\u00e4ll\u00e4 varustettu kiuas (16\u201325 m\u00b3), boileriliit\u00e4nt\u00e4 takana\u00a0 \u00a0 \u00a0 \u00a0 \u00a0 \u00a0 \u00a0 \u00a0 \u00a0 \u00a0 \u00a0 \u00a0 \u00a0 \u00a0 \u00a0 \u00a0 \u00a0 \u00a0 \u00a0 \u00a0 \u00a0 \u00a0 \u00a0 \u00a0 \u00a0 \u00a0 \u00a0 \u00a04742482000616\u00a0 \u00a0 \u00a0 511.75 \u20ac<br \/>\nP-220 BTGL\u00a0 \u00a0 Pitk\u00e4ll\u00e4 tulipes\u00e4ll\u00e4 varustettu kiuas (16\u201325 m\u00b3), boileriliit\u00e4nt\u00e4 takana, lasiovella\u00a0 \u00a0 \u00a0 \u00a0 \u00a0 \u00a0 \u00a0 \u00a0 \u00a0 \u00a0 \u00a0 \u00a0 \u00a0 \u00a0 \u00a0 \u00a0 \u00a0 \u00a0 \u00a04742482000654\u00a0 \u00a0 \u00a0529.00 \u20ac<\/p>\n<p>&nbsp;<\/p>\n<p><img loading=\"lazy\" decoding=\"async\" class=\"alignnone wp-image-132156\" src=\"https:\/\/factory.sale\/wp-content\/uploads\/2025\/11\/Skamet-Virolainen-laatu-300x200.webp\" alt=\"\" width=\"1220\" height=\"813\" srcset=\"https:\/\/factory.sale\/wp-content\/uploads\/2025\/11\/Skamet-Virolainen-laatu-300x200.webp 300w, https:\/\/factory.sale\/wp-content\/uploads\/2025\/11\/Skamet-Virolainen-laatu-1024x683.webp 1024w, https:\/\/factory.sale\/wp-content\/uploads\/2025\/11\/Skamet-Virolainen-laatu-150x100.webp 150w, https:\/\/factory.sale\/wp-content\/uploads\/2025\/11\/Skamet-Virolainen-laatu-768x512.webp 768w, https:\/\/factory.sale\/wp-content\/uploads\/2025\/11\/Skamet-Virolainen-laatu-1536x1024.webp 1536w, https:\/\/factory.sale\/wp-content\/uploads\/2025\/11\/Skamet-Virolainen-laatu-600x400.webp 600w, https:\/\/factory.sale\/wp-content\/uploads\/2025\/11\/Skamet-Virolainen-laatu.webp 2016w\" sizes=\"auto, (max-width: 1220px) 100vw, 1220px\" \/><\/p>\n","protected":false},"excerpt":{"rendered":"<p>Skamet P-220 on kest\u00e4v\u00e4 puul\u00e4mmitteinen kiuas 16\u201325 m\u00b3 saunoihin. Metallikuori ja sein\u00e4n l\u00e4pi sijoitettu tulipes\u00e4 pit\u00e4v\u00e4t l\u00f6ylyhuoneen siistin\u00e4 ja helppohoitoisena. Voimakas l\u00e4mmitysteho tekee t\u00e4st\u00e4 mallista erinomaisen valinnan sek\u00e4 koti- ett\u00e4 ammattik\u00e4yt\u00f6n saunoihin.<\/p>\n","protected":false},"featured_media":131736,"comment_status":"open","ping_status":"closed","template":"","meta":{"_acf_changed":false},"factory":[],"free-shipment":[],"product_brand":[4640],"product_cat":[484,4639],"product_tag":[],"class_list":{"0":"post-132181","1":"product","2":"type-product","3":"status-publish","4":"has-post-thumbnail","6":"product_brand-skamet","7":"product_cat-saunan-kiukaat","8":"product_cat-skamet-fi","10":"first","11":"instock","12":"sale","13":"taxable","14":"shipping-taxable","15":"purchasable","16":"product-type-simple"},"acf":[],"_links":{"self":[{"href":"https:\/\/factory.sale\/fi\/wp-json\/wp\/v2\/product\/132181","targetHints":{"allow":["GET"]}}],"collection":[{"href":"https:\/\/factory.sale\/fi\/wp-json\/wp\/v2\/product"}],"about":[{"href":"https:\/\/factory.sale\/fi\/wp-json\/wp\/v2\/types\/product"}],"replies":[{"embeddable":true,"href":"https:\/\/factory.sale\/fi\/wp-json\/wp\/v2\/comments?post=132181"}],"wp:featuredmedia":[{"embeddable":true,"href":"https:\/\/factory.sale\/fi\/wp-json\/wp\/v2\/media\/131736"}],"wp:attachment":[{"href":"https:\/\/factory.sale\/fi\/wp-json\/wp\/v2\/media?parent=132181"}],"wp:term":[{"taxonomy":"factory","embeddable":true,"href":"https:\/\/factory.sale\/fi\/wp-json\/wp\/v2\/factory?post=132181"},{"taxonomy":"free-shipment","embeddable":true,"href":"https:\/\/factory.sale\/fi\/wp-json\/wp\/v2\/free-shipment?post=132181"},{"taxonomy":"product_brand","embeddable":true,"href":"https:\/\/factory.sale\/fi\/wp-json\/wp\/v2\/product_brand?post=132181"},{"taxonomy":"product_cat","embeddable":true,"href":"https:\/\/factory.sale\/fi\/wp-json\/wp\/v2\/product_cat?post=132181"},{"taxonomy":"product_tag","embeddable":true,"href":"https:\/\/factory.sale\/fi\/wp-json\/wp\/v2\/product_tag?post=132181"}],"curies":[{"name":"wp","href":"https:\/\/api.w.org\/{rel}","templated":true}]}}