{"id":132175,"date":"2025-11-21T16:53:47","date_gmt":"2025-11-27T07:20:23","guid":{"rendered":"https:\/\/factory.sale\/?post_type=product&#038;p=132175"},"modified":"2026-02-05T15:47:34","modified_gmt":"2026-02-05T12:47:34","slug":"skamet-pt-220-gl-puulammitteinen-kiuas-suurella-lasiovella-16-25-m%c2%b3-lammitetaan-viereisesta-huoneesta","status":"publish","type":"product","link":"https:\/\/factory.sale\/fi\/tuote\/skamet-pt-220-gl-puulammitteinen-kiuas-suurella-lasiovella-16-25-m%c2%b3-lammitetaan-viereisesta-huoneesta\/","title":{"rendered":"Skamet PT-220 GL puul\u00e4mmitteinen kiuas suurella lasiovella (16\u201325 m\u00b3), l\u00e4mmitet\u00e4\u00e4n viereisest\u00e4 huoneesta"},"content":{"rendered":"<p>Skamet PT-220 GL yhdist\u00e4\u00e4 kest\u00e4v\u00e4n rakenteen ja tyylikk\u00e4\u00e4n ulkon\u00e4\u00f6n. Se on suunniteltu suurempiin saunoihin ja asennettavaksi sein\u00e4n l\u00e4pi niin, ett\u00e4 tulipes\u00e4n ovi avautuu pukuhuoneeseen tai tekniseen tilaan. T\u00e4m\u00e4 ratkaisu helpottaa polttopuiden lis\u00e4\u00e4mist\u00e4 ja pit\u00e4\u00e4 l\u00f6ylyhuoneen puhtaana ja t\u00e4ysin tuhkattomana.<\/p>\n<p>Mallin keskeisin ja n\u00e4ytt\u00e4vin ominaisuus on suuri kuumuutta kest\u00e4v\u00e4 lasiovi (330 \u00d7 330 mm), joka tarjoaa laajan ja selke\u00e4n n\u00e4kym\u00e4n tuleen ja luo l\u00e4mpim\u00e4n, kutsuvan tunnelman viereiseen huoneeseen. Noin 50 kg kivim\u00e4\u00e4r\u00e4 ja mahdollisuus k\u00e4ytt\u00e4\u00e4 jopa 60 cm pitki\u00e4 polttopuita takaavat tehokkaan l\u00e4mmityksen sek\u00e4 pitk\u00e4t, pehme\u00e4t l\u00f6ylyt.<\/p>\n<p>PT-220 GL valmistetaan Virossa ja se on viimeistelty mustalla kuumuudenkest\u00e4v\u00e4ll\u00e4 maalilla. Kiuas t\u00e4ytt\u00e4\u00e4 EN 15821:2010 turvallisuus- ja laatustandardit, mik\u00e4 tekee siit\u00e4 luotettavan valinnan sek\u00e4 koti- ett\u00e4 ammattik\u00e4ytt\u00f6\u00f6n.<\/p>\n<p><strong>Tekniset tiedot:<\/strong><\/p>\n<ul>\n<li>L\u00e4mmitett\u00e4v\u00e4n huoneen tila: 16\u201325 m\u00b3<\/li>\n<li>Korkeus: 81 cm<\/li>\n<li>Leveys: 43 cm<\/li>\n<li>Syvyys: 51 cm<\/li>\n<li>Tulisijan tunnelin syvyys: 17 cm<\/li>\n<li>Paino: 70 kg<\/li>\n<li>Kivim\u00e4\u00e4r\u00e4: n. 50 kg<\/li>\n<li>Polttopuiden pituus: enint\u00e4\u00e4n 60 cm<\/li>\n<li>Lasioven koko: 330 \u00d7 330 mm<\/li>\n<li>Savupiipun halkaisija: 115 mm (liit\u00e4nt\u00e4 ylh\u00e4\u00e4ll\u00e4)<\/li>\n<li>Asennus: l\u00e4mmitet\u00e4\u00e4n viereisest\u00e4 huoneesta \/ sein\u00e4n l\u00e4pi<\/li>\n<li>Kuori: metallikuori<\/li>\n<\/ul>\n<p><strong>Vakiovarusteet:<\/strong><\/p>\n<ul>\n<li>Suuri kuumuutta kest\u00e4v\u00e4 lasiovi (330 \u00d7 330 mm)<\/li>\n<li>Tulipes\u00e4 sein\u00e4n l\u00e4pi \u2013 l\u00e4mmitys viereisest\u00e4 huoneesta<\/li>\n<li>Savupiippuliit\u00e4nt\u00e4 ylh\u00e4\u00e4lt\u00e4<\/li>\n<li>Musta kuumuudenkest\u00e4v\u00e4 maalipinta<\/li>\n<li>Saranat vasemmalla<\/li>\n<li>Ruostumattomasta ter\u00e4ksest\u00e4 valmistettu kahva<\/li>\n<li>Sopii 16\u201325 m\u00b3 l\u00f6ylyhuoneisiin<\/li>\n<li>Valmistettu Virossa, EN 15821:2010 -standardin mukainen<\/li>\n<\/ul>\n<p><strong>Lis\u00e4varusteet:<\/strong><\/p>\n<ul>\n<li>Oikealle avautuva ovi<\/li>\n<li>Boilerin liit\u00e4nt\u00e4: oikea, vasen tai taka<\/li>\n<li>Viimeistelykehys sein\u00e4aukkoon (suositellaan sein\u00e4n l\u00e4pi asennukseen)<\/li>\n<\/ul>\n<p><strong>Saatavilla olevat mallit:<br \/>\n<\/strong><br \/>\nMalli\u00a0 \u00a0 \u00a0 \u00a0 \u00a0 \u00a0 \u00a0 \u00a0 \u00a0 \u00a0 \u00a0 \u00a0 \u00a0 \u00a0 \u00a0 \u00a0 \u00a0 \u00a0 \u00a0 \u00a0 \u00a0 \u00a0 \u00a0 \u00a0 \u00a0 \u00a0 \u00a0 \u00a0 \u00a0 \u00a0 \u00a0 \u00a0 \u00a0 \u00a0 \u00a0 \u00a0 \u00a0 \u00a0 Kuvaus\u00a0 \u00a0 \u00a0 \u00a0 \u00a0 \u00a0 \u00a0 \u00a0 \u00a0 \u00a0 \u00a0 \u00a0 \u00a0 \u00a0 \u00a0 \u00a0 \u00a0 \u00a0 \u00a0 \u00a0 \u00a0 \u00a0 \u00a0 \u00a0 \u00a0 \u00a0 \u00a0 \u00a0 \u00a0 \u00a0 \u00a0 \u00a0 \u00a0 \u00a0 \u00a0 \u00a0 \u00a0 \u00a0 \u00a0 \u00a0 \u00a0 \u00a0 \u00a0 \u00a0 \u00a0 \u00a0EAN\u00a0 \u00a0 \u00a0 \u00a0 \u00a0 \u00a0 \u00a0 \u00a0 Hinta<br \/>\nPT-220 GL\u00a0 \u00a0 \u00a0 \u00a0 Jatkotulisijallinen kiuas (16\u201325 m\u00b3), suurella lasiovella, ilman boileriliit\u00e4nt\u00e4\u00e4\u00a0 \u00a0 \u00a0 \u00a0 \u00a0 \u00a0 \u00a0 \u00a0 \u00a0 \u00a0 \u00a0 \u00a0 \u00a04742482000661\u00a0 \u00a0 \u00a0 \u00a0661.25 \u20ac<br \/>\nPT-220 BPGL\u00a0 \u00a0Jatkotulisijallinen kiuas (16\u201325 m\u00b3), suurella lasiovella, boileriliit\u00e4nt\u00e4 oikealla\u00a0 \u00a0 \u00a0 \u00a0 \u00a0 \u00a0 \u00a0 \u00a0 \u00a0 \u00a0 \u00a0 \u00a0 4742482000678\u00a0 \u00a0 \u00a0 \u00a0707.25 \u20ac<br \/>\nPT-220 BVGL\u00a0 \u00a0Jatkotulisijallinen kiuas (16\u201325 m\u00b3), suurella lasiovella, boileriliit\u00e4nt\u00e4 vasemmalla\u00a0 \u00a0 \u00a0 \u00a0 \u00a0 \u00a0 \u00a0 \u00a0 4742482000685\u00a0 \u00a0 \u00a0 707.25 \u20ac<br \/>\nPT-220 BTGL\u00a0 \u00a0Jatkotulisijallinen kiuas (16\u201325 m\u00b3), suurella lasiovella, boileriliit\u00e4nt\u00e4 takaa\u00a0 \u00a0 \u00a0 \u00a0 \u00a0 \u00a0 \u00a0 \u00a0 \u00a0 \u00a0 \u00a0 \u00a0 \u00a0 \u00a0 4742482000692\u00a0 \u00a0 \u00a0 707.25 \u20ac<\/p>\n<p>&nbsp;<\/p>\n<p><img loading=\"lazy\" decoding=\"async\" class=\"alignnone wp-image-132156\" src=\"https:\/\/factory.sale\/wp-content\/uploads\/2025\/11\/Skamet-Virolainen-laatu-300x200.webp\" alt=\"\" width=\"1220\" height=\"813\" srcset=\"https:\/\/factory.sale\/wp-content\/uploads\/2025\/11\/Skamet-Virolainen-laatu-300x200.webp 300w, https:\/\/factory.sale\/wp-content\/uploads\/2025\/11\/Skamet-Virolainen-laatu-1024x683.webp 1024w, https:\/\/factory.sale\/wp-content\/uploads\/2025\/11\/Skamet-Virolainen-laatu-150x100.webp 150w, https:\/\/factory.sale\/wp-content\/uploads\/2025\/11\/Skamet-Virolainen-laatu-768x512.webp 768w, https:\/\/factory.sale\/wp-content\/uploads\/2025\/11\/Skamet-Virolainen-laatu-1536x1024.webp 1536w, https:\/\/factory.sale\/wp-content\/uploads\/2025\/11\/Skamet-Virolainen-laatu-600x400.webp 600w, https:\/\/factory.sale\/wp-content\/uploads\/2025\/11\/Skamet-Virolainen-laatu.webp 2016w\" sizes=\"auto, (max-width: 1220px) 100vw, 1220px\" \/><\/p>\n","protected":false},"excerpt":{"rendered":"<p>Skamet PT-220 GL on tehokas puul\u00e4mmitteinen kiuas 16\u201325 m\u00b3 saunatiloihin. Suuri kuumuutta kest\u00e4v\u00e4 lasiovi (330 \u00d7 330 mm) tarjoaa kauniin n\u00e4kym\u00e4n liekkeihin viereisest\u00e4 huoneesta.\u00a0 Sein\u00e4n l\u00e4pi sijoitettu tulipes\u00e4 pit\u00e4\u00e4 l\u00f6ylyhuoneen siistin\u00e4 ja helppohoitoisena. Kest\u00e4v\u00e4 metallikuori varmistaa luotettavan toiminnan ja aidon puul\u00e4mmitteisen saunakokemuksen.<\/p>\n","protected":false},"featured_media":131754,"comment_status":"open","ping_status":"closed","template":"","meta":{"_acf_changed":false},"factory":[],"free-shipment":[],"product_brand":[4640],"product_cat":[484,4639],"product_tag":[],"class_list":{"0":"post-132175","1":"product","2":"type-product","3":"status-publish","4":"has-post-thumbnail","6":"product_brand-skamet","7":"product_cat-saunan-kiukaat","8":"product_cat-skamet-fi","10":"first","11":"instock","12":"sale","13":"taxable","14":"shipping-taxable","15":"purchasable","16":"product-type-simple"},"acf":[],"_links":{"self":[{"href":"https:\/\/factory.sale\/fi\/wp-json\/wp\/v2\/product\/132175","targetHints":{"allow":["GET"]}}],"collection":[{"href":"https:\/\/factory.sale\/fi\/wp-json\/wp\/v2\/product"}],"about":[{"href":"https:\/\/factory.sale\/fi\/wp-json\/wp\/v2\/types\/product"}],"replies":[{"embeddable":true,"href":"https:\/\/factory.sale\/fi\/wp-json\/wp\/v2\/comments?post=132175"}],"wp:featuredmedia":[{"embeddable":true,"href":"https:\/\/factory.sale\/fi\/wp-json\/wp\/v2\/media\/131754"}],"wp:attachment":[{"href":"https:\/\/factory.sale\/fi\/wp-json\/wp\/v2\/media?parent=132175"}],"wp:term":[{"taxonomy":"factory","embeddable":true,"href":"https:\/\/factory.sale\/fi\/wp-json\/wp\/v2\/factory?post=132175"},{"taxonomy":"free-shipment","embeddable":true,"href":"https:\/\/factory.sale\/fi\/wp-json\/wp\/v2\/free-shipment?post=132175"},{"taxonomy":"product_brand","embeddable":true,"href":"https:\/\/factory.sale\/fi\/wp-json\/wp\/v2\/product_brand?post=132175"},{"taxonomy":"product_cat","embeddable":true,"href":"https:\/\/factory.sale\/fi\/wp-json\/wp\/v2\/product_cat?post=132175"},{"taxonomy":"product_tag","embeddable":true,"href":"https:\/\/factory.sale\/fi\/wp-json\/wp\/v2\/product_tag?post=132175"}],"curies":[{"name":"wp","href":"https:\/\/api.w.org\/{rel}","templated":true}]}}