{"id":132172,"date":"2025-11-21T16:53:47","date_gmt":"2025-11-27T07:20:24","guid":{"rendered":"https:\/\/factory.sale\/?post_type=product&#038;p=132172"},"modified":"2026-03-18T09:17:22","modified_gmt":"2026-03-18T06:17:22","slug":"skamet-p-22040-puulammitteinen-kiuas-metallikuorella-ja-valinnaisella-40-l-sivuvesisailiolla-16-25-m%c2%b3-lammitetaan-viereisesta-huoneesta","status":"publish","type":"product","link":"https:\/\/factory.sale\/fi\/tuote\/skamet-p-22040-puulammitteinen-kiuas-metallikuorella-ja-valinnaisella-40-l-sivuvesisailiolla-16-25-m%c2%b3-lammitetaan-viereisesta-huoneesta\/","title":{"rendered":"Skamet P-22040 puul\u00e4mmitteinen kiuas metallikuorella ja valinnaisella 40 L sivuvesis\u00e4ili\u00f6ll\u00e4 (16\u201325 m\u00b3), l\u00e4mmitet\u00e4\u00e4n viereisest\u00e4 huoneesta"},"content":{"rendered":"<p>Skamet P-22040 on suunniteltu 16\u201325 m\u00b3 kokoisiin l\u00f6ylyhuoneisiin ja se l\u00e4mmitet\u00e4\u00e4n viereisest\u00e4 huoneesta. Tulipes\u00e4 sijoittuu sein\u00e4n l\u00e4pi, jolloin polttopuiden lis\u00e4\u00e4minen tapahtuu pukuhuoneesta tai muusta viereisest\u00e4 tilasta \u2014 l\u00f6ylyhuone pysyy siistin\u00e4, viihtyis\u00e4n\u00e4 ja t\u00e4ysin tuhkattomana.<\/p>\n<p>T\u00e4m\u00e4n mallin merkitt\u00e4v\u00e4 etu on valinnainen 40 litran avoin ruostumattomasta ter\u00e4ksest\u00e4 valmistettu vesis\u00e4ili\u00f6n, joka l\u00e4mpenee saunan l\u00e4mmityksen aikana ja tarjoaa kuuman veden aina k\u00e4ytt\u00f6valmiina. S\u00e4ili\u00f6n voi tilata oikealle tai vasemmalle puolelle, jotta se sopii parhaiten saunan rakenteeseen.<\/p>\n<p>Kiukaaseen mahtuu noin 50 kg kiuaskivi\u00e4 ja\u00a0 jopa 60 cm pitk\u00e4t polttopuut, mik\u00e4 mahdollistaa nopean l\u00e4mpenemisen ja miellytt\u00e4v\u00e4n, tasaisen l\u00e4mm\u00f6n. Kest\u00e4v\u00e4 metallikuori on viimeistelty mustalla kuumuudenkest\u00e4v\u00e4ll\u00e4 maalilla ja suunniteltu tarjoamaan pitk\u00e4ik\u00e4ist\u00e4 ja luotettavaa k\u00e4ytt\u00f6\u00e4.<\/p>\n<p>Kiuas valmistetaan Virossa ja se t\u00e4ytt\u00e4\u00e4 EN 15821:2010 -standardin mukaiset laatu- ja turvallisuusvaatimukset.<\/p>\n<p><strong>Tekniset tiedot:<\/strong><\/p>\n<ul>\n<li>L\u00e4mmitett\u00e4v\u00e4n huoneen tila: 16\u201325 m\u00b3<\/li>\n<li>Korkeus: 81 cm<\/li>\n<li>Leveys: 61 cm<\/li>\n<li>Syvyys: 51 cm<\/li>\n<li>Tulisijan tunnelin syvyys: 17 cm<\/li>\n<li>Paino: 75 kg<\/li>\n<li>Kivim\u00e4\u00e4r\u00e4: n. 50 kg<\/li>\n<li>Vesis\u00e4ili\u00f6: 40 l, ruostumatonta ter\u00e4st\u00e4 (vasen tai oikea puoli)<\/li>\n<li>Polttopuiden pituus: enint\u00e4\u00e4n 60 cm<\/li>\n<li>Savupiipun halkaisija: 115 mm (liit\u00e4nt\u00e4 ylh\u00e4\u00e4ll\u00e4)<\/li>\n<li>Asennus: l\u00e4mmitet\u00e4\u00e4n viereisest\u00e4 huoneesta \/ sein\u00e4n l\u00e4pi<\/li>\n<li>Kuori: metallikuori, musta kuumuudenkest\u00e4v\u00e4 pinnoite<\/li>\n<\/ul>\n<p><strong>Vakiovarusteet:<\/strong><\/p>\n<ul>\n<li>Musta metallikuori ruostumattomasta ter\u00e4ksest\u00e4 valmistetulla yl\u00e4reunalla<\/li>\n<li>Tulipes\u00e4 sein\u00e4n l\u00e4pi \u2013 l\u00e4mmitys viereisest\u00e4 huoneesta<\/li>\n<li>Metallinen ovi (vakio)<\/li>\n<li>Savupiippuliit\u00e4nt\u00e4 ylh\u00e4\u00e4lt\u00e4<\/li>\n<li>Saranat vasemmalla (vakio)<\/li>\n<li>Valmistettu Virossa, EN 15821:2010 -standardin mukainen<\/li>\n<\/ul>\n<p><strong>Lis\u00e4varusteet:<\/strong><\/p>\n<ul>\n<li>Kuumuutta kest\u00e4v\u00e4 lasiovi (230 \u00d7 230 mm)<\/li>\n<li>40 l avoin ruostumaton vesis\u00e4ili\u00f6 (vasen tai oikea), varustettu kannella<\/li>\n<li>Oikealle avautuva ovi<\/li>\n<li>Boilerin liit\u00e4nt\u00e4: oikea, vasen tai taka<\/li>\n<li>Kuoren v\u00e4rivaihtoehdot: punamusta, harmaamusta, ruostumaton ter\u00e4s<\/li>\n<li>Viimeistelykehys sein\u00e4aukkoon (suositellaan sein\u00e4n l\u00e4pi asennukseen)<\/li>\n<\/ul>\n<p><strong>Saatavilla olevat mallit:<br \/>\n<\/strong><br \/>\nMalli\u00a0 \u00a0 \u00a0 \u00a0 \u00a0 \u00a0 \u00a0 \u00a0 \u00a0 \u00a0 \u00a0 \u00a0 \u00a0 \u00a0 \u00a0 \u00a0 \u00a0 \u00a0 \u00a0 \u00a0 \u00a0 \u00a0 \u00a0 \u00a0 \u00a0 \u00a0 \u00a0 \u00a0 \u00a0 \u00a0 \u00a0 \u00a0 \u00a0 \u00a0 \u00a0 \u00a0 \u00a0 \u00a0 \u00a0 \u00a0Kuvaus\u00a0 \u00a0 \u00a0 \u00a0 \u00a0 \u00a0 \u00a0 \u00a0 \u00a0 \u00a0 \u00a0 \u00a0 \u00a0 \u00a0 \u00a0 \u00a0 \u00a0 \u00a0 \u00a0 \u00a0 \u00a0 \u00a0 \u00a0 \u00a0 \u00a0 \u00a0 \u00a0 \u00a0 \u00a0 \u00a0 \u00a0 \u00a0 \u00a0 \u00a0 \u00a0 \u00a0 \u00a0 \u00a0 \u00a0 \u00a0 \u00a0 \u00a0 \u00a0 \u00a0 \u00a0 \u00a0 \u00a0 \u00a0 \u00a0 \u00a0 \u00a0 \u00a0 \u00a0 \u00a0 \u00a0 \u00a0 \u00a0 \u00a0 EAN\u00a0 \u00a0 \u00a0 \u00a0 \u00a0 \u00a0 \u00a0 \u00a0 \u00a0 \u00a0 \u00a0Hinta<br \/>\nP-22040 PI\u00a0 \u00a0 \u00a0 \u00a0 \u00a0 \u00a0 \u00a0Jatkotulisijallinen kiuas (16\u201325 m\u00b3), s\u00e4ili\u00f6paikka oikealla, ilman s\u00e4ili\u00f6t\u00e4\u00a0 \u00a0 \u00a0 \u00a0 \u00a0 \u00a0 \u00a0 \u00a0 \u00a0 \u00a0 \u00a0 \u00a0 \u00a0 \u00a0 \u00a0 \u00a0 \u00a0 \u00a0 \u00a0 \u00a0 \u00a0 \u00a0 \u00a0 \u00a0 \u00a0 \u00a0 \u00a0 \u00a0 4742482007967\u00a0 \u00a0 \u00a0 \u00a0529.00 \u20ac<br \/>\nP-22040 PRV\u00a0 \u00a0 \u00a0 \u00a0 \u00a0Jatkotulisijallinen kiuas (16\u201325 m\u00b3), 40 L ruostumaton vesitankki oikealla, hanalla\u00a0 \u00a0 \u00a0 \u00a0 \u00a0 \u00a0 \u00a0 \u00a0 \u00a0 \u00a0 \u00a0 \u00a0 \u00a0 \u00a0 \u00a0 \u00a0 \u00a0 \u00a0 \u00a04742482007851\u00a0 \u00a0 \u00a0 \u00a0713.00 \u20ac<br \/>\nP-22040 PRVGL\u00a0 \u00a0 Jatkotulisijallinen kiuas (16\u201325 m\u00b3), 40 L ruostumaton vesitankki oikealla, hanalla ja lasiovella\u00a0 \u00a0 \u00a0 \u00a0 \u00a0 \u00a0 \u00a0 \u00a0 4742482002986\u00a0 \u00a0 \u00a0 730.25 \u20ac<br \/>\nP-22040 VI\u00a0 \u00a0 \u00a0 \u00a0 \u00a0 \u00a0 Jatkotulisijallinen kiuas (16\u201325 m\u00b3), s\u00e4ili\u00f6paikka vasemmalla, ilman s\u00e4ili\u00f6t\u00e4\u00a0 \u00a0 \u00a0 \u00a0 \u00a0 \u00a0 \u00a0 \u00a0 \u00a0 \u00a0 \u00a0 \u00a0 \u00a0 \u00a0 \u00a0 \u00a0 \u00a0 \u00a0 \u00a0 \u00a0 \u00a0 \u00a0 \u00a0 \u00a0 4742482007974\u00a0 \u00a0 \u00a0 \u00a0 529.00 \u20ac<br \/>\nP-22040 VRV\u00a0 \u00a0 \u00a0 \u00a0 Jatkotulisijallinen kiuas (16\u201325 m\u00b3), 40 L ruostumaton vesitankki vasemmalla, hanalla\u00a0 \u00a0 \u00a0 \u00a0 \u00a0 \u00a0 \u00a0 \u00a0 \u00a0 \u00a0 \u00a0 \u00a0 \u00a0 \u00a0 \u00a04742482007868\u00a0 \u00a0 \u00a0 \u00a0 713.00 \u20ac<br \/>\nP-22040 VRVGL\u00a0 \u00a0Jatkotulisijallinen kiuas (16\u201325 m\u00b3), 40 L ruostumaton vesitankki vasemmalla, hanalla ja lasiovella\u00a0 \u00a0 \u00a0 \u00a0 4742482002993\u00a0 \u00a0 \u00a0 \u00a0730.25 \u20ac<\/p>\n<p>&nbsp;<\/p>\n<p><img loading=\"lazy\" decoding=\"async\" class=\"alignnone wp-image-132156\" src=\"https:\/\/factory.sale\/wp-content\/uploads\/2025\/11\/Skamet-Virolainen-laatu-300x200.webp\" alt=\"\" width=\"1220\" height=\"813\" srcset=\"https:\/\/factory.sale\/wp-content\/uploads\/2025\/11\/Skamet-Virolainen-laatu-300x200.webp 300w, https:\/\/factory.sale\/wp-content\/uploads\/2025\/11\/Skamet-Virolainen-laatu-1024x683.webp 1024w, https:\/\/factory.sale\/wp-content\/uploads\/2025\/11\/Skamet-Virolainen-laatu-150x100.webp 150w, https:\/\/factory.sale\/wp-content\/uploads\/2025\/11\/Skamet-Virolainen-laatu-768x512.webp 768w, https:\/\/factory.sale\/wp-content\/uploads\/2025\/11\/Skamet-Virolainen-laatu-1536x1024.webp 1536w, https:\/\/factory.sale\/wp-content\/uploads\/2025\/11\/Skamet-Virolainen-laatu-600x400.webp 600w, https:\/\/factory.sale\/wp-content\/uploads\/2025\/11\/Skamet-Virolainen-laatu.webp 2016w\" sizes=\"auto, (max-width: 1220px) 100vw, 1220px\" \/><\/p>\n","protected":false},"excerpt":{"rendered":"<p>Skamet P-22040 on tehokas puul\u00e4mmitteinen kiuas 16\u201325 m\u00b3 l\u00f6ylyhuoneisiin. Valinnainen 40 litran ruostumattomasta ter\u00e4ksest\u00e4 valmistettu sivuvesis\u00e4ili\u00f6 voidaan sijoittaa joko oikealle tai vasemmalle puolelle. L\u00e4mmitys viereisest\u00e4 huoneesta pit\u00e4\u00e4 l\u00f6ylyhuoneen siistin\u00e4 ja tarjoaa samalla voimakkaan, tasaisen l\u00e4mm\u00f6n sek\u00e4 k\u00e4tev\u00e4n kuumavesiratkaisun.<\/p>\n","protected":false},"featured_media":131799,"comment_status":"open","ping_status":"closed","template":"","meta":{"_acf_changed":false},"factory":[],"free-shipment":[],"product_brand":[4640],"product_cat":[484,4639],"product_tag":[],"class_list":{"0":"post-132172","1":"product","2":"type-product","3":"status-publish","4":"has-post-thumbnail","6":"product_brand-skamet","7":"product_cat-saunan-kiukaat","8":"product_cat-skamet-fi","10":"first","11":"instock","12":"sale","13":"taxable","14":"shipping-taxable","15":"purchasable","16":"product-type-simple"},"acf":[],"_links":{"self":[{"href":"https:\/\/factory.sale\/fi\/wp-json\/wp\/v2\/product\/132172","targetHints":{"allow":["GET"]}}],"collection":[{"href":"https:\/\/factory.sale\/fi\/wp-json\/wp\/v2\/product"}],"about":[{"href":"https:\/\/factory.sale\/fi\/wp-json\/wp\/v2\/types\/product"}],"replies":[{"embeddable":true,"href":"https:\/\/factory.sale\/fi\/wp-json\/wp\/v2\/comments?post=132172"}],"wp:featuredmedia":[{"embeddable":true,"href":"https:\/\/factory.sale\/fi\/wp-json\/wp\/v2\/media\/131799"}],"wp:attachment":[{"href":"https:\/\/factory.sale\/fi\/wp-json\/wp\/v2\/media?parent=132172"}],"wp:term":[{"taxonomy":"factory","embeddable":true,"href":"https:\/\/factory.sale\/fi\/wp-json\/wp\/v2\/factory?post=132172"},{"taxonomy":"free-shipment","embeddable":true,"href":"https:\/\/factory.sale\/fi\/wp-json\/wp\/v2\/free-shipment?post=132172"},{"taxonomy":"product_brand","embeddable":true,"href":"https:\/\/factory.sale\/fi\/wp-json\/wp\/v2\/product_brand?post=132172"},{"taxonomy":"product_cat","embeddable":true,"href":"https:\/\/factory.sale\/fi\/wp-json\/wp\/v2\/product_cat?post=132172"},{"taxonomy":"product_tag","embeddable":true,"href":"https:\/\/factory.sale\/fi\/wp-json\/wp\/v2\/product_tag?post=132172"}],"curies":[{"name":"wp","href":"https:\/\/api.w.org\/{rel}","templated":true}]}}