{"id":132165,"date":"2025-11-21T16:53:46","date_gmt":"2025-11-27T07:20:25","guid":{"rendered":"https:\/\/factory.sale\/?post_type=product&#038;p=132165"},"modified":"2026-03-18T09:20:22","modified_gmt":"2026-03-18T06:20:22","slug":"skamet-s-220-puulammitteinen-kiuas-kulmikas-verkkokuori-16-25-m%c2%b3-lammitetaan-viereisesta-huoneesta","status":"publish","type":"product","link":"https:\/\/factory.sale\/fi\/tuote\/skamet-s-220-puulammitteinen-kiuas-kulmikas-verkkokuori-16-25-m%c2%b3-lammitetaan-viereisesta-huoneesta\/","title":{"rendered":"Skamet S-220 puul\u00e4mmitteinen kiuas, kulmikas verkkokuori (16\u201325 m\u00b3), l\u00e4mmitet\u00e4\u00e4n viereisest\u00e4 huoneesta"},"content":{"rendered":"<p>Skamet S-220 on suunniteltu 16\u201325 m\u00b3 kokoisiin l\u00f6ylyhuoneisiin ja se l\u00e4mmitet\u00e4\u00e4n viereisest\u00e4 huoneesta. Tulipes\u00e4n sijoittaminen sein\u00e4n l\u00e4pi mahdollistaa polttopuiden lis\u00e4\u00e4misen esimerkiksi pukuhuoneesta tai pesuhuoneesta, jolloin l\u00f6ylyhuone pysyy siistin\u00e4, avarana ja helppohoitoisena.<\/p>\n<p>T\u00e4m\u00e4n mallin keskeinen ominaisuus on kulmikas verkkokuori, johon mahtuu noin 160 kg kiuaskivi\u00e4. Suuri kivim\u00e4\u00e4r\u00e4 takaa pehme\u00e4t, tasaiset ja pitk\u00e4kestoiset l\u00f6ylyt, jotka sopivat niin kotik\u00e4ytt\u00f6\u00f6n kuin pieniin kaupallisiinkin saunoihin.<br \/>\nKiuas on valmistettu kest\u00e4v\u00e4st\u00e4 ter\u00e4ksest\u00e4 ja viimeistelty mustalla kuumuudenkest\u00e4v\u00e4ll\u00e4 maalilla. Jatkettu tulipes\u00e4 mahdollistaa jopa 70 cm pitkien polttopuiden k\u00e4yt\u00f6n, mik\u00e4 tarjoaa tehokkaan ja voimakkaan l\u00e4mmitystehon my\u00f6s suuremmissa saunoissa.<\/p>\n<p>Skamet S-220 valmistetaan Virossa ja se t\u00e4ytt\u00e4\u00e4 EN 15821:2010 -standardin laatu- ja turvallisuusvaatimukset.<\/p>\n<p><strong>Tekniset tiedot:<\/strong><\/p>\n<ul>\n<li>L\u00e4mmitett\u00e4v\u00e4n huoneen tila: 16\u201325 m\u00b3<\/li>\n<li>Korkeus: 86 cm<\/li>\n<li>Leveys: 49 cm<\/li>\n<li>Syvyys: 61 cm<\/li>\n<li>Tulisijan tunnelin syvyys: 20 cm<\/li>\n<li>Paino: 75 kg<\/li>\n<li>Kivim\u00e4\u00e4r\u00e4: n. 160 kg<\/li>\n<li>Polttopuun pituus: enint\u00e4\u00e4n 70 cm<\/li>\n<li>Savupiipun halkaisija: 115 mm (liit\u00e4nt\u00e4 ylh\u00e4\u00e4ll\u00e4)<\/li>\n<li>Asennus: l\u00e4mmitet\u00e4\u00e4n viereisest\u00e4 huoneesta \/ sein\u00e4n l\u00e4pi<\/li>\n<li>Kuorityyppi: kulmikas verkkokuori<\/li>\n<\/ul>\n<p><strong>Vakiovarusteet:<\/strong><\/p>\n<ul>\n<li>Kulmikas verkkokuori suurelle kivim\u00e4\u00e4r\u00e4lle<\/li>\n<li>Tulipes\u00e4 sein\u00e4n l\u00e4pi \u2013 l\u00e4mmitys viereisest\u00e4 huoneesta<\/li>\n<li>Ter\u00e4sovi<\/li>\n<li>Savupiippuliit\u00e4nt\u00e4 ylh\u00e4\u00e4lt\u00e4<\/li>\n<li>Musta kuumuudenkest\u00e4v\u00e4 maalipinta<\/li>\n<li>Saranat vasemmalla<\/li>\n<li>Valmistettu Virossa, EN 15821:2010 -standardin mukainen<\/li>\n<\/ul>\n<p><strong>Lis\u00e4varusteet:<\/strong><\/p>\n<ul>\n<li>Kuumuutta kest\u00e4v\u00e4 lasiovi (230 \u00d7 230 mm)<\/li>\n<li>Oikealle avautuva ovi<\/li>\n<li>Savupiippuliit\u00e4nt\u00e4 takaosasta<\/li>\n<li>Boilerin liit\u00e4nt\u00e4: oikealta, vasemmalta tai takaa<\/li>\n<li>Viimeistelykehys sein\u00e4aukkoon (suositellaan sein\u00e4n l\u00e4pi asennukseen)<\/li>\n<\/ul>\n<p><strong>Saatavilla olevat mallit:<br \/>\n<\/strong><br \/>\nMalli\u00a0 \u00a0 \u00a0 \u00a0 \u00a0 \u00a0 \u00a0 \u00a0 \u00a0 \u00a0 \u00a0 \u00a0 \u00a0 \u00a0 \u00a0 \u00a0 \u00a0 \u00a0 \u00a0 \u00a0 \u00a0 \u00a0 \u00a0 \u00a0 \u00a0 \u00a0 \u00a0 \u00a0 \u00a0 \u00a0 \u00a0 \u00a0 \u00a0 \u00a0 \u00a0 \u00a0 \u00a0 \u00a0 \u00a0 \u00a0 \u00a0 \u00a0 \u00a0 \u00a0 Kuvaus\u00a0 \u00a0 \u00a0 \u00a0 \u00a0 \u00a0 \u00a0 \u00a0 \u00a0 \u00a0 \u00a0 \u00a0 \u00a0 \u00a0 \u00a0 \u00a0 \u00a0 \u00a0 \u00a0 \u00a0 \u00a0 \u00a0 \u00a0 \u00a0 \u00a0 \u00a0 \u00a0 \u00a0 \u00a0 \u00a0 \u00a0 \u00a0 \u00a0 \u00a0 \u00a0 \u00a0 \u00a0 \u00a0 \u00a0 \u00a0 \u00a0 \u00a0 \u00a0 \u00a0 \u00a0 \u00a0 \u00a0 \u00a0 \u00a0 \u00a0 \u00a0 \u00a0 EAN\u00a0 \u00a0 \u00a0 \u00a0 \u00a0 \u00a0 \u00a0 Hinta<br \/>\nS-220\u00a0 \u00a0 \u00a0 \u00a0 \u00a0 \u00a0 \u00a0 \u00a0Jatkotulisijalla varustettu kiuas (16\u201325 m\u00b3), ilman boileriliit\u00e4nt\u00e4\u00e4 (kulmikas verkkokuori)\u00a0 \u00a0 \u00a0 \u00a0 \u00a0 \u00a0 \u00a0 \u00a0 \u00a0 \u00a0 \u00a0 \u00a0 \u00a0 \u00a0 \u00a0 4742482001583\u00a0 \u00a0 \u00a0563.50 \u20ac<br \/>\nS-220 GL\u00a0 \u00a0 \u00a0 \u00a0 Jatkotulisijallinen kiuas (16\u201325 m\u00b3), lasiovella, ilman boileriliit\u00e4nt\u00e4\u00e4 (kulmikas verkkokuori)\u00a0 \u00a0 \u00a0 \u00a0 \u00a0 \u00a0 \u00a0 \u00a0 \u00a0 \u00a0 \u00a0 \u00a0 \u00a0 \u00a04742482001620\u00a0 \u00a0 580.75 \u20ac<br \/>\nS-220 BP\u00a0 \u00a0 \u00a0 \u00a0 \u00a0Jatkotulisijallinen kiuas (16\u201325 m\u00b3), boileriliit\u00e4nt\u00e4 oikealla (kulmikas verkkokuori)\u00a0 \u00a0 \u00a0 \u00a0 \u00a0 \u00a0 \u00a0 \u00a0 \u00a0 \u00a0 \u00a0 \u00a0 \u00a0 \u00a0 \u00a0 \u00a0 \u00a0 \u00a0 \u00a0 \u00a0 \u00a0 \u00a04742482001590\u00a0 \u00a0 \u00a0603.75 \u20ac<br \/>\nS-220 BPGL\u00a0 \u00a0 Jatkotulisijallinen kiuas (16\u201325 m\u00b3), boileriliit\u00e4nt\u00e4 oikealla, lasiovella (kulmikas verkkokuori)\u00a0 \u00a0 \u00a0 \u00a0 \u00a0 \u00a0 \u00a0 \u00a0 \u00a0 \u00a0 \u00a0 \u00a0 \u00a04742482001637\u00a0 \u00a0 \u00a0 621.00 \u20ac<br \/>\nS-220 BV\u00a0 \u00a0 \u00a0 \u00a0 \u00a0Jatkotulisijallinen kiuas (16\u201325 m\u00b3), boileriliit\u00e4nt\u00e4 vasemmalla (kulmikas verkkokuori)\u00a0 \u00a0 \u00a0 \u00a0 \u00a0 \u00a0 \u00a0 \u00a0 \u00a0 \u00a0 \u00a0 \u00a0 \u00a0 \u00a0 \u00a0 \u00a0 \u00a0 \u00a04742482001606\u00a0 \u00a0 \u00a0603.75 \u20ac<br \/>\nS-220 BVGL\u00a0 \u00a0 Jatkotulisijallinen kiuas (16\u201325 m\u00b3), boileriliit\u00e4nt\u00e4 vasemmalla, lasiovella (kulmikas verkkokuori)\u00a0 \u00a0 \u00a0 \u00a0 \u00a0 \u00a0 \u00a0 \u00a0 \u00a04742482001644\u00a0 \u00a0 \u00a0621.00 \u20ac<br \/>\nS-220 BT\u00a0 \u00a0 \u00a0 \u00a0 \u00a0 Jatkotulisijallinen kiuas (16\u201325 m\u00b3), boileriliit\u00e4nt\u00e4 takaa (kulmikas verkkokuori)\u00a0 \u00a0 \u00a0 \u00a0 \u00a0 \u00a0 \u00a0 \u00a0 \u00a0 \u00a0 \u00a0 \u00a0 \u00a0 \u00a0 \u00a0 \u00a0 \u00a0 \u00a0 \u00a0 \u00a0 \u00a0 \u00a0 \u00a0 4742482001613\u00a0 \u00a0 \u00a0 603.75 \u20ac<br \/>\nS-220 BTGL\u00a0 \u00a0 \u00a0Jatkotulisijallinen kiuas (16\u201325 m\u00b3), boileriliit\u00e4nt\u00e4 takaa, lasiovella (kulmikas verkkokuori)\u00a0 \u00a0 \u00a0 \u00a0 \u00a0 \u00a0 \u00a0 \u00a0 \u00a0 \u00a0 \u00a0 \u00a0 \u00a0 \u00a0 4742482001651\u00a0 \u00a0 \u00a0 621.00 \u20ac<\/p>\n<p>&nbsp;<\/p>\n<p><img loading=\"lazy\" decoding=\"async\" class=\"alignnone wp-image-132156\" src=\"https:\/\/factory.sale\/wp-content\/uploads\/2025\/11\/Skamet-Virolainen-laatu-300x200.webp\" alt=\"\" width=\"1220\" height=\"813\" srcset=\"https:\/\/factory.sale\/wp-content\/uploads\/2025\/11\/Skamet-Virolainen-laatu-300x200.webp 300w, https:\/\/factory.sale\/wp-content\/uploads\/2025\/11\/Skamet-Virolainen-laatu-1024x683.webp 1024w, https:\/\/factory.sale\/wp-content\/uploads\/2025\/11\/Skamet-Virolainen-laatu-150x100.webp 150w, https:\/\/factory.sale\/wp-content\/uploads\/2025\/11\/Skamet-Virolainen-laatu-768x512.webp 768w, https:\/\/factory.sale\/wp-content\/uploads\/2025\/11\/Skamet-Virolainen-laatu-1536x1024.webp 1536w, https:\/\/factory.sale\/wp-content\/uploads\/2025\/11\/Skamet-Virolainen-laatu-600x400.webp 600w, https:\/\/factory.sale\/wp-content\/uploads\/2025\/11\/Skamet-Virolainen-laatu.webp 2016w\" sizes=\"auto, (max-width: 1220px) 100vw, 1220px\" \/><\/p>\n","protected":false},"excerpt":{"rendered":"<p>Skamet S-220 on tehokas puukiuas 16\u201325 m\u00b3 saunoihin. Kulmikas verkkokuori korostaa suurta kivim\u00e4\u00e4r\u00e4\u00e4 ja tarjoaa pehme\u00e4t, pitk\u00e4kestoiset l\u00f6ylyt. Kiuasta l\u00e4mmitet\u00e4\u00e4n viereisest\u00e4 huoneesta, mik\u00e4 pit\u00e4\u00e4 l\u00f6ylyhuoneen siistin\u00e4 ja helpottaa polttopuiden lis\u00e4\u00e4mist\u00e4.<\/p>\n","protected":false},"featured_media":131836,"comment_status":"open","ping_status":"closed","template":"","meta":{"_acf_changed":false},"factory":[],"free-shipment":[],"product_brand":[4640],"product_cat":[484,4639],"product_tag":[],"class_list":{"0":"post-132165","1":"product","2":"type-product","3":"status-publish","4":"has-post-thumbnail","6":"product_brand-skamet","7":"product_cat-saunan-kiukaat","8":"product_cat-skamet-fi","10":"first","11":"instock","12":"sale","13":"taxable","14":"shipping-taxable","15":"purchasable","16":"product-type-simple"},"acf":[],"_links":{"self":[{"href":"https:\/\/factory.sale\/fi\/wp-json\/wp\/v2\/product\/132165","targetHints":{"allow":["GET"]}}],"collection":[{"href":"https:\/\/factory.sale\/fi\/wp-json\/wp\/v2\/product"}],"about":[{"href":"https:\/\/factory.sale\/fi\/wp-json\/wp\/v2\/types\/product"}],"replies":[{"embeddable":true,"href":"https:\/\/factory.sale\/fi\/wp-json\/wp\/v2\/comments?post=132165"}],"wp:featuredmedia":[{"embeddable":true,"href":"https:\/\/factory.sale\/fi\/wp-json\/wp\/v2\/media\/131836"}],"wp:attachment":[{"href":"https:\/\/factory.sale\/fi\/wp-json\/wp\/v2\/media?parent=132165"}],"wp:term":[{"taxonomy":"factory","embeddable":true,"href":"https:\/\/factory.sale\/fi\/wp-json\/wp\/v2\/factory?post=132165"},{"taxonomy":"free-shipment","embeddable":true,"href":"https:\/\/factory.sale\/fi\/wp-json\/wp\/v2\/free-shipment?post=132165"},{"taxonomy":"product_brand","embeddable":true,"href":"https:\/\/factory.sale\/fi\/wp-json\/wp\/v2\/product_brand?post=132165"},{"taxonomy":"product_cat","embeddable":true,"href":"https:\/\/factory.sale\/fi\/wp-json\/wp\/v2\/product_cat?post=132165"},{"taxonomy":"product_tag","embeddable":true,"href":"https:\/\/factory.sale\/fi\/wp-json\/wp\/v2\/product_tag?post=132165"}],"curies":[{"name":"wp","href":"https:\/\/api.w.org\/{rel}","templated":true}]}}