{"id":132160,"date":"2025-11-21T16:53:46","date_gmt":"2025-11-27T07:20:24","guid":{"rendered":"https:\/\/factory.sale\/?post_type=product&#038;p=132160"},"modified":"2026-02-05T15:46:53","modified_gmt":"2026-02-05T12:46:53","slug":"skamet-sy-220-puulammitteinen-kiuas-pyorealla-verkkokuorella-16-25-m%c2%b3-saunoihin-lammitetaan-viereisesta-huoneesta","status":"publish","type":"product","link":"https:\/\/factory.sale\/fi\/tuote\/skamet-sy-220-puulammitteinen-kiuas-pyorealla-verkkokuorella-16-25-m%c2%b3-saunoihin-lammitetaan-viereisesta-huoneesta\/","title":{"rendered":"Skamet SY-220 \u2013 puul\u00e4mmitteinen kiuas py\u00f6re\u00e4ll\u00e4 verkkokuorella (16\u201325 m\u00b3 saunoihin), l\u00e4mmitet\u00e4\u00e4n viereisest\u00e4 huoneesta"},"content":{"rendered":"<p>Skamet SY-220 on suunniteltu 16\u201325 m\u00b3 kokoisiin l\u00f6ylyhuoneisiin ja se l\u00e4mmitet\u00e4\u00e4n viereisest\u00e4 huoneesta. T\u00e4m\u00e4 ratkaisu pit\u00e4\u00e4 l\u00f6ylyhuoneen siistin\u00e4 ja avarana ja polttopuiden lis\u00e4\u00e4minen tapahtuu k\u00e4tev\u00e4sti toisesta tilasta.<\/p>\n<p>Mallin keskeinen ominaisuus on py\u00f6re\u00e4 verkkokuori, johon mahtuu noin 110 kg kiuaskivi\u00e4. Suuri kivim\u00e4\u00e4r\u00e4 takaa pehme\u00e4t ja tasaiset l\u00f6ylyt sek\u00e4 visuaalisesti n\u00e4ytt\u00e4v\u00e4n ulkon\u00e4\u00f6n, sill\u00e4 kivet ovat hyvin esill\u00e4. SY-220 on valmistettu kest\u00e4vist\u00e4 materiaaleista ja soveltuu sek\u00e4 kotik\u00e4ytt\u00f6\u00f6n ett\u00e4 pieniin kaupallisiin saunoihin.<\/p>\n<p><strong>Tekniset tiedot:<\/strong><\/p>\n<ul>\n<li>L\u00e4mmitett\u00e4v\u00e4 huonetila: 16\u201325 m\u00b3<\/li>\n<li>Korkeus: 84 cm<\/li>\n<li>Halkaisija: 56 cm<\/li>\n<li>Tunneli \/ tulipes\u00e4n syvyys: 20 cm<\/li>\n<li>Kivim\u00e4\u00e4r\u00e4: n. 110 kg<\/li>\n<li>Polttopuun pituus: enint\u00e4\u00e4n 70 cm<\/li>\n<li>Savupiipun halkaisija: 115 mm<\/li>\n<li>Asennus: l\u00e4mmitys viereisest\u00e4 huoneesta \/ sein\u00e4n l\u00e4pi<\/li>\n<li>Kuori: py\u00f6re\u00e4 verkkokuori<\/li>\n<\/ul>\n<p><strong>Vakiovarusteet:<\/strong><\/p>\n<ul>\n<li>Py\u00f6re\u00e4 verkkokuori suurelle kivim\u00e4\u00e4r\u00e4lle<\/li>\n<li>Tulipes\u00e4 sein\u00e4n l\u00e4pi \u2013 l\u00e4mmitys viereisest\u00e4 huoneesta<\/li>\n<li>Ter\u00e4sovi (vakio)<\/li>\n<li>Savupiippuliit\u00e4nt\u00e4 ylh\u00e4\u00e4lt\u00e4<\/li>\n<li>Musta kuumuudenkest\u00e4v\u00e4 maalipinta<\/li>\n<li>Saranat vasemmalla (vakio)<\/li>\n<li>T\u00e4ytt\u00e4\u00e4 kaikki vaaditut turvallisuus- ja laatuvaatimukset<\/li>\n<\/ul>\n<p><strong>Lis\u00e4varusteet:<\/strong><\/p>\n<ul>\n<li>Kuumuutta kest\u00e4v\u00e4 lasiovi<\/li>\n<li>Savupiippuliit\u00e4nt\u00e4 takaa<\/li>\n<li>Oikealle avautuva ovi<\/li>\n<li>Boilerin liit\u00e4nt\u00e4: oikealta, vasemmalta tai takaa<\/li>\n<li>Viimeistelykehys sein\u00e4aukkoon (suositellaan sein\u00e4n l\u00e4pi asennukseen)<\/li>\n<\/ul>\n<p><strong>Saatavilla olevat mallit:<br \/>\n<\/strong><br \/>\nMalli\u00a0 \u00a0 \u00a0 \u00a0 \u00a0 \u00a0 \u00a0 \u00a0 \u00a0 \u00a0 \u00a0 \u00a0 \u00a0 \u00a0 \u00a0 \u00a0 \u00a0 \u00a0 \u00a0 \u00a0 \u00a0 \u00a0 \u00a0 \u00a0 \u00a0 \u00a0 \u00a0 \u00a0 \u00a0 \u00a0 \u00a0 \u00a0 \u00a0 \u00a0 \u00a0 \u00a0 \u00a0 \u00a0 \u00a0 Kuvaus\u00a0 \u00a0 \u00a0 \u00a0 \u00a0 \u00a0 \u00a0 \u00a0 \u00a0 \u00a0 \u00a0 \u00a0 \u00a0 \u00a0 \u00a0 \u00a0 \u00a0 \u00a0 \u00a0 \u00a0 \u00a0 \u00a0 \u00a0 \u00a0 \u00a0 \u00a0 \u00a0 \u00a0 \u00a0 \u00a0 \u00a0 \u00a0 \u00a0 \u00a0 \u00a0 \u00a0 \u00a0 \u00a0 \u00a0 \u00a0 \u00a0 \u00a0 \u00a0 \u00a0 \u00a0 \u00a0 \u00a0 \u00a0 \u00a0 \u00a0 \u00a0 \u00a0 \u00a0 \u00a0 \u00a0 \u00a0 \u00a0 \u00a0 \u00a0 \u00a0 \u00a0 \u00a0 \u00a0 \u00a0 EAN\u00a0 \u00a0 \u00a0 \u00a0 \u00a0 \u00a0 \u00a0 \u00a0Hinta<br \/>\nSY-220\u00a0 \u00a0 \u00a0 \u00a0 \u00a0 \u00a0 \u00a0 Suorituskykyinen jatkotulisijalla varustettu kiuas (16\u201325 m\u00b3), ilman boileriliit\u00e4nt\u00e4\u00e4 (py\u00f6re\u00e4 verkkokuori)\u00a0 \u00a0 \u00a0 \u00a0 \u00a0 \u00a0 \u00a0 \u00a0 \u00a0 4742482001743\u00a0 \u00a0 563.50 \u20ac<br \/>\nSY-220 GL\u00a0 \u00a0 \u00a0 \u00a0 Jatkotulisijallinen kiuas (16\u201325 m\u00b3), ilman boileriliit\u00e4nt\u00e4\u00e4, lasiovella (py\u00f6re\u00e4 verkkokuori)\u00a0 \u00a0 \u00a0 \u00a0 \u00a0 \u00a0 \u00a0 \u00a0 \u00a0 \u00a0 \u00a0 \u00a0 \u00a0 \u00a0 \u00a0 \u00a0 \u00a0 \u00a0 \u00a0 \u00a0 \u00a0 \u00a0 4742482001781\u00a0 \u00a0 580.75 \u20ac<br \/>\nSY-220 BP\u00a0 \u00a0 \u00a0 \u00a0 Jatkotulisijallinen kiuas (16\u201325 m\u00b3), boileriliit\u00e4nt\u00e4 oikealla (py\u00f6re\u00e4 verkkokuori)\u00a0 \u00a0 \u00a0 \u00a0 \u00a0 \u00a0 \u00a0 \u00a0 \u00a0 \u00a0 \u00a0 \u00a0 \u00a0 \u00a0 \u00a0 \u00a0 \u00a0 \u00a0 \u00a0 \u00a0 \u00a0 \u00a0 \u00a0 \u00a0 \u00a0 \u00a0 \u00a0 \u00a0 \u00a0 \u00a0 \u00a04742482001750\u00a0 \u00a0 603.75 \u20ac<br \/>\nSY-220 BPGL\u00a0 \u00a0Jatkotulisijallinen kiuas (16\u201325 m\u00b3), boileriliit\u00e4nt\u00e4 oikealla, lasiovella (py\u00f6re\u00e4 verkkokuori)\u00a0 \u00a0 \u00a0 \u00a0 \u00a0 \u00a0 \u00a0 \u00a0 \u00a0 \u00a0 \u00a0 \u00a0 \u00a0 \u00a0 \u00a0 \u00a0 \u00a0 \u00a0 \u00a0 \u00a0 \u00a0 \u00a04742482001798\u00a0 \u00a0 621.00 \u20ac<br \/>\nSY-220 BV\u00a0 \u00a0 \u00a0 \u00a0 Jatkotulisijallinen kiuas (16\u201325 m\u00b3), boileriliit\u00e4nt\u00e4 vasemmalla (py\u00f6re\u00e4 verkkokuori)\u00a0 \u00a0 \u00a0 \u00a0 \u00a0 \u00a0 \u00a0 \u00a0 \u00a0 \u00a0 \u00a0 \u00a0 \u00a0 \u00a0 \u00a0 \u00a0 \u00a0 \u00a0 \u00a0 \u00a0 \u00a0 \u00a0 \u00a0 \u00a0 \u00a0 \u00a0 \u00a04742482001767\u00a0 \u00a0 603.75 \u20ac<br \/>\nSY-220 BVGL\u00a0 \u00a0Jatkotulisijallinen kiuas (16\u201325 m\u00b3), boileriliit\u00e4nt\u00e4 vasemmalla, lasiovella (py\u00f6re\u00e4 verkkokuori)\u00a0 \u00a0 \u00a0 \u00a0 \u00a0 \u00a0 \u00a0 \u00a0 \u00a0 \u00a0 \u00a0 \u00a0 \u00a0 \u00a0 \u00a0 \u00a0 \u00a0 \u00a04742482001804\u00a0 \u00a0621.00 \u20ac<br \/>\nSY-220 BT\u00a0 \u00a0 \u00a0 \u00a0 Jatkotulisijallinen kiuas (16\u201325 m\u00b3), boileriliit\u00e4nt\u00e4 takaa (py\u00f6re\u00e4 verkkokuori)\u00a0 \u00a0 \u00a0 \u00a0 \u00a0 \u00a0 \u00a0 \u00a0 \u00a0 \u00a0 \u00a0 \u00a0 \u00a0 \u00a0 \u00a0 \u00a0 \u00a0 \u00a0 \u00a0 \u00a0 \u00a0 \u00a0 \u00a0 \u00a0 \u00a0 \u00a0 \u00a0 \u00a0 \u00a0 \u00a0 \u00a0 \u00a0 \u00a04742482001774\u00a0 \u00a0 603.75 \u20ac<br \/>\nSY-220 BTGL\u00a0 \u00a0Jatkotulisijallinen kiuas (16\u201325 m\u00b3), boileriliit\u00e4nt\u00e4 takaa, lasiovella (py\u00f6re\u00e4 verkkokuori)\u00a0 \u00a0 \u00a0 \u00a0 \u00a0 \u00a0 \u00a0 \u00a0 \u00a0 \u00a0 \u00a0 \u00a0 \u00a0 \u00a0 \u00a0 \u00a0 \u00a0 \u00a0 \u00a0 \u00a0 \u00a0 \u00a0 \u00a0 \u00a04742482001811\u00a0 \u00a0 \u00a0621.00 \u20ac<\/p>\n<p>&nbsp;<\/p>\n<p><img loading=\"lazy\" decoding=\"async\" class=\"alignnone wp-image-132156\" src=\"https:\/\/factory.sale\/wp-content\/uploads\/2025\/11\/Skamet-Virolainen-laatu-300x200.webp\" alt=\"\" width=\"1220\" height=\"813\" srcset=\"https:\/\/factory.sale\/wp-content\/uploads\/2025\/11\/Skamet-Virolainen-laatu-300x200.webp 300w, https:\/\/factory.sale\/wp-content\/uploads\/2025\/11\/Skamet-Virolainen-laatu-1024x683.webp 1024w, https:\/\/factory.sale\/wp-content\/uploads\/2025\/11\/Skamet-Virolainen-laatu-150x100.webp 150w, https:\/\/factory.sale\/wp-content\/uploads\/2025\/11\/Skamet-Virolainen-laatu-768x512.webp 768w, https:\/\/factory.sale\/wp-content\/uploads\/2025\/11\/Skamet-Virolainen-laatu-1536x1024.webp 1536w, https:\/\/factory.sale\/wp-content\/uploads\/2025\/11\/Skamet-Virolainen-laatu-600x400.webp 600w, https:\/\/factory.sale\/wp-content\/uploads\/2025\/11\/Skamet-Virolainen-laatu.webp 2016w\" sizes=\"auto, (max-width: 1220px) 100vw, 1220px\" \/><\/p>\n","protected":false},"excerpt":{"rendered":"<p>Skamet SY-220 on tehokas puul\u00e4mmitteinen kiuas 16\u201325 m\u00b3 saunoihin. Py\u00f6re\u00e4 verkkokuori korostaa suurta kivim\u00e4\u00e4r\u00e4\u00e4 ja takaa pehme\u00e4t, pitk\u00e4kestoiset l\u00f6ylyt. Kiuas l\u00e4mmitet\u00e4\u00e4n viereisest\u00e4 huoneesta, mik\u00e4 pit\u00e4\u00e4 l\u00f6ylyhuoneen siistin\u00e4 ja helpottaa puiden lis\u00e4\u00e4mist\u00e4.<\/p>\n","protected":false},"featured_media":131885,"comment_status":"open","ping_status":"closed","template":"","meta":{"_acf_changed":false},"factory":[],"free-shipment":[],"product_brand":[4640],"product_cat":[484,4639],"product_tag":[],"class_list":{"0":"post-132160","1":"product","2":"type-product","3":"status-publish","4":"has-post-thumbnail","6":"product_brand-skamet","7":"product_cat-saunan-kiukaat","8":"product_cat-skamet-fi","10":"first","11":"instock","12":"sale","13":"taxable","14":"shipping-taxable","15":"purchasable","16":"product-type-simple"},"acf":[],"_links":{"self":[{"href":"https:\/\/factory.sale\/fi\/wp-json\/wp\/v2\/product\/132160","targetHints":{"allow":["GET"]}}],"collection":[{"href":"https:\/\/factory.sale\/fi\/wp-json\/wp\/v2\/product"}],"about":[{"href":"https:\/\/factory.sale\/fi\/wp-json\/wp\/v2\/types\/product"}],"replies":[{"embeddable":true,"href":"https:\/\/factory.sale\/fi\/wp-json\/wp\/v2\/comments?post=132160"}],"wp:featuredmedia":[{"embeddable":true,"href":"https:\/\/factory.sale\/fi\/wp-json\/wp\/v2\/media\/131885"}],"wp:attachment":[{"href":"https:\/\/factory.sale\/fi\/wp-json\/wp\/v2\/media?parent=132160"}],"wp:term":[{"taxonomy":"factory","embeddable":true,"href":"https:\/\/factory.sale\/fi\/wp-json\/wp\/v2\/factory?post=132160"},{"taxonomy":"free-shipment","embeddable":true,"href":"https:\/\/factory.sale\/fi\/wp-json\/wp\/v2\/free-shipment?post=132160"},{"taxonomy":"product_brand","embeddable":true,"href":"https:\/\/factory.sale\/fi\/wp-json\/wp\/v2\/product_brand?post=132160"},{"taxonomy":"product_cat","embeddable":true,"href":"https:\/\/factory.sale\/fi\/wp-json\/wp\/v2\/product_cat?post=132160"},{"taxonomy":"product_tag","embeddable":true,"href":"https:\/\/factory.sale\/fi\/wp-json\/wp\/v2\/product_tag?post=132160"}],"curies":[{"name":"wp","href":"https:\/\/api.w.org\/{rel}","templated":true}]}}