{"id":132155,"date":"2025-11-21T16:53:45","date_gmt":"2025-11-27T07:20:26","guid":{"rendered":"https:\/\/factory.sale\/?post_type=product&#038;p=132155"},"modified":"2026-02-05T15:46:39","modified_gmt":"2026-02-05T12:46:39","slug":"skamet-st-220-gl-puulammitteinen-kiuas-suurella-lasiovella-ja-kulmikkaalla-verkkokuorella-16-25-m%c2%b3-saunoihin-lammitetaan-viereisesta-huoneesta","status":"publish","type":"product","link":"https:\/\/factory.sale\/fi\/tuote\/skamet-st-220-gl-puulammitteinen-kiuas-suurella-lasiovella-ja-kulmikkaalla-verkkokuorella-16-25-m%c2%b3-saunoihin-lammitetaan-viereisesta-huoneesta\/","title":{"rendered":"Skamet ST-220 GL \u2013 puul\u00e4mmitteinen kiuas suurella lasiovella ja kulmikkaalla verkkokuorella (16\u201325 m\u00b3 saunoihin), l\u00e4mmitet\u00e4\u00e4n viereisest\u00e4 huoneesta"},"content":{"rendered":"<p>Skamet ST-220 GL on suunniteltu 16\u201325 m\u00b3 kokoisiin l\u00f6ylyhuoneisiin ja se l\u00e4mmitet\u00e4\u00e4n viereisest\u00e4 huoneesta. T\u00e4llainen ratkaisu pit\u00e4\u00e4 l\u00f6ylyhuoneen siistin\u00e4 ja avarana, mutta s\u00e4ilytt\u00e4\u00e4 samalla perinteisen puul\u00e4mmitteisen saunan tunnelman.<\/p>\n<p>Mallin t\u00e4rkeimpi\u00e4 etuja ovat suuri kuumuutta kest\u00e4v\u00e4 lasiovi (330 \u00d7 330 mm), joka tarjoaa selke\u00e4n n\u00e4kym\u00e4n tuleen ja luo saunaan kodikkaan tunnelman, sek\u00e4 kulmikas verkkokuori, johon mahtuu noin 160 kg kiuaskivi\u00e4. Suuri kivim\u00e4\u00e4r\u00e4 takaa pehme\u00e4t ja tasaiset l\u00f6ylyt sek\u00e4 pitk\u00e4n l\u00e4mm\u00f6nkeston. ST-220 GL on tehokas ja suorituskykyinen ratkaisu my\u00f6s suurempiin saunoihin.<\/p>\n<p>Kiuas valmistetaan Virossa kest\u00e4vist\u00e4 materiaaleista, se on viimeistelty mustalla kuumuudenkest\u00e4v\u00e4ll\u00e4 maalilla ja t\u00e4ytt\u00e4\u00e4 kaikki nykyajan turvallisuus- ja laatuvaatimukset.<\/p>\n<p><strong>Tekniset tiedot:<\/strong><\/p>\n<ul>\n<li>L\u00e4mmitett\u00e4v\u00e4 huonetila: 16\u201325 m\u00b3<\/li>\n<li>Korkeus: 84 cm<\/li>\n<li>Leveys: 49 cm<\/li>\n<li>Syvyys: 61 cm<\/li>\n<li>Tunneli \/ tulipes\u00e4n syvyys: 20 cm<\/li>\n<li>Paino: 80 kg<\/li>\n<li>Kivim\u00e4\u00e4r\u00e4: n. 160 kg<\/li>\n<li>Polttopuun pituus: enint\u00e4\u00e4n 70 cm<\/li>\n<li>Lasioven koko: 330 \u00d7 330 mm<\/li>\n<li>Savupiipun halkaisija: 115 mm (liit\u00e4nt\u00e4 ylh\u00e4\u00e4ll\u00e4)<\/li>\n<li>Asennus: l\u00e4mmitys viereisest\u00e4 huoneesta \/ sein\u00e4n l\u00e4pi<\/li>\n<li>Kuori: kulmikas verkkokuori<\/li>\n<\/ul>\n<p><strong>Vakiovarusteet:<\/strong><\/p>\n<ul>\n<li>Suuri kuumuutta kest\u00e4v\u00e4 lasiovi (330 \u00d7 330 mm)<\/li>\n<li>Kulmikas verkkokuori<\/li>\n<li>Tulipes\u00e4 sein\u00e4n l\u00e4pi \u2013 l\u00e4mmitys viereisest\u00e4 huoneesta<\/li>\n<li>Savupiippuliit\u00e4nt\u00e4 ylh\u00e4\u00e4lt\u00e4<\/li>\n<li>Ruostumattomasta ter\u00e4ksest\u00e4 valmistettu kahva<\/li>\n<li>Musta kuumuudenkest\u00e4v\u00e4 maalipinta<\/li>\n<li>Saranat vasemmalla (vakio)<\/li>\n<li>Sopii 16\u201325 m\u00b3 l\u00f6ylyhuoneisiin<\/li>\n<\/ul>\n<p><strong>Lis\u00e4varusteet<\/strong>:<\/p>\n<ul>\n<li>Oikealle avautuva ovi<\/li>\n<li>Puinen kahva<\/li>\n<li>Boilerin liit\u00e4nt\u00e4 (oikealta, vasemmalta tai takaa)<\/li>\n<li>Viimeistelykehys sein\u00e4aukkoon (suositellaan sein\u00e4n l\u00e4pi asennettaessa)<\/li>\n<\/ul>\n<p><strong>Saatavilla olevat mallit:<\/strong><\/p>\n<p>Malli\u00a0 \u00a0 \u00a0 \u00a0 \u00a0 \u00a0 \u00a0 \u00a0 \u00a0 \u00a0 \u00a0 \u00a0 \u00a0 \u00a0 \u00a0 \u00a0 \u00a0 \u00a0 \u00a0 \u00a0 \u00a0 \u00a0 \u00a0 \u00a0 \u00a0 \u00a0 \u00a0 \u00a0 \u00a0 \u00a0 \u00a0 \u00a0 \u00a0 \u00a0Kuvaus\u00a0 \u00a0 \u00a0 \u00a0 \u00a0 \u00a0 \u00a0 \u00a0 \u00a0 \u00a0 \u00a0 \u00a0 \u00a0 \u00a0 \u00a0 \u00a0 \u00a0 \u00a0 \u00a0 \u00a0 \u00a0 \u00a0 \u00a0 \u00a0 \u00a0 \u00a0 \u00a0 \u00a0 \u00a0 \u00a0 \u00a0 \u00a0 \u00a0 \u00a0 \u00a0 \u00a0 \u00a0 \u00a0 \u00a0 \u00a0 \u00a0 \u00a0EAN\u00a0 \u00a0 \u00a0 \u00a0 \u00a0 \u00a0 \u00a0 \u00a0 \u00a0 \u00a0 \u00a0Hinta<br \/>\nST-220 GL\u00a0 \u00a0 \u00a0 \u00a0Suurilasin puul\u00e4mmitteinen kiuas (16\u201325 m\u00b3), ilman boileriliit\u00e4nt\u00e4\u00e4\u00a0 \u00a0 \u00a0 \u00a0 \u00a0 \u00a0 \u00a0 \u00a0 \u00a0 \u00a0 \u00a0 \u00a0 \u00a0 4742482001828\u00a0 \u00a0 \u00a0 \u00a0 741.75 \u20ac<br \/>\nST-220 BPGL\u00a0 Suurilasin puul\u00e4mmitteinen kiuas (16\u201325 m\u00b3), boileriliit\u00e4nt\u00e4 oikealla\u00a0 \u00a0 \u00a0 \u00a0 \u00a0 \u00a0 \u00a0 \u00a0 \u00a0 \u00a0 \u00a0 \u00a0 \u00a04742482001835\u00a0 \u00a0 \u00a0 \u00a0 782.00 \u20ac<br \/>\nST-220 BVGL\u00a0 Suurilasin puul\u00e4mmitteinen kiuas (16\u201325 m\u00b3), boileriliit\u00e4nt\u00e4 vasemmalla\u00a0 \u00a0 \u00a0 \u00a0 \u00a0 \u00a0 \u00a0 \u00a0 \u00a04742482001842\u00a0 \u00a0 \u00a0 \u00a0 782.00 \u20ac<br \/>\nST-220 BTGL\u00a0 Suurilasin puul\u00e4mmitteinen kiuas (16\u201325 m\u00b3), boileriliit\u00e4nt\u00e4 takaa\u00a0 \u00a0 \u00a0 \u00a0 \u00a0 \u00a0 \u00a0 \u00a0 \u00a0 \u00a0 \u00a0 \u00a0 \u00a0 \u00a0 \u00a04742482001859\u00a0 \u00a0 \u00a0 \u00a0 782.00 \u20ac<\/p>\n<p>&nbsp;<\/p>\n<p><img loading=\"lazy\" decoding=\"async\" class=\"alignnone wp-image-132156\" src=\"https:\/\/factory.sale\/wp-content\/uploads\/2025\/11\/Skamet-Virolainen-laatu-300x200.webp\" alt=\"\" width=\"1220\" height=\"813\" srcset=\"https:\/\/factory.sale\/wp-content\/uploads\/2025\/11\/Skamet-Virolainen-laatu-300x200.webp 300w, https:\/\/factory.sale\/wp-content\/uploads\/2025\/11\/Skamet-Virolainen-laatu-1024x683.webp 1024w, https:\/\/factory.sale\/wp-content\/uploads\/2025\/11\/Skamet-Virolainen-laatu-150x100.webp 150w, https:\/\/factory.sale\/wp-content\/uploads\/2025\/11\/Skamet-Virolainen-laatu-768x512.webp 768w, https:\/\/factory.sale\/wp-content\/uploads\/2025\/11\/Skamet-Virolainen-laatu-1536x1024.webp 1536w, https:\/\/factory.sale\/wp-content\/uploads\/2025\/11\/Skamet-Virolainen-laatu-600x400.webp 600w, https:\/\/factory.sale\/wp-content\/uploads\/2025\/11\/Skamet-Virolainen-laatu.webp 2016w\" sizes=\"auto, (max-width: 1220px) 100vw, 1220px\" \/><\/p>\n","protected":false},"excerpt":{"rendered":"<p>Skamet ST-220 GL on tehokas puul\u00e4mmitteinen kiuas 16\u201325 m\u00b3 l\u00f6ylyhuoneisiin. Suuri kuumuutta kest\u00e4v\u00e4 lasiovi (330 \u00d7 330 mm) tarjoaa kauniin n\u00e4kym\u00e4n liekkeihin, ja kulmikas verkkokuori, johon mahtuu suuri m\u00e4\u00e4r\u00e4 kivi\u00e4, takaa pehme\u00e4t ja pitk\u00e4kestoiset l\u00f6ylyt. Kiuas l\u00e4mmitet\u00e4\u00e4n viereisest\u00e4 huoneesta, mik\u00e4 pit\u00e4\u00e4 l\u00f6ylyhuoneen siistin\u00e4 ja tekee puiden lis\u00e4\u00e4misest\u00e4 helppoa.<\/p>\n","protected":false},"featured_media":131889,"comment_status":"open","ping_status":"closed","template":"","meta":{"_acf_changed":false},"factory":[],"free-shipment":[],"product_brand":[4640],"product_cat":[484,4639],"product_tag":[],"class_list":{"0":"post-132155","1":"product","2":"type-product","3":"status-publish","4":"has-post-thumbnail","6":"product_brand-skamet","7":"product_cat-saunan-kiukaat","8":"product_cat-skamet-fi","10":"first","11":"instock","12":"sale","13":"taxable","14":"shipping-taxable","15":"purchasable","16":"product-type-simple"},"acf":[],"_links":{"self":[{"href":"https:\/\/factory.sale\/fi\/wp-json\/wp\/v2\/product\/132155","targetHints":{"allow":["GET"]}}],"collection":[{"href":"https:\/\/factory.sale\/fi\/wp-json\/wp\/v2\/product"}],"about":[{"href":"https:\/\/factory.sale\/fi\/wp-json\/wp\/v2\/types\/product"}],"replies":[{"embeddable":true,"href":"https:\/\/factory.sale\/fi\/wp-json\/wp\/v2\/comments?post=132155"}],"wp:featuredmedia":[{"embeddable":true,"href":"https:\/\/factory.sale\/fi\/wp-json\/wp\/v2\/media\/131889"}],"wp:attachment":[{"href":"https:\/\/factory.sale\/fi\/wp-json\/wp\/v2\/media?parent=132155"}],"wp:term":[{"taxonomy":"factory","embeddable":true,"href":"https:\/\/factory.sale\/fi\/wp-json\/wp\/v2\/factory?post=132155"},{"taxonomy":"free-shipment","embeddable":true,"href":"https:\/\/factory.sale\/fi\/wp-json\/wp\/v2\/free-shipment?post=132155"},{"taxonomy":"product_brand","embeddable":true,"href":"https:\/\/factory.sale\/fi\/wp-json\/wp\/v2\/product_brand?post=132155"},{"taxonomy":"product_cat","embeddable":true,"href":"https:\/\/factory.sale\/fi\/wp-json\/wp\/v2\/product_cat?post=132155"},{"taxonomy":"product_tag","embeddable":true,"href":"https:\/\/factory.sale\/fi\/wp-json\/wp\/v2\/product_tag?post=132155"}],"curies":[{"name":"wp","href":"https:\/\/api.w.org\/{rel}","templated":true}]}}