{"id":132031,"date":"2025-11-18T22:18:36","date_gmt":"2025-11-18T19:19:19","guid":{"rendered":"https:\/\/factory.sale\/?post_type=product&#038;p=132031"},"modified":"2026-02-06T10:26:22","modified_gmt":"2026-02-06T07:26:22","slug":"pergola-rose-3-m-x-3-m","status":"publish","type":"product","link":"https:\/\/factory.sale\/fi\/tuote\/pergola-rose-3-m-x-3-m\/","title":{"rendered":"Pergola Rose (3 m x 3 m)"},"content":{"rendered":"<div class=\"_tableContainer_1rjym_1\">\n<p>Puinen lehtimaja tuo eleganssia ja luonnonl\u00e4heist\u00e4 kauneutta pihaan tai puutarhaan ja lis\u00e4\u00e4 vieh\u00e4tt\u00e4vyytt\u00e4 my\u00f6s kaikkein vaatimattomimpaan pihaan. Se on t\u00e4ydellinen paikka viett\u00e4\u00e4 aikaa l\u00e4heisten kanssa ja nauttia aurinkoisista p\u00e4ivist\u00e4. Lehtimaja tarjoaa rauhallisen paikan rentoutumiselle ja oman ty\u00f6n tuloksista nauttimiselle omassa kodikkaassa pihakeitaassasi. Upea koriste puutarhaasi.<\/p>\n<p>Muuta puutarhasi vieh\u00e4tt\u00e4v\u00e4ksi ja kutsuvaksi pakopaikaksi t\u00e4ll\u00e4 kauniisti muotoillulla puisella lehtimajalla. Korkealaatuisesta kuusipuusta valmistettu lehtimaja tuo elegantin ja luonnollisen ilmeen, joka rikastuttaa v\u00e4litt\u00f6m\u00e4sti mit\u00e4 tahansa ulkotilaa. Olipa pihasi jo kukoistava tai kaipaa hieman lis\u00e4eloa, t\u00e4m\u00e4 lehtimaja tuo sinne l\u00e4mp\u00f6\u00e4, tyyli\u00e4 ja luonnetta.<\/p>\n<p>Avara 9 m\u00b2 sis\u00e4tila tarjoaa t\u00e4ydellisen paikan rentoutua, lev\u00e4t\u00e4 tai viett\u00e4\u00e4 unohtumattomia hetki\u00e4 l\u00e4heisten kanssa aurinkoisina iltap\u00e4ivin\u00e4. Rauhallisista aamuhetkist\u00e4 kahvikupin \u00e4\u00e4rell\u00e4 aina tunnelmallisiin iltakeskusteluihin \u2013 lehtimaja muuttuu omaksi pieneksi pihakeitaaksesi, jossa voit nauttia luonnon kauneudesta ja puutarhasi hedelmist\u00e4.<\/p>\n<p>Lehtimaja on suunniteltu kest\u00e4vyytt\u00e4, vieh\u00e4tt\u00e4vyytt\u00e4 ja toimivuutta silm\u00e4ll\u00e4 pit\u00e4en. Se ei ole pelkk\u00e4 koriste, vaan sijoitus mukavuuteen, tunnelmaan ja ulkoiluun.<\/p>\n<p>&nbsp;<\/p>\n<p><strong>Tekniset tiedot:<\/strong><\/p>\n<div class=\"_tableContainer_1rjym_1\">\n<div class=\"group _tableWrapper_1rjym_13 flex w-fit flex-col-reverse\" tabindex=\"-1\">\n<table class=\"w-fit min-w-(--thread-content-width)\" style=\"height: 256px;\" width=\"431\" data-start=\"35\" data-end=\"359\">\n<thead data-start=\"35\" data-end=\"69\">\n<tr data-start=\"35\" data-end=\"69\">\n<th data-start=\"35\" data-end=\"57\" data-col-size=\"sm\"><\/th>\n<th data-start=\"57\" data-end=\"69\" data-col-size=\"sm\"><\/th>\n<\/tr>\n<\/thead>\n<tbody data-start=\"106\" data-end=\"359\">\n<tr data-start=\"106\" data-end=\"131\">\n<td data-start=\"106\" data-end=\"119\" data-col-size=\"sm\">Materiaali<\/td>\n<td data-col-size=\"sm\" data-start=\"119\" data-end=\"131\">Kuusipuu<\/td>\n<\/tr>\n<tr data-start=\"132\" data-end=\"150\">\n<td data-start=\"132\" data-end=\"142\" data-col-size=\"sm\">Sis\u00e4ala<\/td>\n<td data-col-size=\"sm\" data-start=\"142\" data-end=\"150\">9 m\u00b2<\/td>\n<\/tr>\n<tr data-start=\"151\" data-end=\"176\">\n<td data-start=\"151\" data-end=\"166\" data-col-size=\"sm\">Harjakorkeus<\/td>\n<td data-col-size=\"sm\" data-start=\"166\" data-end=\"176\">319 cm<\/td>\n<\/tr>\n<tr data-start=\"177\" data-end=\"216\">\n<td data-start=\"177\" data-end=\"197\" data-col-size=\"sm\">Ulkomitat (L \u00d7 P)<\/td>\n<td data-col-size=\"sm\" data-start=\"197\" data-end=\"216\">300 cm \u00d7 300 cm<\/td>\n<\/tr>\n<tr data-start=\"217\" data-end=\"256\">\n<td data-start=\"217\" data-end=\"237\" data-col-size=\"sm\">Sis\u00e4mitat (L \u00d7 P)<\/td>\n<td data-col-size=\"sm\" data-start=\"237\" data-end=\"256\">300 cm \u00d7 300 cm<\/td>\n<\/tr>\n<tr data-start=\"257\" data-end=\"294\">\n<td data-start=\"257\" data-end=\"271\" data-col-size=\"sm\">Kattolaudat<\/td>\n<td data-col-size=\"sm\" data-start=\"271\" data-end=\"294\">19 mm paksut laudat<\/td>\n<\/tr>\n<tr data-start=\"295\" data-end=\"322\">\n<td data-start=\"295\" data-end=\"313\" data-col-size=\"sm\">Katon pinta-ala<\/td>\n<td data-col-size=\"sm\" data-start=\"313\" data-end=\"322\">13 m\u00b2<\/td>\n<\/tr>\n<tr data-start=\"323\" data-end=\"359\">\n<td data-start=\"323\" data-end=\"340\" data-col-size=\"sm\">Pilarien mitat<\/td>\n<td data-col-size=\"sm\" data-start=\"340\" data-end=\"359\">115 cm \u00d7 115 cm<\/td>\n<\/tr>\n<\/tbody>\n<\/table>\n<\/div>\n<\/div>\n<\/div>\n<p>&nbsp;<\/p>\n<p>&nbsp;<\/p>\n<p><strong>Kuljetustiedot:<\/strong><\/p>\n<div class=\"TyagGW_tableContainer\">\n<div class=\"group TyagGW_tableWrapper flex flex-col-reverse w-fit\" tabindex=\"-1\">\n<table class=\"w-fit min-w-(--thread-content-width)\" style=\"height: 151px;\" width=\"429\" data-start=\"81\" data-end=\"229\">\n<thead data-start=\"81\" data-end=\"102\">\n<tr data-start=\"81\" data-end=\"102\">\n<th class=\"\" data-start=\"81\" data-end=\"94\" data-col-size=\"sm\"><\/th>\n<th class=\"\" data-start=\"94\" data-end=\"102\" data-col-size=\"sm\"><\/th>\n<\/tr>\n<\/thead>\n<tbody data-start=\"123\" data-end=\"229\">\n<tr data-start=\"123\" data-end=\"175\">\n<td data-start=\"123\" data-end=\"151\" data-col-size=\"sm\">Syvyys \/ Korkeus \/ Pituus<\/td>\n<td data-col-size=\"sm\" data-start=\"151\" data-end=\"175\">1100 \u00d7 600 \u00d7 3400 cm<\/td>\n<\/tr>\n<tr data-start=\"176\" data-end=\"194\">\n<td data-start=\"176\" data-end=\"184\" data-col-size=\"sm\">Paino<\/td>\n<td data-col-size=\"sm\" data-start=\"184\" data-end=\"194\">475 kg<\/td>\n<\/tr>\n<tr data-start=\"195\" data-end=\"229\">\n<td data-start=\"195\" data-end=\"219\" data-col-size=\"sm\">Paino terassin kanssa<\/td>\n<td data-col-size=\"sm\" data-start=\"219\" data-end=\"229\">600 kg<\/td>\n<\/tr>\n<\/tbody>\n<\/table>\n<\/div>\n<\/div>\n<div class=\"_tableContainer_1rjym_1\">\n<p>&nbsp;<\/p>\n<p><strong>Kattomateriaali (bitumikatto) \u2013 230 \u20ac (ilman ALV)<\/strong><\/p>\n<\/div>\n<p>&nbsp;<\/p>\n<p><iframe loading=\"lazy\" title=\"YouTube video\" src=\"\/\/www.youtube.com\/embed\/k9kK04ZBp0o?autoplay=1&amp;mute=1&amp;controls=1&amp;start=110&amp;loop=1&amp;playlist=k9kK04ZBp0o\" width=\"800\" height=\"450\" frameborder=\"0\" allowfullscreen=\"allowfullscreen\" data-mce-fragment=\"1\"><\/iframe><\/p>\n<p>&nbsp;<\/p>\n<p><iframe loading=\"lazy\" title=\"YouTube video\" src=\"\/\/www.youtube.com\/embed\/9S4j3SFXrjM?autoplay=1&amp;mute=1&amp;controls=1&amp;loop=1&amp;playlist=9S4j3SFXrjM\" width=\"800\" height=\"315\" frameborder=\"0\" allowfullscreen=\"allowfullscreen\" data-mce-fragment=\"1\"><\/iframe><\/p>\n<p>&nbsp;<\/p>\n<p>&nbsp;<\/p>\n","protected":false},"excerpt":{"rendered":"<p>Elegantti kuusipuinen lehtimaja jokaiseen pihaan tai puutarhaan. Tarjoaa 9 m\u00b2 luonnonkaunista ja rauhallista oleskelutilaa \u2013 t\u00e4ydellinen aurinkoisista p\u00e4ivist\u00e4 nauttimiseen ja ulkoalueen kohentamiseen.<\/p>\n","protected":false},"featured_media":132109,"comment_status":"open","ping_status":"closed","template":"","meta":{"_acf_changed":false},"factory":[],"free-shipment":[],"product_brand":[],"product_cat":[2446,997],"product_tag":[4723,1488,1489],"class_list":{"0":"post-132031","1":"product","2":"type-product","3":"status-publish","4":"has-post-thumbnail","6":"product_cat-katokset","7":"product_cat-piha-puutarha-fi","8":"product_tag-arbour-fi","9":"product_tag-garden-fi","10":"product_tag-yard-fi","12":"first","13":"instock","14":"sale","15":"taxable","16":"shipping-taxable","17":"purchasable","18":"product-type-simple"},"acf":[],"_links":{"self":[{"href":"https:\/\/factory.sale\/fi\/wp-json\/wp\/v2\/product\/132031","targetHints":{"allow":["GET"]}}],"collection":[{"href":"https:\/\/factory.sale\/fi\/wp-json\/wp\/v2\/product"}],"about":[{"href":"https:\/\/factory.sale\/fi\/wp-json\/wp\/v2\/types\/product"}],"replies":[{"embeddable":true,"href":"https:\/\/factory.sale\/fi\/wp-json\/wp\/v2\/comments?post=132031"}],"wp:featuredmedia":[{"embeddable":true,"href":"https:\/\/factory.sale\/fi\/wp-json\/wp\/v2\/media\/132109"}],"wp:attachment":[{"href":"https:\/\/factory.sale\/fi\/wp-json\/wp\/v2\/media?parent=132031"}],"wp:term":[{"taxonomy":"factory","embeddable":true,"href":"https:\/\/factory.sale\/fi\/wp-json\/wp\/v2\/factory?post=132031"},{"taxonomy":"free-shipment","embeddable":true,"href":"https:\/\/factory.sale\/fi\/wp-json\/wp\/v2\/free-shipment?post=132031"},{"taxonomy":"product_brand","embeddable":true,"href":"https:\/\/factory.sale\/fi\/wp-json\/wp\/v2\/product_brand?post=132031"},{"taxonomy":"product_cat","embeddable":true,"href":"https:\/\/factory.sale\/fi\/wp-json\/wp\/v2\/product_cat?post=132031"},{"taxonomy":"product_tag","embeddable":true,"href":"https:\/\/factory.sale\/fi\/wp-json\/wp\/v2\/product_tag?post=132031"}],"curies":[{"name":"wp","href":"https:\/\/api.w.org\/{rel}","templated":true}]}}