{"id":132026,"date":"2025-11-17T14:53:21","date_gmt":"2025-11-17T11:58:03","guid":{"rendered":"https:\/\/factory.sale\/?post_type=product&#038;p=132026"},"modified":"2026-02-06T10:44:45","modified_gmt":"2026-02-06T07:44:45","slug":"elementtitalo-mo-house-11-4-m2","status":"publish","type":"product","link":"https:\/\/factory.sale\/fi\/tuote\/elementtitalo-mo-house-11-4-m2\/","title":{"rendered":"Elementtitalo MO-House 11.4 m2"},"content":{"rendered":"<p>Moderni, t\u00e4ysin varustettu pieni elementtitalo. Asiakkaalla on mahdollisuus toteuttaa omia ideoitaan sis\u00e4tilojen kalusteista ja laitteiden asennuksesta.<\/p>\n<p>Tutustu MO-taloon \u2013 kompaktiin ja muuttovalmiiseen 11,4 neli\u00f6metrin moduulitaloon, joka sopii erinomaisesti 2\u20134 henkil\u00f6lle. Vahvan eristyksen sek\u00e4 tyylikk\u00e4iden, maalattujen puuikkunoiden ja -ovien ansiosta MO-talo tarjoaa miellytt\u00e4v\u00e4n ja tyylikk\u00e4\u00e4n asuinymp\u00e4rist\u00f6n. Siin\u00e4 on modernit mukavuudet, kuten liukuovet ja linoleumilattiat, mik\u00e4 tekee siit\u00e4 k\u00e4yt\u00e4nn\u00f6llisen ja tyylikk\u00e4\u00e4n ratkaisun niille, jotka arvostavat sek\u00e4 muotoa ett\u00e4 toimivuutta. Voit r\u00e4\u00e4t\u00e4l\u00f6id\u00e4 sisustuksen ja asennukset omien toiveidesi ja tarpeidesi mukaan luodaksesi itsellesi t\u00e4ydellisen pikkutalon.<\/p>\n<p>&nbsp;<\/p>\n<p><strong>Tekniset tiedot:<\/strong><\/p>\n<ul>\n<li style=\"text-align: left;\">Henkil\u00f6m\u00e4\u00e4r\u00e4: 2\u20134<\/li>\n<li style=\"text-align: left;\">Ulkomitat: 2,3 \u00d7 6 m<\/li>\n<li style=\"text-align: left;\">Sis\u00e4tila: 11,4 m\u00b2<\/li>\n<li style=\"text-align: left;\">Puu: m\u00e4nty<\/li>\n<li style=\"text-align: left;\">Sein\u00e4eristys: 100 mm (kivivilla)<\/li>\n<li style=\"text-align: left;\">Panelointi: sis\u00e4verhous 14 \u00d7 96 mm, ulkoverhous 18 \u00d7 145 mm<\/li>\n<li style=\"text-align: left;\">Valmiin sein\u00e4elementin paksuus: 145 mm<\/li>\n<li style=\"text-align: left;\">Lattia: 28 mm m\u00e4ntylauta; lattiaeristeen paksuus: 158 mm<\/li>\n<li style=\"text-align: left;\">Ikkunat: 735 \u00d7 1955 mm; WC-ikkuna: 410 \u00d7 1150 mm<\/li>\n<li style=\"text-align: left;\">Ovi: 1480 \u00d7 2000 mm<\/li>\n<li style=\"text-align: left;\">Kivivillaeristys: 100 mm (lattia, sein\u00e4t, katto)<\/li>\n<li>Katto: bitumikatto<\/li>\n<\/ul>\n<p>&nbsp;<\/p>\n<p><strong>Vakiovarusteet:<\/strong><\/p>\n<ul>\n<li>100 mm eristetty rakenne<\/li>\n<li>Sis\u00e4- ja ulkoverhous<\/li>\n<li>Bitumikatto<\/li>\n<li>Sadevesikourut<\/li>\n<li>Maalattu laadukas puuikkuna ja -ovi<\/li>\n<li>Sis\u00e4sein\u00e4 liukuovella<\/li>\n<li>Linoleumilattia<\/li>\n<\/ul>\n<p>&nbsp;<\/p>\n<p><em>Toimitetaan t\u00e4ysin koottuna ja k\u00e4ytt\u00f6valmiina!<\/em><\/p>\n<p>&nbsp;<\/p>\n<p>&nbsp;<\/p>\n<p><strong>Lis\u00e4varusteet (hinnat ilman ALV):<\/strong><\/p>\n<p><strong>Maalaus<\/strong><br \/>\nUlkomaalaus \u2013 \u20ac557.75<br \/>\nSis\u00e4maalaus \u2013 \u20ac557.75<\/p>\n<p><strong>Kylpyhuone <\/strong>(pyyhekuivain, WC, suihku, pesuallas, l\u00e4mminvesivaraaja + asennus) \u2013 \u20ac2,328.75<\/p>\n<p><strong>Keitti\u00f6 <\/strong>(sein\u00e4n yl\u00e4kaappi, alakaappi pesualtaalla, j\u00e4\u00e4kaappi, pesukone, koottuna) \u2013 \u20ac1,886.00<\/p>\n<p>&nbsp;<\/p>\n<p><strong>S\u00e4hk\u00f6asennukset<\/strong><br \/>\nYksi pistorasia \u2013 \u20ac69.00<br \/>\nKaksoispistorasia \u2013 \u20ac74.75<br \/>\nYksi valokytkin \u2013 \u20ac69.00<br \/>\nKaksoisvalokytkin \u2013 \u20ac86.25<br \/>\nKaapeli yhdelle lampulle \u2013 \u20ac28.75<br \/>\nLED-lamppu \u2013 \u20ac51.75<br \/>\nSulaketaulu \u2013 \u20ac138.00<br \/>\nKonvektoril\u00e4mmitin \u2013 \u20ac126.50<\/p>\n<p>&nbsp;<\/p>\n<p><strong>Huonekalut<\/strong><br \/>\nYhden hengen s\u00e4nky \u2013 \u20ac126.50<br \/>\nKahden hengen s\u00e4nky \u2013 \u20ac126.50<br \/>\nKerross\u00e4nky \u2013 \u20ac253.00<br \/>\nP\u00f6yt\u00e4 puisilla jaloilla \u2013 \u20ac247.25<br \/>\nTaittop\u00f6yt\u00e4 \u2013 \u20ac103.50<br \/>\nPieni taittotuoli \u2013 \u20ac166.75<\/p>\n<p>&nbsp;<\/p>\n<p>&nbsp;<\/p>\n<p><img loading=\"lazy\" decoding=\"async\" class=\"alignnone wp-image-131997\" src=\"https:\/\/factory.sale\/wp-content\/uploads\/2025\/11\/Element-house-MO-House-11.4-factory-sale-1-300x210.webp\" alt=\"\" width=\"546\" height=\"382\" srcset=\"https:\/\/factory.sale\/wp-content\/uploads\/2025\/11\/Element-house-MO-House-11.4-factory-sale-1-300x210.webp 300w, https:\/\/factory.sale\/wp-content\/uploads\/2025\/11\/Element-house-MO-House-11.4-factory-sale-1-1024x717.webp 1024w, https:\/\/factory.sale\/wp-content\/uploads\/2025\/11\/Element-house-MO-House-11.4-factory-sale-1-150x105.webp 150w, https:\/\/factory.sale\/wp-content\/uploads\/2025\/11\/Element-house-MO-House-11.4-factory-sale-1-768x537.webp 768w, https:\/\/factory.sale\/wp-content\/uploads\/2025\/11\/Element-house-MO-House-11.4-factory-sale-1-600x420.webp 600w, https:\/\/factory.sale\/wp-content\/uploads\/2025\/11\/Element-house-MO-House-11.4-factory-sale-1.webp 1246w\" sizes=\"auto, (max-width: 546px) 100vw, 546px\" \/> <img loading=\"lazy\" decoding=\"async\" class=\"alignnone wp-image-132000\" src=\"https:\/\/factory.sale\/wp-content\/uploads\/2025\/11\/Element-house-MO-House-11.4-factory-sale-2-300x198.webp\" alt=\"\" width=\"547\" height=\"361\" srcset=\"https:\/\/factory.sale\/wp-content\/uploads\/2025\/11\/Element-house-MO-House-11.4-factory-sale-2-300x198.webp 300w, https:\/\/factory.sale\/wp-content\/uploads\/2025\/11\/Element-house-MO-House-11.4-factory-sale-2-1024x676.webp 1024w, https:\/\/factory.sale\/wp-content\/uploads\/2025\/11\/Element-house-MO-House-11.4-factory-sale-2-150x99.webp 150w, https:\/\/factory.sale\/wp-content\/uploads\/2025\/11\/Element-house-MO-House-11.4-factory-sale-2-768x507.webp 768w, https:\/\/factory.sale\/wp-content\/uploads\/2025\/11\/Element-house-MO-House-11.4-factory-sale-2-1536x1014.webp 1536w, https:\/\/factory.sale\/wp-content\/uploads\/2025\/11\/Element-house-MO-House-11.4-factory-sale-2-600x396.webp 600w, https:\/\/factory.sale\/wp-content\/uploads\/2025\/11\/Element-house-MO-House-11.4-factory-sale-2.webp 1600w\" sizes=\"auto, (max-width: 547px) 100vw, 547px\" \/><\/p>\n<p><video style=\"width: 100%; height: auto; border: none; outline: none;\" autoplay=\"autoplay\" loop=\"loop\" muted=\"\" width=\"300\" height=\"150\" data-mce-fragment=\"1\"><source src=\"https:\/\/factory.sale\/wp-content\/uploads\/2025\/11\/MO_HOUSE-.mp4\" type=\"video\/mp4\" \/><\/video><\/p>\n","protected":false},"excerpt":{"rendered":"<p>Tutustu MO-taloon \u2013 kompaktiin ja muuttovalmiiseen 11,4 neli\u00f6metrin moduulitaloon, joka sopii erinomaisesti 2\u20134 henkil\u00f6lle. Vahvan eristyksen sek\u00e4 tyylikk\u00e4iden, maalattujen puuikkunoiden ja -ovien ansiosta MO-talo tarjoaa miellytt\u00e4v\u00e4n ja tyylikk\u00e4\u00e4n asuinymp\u00e4rist\u00f6n. Siin\u00e4 on modernit mukavuudet, kuten liukuovet ja linoleumilattiat, mik\u00e4 tekee siit\u00e4 k\u00e4yt\u00e4nn\u00f6llisen ja tyylikk\u00e4\u00e4n ratkaisun niille, jotka arvostavat sek\u00e4 muotoa ett\u00e4 toimivuutta. Voit r\u00e4\u00e4t\u00e4l\u00f6id\u00e4 sisustuksen ja asennukset omien toiveidesi ja tarpeidesi mukaan luodaksesi itsellesi t\u00e4ydellisen pikkutalon.<\/p>\n","protected":false},"featured_media":132011,"comment_status":"open","ping_status":"closed","template":"","meta":{"_acf_changed":false},"factory":[],"free-shipment":[],"product_brand":[],"product_cat":[1112],"product_tag":[2288],"class_list":{"0":"post-132026","1":"product","2":"type-product","3":"status-publish","4":"has-post-thumbnail","6":"product_cat-elementtitalot","7":"product_tag-element-house-fi","9":"first","10":"instock","11":"sale","12":"taxable","13":"shipping-taxable","14":"purchasable","15":"product-type-simple"},"acf":[],"_links":{"self":[{"href":"https:\/\/factory.sale\/fi\/wp-json\/wp\/v2\/product\/132026","targetHints":{"allow":["GET"]}}],"collection":[{"href":"https:\/\/factory.sale\/fi\/wp-json\/wp\/v2\/product"}],"about":[{"href":"https:\/\/factory.sale\/fi\/wp-json\/wp\/v2\/types\/product"}],"replies":[{"embeddable":true,"href":"https:\/\/factory.sale\/fi\/wp-json\/wp\/v2\/comments?post=132026"}],"wp:featuredmedia":[{"embeddable":true,"href":"https:\/\/factory.sale\/fi\/wp-json\/wp\/v2\/media\/132011"}],"wp:attachment":[{"href":"https:\/\/factory.sale\/fi\/wp-json\/wp\/v2\/media?parent=132026"}],"wp:term":[{"taxonomy":"factory","embeddable":true,"href":"https:\/\/factory.sale\/fi\/wp-json\/wp\/v2\/factory?post=132026"},{"taxonomy":"free-shipment","embeddable":true,"href":"https:\/\/factory.sale\/fi\/wp-json\/wp\/v2\/free-shipment?post=132026"},{"taxonomy":"product_brand","embeddable":true,"href":"https:\/\/factory.sale\/fi\/wp-json\/wp\/v2\/product_brand?post=132026"},{"taxonomy":"product_cat","embeddable":true,"href":"https:\/\/factory.sale\/fi\/wp-json\/wp\/v2\/product_cat?post=132026"},{"taxonomy":"product_tag","embeddable":true,"href":"https:\/\/factory.sale\/fi\/wp-json\/wp\/v2\/product_tag?post=132026"}],"curies":[{"name":"wp","href":"https:\/\/api.w.org\/{rel}","templated":true}]}}