{"id":131971,"date":"2025-11-16T23:45:43","date_gmt":"2025-11-16T21:29:43","guid":{"rendered":"https:\/\/factory.sale\/?post_type=product&#038;p=131971"},"modified":"2026-02-06T10:48:03","modified_gmt":"2026-02-06T07:48:03","slug":"elementtitalo-mo-house-712-m%c2%b2","status":"publish","type":"product","link":"https:\/\/factory.sale\/fi\/tuote\/elementtitalo-mo-house-712-m%c2%b2\/","title":{"rendered":"Elementtitalo MO-House 7,12 m\u00b2"},"content":{"rendered":"<p>Moderni, t\u00e4ysin varusteltu elementtitalo. Asiakkailla on mahdollisuus toteuttaa omia ideoitaan sis\u00e4tilojen kalusteiden ja varustuksen asennuksessa.<\/p>\n<p>Tutustu MO-taloon \u2013 kompaktiin ja k\u00e4ytt\u00f6valmiiseen 7,12 m\u00b2 moduulitaloon, joka sopii erinomaisesti 2\u20133 henkil\u00f6lle. Talossa on vankka eristys sek\u00e4 elegantit, maalatut puuikkunat ja -ovet. Siin\u00e4 on modernit mukavuudet, kuten liukuovet ja linoleumilattia, mik\u00e4 tekee siit\u00e4 ihanteellisen ratkaisun niille, jotka etsiv\u00e4t tyylik\u00e4st\u00e4 mutta k\u00e4yt\u00e4nn\u00f6llist\u00e4 asumista. R\u00e4\u00e4t\u00e4l\u00f6i sisustus ja varusteiden asennus omien toiveidesi ja tarpeidesi mukaan.<\/p>\n<p>&nbsp;<\/p>\n<p><strong>Tekniset tiedot:<\/strong><\/p>\n<ul>\n<li>Henkil\u00f6m\u00e4\u00e4r\u00e4: 2\u20133 henkil\u00f6\u00e4<\/li>\n<li>Ulkomitat: 2,3 \u00d7 3,9 m<\/li>\n<li>Sis\u00e4tila: 7,12 m\u00b2<\/li>\n<li>Puu: M\u00e4nty<\/li>\n<li>Sein\u00e4eristys: 100 mm (kivivilla)<\/li>\n<li>Paneeliverhous: sis\u00e4puoli 14 \u00d7 96 mm, ulkopuoli 18 \u00d7 145 mm<\/li>\n<li>Valmiin sein\u00e4elementin paksuus: 145 mm<\/li>\n<\/ul>\n<p>&nbsp;<\/p>\n<p>&nbsp;<\/p>\n<p><strong>Lattia:<\/strong><\/p>\n<ul>\n<li>Ulkopuoli: DURELIS TG \/ kosteudenkest\u00e4v\u00e4 lastulevy \u2013 12 mm<\/li>\n<li>Sis\u00e4puoli: m\u00e4nnyn lautalattia 28 mm<\/li>\n<li>Runkorakenne: m\u00e4nty 45 \u00d7 120 mm<\/li>\n<li>Kivivilla: 100 mm<\/li>\n<li>Eristetyn lattian paksuus: 158 mm<\/li>\n<li>Ikkunan koko: 735 \u00d7 1955 mm<\/li>\n<li>Ovi: 1480 \u00d7 2000 mm<\/li>\n<li>Kivivillaeristys: 100 mm (lattia, sein\u00e4t, katto)<\/li>\n<\/ul>\n<p>&nbsp;<\/p>\n<p><strong>Katto:<\/strong><\/p>\n<p>Sis\u00e4paneeli m\u00e4nty 14 mm, kantava m\u00e4ntyrakenne 45 \u00d7 95 mm, h\u00f6yrysulkukalvo, 100 mm kivivilla, diffuusiokalvo, ulkopaneeli m\u00e4nty 18 mm, bitumikatto<\/p>\n<p>&nbsp;<\/p>\n<p><strong>Vakiopaketti:<\/strong><\/p>\n<ul>\n<li>Eristetty rakenne: 100 mm<\/li>\n<li>Verhous: Sis\u00e4- ja ulkopuoli<\/li>\n<li>Katto: Bitumi<\/li>\n<li>Ikkunat ja ovet: Ylelliset maalatut puuelementit<\/li>\n<li>Lattia: Linoleumi<\/li>\n<li>S\u00e4hk\u00f6asennus: Saatavilla lis\u00e4maksusta tarpeiden mukaan<\/li>\n<li>Asennus: Toimitetaan vain valmiiksi koottuna<\/li>\n<\/ul>\n<p>&nbsp;<\/p>\n<p>Toimitetaan t\u00e4ysin koottuna ja k\u00e4ytt\u00f6valmiina!<\/p>\n<p>&nbsp;<\/p>\n<p><strong>Saatavilla olevat lis\u00e4varusteet (hinnat ilman ALV):<\/strong><\/p>\n<p><strong>Maalaus:<\/strong><\/p>\n<p>Ulkomaali: 368 \u20ac<br \/>\nSis\u00e4maali: 368 \u20ac<\/p>\n<p>&nbsp;<\/p>\n<p><strong>Keitti\u00f6:<\/strong><\/p>\n<p>Keitti\u00f6paketti (yl\u00e4- ja alakaapit, tiskiallas, j\u00e4\u00e4kaappi, pesukone, koottuna): 1,886 \u20ac<\/p>\n<p>&nbsp;<\/p>\n<p><strong>S\u00e4hk\u00f6:<\/strong><\/p>\n<p>Yksitt\u00e4inen pistorasia: 69 \u20ac<br \/>\nKaksoispistorasia: 74.75 \u20ac<br \/>\nYksitt\u00e4inen kytkin: 69 \u20ac<br \/>\nKaksoiskytkin: 86.25 \u20ac<br \/>\nJohto yhdelle valaisimelle: 28.75 \u20ac<br \/>\nLED-valaisin: 51.75 \u20ac<br \/>\nSulaketaulu: 138 \u20ac<br \/>\nKonvektoril\u00e4mmitys: 126.50 \u20ac<\/p>\n<p>&nbsp;<\/p>\n<p><strong>Huonekalut:<\/strong><\/p>\n<p>Yhden hengen s\u00e4nky: 126.50 \u20ac<br \/>\nKahden hengen s\u00e4nky: 126.50 \u20ac<br \/>\nKerross\u00e4nky: 253 \u20ac<br \/>\nP\u00f6yt\u00e4 puujaloilla: 247.25 \u20ac<br \/>\nTaittop\u00f6yt\u00e4: 103.50 \u20ac<br \/>\nPieni taittotuoli: 166.75 \u20ac<\/p>\n<p>&nbsp;<\/p>\n<p>&nbsp;<\/p>\n<p><img loading=\"lazy\" decoding=\"async\" class=\"alignnone wp-image-131966\" src=\"https:\/\/factory.sale\/wp-content\/uploads\/2025\/11\/MO-house-7.12-factory-sale-8-300x226.webp\" alt=\"\" width=\"569\" height=\"429\" srcset=\"https:\/\/factory.sale\/wp-content\/uploads\/2025\/11\/MO-house-7.12-factory-sale-8-300x226.webp 300w, https:\/\/factory.sale\/wp-content\/uploads\/2025\/11\/MO-house-7.12-factory-sale-8-1024x771.webp 1024w, https:\/\/factory.sale\/wp-content\/uploads\/2025\/11\/MO-house-7.12-factory-sale-8-150x113.webp 150w, https:\/\/factory.sale\/wp-content\/uploads\/2025\/11\/MO-house-7.12-factory-sale-8-768x578.webp 768w, https:\/\/factory.sale\/wp-content\/uploads\/2025\/11\/MO-house-7.12-factory-sale-8-1536x1157.webp 1536w, https:\/\/factory.sale\/wp-content\/uploads\/2025\/11\/MO-house-7.12-factory-sale-8-600x452.webp 600w, https:\/\/factory.sale\/wp-content\/uploads\/2025\/11\/MO-house-7.12-factory-sale-8.webp 2048w\" sizes=\"auto, (max-width: 569px) 100vw, 569px\" \/><\/p>\n<p><video style=\"width: 100%; height: auto; border: none; outline: none;\" autoplay=\"autoplay\" loop=\"loop\" muted=\"\" width=\"300\" height=\"150\"><source src=\"https:\/\/factory.sale\/wp-content\/uploads\/2025\/11\/MO_HOUSE-.mp4\" type=\"video\/mp4\" \/><\/video><\/p>\n","protected":false},"excerpt":{"rendered":"<p>Tutustu MO-taloon \u2013 kompaktiin ja k\u00e4ytt\u00f6valmiiseen 7,12 m\u00b2 moduulitaloon, joka sopii erinomaisesti 2\u20133 henkil\u00f6lle. Talossa on vankka eristys sek\u00e4 elegantit, maalatut puuikkunat ja -ovet. Siin\u00e4 on modernit mukavuudet, kuten liukuovet ja linoleumilattia, mik\u00e4 tekee siit\u00e4 ihanteellisen ratkaisun niille, jotka etsiv\u00e4t tyylik\u00e4st\u00e4 mutta k\u00e4yt\u00e4nn\u00f6llist\u00e4 asumista. R\u00e4\u00e4t\u00e4l\u00f6i sisustus ja varusteiden asennus omien toiveidesi ja tarpeidesi mukaan.<\/p>\n","protected":false},"featured_media":131945,"comment_status":"open","ping_status":"closed","template":"","meta":{"_acf_changed":false},"factory":[],"free-shipment":[],"product_brand":[],"product_cat":[1112],"product_tag":[2265,2291],"class_list":{"0":"post-131971","1":"product","2":"type-product","3":"status-publish","4":"has-post-thumbnail","6":"product_cat-elementtitalot","7":"product_tag-element-houses-fi","8":"product_tag-houses-fi","10":"first","11":"instock","12":"sale","13":"taxable","14":"shipping-taxable","15":"purchasable","16":"product-type-simple"},"acf":[],"_links":{"self":[{"href":"https:\/\/factory.sale\/fi\/wp-json\/wp\/v2\/product\/131971","targetHints":{"allow":["GET"]}}],"collection":[{"href":"https:\/\/factory.sale\/fi\/wp-json\/wp\/v2\/product"}],"about":[{"href":"https:\/\/factory.sale\/fi\/wp-json\/wp\/v2\/types\/product"}],"replies":[{"embeddable":true,"href":"https:\/\/factory.sale\/fi\/wp-json\/wp\/v2\/comments?post=131971"}],"wp:featuredmedia":[{"embeddable":true,"href":"https:\/\/factory.sale\/fi\/wp-json\/wp\/v2\/media\/131945"}],"wp:attachment":[{"href":"https:\/\/factory.sale\/fi\/wp-json\/wp\/v2\/media?parent=131971"}],"wp:term":[{"taxonomy":"factory","embeddable":true,"href":"https:\/\/factory.sale\/fi\/wp-json\/wp\/v2\/factory?post=131971"},{"taxonomy":"free-shipment","embeddable":true,"href":"https:\/\/factory.sale\/fi\/wp-json\/wp\/v2\/free-shipment?post=131971"},{"taxonomy":"product_brand","embeddable":true,"href":"https:\/\/factory.sale\/fi\/wp-json\/wp\/v2\/product_brand?post=131971"},{"taxonomy":"product_cat","embeddable":true,"href":"https:\/\/factory.sale\/fi\/wp-json\/wp\/v2\/product_cat?post=131971"},{"taxonomy":"product_tag","embeddable":true,"href":"https:\/\/factory.sale\/fi\/wp-json\/wp\/v2\/product_tag?post=131971"}],"curies":[{"name":"wp","href":"https:\/\/api.w.org\/{rel}","templated":true}]}}